{"id":686,"date":"2026-03-24T13:05:57","date_gmt":"2026-03-24T11:05:57","guid":{"rendered":"https:\/\/kemianseurat.fi\/turku\/?page_id=686"},"modified":"2026-03-24T13:10:22","modified_gmt":"2026-03-24T11:10:22","slug":"alpo-kankaanpera-1937-2025","status":"publish","type":"page","link":"https:\/\/kemianseurat.fi\/turku\/historia\/kunniajasenet\/alpo-kankaanpera-1937-2025\/","title":{"rendered":"Alpo Kankaanper\u00e4 1937 &#8211; 2025"},"content":{"rendered":"<div class=\"wp-block-image\">\n<figure class=\"aligncenter size-full\"><img loading=\"lazy\" decoding=\"async\" width=\"285\" height=\"426\" src=\"https:\/\/kemianseurat.fi\/turku\/wp-content\/uploads\/2026\/03\/Professori-Alpo-Kankaanpera.jpg\" alt=\"\" class=\"wp-image-688\" srcset=\"https:\/\/kemianseurat.fi\/turku\/wp-content\/uploads\/2026\/03\/Professori-Alpo-Kankaanpera.jpg 285w, https:\/\/kemianseurat.fi\/turku\/wp-content\/uploads\/2026\/03\/Professori-Alpo-Kankaanpera-201x300.jpg 201w\" sizes=\"auto, (max-width: 285px) 100vw, 285px\" \/><\/figure>\n<\/div>\n\n\n<p>Turun yliopiston fysikaalisen kemian professori emeritus Alpo Kalervo Kankaanper\u00e4 menehtyi 18. joulukuuta 2025.<\/p>\n\n\n\n<p>Kankaanper\u00e4 syntyi Tarvasjoella 14. maaliskuuta 1937, k\u00e4vi koulunsa Karinaisissa ja tuli ylioppilaaksi Elisenvaaran yhteiskoulusta 1956. Turun yliopistosta h\u00e4n valmistui filosofian kandidaatiksi 1961 ja lisensiaatiksi 1964. Filosofian tohtoriksi h\u00e4n v\u00e4itteli siell\u00e4 1967. Turun yliopiston fysikaalisen orgaanisen kemian dosentiksi h\u00e4net nimitettiin vuonna 1968.<\/p>\n\n\n\n<p>Alpo Kankaanper\u00e4 ty\u00f6skenteli Turun yliopistossa opettajana ja tutkijana yhteens\u00e4 liki 40 vuotta.&nbsp; Uransa h\u00e4n aloitti vuonna 1961 ja toimi ensin kemian laitoksen assistenttina noin seitsem\u00e4n vuoden ajan lukuun ottamatta varusmiespalveluaikaa 1963-1964. Suomen Akatemian nuorempana tutkijana h\u00e4n toimi 1968-1969. Vuosina 1969-1971 h\u00e4n hoiti fysikaalisen kemian apulaisprofessorin virkaa, johon h\u00e4net nimitettiin vuonna 1971. Siin\u00e4 h\u00e4n toimi vuoteen 1998 asti, jolloin virka muutettiin fysikaalisen kemian professorin viraksi. El\u00e4kkeelle h\u00e4n j\u00e4i vuonna 2000.<\/p>\n\n\n\n<p>Tutkimusty\u00f6t\u00e4\u00e4n aloittaessaan Kankaanper\u00e4 oli aikalaistiedon mukaan itse pyyt\u00e4nyt p\u00e4\u00e4st\u00e4 Pentti Salomaan oppilaaksi. Salomaa oli nimitetty Turun yliopiston kolmanteen kemian professorin virkaan 1961 opetusalanaan fysikaalinen kemia. Kankaanper\u00e4n v\u00e4it\u00f6skirja \u201dThe Stereochemistry of Alkyl-1,3-dioxolanes and the Kinetics of their Hydrolysis\u201d tarkastettiin julkisesti vuonna 1966. Seuraavana vuonna h\u00e4nelle my\u00f6nnettiin Gustaf Kompan palkinto, joka jaetaan vuosittain palkintona parhaasta Suomen korkeakouluissa tarkastetusta kemian v\u00e4it\u00f6skirjasta. V\u00e4it\u00f6skirja kuuluu fysikaalisen orgaanisen kemian alaan, johon h\u00e4nen my\u00f6hemm\u00e4tkin tutkimusty\u00f6ns\u00e4 kuuluvat. Asetaalien ja ortoestereiden hydrolyysit tapahtuvat happokatalyyttisesti, joten protonin siirto on n\u00e4iden reaktioiden oleellinen osa. Tutkimus laajeni my\u00f6s koskemaan yhdisteiden reaktioita, joissa protoni siirtyy hiiliatomista. T\u00e4ll\u00f6in tutkimus kohdistui uusien eritt\u00e4in em\u00e4ksisten v\u00e4liaineiden kehitt\u00e4miseen. Tieteellisi\u00e4 julkaisuja h\u00e4nell\u00e4 oli noin 60. Kankaanper\u00e4 toimi my\u00f6s vastav\u00e4itt\u00e4j\u00e4n\u00e4 v\u00e4it\u00f6stilaisuuksissa Turun, Oulun ja Helsingin yliopistoissa.<\/p>\n\n\n\n<p>Salomaan ja Kankaanper\u00e4n henkil\u00f6kohtaiset ominaisuudet her\u00e4ttiv\u00e4t kunnioitusta ja arvostusta monissa nuorissa opiskelijoissa ja tutkijan aluissa. T\u00e4m\u00e4n seurauksena fysikaalisen kemian osastosta Yliopistonm\u00e4en kemian laitoksen toisessa kerroksessa tuli suosittu sek\u00e4 maisterin tutkintoon kuuluvan erikoisty\u00f6n ett\u00e4 jatko-opintoihin kuuluvan tutkimusty\u00f6n tekemiseen. Kaikille siell\u00e4 ty\u00f6skenteleville tuli raskaana iskuna Salomaan menehtyminen \u00e4killiseen sairauskohtaukseen vuonna 1969 vain 53-vuotiaana. Vaikka Kankaanper\u00e4 menetti itse arvostamansa opettajan ja esikuvan, h\u00e4n jatkoi Salomaan ty\u00f6t\u00e4 pit\u00e4en yll\u00e4 parhaansa mukaan fysikaalisen kemian osaston nauttimaa mainetta ja suosiota.<\/p>\n\n\n\n<p>Alpo Kankaanper\u00e4 oli pidetty ja innostava opettaja. Monelle opiskelijalle ja nuorelle tutkijalle h\u00e4n oli enemm\u00e4n kuin opettaja \u2013 h\u00e4n oli mentori, joka rohkaisi itsen\u00e4iseen ajatteluun ja tuki niin opinnoissa kuin el\u00e4m\u00e4nvalinnoissakin. H\u00e4net tunnettiin my\u00f6s ihmisen\u00e4, jota on helppo l\u00e4hesty\u00e4. Nuoreen opiskelijaan teki l\u00e4htem\u00e4tt\u00f6m\u00e4n vaikutuksen, kun arvostettu professori tervehti kadulla vastaan tullessaan hattua nostamalla. Osoituksena arvonannosta pidetty\u00e4 opettajaa kohtaan kemian opiskelijoiden ainej\u00e4rjest\u00f6, Turun Yliopiston Kemistit ry, kutsui h\u00e4net vuonna 1995 yhdistyksens\u00e4 kunniaj\u00e4seneksi.<\/p>\n\n\n\n<p>Kankaanper\u00e4n luennoilla oli yksi ainoa p\u00e4\u00e4m\u00e4\u00e4r\u00e4 \u2013 kuulijoiden oppiminen. Oman osaamisen n\u00e4ytt\u00e4minen ei ollut h\u00e4nelle t\u00e4rke\u00e4\u00e4. Se v\u00e4littyi kuulijoille joka tapauksessa muutenkin erinomaisen opetuksen kautta. Perinteiseen luennoimistyyliin kuului liitutaulun ansiokas k\u00e4ytt\u00f6. Opetuksen ytimeen kuuluivat sek\u00e4 kertaluonteisesti pidett\u00e4v\u00e4t erikoiskurssit syvent\u00e4v\u00e4n vaiheen opiskelijoille ett\u00e4 vuosittain luennoitava fysikaalisen kemian aineopintojen kurssi. Edellisiin kuului mm. kurssi vetytaloudesta aikana, jolloin vihre\u00e4st\u00e4 siirtym\u00e4st\u00e4 ei viel\u00e4 puhuttu. Laajalle kuulijakunnalle, sek\u00e4 p\u00e4\u00e4- ett\u00e4 sivuaineopiskelijoita, pidetty fysikaalisen kemian kurssi loi pohjan arvostukselle, jota Kankaanper\u00e4n luentoja kohtaan tunnettiin. Kurssiin kuului demonstraatioita eli laskuharjoituksia, joita pitiv\u00e4t nuoret assistentit. N\u00e4ihin valmistauduttiin huolella etuk\u00e4teen pidetyiss\u00e4 palavereissa. N\u00e4in nuoret kollegat oppivat samanlaisen teht\u00e4vien k\u00e4sittelyn, ei sanelun seurauksena, vaan yhdess\u00e4 keskustellen.<\/p>\n\n\n\n<p>Oppikirjan tekeminen on monelle kokeneelle opettajalle ja tutkijalle seuraava askel. Niin Alpokin p\u00e4\u00e4tyi nelikkoon Kalliorinne, Kankaanper\u00e4, Kivinen ja Liukkonen, joka laati ja julkaisi suomenkielisen trilogian Fysikaalisesta kemiasta yliopistoja ja korkeakouluja varten vuosina 1988-1990. Sarjan osat olivat 1. Kvanttikemia ja spektroskopia, 2. Termodynamiikka ja 3. Dynamiikka. Nykyp\u00e4iv\u00e4n n\u00e4k\u00f6kulmasta tarkasteltuna t\u00e4t\u00e4 voidaan pit\u00e4\u00e4 todellisena kulttuuritekona suomen kielt\u00e4 kohtaan, kun englannin kieli lis\u00e4\u00e4 vaikutustaan monilla aloilla.<\/p>\n\n\n\n<p>Alpo Kankaanper\u00e4n mieluisimpia vapaa-ajan harrastuksia olivat kuntoliikunta, er\u00e4retkeily, puutarhanhoito ja toiminta Lionseissa. H\u00e4n oli my\u00f6s aktiivisesti mukana Turun Kemistikerho ry:n toiminnassa. Kerhon johtokuntaan h\u00e4n kuului vuosina 1974-1977 ja puheenjohtajana h\u00e4n toimi vuonna 1976. Turun Kemistikerho huomioi h\u00e4nen el\u00e4m\u00e4nty\u00f6ns\u00e4 kutsumalla h\u00e4net kunniaj\u00e4seneksi vuonna 1995 ja kunniapuheenjohtajaksi vuonna 2000.<\/p>\n\n\n\n<p>Alpo muistetaan ennen kaikkea sivistyneen\u00e4, rauhallisena, huumorintajuisena ja tinkim\u00e4tt\u00f6m\u00e4n\u00e4 ty\u00f6toverina, joka my\u00f6s keitti aamuisin kahvit kollegoilleen. Ty\u00f6yhteis\u00f6ss\u00e4 kaikki arvostivat varmasti h\u00e4nen vaatimattomuuttaan, lojaalisuuttaan, avuliaisuuttaan ja kyky\u00e4 kannustaa keskustelukumppaniaan. H\u00e4nen ty\u00f6ns\u00e4 ja perint\u00f6ns\u00e4 el\u00e4v\u00e4t vahvana niin Turun yliopiston kemian laitoksella kuin suomalaisessa kemian kent\u00e4ss\u00e4.<\/p>\n\n\n\n<p>Alpon l\u00e4heisiin kuuluivat vaimo Malla sek\u00e4 tytt\u00e4rien, Kirsin ja Terhin, perheet. Valokuva on otettu Alpon ja Mallan 60-vuotish\u00e4\u00e4p\u00e4iv\u00e4n\u00e4 eli timanttih\u00e4iss\u00e4. Tytt\u00e4rien lapset olivat pappalleen t\u00e4rkeit\u00e4 ja saivat paljon huolenpitoa varsinkin el\u00e4kep\u00e4ivin\u00e4.<\/p>\n\n\n\n<p>Markku Lahti, Pirketta Scharlin, Harri L\u00f6nnberg, Maarit Karonen ja Petri T\u00e4htinen<\/p>\n\n\n\n<p>Kirjoittajat ovat Alpon entisi\u00e4 oppilaita ja ty\u00f6tovereita<\/p>\n\n\n\n<p>Kirjoitus on julkaistu 2.3.2026 my\u00f6s <a href=\"https:\/\/kemia-lehti.fi\/alpo-kankaanpera-1937-2025\/\">Kemia-lehdess\u00e4<\/a><\/p>\n","protected":false},"excerpt":{"rendered":"<p>Turun yliopiston fysikaalisen kemian professori emeritus Alpo Kalervo Kankaanper\u00e4 menehtyi 18. joulukuuta 2025. Kankaanper\u00e4 syntyi Tarvasjoella 14. maaliskuuta 1937, k\u00e4vi koulunsa Karinaisissa ja tuli ylioppilaaksi Elisenvaaran yhteiskoulusta 1956. Turun yliopistosta h\u00e4n valmistui filosofian kandidaatiksi 1961 ja lisensiaatiksi 1964. Filosofian tohtoriksi h\u00e4n v\u00e4itteli siell\u00e4 1967. Turun yliopiston fysikaalisen orgaanisen kemian dosentiksi h\u00e4net nimitettiin vuonna 1968. Alpo &hellip; <a href=\"https:\/\/kemianseurat.fi\/turku\/historia\/kunniajasenet\/alpo-kankaanpera-1937-2025\/\" class=\"more-link\">Jatka artikkeliin <span class=\"screen-reader-text\">Alpo Kankaanper\u00e4 1937 &#8211; 2025<\/span><\/a><\/p>\n","protected":false},"author":7,"featured_media":0,"parent":119,"menu_order":0,"comment_status":"closed","ping_status":"closed","template":"","meta":{"_monsterinsights_skip_tracking":false,"_monsterinsights_sitenote_active":false,"_monsterinsights_sitenote_note":"","_monsterinsights_sitenote_category":0,"footnotes":""},"class_list":["post-686","page","type-page","status-publish","hentry"],"_links":{"self":[{"href":"https:\/\/kemianseurat.fi\/turku\/wp-json\/wp\/v2\/pages\/686","targetHints":{"allow":["GET"]}}],"collection":[{"href":"https:\/\/kemianseurat.fi\/turku\/wp-json\/wp\/v2\/pages"}],"about":[{"href":"https:\/\/kemianseurat.fi\/turku\/wp-json\/wp\/v2\/types\/page"}],"author":[{"embeddable":true,"href":"https:\/\/kemianseurat.fi\/turku\/wp-json\/wp\/v2\/users\/7"}],"replies":[{"embeddable":true,"href":"https:\/\/kemianseurat.fi\/turku\/wp-json\/wp\/v2\/comments?post=686"}],"version-history":[{"count":5,"href":"https:\/\/kemianseurat.fi\/turku\/wp-json\/wp\/v2\/pages\/686\/revisions"}],"predecessor-version":[{"id":693,"href":"https:\/\/kemianseurat.fi\/turku\/wp-json\/wp\/v2\/pages\/686\/revisions\/693"}],"up":[{"embeddable":true,"href":"https:\/\/kemianseurat.fi\/turku\/wp-json\/wp\/v2\/pages\/119"}],"wp:attachment":[{"href":"https:\/\/kemianseurat.fi\/turku\/wp-json\/wp\/v2\/media?parent=686"}],"curies":[{"name":"wp","href":"https:\/\/api.w.org\/{rel}","templated":true}]}}