{"id":616,"date":"2025-07-17T21:43:11","date_gmt":"2025-07-17T19:43:11","guid":{"rendered":"https:\/\/kemianseurat.fi\/turku\/?page_id=616"},"modified":"2025-09-30T07:54:36","modified_gmt":"2025-09-30T05:54:36","slug":"vuosijuhlat","status":"publish","type":"page","link":"https:\/\/kemianseurat.fi\/turku\/vuosijuhlat\/","title":{"rendered":""},"content":{"rendered":"<div class=\"wp-block-image\">\n<figure class=\"aligncenter size-full\"><img loading=\"lazy\" decoding=\"async\" width=\"800\" height=\"802\" src=\"https:\/\/kemianseurat.fi\/turku\/wp-content\/uploads\/2025\/07\/image.png\" alt=\"\" class=\"wp-image-613\" srcset=\"https:\/\/kemianseurat.fi\/turku\/wp-content\/uploads\/2025\/07\/image.png 800w, https:\/\/kemianseurat.fi\/turku\/wp-content\/uploads\/2025\/07\/image-300x300.png 300w, https:\/\/kemianseurat.fi\/turku\/wp-content\/uploads\/2025\/07\/image-150x150.png 150w, https:\/\/kemianseurat.fi\/turku\/wp-content\/uploads\/2025\/07\/image-768x770.png 768w\" sizes=\"auto, (max-width: 800px) 100vw, 800px\" \/><\/figure>\n<\/div>\n\n<div class=\"wp-block-image\">\n<figure class=\"aligncenter size-full\"><img loading=\"lazy\" decoding=\"async\" width=\"632\" height=\"894\" src=\"https:\/\/kemianseurat.fi\/turku\/wp-content\/uploads\/2025\/09\/image.png\" alt=\"\" class=\"wp-image-643\" srcset=\"https:\/\/kemianseurat.fi\/turku\/wp-content\/uploads\/2025\/09\/image.png 632w, https:\/\/kemianseurat.fi\/turku\/wp-content\/uploads\/2025\/09\/image-212x300.png 212w\" sizes=\"auto, (max-width: 632px) 100vw, 632px\" \/><\/figure>\n<\/div>\n\n\n<figure class=\"wp-block-image size-large\"><img loading=\"lazy\" decoding=\"async\" width=\"1024\" height=\"1024\" src=\"https:\/\/kemianseurat.fi\/turku\/wp-content\/uploads\/2025\/09\/image-1-1024x1024.png\" alt=\"\" class=\"wp-image-645\" srcset=\"https:\/\/kemianseurat.fi\/turku\/wp-content\/uploads\/2025\/09\/image-1-1024x1024.png 1024w, https:\/\/kemianseurat.fi\/turku\/wp-content\/uploads\/2025\/09\/image-1-300x300.png 300w, https:\/\/kemianseurat.fi\/turku\/wp-content\/uploads\/2025\/09\/image-1-150x150.png 150w, https:\/\/kemianseurat.fi\/turku\/wp-content\/uploads\/2025\/09\/image-1-768x768.png 768w, https:\/\/kemianseurat.fi\/turku\/wp-content\/uploads\/2025\/09\/image-1.png 1244w\" sizes=\"auto, (max-width: 1024px) 100vw, 1024px\" \/><\/figure>\n\n\n\n<p class=\"has-text-align-center\">Juhlaseminaariin ei ole ilmoittautumista. Seminaariesityksi\u00e4 voi seurata my\u00f6s et\u00e4n\u00e4. <\/p>\n\n\n\n<p class=\"has-text-align-center\">LINKKI STRIIMIIN: <a href=\"https:\/\/utu.zoom.us\/j\/61002578656\">https:\/\/utu.zoom.us\/j\/61002578656<\/a><\/p>\n\n\n\n<p class=\"has-text-align-center\">Ilmoittautuminen iltajuhlaan on p\u00e4\u00e4ttynyt.<\/p>\n\n\n\n<p class=\"has-text-align-center\"><strong>Vuosijuhlatapahtumia tukevat<\/strong>:<\/p>\n\n\n\n<figure class=\"wp-block-image size-large\"><img loading=\"lazy\" decoding=\"async\" width=\"1024\" height=\"878\" src=\"https:\/\/kemianseurat.fi\/turku\/wp-content\/uploads\/2025\/09\/Sponsorilogot-nettiin-3-1024x878.png\" alt=\"\" class=\"wp-image-647\" srcset=\"https:\/\/kemianseurat.fi\/turku\/wp-content\/uploads\/2025\/09\/Sponsorilogot-nettiin-3-1024x878.png 1024w, https:\/\/kemianseurat.fi\/turku\/wp-content\/uploads\/2025\/09\/Sponsorilogot-nettiin-3-300x257.png 300w, https:\/\/kemianseurat.fi\/turku\/wp-content\/uploads\/2025\/09\/Sponsorilogot-nettiin-3-768x659.png 768w, https:\/\/kemianseurat.fi\/turku\/wp-content\/uploads\/2025\/09\/Sponsorilogot-nettiin-3.png 1280w\" sizes=\"auto, (max-width: 1024px) 100vw, 1024px\" \/><\/figure>\n","protected":false},"excerpt":{"rendered":"<p>Juhlaseminaariin ei ole ilmoittautumista. Seminaariesityksi\u00e4 voi seurata my\u00f6s et\u00e4n\u00e4. LINKKI STRIIMIIN: https:\/\/utu.zoom.us\/j\/61002578656 Ilmoittautuminen iltajuhlaan on p\u00e4\u00e4ttynyt. Vuosijuhlatapahtumia tukevat:<\/p>\n","protected":false},"author":6,"featured_media":0,"parent":0,"menu_order":0,"comment_status":"closed","ping_status":"closed","template":"","meta":{"_monsterinsights_skip_tracking":false,"_monsterinsights_sitenote_active":false,"_monsterinsights_sitenote_note":"","_monsterinsights_sitenote_category":0,"footnotes":""},"class_list":["post-616","page","type-page","status-publish","hentry"],"_links":{"self":[{"href":"https:\/\/kemianseurat.fi\/turku\/wp-json\/wp\/v2\/pages\/616","targetHints":{"allow":["GET"]}}],"collection":[{"href":"https:\/\/kemianseurat.fi\/turku\/wp-json\/wp\/v2\/pages"}],"about":[{"href":"https:\/\/kemianseurat.fi\/turku\/wp-json\/wp\/v2\/types\/page"}],"author":[{"embeddable":true,"href":"https:\/\/kemianseurat.fi\/turku\/wp-json\/wp\/v2\/users\/6"}],"replies":[{"embeddable":true,"href":"https:\/\/kemianseurat.fi\/turku\/wp-json\/wp\/v2\/comments?post=616"}],"version-history":[{"count":11,"href":"https:\/\/kemianseurat.fi\/turku\/wp-json\/wp\/v2\/pages\/616\/revisions"}],"predecessor-version":[{"id":651,"href":"https:\/\/kemianseurat.fi\/turku\/wp-json\/wp\/v2\/pages\/616\/revisions\/651"}],"wp:attachment":[{"href":"https:\/\/kemianseurat.fi\/turku\/wp-json\/wp\/v2\/media?parent=616"}],"curies":[{"name":"wp","href":"https:\/\/api.w.org\/{rel}","templated":true}]}}