{"id":56,"date":"2018-02-05T15:17:16","date_gmt":"2018-02-05T13:17:16","guid":{"rendered":"https:\/\/kemianseurat.fi\/turku\/?page_id=56"},"modified":"2025-08-29T10:16:19","modified_gmt":"2025-08-29T08:16:19","slug":"jasenyys","status":"publish","type":"page","link":"https:\/\/kemianseurat.fi\/turku\/jasenyys\/","title":{"rendered":"J\u00e4senyys"},"content":{"rendered":"\n<p>Turun Kemistikerhon j\u00e4senyytt\u00e4 voi anoa henkil\u00f6, joka kuuluu&nbsp;<a href=\"http:\/\/www.suomalaistenkemistienseura.fi\">Suomalaisten Kemistien Seuraan<\/a>&nbsp;(SKS), tai joka samalla anoo SKS:n j\u00e4senyytt\u00e4. J\u00e4senyysluokkia on nelj\u00e4:<\/p>\n\n\n\n<ul class=\"wp-block-list\">\n<li><strong>Varsinaiseksi j\u00e4seneksi<\/strong>&nbsp;voidaan hyv\u00e4ksy\u00e4 henkil\u00f6, joka suorittamallaan korkeakoulututkinnolla tai muulla tavalla on osoittanut olevansa p\u00e4tev\u00e4 kemisti.<\/li>\n\n\n\n<li><strong>Nuoreksi j\u00e4seneksi<\/strong>&nbsp;voidaan hyv\u00e4ksy\u00e4 yliopistossa p\u00e4\u00e4aineenaan kemiaa opiskeleva henkil\u00f6.<\/li>\n\n\n\n<li>Varsinainen j\u00e4sen voi tulla kutsutuksi&nbsp;<strong>kunniaj\u00e4seneksi<\/strong>. Kunniaj\u00e4sen voi erityisest\u00e4 syyst\u00e4 tulla kutsutuksi&nbsp;<strong>kunniapuheenjohtajaksi<\/strong>.<\/li>\n\n\n\n<li><strong>Kannattajaj\u00e4seneksi<\/strong>&nbsp;voi liitty\u00e4 yritys tai yhteis\u00f6, joka haluaa tukea kerhon toimintaa, ja jonka j\u00e4senyytt\u00e4 johtokunta puoltaa.<\/li>\n<\/ul>\n\n\n\n<p>Turun Kemistikerhon henkil\u00f6j\u00e4senilt\u00e4 ei ker\u00e4t\u00e4 erillist\u00e4 j\u00e4senmaksua SKS:n maksun lis\u00e4ksi [69 \u20ac \/vuosi, opiskelijaj\u00e4sen 10 \u20ac\/vuosi, el\u00e4kel\u00e4isj\u00e4sen 34,50 \u20ac\/vuosi].\u00a0<\/p>\n\n\n\n<p>Jos et ole viel\u00e4 Suomalaisten Kemistien Seuran j\u00e4sen, t\u00e4yt\u00e4 SKS:n j\u00e4senanomuslomake heid\u00e4n <a href=\"https:\/\/suomalaistenkemistienseura.fi\/hakemus\/\">sivullaan<\/a> ja valitse j\u00e4senseuraksi (paikallisseuraksi) Turun Kemistikerho. Samalla voit hakea jaostojen j\u00e4senyytt\u00e4 (alla olevassa kuvassa vihre\u00e4ll\u00e4 olevat).<\/p>\n\n\n\n<p>Jos olet jo SKS:n j\u00e4sen, mutta et viel\u00e4 Turun Kemistikerhon j\u00e4sen, t\u00e4yt\u00e4 kerhon oma lomake (linkki lomakkeeseen alla). Lomakkeen voi postittaa tai l\u00e4hett\u00e4\u00e4 t\u00e4ytettyn\u00e4 ja skannattuna s\u00e4hk\u00f6postilla kerhon sihteerille osoitteeseen turunkemistikerho(at)gmail.com.<\/p>\n\n\n\n<figure class=\"wp-block-image size-full\"><img loading=\"lazy\" decoding=\"async\" width=\"936\" height=\"810\" src=\"https:\/\/kemianseurat.fi\/turku\/wp-content\/uploads\/2024\/06\/image-21.png\" alt=\"\" class=\"wp-image-542\" srcset=\"https:\/\/kemianseurat.fi\/turku\/wp-content\/uploads\/2024\/06\/image-21.png 936w, https:\/\/kemianseurat.fi\/turku\/wp-content\/uploads\/2024\/06\/image-21-300x260.png 300w, https:\/\/kemianseurat.fi\/turku\/wp-content\/uploads\/2024\/06\/image-21-768x665.png 768w\" sizes=\"auto, (max-width: 936px) 100vw, 936px\" \/><\/figure>\n\n\n\n<figure class=\"wp-block-image size-full\"><img loading=\"lazy\" decoding=\"async\" width=\"934\" height=\"428\" src=\"https:\/\/kemianseurat.fi\/turku\/wp-content\/uploads\/2024\/06\/image-23.png\" alt=\"\" class=\"wp-image-544\" srcset=\"https:\/\/kemianseurat.fi\/turku\/wp-content\/uploads\/2024\/06\/image-23.png 934w, https:\/\/kemianseurat.fi\/turku\/wp-content\/uploads\/2024\/06\/image-23-300x137.png 300w, https:\/\/kemianseurat.fi\/turku\/wp-content\/uploads\/2024\/06\/image-23-768x352.png 768w\" sizes=\"auto, (max-width: 934px) 100vw, 934px\" \/><\/figure>\n\n\n\n<h2 class=\"wp-block-heading\">J\u00e4senanomuslomakkeet:<\/h2>\n\n\n\n<ul class=\"wp-block-list\">\n<li><strong>SKS<\/strong>:n lomakkeen l\u00f6yd\u00e4t SKS:n omilta <a href=\"https:\/\/suomalaistenkemistienseura.fi\/hakemus\/\">sivuilta<\/a>.<\/li>\n\n\n\n<li>Kemistikerhon lomakkeen niille, jotka jo ovat SKS:n j\u00e4seni\u00e4, voit tulostaa <a href=\"https:\/\/kemianseurat.fi\/turku\/wp-content\/uploads\/2018\/02\/tulostettavalomake.pdf\" target=\"_blank\" rel=\"noopener\">t\u00e4st\u00e4<\/a>.<\/li>\n<\/ul>\n\n\n\n<p><strong>Osoitteenmuutokset<\/strong>&nbsp;voi tehd\u00e4 k\u00e4tevimmin s\u00e4hk\u00f6postilla Turun Kemistikerhon&nbsp;sihteerille (turunkemistikerho(at)gmail.com), joka v\u00e4litt\u00e4\u00e4 tiedon my\u00f6s SKS:n j\u00e4senrekisteriin. N\u00e4in saat Kemia-Kemi-lehden oikeaan osoitteeseen ja kerhon j\u00e4sentiedot pysyv\u00e4t ajantasalla. Muista ilmoittaa my\u00f6s muuttuvasta s\u00e4hk\u00f6postiosoitteesta sill\u00e4 kerhon tiedotus hoidetaan p\u00e4\u00e4asiassa elektronisesti.<\/p>\n","protected":false},"excerpt":{"rendered":"<p>Turun Kemistikerhon j\u00e4senyytt\u00e4 voi anoa henkil\u00f6, joka kuuluu&nbsp;Suomalaisten Kemistien Seuraan&nbsp;(SKS), tai joka samalla anoo SKS:n j\u00e4senyytt\u00e4. J\u00e4senyysluokkia on nelj\u00e4: Turun Kemistikerhon henkil\u00f6j\u00e4senilt\u00e4 ei ker\u00e4t\u00e4 erillist\u00e4 j\u00e4senmaksua SKS:n maksun lis\u00e4ksi [69 \u20ac \/vuosi, opiskelijaj\u00e4sen 10 \u20ac\/vuosi, el\u00e4kel\u00e4isj\u00e4sen 34,50 \u20ac\/vuosi].\u00a0 Jos et ole viel\u00e4 Suomalaisten Kemistien Seuran j\u00e4sen, t\u00e4yt\u00e4 SKS:n j\u00e4senanomuslomake heid\u00e4n sivullaan ja valitse j\u00e4senseuraksi (paikallisseuraksi) &hellip; <a href=\"https:\/\/kemianseurat.fi\/turku\/jasenyys\/\" class=\"more-link\">Jatka artikkeliin <span class=\"screen-reader-text\">J\u00e4senyys<\/span><\/a><\/p>\n","protected":false},"author":1,"featured_media":0,"parent":0,"menu_order":0,"comment_status":"closed","ping_status":"closed","template":"","meta":{"_monsterinsights_skip_tracking":false,"_monsterinsights_sitenote_active":false,"_monsterinsights_sitenote_note":"","_monsterinsights_sitenote_category":0,"footnotes":""},"class_list":["post-56","page","type-page","status-publish","hentry"],"_links":{"self":[{"href":"https:\/\/kemianseurat.fi\/turku\/wp-json\/wp\/v2\/pages\/56","targetHints":{"allow":["GET"]}}],"collection":[{"href":"https:\/\/kemianseurat.fi\/turku\/wp-json\/wp\/v2\/pages"}],"about":[{"href":"https:\/\/kemianseurat.fi\/turku\/wp-json\/wp\/v2\/types\/page"}],"author":[{"embeddable":true,"href":"https:\/\/kemianseurat.fi\/turku\/wp-json\/wp\/v2\/users\/1"}],"replies":[{"embeddable":true,"href":"https:\/\/kemianseurat.fi\/turku\/wp-json\/wp\/v2\/comments?post=56"}],"version-history":[{"count":4,"href":"https:\/\/kemianseurat.fi\/turku\/wp-json\/wp\/v2\/pages\/56\/revisions"}],"predecessor-version":[{"id":629,"href":"https:\/\/kemianseurat.fi\/turku\/wp-json\/wp\/v2\/pages\/56\/revisions\/629"}],"wp:attachment":[{"href":"https:\/\/kemianseurat.fi\/turku\/wp-json\/wp\/v2\/media?parent=56"}],"curies":[{"name":"wp","href":"https:\/\/api.w.org\/{rel}","templated":true}]}}