{"id":49,"date":"2018-01-30T06:49:14","date_gmt":"2018-01-30T06:49:14","guid":{"rendered":"https:\/\/kemianseurat.fi\/turku\/?page_id=49"},"modified":"2025-06-17T09:46:10","modified_gmt":"2025-06-17T07:46:10","slug":"antti-vesala-palkinto","status":"publish","type":"page","link":"https:\/\/kemianseurat.fi\/turku\/toiminta\/antti-vesala-palkinto\/","title":{"rendered":"Antti Vesala -palkinto"},"content":{"rendered":"\n<p>Kerho jakaa vuosittain huomattavan palkinnon Turun yliopiston kemian laitoksen Kemian kev\u00e4t \u2013tapahtuman yhteydess\u00e4. Tapahtumassa LuK- ja FM-opintojen loppuvaiheessa olevat opiskelijat esittelev\u00e4t opinn\u00e4ytet\u00f6it\u00e4\u00e4n suullisesti. Lis\u00e4ksi FM-vaiheen opiskelijat esittelev\u00e4t gradut\u00f6it\u00e4\u00e4n posterien muodossa, joista kerho palkitsee parhaimmat Antti Vesala \u2013palkinnoin. Kahteen tai kolmeen osaan jaettu palkintosumma on vaihdellut vuosittain. Viime vuosina on kuitenkin muodostunut tavaksi jakaa kaksi palkintoa, joista 1. palkinto annetaan Turun Kemistikerhon johtokunnan j\u00e4senten \u00e4\u00e4nestyksen perusteella (listassa ensin mainittu palkittava) ja 2. palkinto yleis\u00f6\u00e4\u00e4nestyksen perusteella. Posteripalkinnot on omistettu kerhon pitk\u00e4aikaisen aktiivij\u00e4senen ja pidetyn yliassistentin, dosentti Antti Vesalan (1939 \u2013 1993) muistolle, jonka aloitteesta palkinto aikanaan perustettiin.<\/p>\n\n\n\n<h2 class=\"wp-block-heading\">Antti Vesala-palkinnon saajat kautta aikojen:<\/h2>\n\n\n\n<figure class=\"wp-block-image size-full\"><img loading=\"lazy\" decoding=\"async\" width=\"792\" height=\"432\" src=\"https:\/\/kemianseurat.fi\/turku\/wp-content\/uploads\/2024\/06\/image-9.png\" alt=\"\" class=\"wp-image-520\" srcset=\"https:\/\/kemianseurat.fi\/turku\/wp-content\/uploads\/2024\/06\/image-9.png 792w, https:\/\/kemianseurat.fi\/turku\/wp-content\/uploads\/2024\/06\/image-9-300x164.png 300w, https:\/\/kemianseurat.fi\/turku\/wp-content\/uploads\/2024\/06\/image-9-768x419.png 768w\" sizes=\"auto, (max-width: 792px) 100vw, 792px\" \/><\/figure>\n\n\n\n<figure class=\"wp-block-image size-full\"><img loading=\"lazy\" decoding=\"async\" width=\"792\" height=\"430\" src=\"https:\/\/kemianseurat.fi\/turku\/wp-content\/uploads\/2024\/06\/image-10.png\" alt=\"\" class=\"wp-image-521\" srcset=\"https:\/\/kemianseurat.fi\/turku\/wp-content\/uploads\/2024\/06\/image-10.png 792w, https:\/\/kemianseurat.fi\/turku\/wp-content\/uploads\/2024\/06\/image-10-300x163.png 300w, https:\/\/kemianseurat.fi\/turku\/wp-content\/uploads\/2024\/06\/image-10-768x417.png 768w\" sizes=\"auto, (max-width: 792px) 100vw, 792px\" \/><\/figure>\n\n\n\n<figure class=\"wp-block-image size-full\"><img loading=\"lazy\" decoding=\"async\" width=\"792\" height=\"430\" src=\"https:\/\/kemianseurat.fi\/turku\/wp-content\/uploads\/2024\/06\/image-11.png\" alt=\"\" class=\"wp-image-522\" srcset=\"https:\/\/kemianseurat.fi\/turku\/wp-content\/uploads\/2024\/06\/image-11.png 792w, https:\/\/kemianseurat.fi\/turku\/wp-content\/uploads\/2024\/06\/image-11-300x163.png 300w, https:\/\/kemianseurat.fi\/turku\/wp-content\/uploads\/2024\/06\/image-11-768x417.png 768w\" sizes=\"auto, (max-width: 792px) 100vw, 792px\" \/><\/figure>\n\n\n\n<figure class=\"wp-block-image size-full\"><img loading=\"lazy\" decoding=\"async\" width=\"988\" height=\"328\" src=\"https:\/\/kemianseurat.fi\/turku\/wp-content\/uploads\/2025\/06\/image.png\" alt=\"\" class=\"wp-image-597\" srcset=\"https:\/\/kemianseurat.fi\/turku\/wp-content\/uploads\/2025\/06\/image.png 988w, https:\/\/kemianseurat.fi\/turku\/wp-content\/uploads\/2025\/06\/image-300x100.png 300w, https:\/\/kemianseurat.fi\/turku\/wp-content\/uploads\/2025\/06\/image-768x255.png 768w\" sizes=\"auto, (max-width: 988px) 100vw, 988px\" \/><\/figure>\n\n\n\n<p>Antti Vesala in memoriam:Kemia-Kemi 20 (1993:7) 632.<\/p>\n","protected":false},"excerpt":{"rendered":"<p>Kerho jakaa vuosittain huomattavan palkinnon Turun yliopiston kemian laitoksen Kemian kev\u00e4t \u2013tapahtuman yhteydess\u00e4. Tapahtumassa LuK- ja FM-opintojen loppuvaiheessa olevat opiskelijat esittelev\u00e4t opinn\u00e4ytet\u00f6it\u00e4\u00e4n suullisesti. Lis\u00e4ksi FM-vaiheen opiskelijat esittelev\u00e4t gradut\u00f6it\u00e4\u00e4n posterien muodossa, joista kerho palkitsee parhaimmat Antti Vesala \u2013palkinnoin. Kahteen tai kolmeen osaan jaettu palkintosumma on vaihdellut vuosittain. Viime vuosina on kuitenkin muodostunut tavaksi jakaa kaksi palkintoa, &hellip; <a href=\"https:\/\/kemianseurat.fi\/turku\/toiminta\/antti-vesala-palkinto\/\" class=\"more-link\">Jatka artikkeliin <span class=\"screen-reader-text\">Antti Vesala -palkinto<\/span><\/a><\/p>\n","protected":false},"author":1,"featured_media":0,"parent":24,"menu_order":0,"comment_status":"closed","ping_status":"closed","template":"","meta":{"_monsterinsights_skip_tracking":false,"_monsterinsights_sitenote_active":false,"_monsterinsights_sitenote_note":"","_monsterinsights_sitenote_category":0,"footnotes":""},"class_list":["post-49","page","type-page","status-publish","hentry"],"_links":{"self":[{"href":"https:\/\/kemianseurat.fi\/turku\/wp-json\/wp\/v2\/pages\/49","targetHints":{"allow":["GET"]}}],"collection":[{"href":"https:\/\/kemianseurat.fi\/turku\/wp-json\/wp\/v2\/pages"}],"about":[{"href":"https:\/\/kemianseurat.fi\/turku\/wp-json\/wp\/v2\/types\/page"}],"author":[{"embeddable":true,"href":"https:\/\/kemianseurat.fi\/turku\/wp-json\/wp\/v2\/users\/1"}],"replies":[{"embeddable":true,"href":"https:\/\/kemianseurat.fi\/turku\/wp-json\/wp\/v2\/comments?post=49"}],"version-history":[{"count":12,"href":"https:\/\/kemianseurat.fi\/turku\/wp-json\/wp\/v2\/pages\/49\/revisions"}],"predecessor-version":[{"id":599,"href":"https:\/\/kemianseurat.fi\/turku\/wp-json\/wp\/v2\/pages\/49\/revisions\/599"}],"up":[{"embeddable":true,"href":"https:\/\/kemianseurat.fi\/turku\/wp-json\/wp\/v2\/pages\/24"}],"wp:attachment":[{"href":"https:\/\/kemianseurat.fi\/turku\/wp-json\/wp\/v2\/media?parent=49"}],"curies":[{"name":"wp","href":"https:\/\/api.w.org\/{rel}","templated":true}]}}