{"id":43,"date":"2018-01-30T06:43:00","date_gmt":"2018-01-30T06:43:00","guid":{"rendered":"https:\/\/kemianseurat.fi\/turku\/?page_id=43"},"modified":"2021-11-14T20:15:16","modified_gmt":"2021-11-14T18:15:16","slug":"retket","status":"publish","type":"page","link":"https:\/\/kemianseurat.fi\/turku\/toiminta\/retket\/","title":{"rendered":"Retket"},"content":{"rendered":"<p>Kerho on vieraillut perustamisestaan l\u00e4htien l\u00e4hist\u00f6ll\u00e4 sijaitsevissa kemiaan jotenkin liittyviss\u00e4 kohteissa s\u00e4\u00e4nn\u00f6llisesti. Tutustumisretki\u00e4 on tehty siin\u00e4 m\u00e4\u00e4rin, ett\u00e4 uusien vierailukohteiden l\u00f6yt\u00e4minen on varsin haastava teht\u00e4v\u00e4 johtokunnalle. Retkien yhteism\u00e4\u00e4r\u00e4 kulttuuri- ja virkistysretket mukaanluettuina on koko kerhon historiassa yli sata. Retket on yleens\u00e4 tehty linja-autolla, mutta mm. vesibussiretket Saaristomeren tutkimusasemalle Seiliin 1996 ja Saaristomeren Kansallispuiston luontokeskukseen Dragsfj\u00e4rdin Kasn\u00e4siin 1999 olivat erityisen suosittuja. My\u00f6s vuonna 2001 tehtiin vesibussiretki Paraisten kalkkitehtaalle ja elokuussa 2011 Pikku-Pukin saarelle. Muita vesille suuntautuneita retki\u00e4 ovat olleet mm. vuonna 2008 tehty risteily Loistokarille s\/s Ukkopekalla ja kes\u00e4ll\u00e4 2012 venekyydill\u00e4 tehty vierailu Rosalan Viikinkikeskukseen ja Bengtsk\u00e4rin majakalle. Pidempi kahden y\u00f6n retki tehtiin 33 henkil\u00f6n voimin yhdess\u00e4 KS\u00c5n kanssa vuonna 2016 Ytterbyhyn. Matkaan l\u00e4hdettiin Turusta laivalla kohti Tukholmaa. Ruotsin puolella matkustettiin ensin Vaxholmiin Bogesundin linnan retkeilymajalle ja sitten Ytterbyhyn kaivoksille bussilla. Ytterbyst\u00e4 palattiin viel\u00e4 uudelleen Vaxholmiin tutustumaan linnoitussaareen. Lopuksi oli vapaata aikaa kierrell\u00e4 Tukholmassa ennen kuin palattiin takaisin Turkuun laivalla. Elokuussa 2017 tehtiin j\u00e4lleen suosittu laivaretki M\/S K\u00f6kar -laivalla \u00d6r\u00f6n linnakesaarelle, johon osallistui my\u00f6s yli 30 henkil\u00f6\u00e4.<\/p>\n<p>Linja-autolla tutustumisretki\u00e4 on tehty\u00e4 mm. vuonna 2014 Fiskarsin Ruukkiin, jossa osallistuimme opastetulle kierrokselle ja tutustuttiin paikallisiin ty\u00f6pajoihin. Seuravana vuonna matkustimme Hyvink\u00e4lle ja tutustuimme Suomen Rautatiemuseoon, jossa oli k\u00e4ynniss\u00e4 Unelmat Liikkeelle \u2013 El\u00e4k\u00f6\u00f6n Interrail -n\u00e4yttely. My\u00f6s Wanhat Saabit kokoontuivat Rautatiemuseon pihassa kyseisen\u00e4 p\u00e4iv\u00e4n\u00e4. Vuonna 2018 matkustimme Rym\u00e4ttyl\u00e4n R\u00f6\u00f6l\u00e4\u00e4n maistelemaan omenakuohuviinej\u00e4 Brinkhalls Sparkling wineryyn sek\u00e4 tutustuttiin Rym\u00e4ttyl\u00e4n silliperinteeseen. Osallistuimme my\u00f6s Suomalaisten Kemistien Seuran 100-vuotisjuhlahuipentumaan Kemia-iltaan Heurekassa marraskuussa 2019.<\/p>\n<p>Kulttuuriretki j\u00e4rjestettiin ensimm\u00e4isen kerran tammikuussa 2000 ja se suuntautui kansallisoopperaan katsomaan ja kuuntelemaan Mozartin Don Giovannia. Kulttuurin n\u00e4lk\u00e4 on kemistien keskuudessa huomattava, mist\u00e4 kertoo se, ett\u00e4 ensimm\u00e4inen kulttuuriretki oli loppuun varattu jo ennen kuin virallinen ilmoitus siit\u00e4 ehti ilmesty\u00e4, ja linja-autossa oli vain yksi vapaa paikka \u00e4killisen sairastumisen vuoksi. Suosittuja ovat olleet my\u00f6s Tampereelle suuntautuneet retket. Esimerkiksi vuoden 2005 alussa Tampereen Teatteriin tehdyll\u00e4 retkell\u00e4 linja-auto oli viimeist\u00e4 paikkaa my\u00f6ten t\u00e4ysi, eik\u00e4 vuoden 2008 tammikuussa Tampere-talon Riverdance-esitykseen suunnanneessa bussissakaan montaa tyhj\u00e4\u00e4 istuinta ollut. Helsingin Kansallisoopperaan matkattiin katsomaan eritt\u00e4in suosittua ja loppuunmyyty\u00e4 \u2013 Oopperan Kummitus -musikaali vuonna 2016 t\u00e4yden 50 henkil\u00f6n ryhm\u00e4ll\u00e4.<\/p>\n<p>Jalkapatikalla tai omalla kyydill\u00e4 on k\u00e4yty vierailemassa ja virkistym\u00e4ss\u00e4 l\u00e4hikohteissa, kuten vuonna 2008 luontoretkell\u00e4 Ruissalossa, vankilakierroksella Kakolassa ja viininmaisteluiltaa viett\u00e4m\u00e4ss\u00e4 Viinille-ravintolassa. Linnateatterissa k\u00e4ytiin vuoden 2009 tammikuussa katsomassa Luolamiest\u00e4 ja uudelleen vuoden 2012 marraskuussa katsomassa Kalsarimiehi\u00e4. Turun Kaupunginteatterissa k\u00e4vimme vuonna 2013 seuraamassa Rocky Horror Showta. Alkuvuodesta 2014 kuuntelimme Turun konserttitalolla ABBA 40 Anniversary Tour -konserttia ja loppuvuodesta osallistuimme Turun linnan Kummituksia, kidutusta ja kuolemaa \u2013kierrokselle. Linnanteatterissa k\u00e4ytiin j\u00e4lleen vuonna 2015 katsomassa Otto vai pano -esityst\u00e4.<\/p>\n<p>T\u00e4ss\u00e4 vain muutamia esimerkkej\u00e4 Turun Kemistikerhon lukuisista retkist\u00e4.<\/p>\n","protected":false},"excerpt":{"rendered":"<p>Kerho on vieraillut perustamisestaan l\u00e4htien l\u00e4hist\u00f6ll\u00e4 sijaitsevissa kemiaan jotenkin liittyviss\u00e4 kohteissa s\u00e4\u00e4nn\u00f6llisesti. Tutustumisretki\u00e4 on tehty siin\u00e4 m\u00e4\u00e4rin, ett\u00e4 uusien vierailukohteiden l\u00f6yt\u00e4minen on varsin haastava teht\u00e4v\u00e4 johtokunnalle. Retkien yhteism\u00e4\u00e4r\u00e4 kulttuuri- ja virkistysretket mukaanluettuina on koko kerhon historiassa yli sata. Retket on yleens\u00e4 tehty linja-autolla, mutta mm. vesibussiretket Saaristomeren tutkimusasemalle Seiliin 1996 ja Saaristomeren Kansallispuiston luontokeskukseen Dragsfj\u00e4rdin &hellip; <a href=\"https:\/\/kemianseurat.fi\/turku\/toiminta\/retket\/\" class=\"more-link\">Jatka artikkeliin <span class=\"screen-reader-text\">Retket<\/span><\/a><\/p>\n","protected":false},"author":1,"featured_media":0,"parent":24,"menu_order":0,"comment_status":"closed","ping_status":"closed","template":"","meta":{"_monsterinsights_skip_tracking":false,"_monsterinsights_sitenote_active":false,"_monsterinsights_sitenote_note":"","_monsterinsights_sitenote_category":0,"footnotes":""},"class_list":["post-43","page","type-page","status-publish","hentry"],"_links":{"self":[{"href":"https:\/\/kemianseurat.fi\/turku\/wp-json\/wp\/v2\/pages\/43","targetHints":{"allow":["GET"]}}],"collection":[{"href":"https:\/\/kemianseurat.fi\/turku\/wp-json\/wp\/v2\/pages"}],"about":[{"href":"https:\/\/kemianseurat.fi\/turku\/wp-json\/wp\/v2\/types\/page"}],"author":[{"embeddable":true,"href":"https:\/\/kemianseurat.fi\/turku\/wp-json\/wp\/v2\/users\/1"}],"replies":[{"embeddable":true,"href":"https:\/\/kemianseurat.fi\/turku\/wp-json\/wp\/v2\/comments?post=43"}],"version-history":[{"count":4,"href":"https:\/\/kemianseurat.fi\/turku\/wp-json\/wp\/v2\/pages\/43\/revisions"}],"predecessor-version":[{"id":272,"href":"https:\/\/kemianseurat.fi\/turku\/wp-json\/wp\/v2\/pages\/43\/revisions\/272"}],"up":[{"embeddable":true,"href":"https:\/\/kemianseurat.fi\/turku\/wp-json\/wp\/v2\/pages\/24"}],"wp:attachment":[{"href":"https:\/\/kemianseurat.fi\/turku\/wp-json\/wp\/v2\/media?parent=43"}],"curies":[{"name":"wp","href":"https:\/\/api.w.org\/{rel}","templated":true}]}}