{"id":40,"date":"2018-01-30T06:41:04","date_gmt":"2018-01-30T06:41:04","guid":{"rendered":"https:\/\/kemianseurat.fi\/turku\/?page_id=40"},"modified":"2025-08-27T14:37:14","modified_gmt":"2025-08-27T12:37:14","slug":"gadolininpaiva","status":"publish","type":"page","link":"https:\/\/kemianseurat.fi\/turku\/toiminta\/gadolininpaiva\/","title":{"rendered":"Gadolininp\u00e4iv\u00e4"},"content":{"rendered":"<p>Turun Kemistikerho r.y. j\u00e4rjest\u00e4\u00e4 yhdess\u00e4 <a href=\"http:\/\/www.ks\u00e5.fi\">Kemiska S\u00e4llskapet i \u00c5bo\u00a0<\/a>-seuran kanssa vuorovuosin yksip\u00e4iv\u00e4isen populaaritieteellisen tapahtuman, joka on ristitty Gadolininp\u00e4iv\u00e4ksi suuren turkulaisen kemistin Johan Gadolinin (1760 &#8211; 1852) mukaan. Turun Akatemian j\u00e4rjestyksess\u00e4 toisena kemian professorina palvellutta Gadolinia pidet\u00e4\u00e4n harvinaisten maametallien eli lantanidien keksij\u00e4n\u00e4, ja h\u00e4n lienee edelleenkin tunnetuin suomalainen kemisti maailmalla. H\u00e4nen osakseen on tullut my\u00f6s hyvin harvinaislaatuinen kunnia: h\u00e4n kuuluu niihin harvoihin ihmisiin, jonka nimi on ikuistettu alkuaineiden jaksolliseen j\u00e4rjestelm\u00e4\u00e4n.<\/p>\n<p>Gadolininp\u00e4iv\u00e4n perinteet ulottuvat yht\u00e4jaksoisesti aina vuoteen 1969 asti. Tapahtumaan on perinteisesti kuulunut j\u00e4rjest\u00e4vien yhdistysten kunnioitusk\u00e4ynti Gadolinin haudalla Myn\u00e4m\u00e4ell\u00e4, kaikelle yleis\u00f6lle avoimet luennot jostain ajankohtaisesta aiheesta ja seurojen j\u00e4senille tarkoitettu iltajuhla.<\/p>\n<p>Luentojen\u00a0teemat\u00a0ovat aikojen kuluessa vaihdelleet laajasti kattaen monipuolisesti erilaisia kemiaan, kemikaaleihin ja kemisteihin liittyvi\u00e4 aiheita. Luentojen kohdeyleis\u00f6n on ajateltu koostuvan l\u00e4hinn\u00e4 kemisteist\u00e4 erikoisalaan katsomatta sek\u00e4 muistakin hyv\u00e4n luonnontieteellisen perussivistyksen omaavista kuulijoista. Luentoiltap\u00e4iv\u00e4 on yleens\u00e4 sis\u00e4lt\u00e4nyt kolme &#8211; nelj\u00e4 noin 40 minuutin pituista suomen- tai ruotsinkielist\u00e4 kotimaisen asiantuntijan pit\u00e4m\u00e4\u00e4 luentoa.<\/p>\n<p>2000-luvulle tultaessa iltajuhla on j\u00e4\u00e4nyt pois ja luentoiltap\u00e4iv\u00e4 ja hautak\u00e4ynti on pidetty erillisin\u00e4 p\u00e4ivin\u00e4. Hautak\u00e4ynti toteutetaan aina Gadolinin syntym\u00e4p\u00e4iv\u00e4n\u00e4 5.6., mutta varsinaisen Gadolininp\u00e4iv\u00e4n p\u00e4iv\u00e4m\u00e4\u00e4r\u00e4 vaihtelee.<\/p>\n<p><strong>Gadolininp\u00e4iv\u00e4n teemat kautta aikojen:<\/strong><\/p>\n<ul>\n<li>I 1969 &#8221;Lantanideista ja l\u00e4\u00e4keaineiden kemiasta&#8221;<\/li>\n<li>II 1970 &#8221;K\u00e4ymiskemiasta ja alkoholipolitiikasta&#8221;<\/li>\n<li>III 1971 &#8221;Laboratoriosuunnittelusta&#8221;<\/li>\n<li>IV 1972 &#8221;J\u00e4tevesien puhdistuksesta&#8221;<\/li>\n<li>V 1973 &#8221;Kemian opetus korkeakouluissa&#8221;<\/li>\n<li>VI 1974 &#8221;Pienoistietokone Kemian opetuksessa&#8221;<\/li>\n<li>VII 1975 &#8221;Erikoislaitteet tutkimuksessa&#8221;<\/li>\n<li>VIII 1976 &#8221;Muovi raaka-aineena&#8221;<\/li>\n<li>IX 1977 &#8221;L\u00e4\u00e4keteollisuus kemian sovellutuksena&#8221;<\/li>\n<li>X 1978 &#8221;Energian tuotanto t\u00e4n\u00e4\u00e4n ja huomenna&#8221;<\/li>\n<li>XI 1979 &#8221;Kemistin ty\u00f6ymp\u00e4rist\u00f6&#8221;<\/li>\n<li>XII 1980 &#8221;Turun seudun juomavesiongelma&#8221;<\/li>\n<li>XIII 1981 &#8221;S\u00e4teilykemialliset analyysimenetelm\u00e4t&#8221;<\/li>\n<li>XIV 1982 &#8221;Bioteknologia&#8221;<\/li>\n<li>XV 1983 &#8221;Ongelmaj\u00e4tteet&#8221;<\/li>\n<li>XVI 1984 &#8221;Kemia &#8211; Terveys &#8211; Ihminen&#8221;<\/li>\n<li>XVII 1985 &#8221;Kemia ja jokap\u00e4iv\u00e4inen leip\u00e4mme&#8221;<\/li>\n<li>XVIII 1986 &#8221;Uudet materiaalit&#8221;<\/li>\n<li>XIX 1987 &#8221;Kemia ja Turun seudun teollisuus&#8221;<\/li>\n<li>XX 1988 &#8221;Kemia ja urheilu&#8221;<\/li>\n<li>XXI 1989 &#8221;Kemisti &#8211; ilmansuojelija&#8221;<\/li>\n<li>XXII 1990 &#8221;Uusia suuntauksia kemian tutkimuksessa&#8221;<\/li>\n<li>XXIII 1991 &#8221;Kemia ja elektroniikka&#8221;<\/li>\n<li>XXIV 1992 &#8221;Milj\u00f6v\u00e4nliga produkter &#8211; finns dom?&#8221;<\/li>\n<li>XXV 1993 &#8221;Kemiaa eilen ja t\u00e4n\u00e4\u00e4n Turun alueella&#8221;<\/li>\n<li>XXVI 1994 &#8221;Tarvitaanko kemistej\u00e4 t\u00e4m\u00e4n p\u00e4iv\u00e4n Suomessa?&#8221;<\/li>\n<li>XXVII 1995 &#8221;Ihminen, ymp\u00e4rist\u00f6 ja EU&#8221;<\/li>\n<li>XXVIII 1996 &#8221;Kemianteknologia ja ymp\u00e4rist\u00f6 Virossa&#8221;<\/li>\n<li>XXIX 1997 &#8221;Ideasta l\u00e4\u00e4kkeksi&#8221;<\/li>\n<li>XXX 1998 &#8221;Functional Food&#8221;<\/li>\n<li>XXXI 1999 &#8221;Julkaisu, patentti vai molemmat?&#8221;<\/li>\n<li>XXXII 2000 &#8221;Aqua Aboensis&#8221;<\/li>\n<li>XXXIII 2001 &#8221;Harvinaiset maametallit&#8221;<\/li>\n<li>XXXIV 2002 &#8221;Biomateriaalit&#8221;<\/li>\n<li>XXXV 2003 &#8221;Nanoteknologia&#8221;<\/li>\n<li>XXXVI 2004 &#8221;Enantioselektiiven katalyysi&#8221;<\/li>\n<li>XXXVII 2005 &#8221;Kemian opetus&#8221;<\/li>\n<li>XXXVIII 2006 &#8221;Laskennallinen kemia&#8221;<\/li>\n<li>XXXIX 2007 &#8221;Johan Gadolinin historia&#8221;<\/li>\n<li>XL 2008 &#8221;Kemisti ty\u00f6el\u00e4m\u00e4ss\u00e4&#8221;<\/li>\n<li>XLI 2009 &#8221;Kemiaa luonnonyhdisteist\u00e4 pehmeisiin materiaaleihin&#8221;<\/li>\n<li>XLII 2010 &#8221;Johan Gadolin 250 years&#8221;<\/li>\n<li>XLIII 2011 &#8221;Kemian opetus 250 vuotta&#8221;<\/li>\n<li>XLIV 2012 &#8221;Ruokakemia&#8221;<\/li>\n<li>XLV 2013 &#8221;Grafeeni&#8221;<\/li>\n<li>Vuonna 2014 Gadolininp\u00e4iv\u00e4\u00e4 ei j\u00e4rjestetty<\/li>\n<li>XLVI 2015 &#8221;Hyvinvointia luonnonyhdisteist\u00e4&#8221;<\/li>\n<li>XLVII 2016 Retki Ytterbyn kaivokselle<\/li>\n<li>XLVIII 2017 &#8221;Arjen kemiaa&#8221;<\/li>\n<li>XLIX 2018 &#8221;Kemi f\u00f6r framtidens kemister i \u00c5bo \u2013<br \/>Kemiaa tulevaisuuden kemisteille Turussa&#8221;<\/li>\n<li>L 2019 &#8221;Johan Gadolins v\u00e4rldsarv&#8221;<\/li>\n<li>Vuonna 2020 Gadolininp\u00e4iv\u00e4\u00e4 ei j\u00e4rjestetty koronapandemian vuoksi<\/li>\n<li>LI 2021 &#8221;Koronavirusdiagnostiikka \u2013 osaamista ja innovaatioita Turusta&#8221;<\/li>\n<li>LII 2022 Vierailu Turun Apteekkimuseoon<\/li>\n<li>LIII 2023 Kemiaa Turussa ennen ja nyt -kulttuurikuntoilureitin julkistamistilaisuus ja vierailu Gadolinin kirjastoon.<\/li>\n<li>LIV 2024 Kemiaa Turussa ennen ja nyt &#8211; el\u00e4v\u00f6itetty kulttuurikuntoilureitti.<\/li>\n<li>LV 2025 &#8221;Gadolinin jalanj\u00e4ljiss\u00e4&#8221;. Retki Ruotsiin Ytterbyn kaivokselle.<\/li>\n<\/ul>\n\n\n<p><\/p>\n","protected":false},"excerpt":{"rendered":"<p>Turun Kemistikerho r.y. j\u00e4rjest\u00e4\u00e4 yhdess\u00e4 Kemiska S\u00e4llskapet i \u00c5bo\u00a0-seuran kanssa vuorovuosin yksip\u00e4iv\u00e4isen populaaritieteellisen tapahtuman, joka on ristitty Gadolininp\u00e4iv\u00e4ksi suuren turkulaisen kemistin Johan Gadolinin (1760 &#8211; 1852) mukaan. Turun Akatemian j\u00e4rjestyksess\u00e4 toisena kemian professorina palvellutta Gadolinia pidet\u00e4\u00e4n harvinaisten maametallien eli lantanidien keksij\u00e4n\u00e4, ja h\u00e4n lienee edelleenkin tunnetuin suomalainen kemisti maailmalla. H\u00e4nen osakseen on tullut my\u00f6s hyvin &hellip; <a href=\"https:\/\/kemianseurat.fi\/turku\/toiminta\/gadolininpaiva\/\" class=\"more-link\">Jatka artikkeliin <span class=\"screen-reader-text\">Gadolininp\u00e4iv\u00e4<\/span><\/a><\/p>\n","protected":false},"author":1,"featured_media":0,"parent":24,"menu_order":0,"comment_status":"closed","ping_status":"closed","template":"","meta":{"_monsterinsights_skip_tracking":false,"_monsterinsights_sitenote_active":false,"_monsterinsights_sitenote_note":"","_monsterinsights_sitenote_category":0,"footnotes":""},"class_list":["post-40","page","type-page","status-publish","hentry"],"_links":{"self":[{"href":"https:\/\/kemianseurat.fi\/turku\/wp-json\/wp\/v2\/pages\/40","targetHints":{"allow":["GET"]}}],"collection":[{"href":"https:\/\/kemianseurat.fi\/turku\/wp-json\/wp\/v2\/pages"}],"about":[{"href":"https:\/\/kemianseurat.fi\/turku\/wp-json\/wp\/v2\/types\/page"}],"author":[{"embeddable":true,"href":"https:\/\/kemianseurat.fi\/turku\/wp-json\/wp\/v2\/users\/1"}],"replies":[{"embeddable":true,"href":"https:\/\/kemianseurat.fi\/turku\/wp-json\/wp\/v2\/comments?post=40"}],"version-history":[{"count":11,"href":"https:\/\/kemianseurat.fi\/turku\/wp-json\/wp\/v2\/pages\/40\/revisions"}],"predecessor-version":[{"id":628,"href":"https:\/\/kemianseurat.fi\/turku\/wp-json\/wp\/v2\/pages\/40\/revisions\/628"}],"up":[{"embeddable":true,"href":"https:\/\/kemianseurat.fi\/turku\/wp-json\/wp\/v2\/pages\/24"}],"wp:attachment":[{"href":"https:\/\/kemianseurat.fi\/turku\/wp-json\/wp\/v2\/media?parent=40"}],"curies":[{"name":"wp","href":"https:\/\/api.w.org\/{rel}","templated":true}]}}