{"id":370,"date":"2023-02-07T08:53:27","date_gmt":"2023-02-07T06:53:27","guid":{"rendered":"https:\/\/kemianseurat.fi\/turku\/?page_id=370"},"modified":"2025-10-30T22:21:12","modified_gmt":"2025-10-30T20:21:12","slug":"luk-stipendit","status":"publish","type":"page","link":"https:\/\/kemianseurat.fi\/turku\/luk-stipendit\/","title":{"rendered":"LuK-stipendit"},"content":{"rendered":"\n<p>Turun Kemistikerhon LuK-stipendien jako aloitettiin SKS:n 100-vuotisjuhlavuonna 2019. Vuonna 2020 jaettiin kolme Kemistikerhon 75-vuotisjuhlastipendi\u00e4 ja k\u00e4yt\u00e4nt\u00f6 p\u00e4\u00e4tettiin ottaa toistuvaksi vuonna 2021, jolloin jaettiin samoin kolme stipendi\u00e4. Varteenotettavien kandidaattien tasav\u00e4kisyyden ja runsaan m\u00e4\u00e4r\u00e4n vuoksi vuonna 2022 stipendej\u00e4 jaettiin nelj\u00e4 kappaletta. <\/p>\n\n\n\n<p>LuK-stipendien my\u00f6nt\u00f6perusteina ovat olleet kolmessa vuodessa suoritettu kemian LuK-tutkinto (luonnontieteen kandidaatti) Turun yliopistossa sek\u00e4 hyv\u00e4 menestys erityisesti kemian opinnoissa. Jo alusta alkaen perinteeksi on muodostunut, ett\u00e4 stipendit julkistetaan Turun yliopiston kemian laitoksen syksyn laitosseminaarissa.<\/p>\n\n\n\n<h2 class=\"wp-block-heading\">LuK-stipendien saajat kautta aikojen<\/h2>\n\n\n\n<figure class=\"wp-block-image size-full\"><img loading=\"lazy\" decoding=\"async\" width=\"798\" height=\"312\" src=\"https:\/\/kemianseurat.fi\/turku\/wp-content\/uploads\/2025\/10\/image.png\" alt=\"\" class=\"wp-image-657\" srcset=\"https:\/\/kemianseurat.fi\/turku\/wp-content\/uploads\/2025\/10\/image.png 798w, https:\/\/kemianseurat.fi\/turku\/wp-content\/uploads\/2025\/10\/image-300x117.png 300w, https:\/\/kemianseurat.fi\/turku\/wp-content\/uploads\/2025\/10\/image-768x300.png 768w\" sizes=\"auto, (max-width: 798px) 100vw, 798px\" \/><\/figure>\n","protected":false},"excerpt":{"rendered":"<p>Turun Kemistikerhon LuK-stipendien jako aloitettiin SKS:n 100-vuotisjuhlavuonna 2019. Vuonna 2020 jaettiin kolme Kemistikerhon 75-vuotisjuhlastipendi\u00e4 ja k\u00e4yt\u00e4nt\u00f6 p\u00e4\u00e4tettiin ottaa toistuvaksi vuonna 2021, jolloin jaettiin samoin kolme stipendi\u00e4. Varteenotettavien kandidaattien tasav\u00e4kisyyden ja runsaan m\u00e4\u00e4r\u00e4n vuoksi vuonna 2022 stipendej\u00e4 jaettiin nelj\u00e4 kappaletta. LuK-stipendien my\u00f6nt\u00f6perusteina ovat olleet kolmessa vuodessa suoritettu kemian LuK-tutkinto (luonnontieteen kandidaatti) Turun yliopistossa sek\u00e4 hyv\u00e4 menestys &hellip; <a href=\"https:\/\/kemianseurat.fi\/turku\/luk-stipendit\/\" class=\"more-link\">Jatka artikkeliin <span class=\"screen-reader-text\">LuK-stipendit<\/span><\/a><\/p>\n","protected":false},"author":6,"featured_media":0,"parent":0,"menu_order":0,"comment_status":"closed","ping_status":"closed","template":"","meta":{"_monsterinsights_skip_tracking":false,"_monsterinsights_sitenote_active":false,"_monsterinsights_sitenote_note":"","_monsterinsights_sitenote_category":0,"footnotes":""},"class_list":["post-370","page","type-page","status-publish","hentry"],"_links":{"self":[{"href":"https:\/\/kemianseurat.fi\/turku\/wp-json\/wp\/v2\/pages\/370","targetHints":{"allow":["GET"]}}],"collection":[{"href":"https:\/\/kemianseurat.fi\/turku\/wp-json\/wp\/v2\/pages"}],"about":[{"href":"https:\/\/kemianseurat.fi\/turku\/wp-json\/wp\/v2\/types\/page"}],"author":[{"embeddable":true,"href":"https:\/\/kemianseurat.fi\/turku\/wp-json\/wp\/v2\/users\/6"}],"replies":[{"embeddable":true,"href":"https:\/\/kemianseurat.fi\/turku\/wp-json\/wp\/v2\/comments?post=370"}],"version-history":[{"count":9,"href":"https:\/\/kemianseurat.fi\/turku\/wp-json\/wp\/v2\/pages\/370\/revisions"}],"predecessor-version":[{"id":659,"href":"https:\/\/kemianseurat.fi\/turku\/wp-json\/wp\/v2\/pages\/370\/revisions\/659"}],"wp:attachment":[{"href":"https:\/\/kemianseurat.fi\/turku\/wp-json\/wp\/v2\/media?parent=370"}],"curies":[{"name":"wp","href":"https:\/\/api.w.org\/{rel}","templated":true}]}}