{"id":30,"date":"2018-01-27T22:49:17","date_gmt":"2018-01-27T22:49:17","guid":{"rendered":"https:\/\/kemianseurat.fi\/turku\/?page_id=30"},"modified":"2026-01-22T13:40:32","modified_gmt":"2026-01-22T11:40:32","slug":"johtokunta","status":"publish","type":"page","link":"https:\/\/kemianseurat.fi\/turku\/johtokunta\/","title":{"rendered":"Johtokunta"},"content":{"rendered":"<h1>Turun Kemistikerho ry:n johtokunta 2026<\/h1>\n<p>Kerhon toimintaa johtaa vuosittain valittava johtokunta.\u00a0<span style=\"font-weight: 400;\">Johtokunnan muodostavat puheenjohtaja, varapuheenjohtaja, sihteeri, taloudenhoitaja ja \u00a0<\/span><span style=\"font-weight: 400;\">v\u00e4hint\u00e4\u00e4n kolme ja enint\u00e4\u00e4n kuusi muuta j\u00e4sent\u00e4, joista yksi valitaan opettajana toimivien piirist\u00e4 ja muut siten, ett\u00e4 turkulaiset kemian alan yritykset ja Turun yliopisto tulevat edustetuksi. Johtokuntaan valitaan edustaja (ei varsinainen j\u00e4sen) my\u00f6s nuorten j\u00e4senten piirist\u00e4 (opiskelijaedustaja). <\/span>Johtokunnan toimikausi on kalenterivuosi. Johtokunnan tavoittaa s\u00e4hk\u00f6postiosoitteesta <a href=\"mailto:turunkemistikerho@gmail.com\">turunkemistikerho@gmail.com<\/a>.<\/p>\n<table class=\"oma\" style=\"height: 402px;\" border=\"0\" width=\"690\">\n<tbody>\n<tr>\n<td valign=\"top\">Puheenjohtaja ja opettajaj\u00e4sen<\/td>\n<td valign=\"top\">FM Pietari Huuskonen<\/td>\n<\/tr>\n<tr>\n<td valign=\"top\">Varapuheenjohtaja<\/td>\n<td valign=\"top\">FM Ilari Kuukkanen<\/td>\n<\/tr>\n<tr>\n<td valign=\"top\">Sihteeri<\/td>\n<td valign=\"top\">FM\u00a0Hilla Nieminen<\/td>\n<\/tr>\n<tr>\n<td valign=\"top\">Taloudenhoitaja<\/td>\n<td valign=\"top\">FM Niko Luntamo<\/td>\n<\/tr>\n<tr>\n<td valign=\"top\">Opettajaj\u00e4sen<\/td>\n<td valign=\"top\">FM Outi Mulari<\/td>\n<\/tr>\n<tr>\n<td valign=\"top\">J\u00e4sen<\/td>\n<td valign=\"top\">FT Olli Martiskainen<\/td>\n<\/tr>\n<tr>\n<td valign=\"top\">J\u00e4sen<\/td>\n<td valign=\"top\">FM Atte Tuominen<\/td>\n<\/tr>\n<tr>\n<td valign=\"top\">J\u00e4sen<\/td>\n<td valign=\"top\">Dos. Petri T\u00e4htinen<\/td>\n<\/tr>\n<tr>\n<td valign=\"top\">J\u00e4sen<\/td>\n<td valign=\"top\">FM Roosa Vastam\u00e4ki<\/td>\n<\/tr>\n<tr>\n<td valign=\"top\">Opiskelijaj\u00e4sen<\/td>\n<td valign=\"top\">Fil. yo. Netta Lehtonen<\/td>\n<\/tr>\n<tr>\n<td valign=\"top\"><\/td>\n<td valign=\"top\"><\/td>\n<\/tr>\n<\/tbody>\n<\/table>\n<p>Kerhon sihteerin ja taloudenhoitajan postiosoite on:<\/p>\n<p>Turun Kemistikerho ry<br \/>\nc\/o Kemian laitos, Henrikinkatu 2<br \/>\n20014 Turun yliopisto<\/p>\n","protected":false},"excerpt":{"rendered":"<p>Turun Kemistikerho ry:n johtokunta 2026 Kerhon toimintaa johtaa vuosittain valittava johtokunta.\u00a0Johtokunnan muodostavat puheenjohtaja, varapuheenjohtaja, sihteeri, taloudenhoitaja ja \u00a0v\u00e4hint\u00e4\u00e4n kolme ja enint\u00e4\u00e4n kuusi muuta j\u00e4sent\u00e4, joista yksi valitaan opettajana toimivien piirist\u00e4 ja muut siten, ett\u00e4 turkulaiset kemian alan yritykset ja Turun yliopisto tulevat edustetuksi. Johtokuntaan valitaan edustaja (ei varsinainen j\u00e4sen) my\u00f6s nuorten j\u00e4senten piirist\u00e4 (opiskelijaedustaja). Johtokunnan &hellip; <a href=\"https:\/\/kemianseurat.fi\/turku\/johtokunta\/\" class=\"more-link\">Jatka artikkeliin <span class=\"screen-reader-text\">Johtokunta<\/span><\/a><\/p>\n","protected":false},"author":1,"featured_media":0,"parent":0,"menu_order":0,"comment_status":"closed","ping_status":"closed","template":"","meta":{"_monsterinsights_skip_tracking":false,"_monsterinsights_sitenote_active":false,"_monsterinsights_sitenote_note":"","_monsterinsights_sitenote_category":0,"footnotes":""},"class_list":["post-30","page","type-page","status-publish","hentry"],"_links":{"self":[{"href":"https:\/\/kemianseurat.fi\/turku\/wp-json\/wp\/v2\/pages\/30","targetHints":{"allow":["GET"]}}],"collection":[{"href":"https:\/\/kemianseurat.fi\/turku\/wp-json\/wp\/v2\/pages"}],"about":[{"href":"https:\/\/kemianseurat.fi\/turku\/wp-json\/wp\/v2\/types\/page"}],"author":[{"embeddable":true,"href":"https:\/\/kemianseurat.fi\/turku\/wp-json\/wp\/v2\/users\/1"}],"replies":[{"embeddable":true,"href":"https:\/\/kemianseurat.fi\/turku\/wp-json\/wp\/v2\/comments?post=30"}],"version-history":[{"count":21,"href":"https:\/\/kemianseurat.fi\/turku\/wp-json\/wp\/v2\/pages\/30\/revisions"}],"predecessor-version":[{"id":672,"href":"https:\/\/kemianseurat.fi\/turku\/wp-json\/wp\/v2\/pages\/30\/revisions\/672"}],"wp:attachment":[{"href":"https:\/\/kemianseurat.fi\/turku\/wp-json\/wp\/v2\/media?parent=30"}],"curies":[{"name":"wp","href":"https:\/\/api.w.org\/{rel}","templated":true}]}}