{"id":124,"date":"2019-01-06T19:45:19","date_gmt":"2019-01-06T17:45:19","guid":{"rendered":"https:\/\/kemianseurat.fi\/turku\/?page_id=124"},"modified":"2026-01-22T13:56:22","modified_gmt":"2026-01-22T11:56:22","slug":"sihteerit","status":"publish","type":"page","link":"https:\/\/kemianseurat.fi\/turku\/historia\/sihteerit\/","title":{"rendered":"Sihteerit"},"content":{"rendered":"<p>Turun Kemistikerhon sihteerit:<\/p>\n<ul>\n<li>1945-1950 DI O. Harva<\/li>\n<li>1951 FM I. Jansson<\/li>\n<li>1952-1954 FM U. Toukola<\/li>\n<li>1955-1956 FL E. Euranto<\/li>\n<li>1957 FM P. Niemi<\/li>\n<li>1958-1959 FM O. Lukkari<\/li>\n<li>1960 FM R. Raunio<\/li>\n<li>1961-1964 FM T. Kaski<\/li>\n<li>1965-1966 FM P. Kosonen<\/li>\n<li>1967-1968 FM A. Vesala<\/li>\n<li>1969 FM J. Soimaj\u00e4rvi<\/li>\n<li>1970 FL A. Kellom\u00e4ki<\/li>\n<li>1971 FK T. Launosalo<\/li>\n<li>1972-1973 FM T. Kemppainen<\/li>\n<li>1974-1975 FK K. J\u00e4\u00e4skel\u00e4inen<\/li>\n<li>1976 FK T. Luopaj\u00e4rvi<\/li>\n<li>1977 FM J. Varhiala<\/li>\n<li>1978-1979 FK R. Sillanp\u00e4\u00e4<\/li>\n<li>1980-1981 FK T. Nurmi<\/li>\n<li>1982-1984 FK J Vihanto<\/li>\n<li>1985 FK M.-L. Kiuru<\/li>\n<li>1986-1987 FM J. Lukkari<\/li>\n<li>1988-1991 FK M. Oivanen<\/li>\n<li>1992-1994 FK M. Latva<\/li>\n<li>1995-2000 FT M. Kosonen<\/li>\n<li>2001-2002 FM P. Poij\u00e4rvi<\/li>\n<li>2003 FM R. Kankaanp\u00e4\u00e4<\/li>\n<li>2004-2005 FT P. Heinonen<\/li>\n<li>2006 FM A. Kiviniemi<\/li>\n<li>2007-2009 FM M. Karskela<\/li>\n<li>2010 FT M. Salom\u00e4ki<\/li>\n<li>2011-2012 FM M. Hietala<\/li>\n<li>2013 Dos. M. Karonen<\/li>\n<li>2014-2017 FM A. Tuominen<\/li>\n<li>2018-2020 FM J. Suvanto<\/li>\n<li>2021-2023 FT S. Vuori<\/li>\n<li>2024-2025 FT Marica Engstr\u00f6m<\/li>\n<li>2026 FM Hilla Nieminen<\/li>\n<\/ul>\n","protected":false},"excerpt":{"rendered":"<p>Turun Kemistikerhon sihteerit: 1945-1950 DI O. Harva 1951 FM I. Jansson 1952-1954 FM U. Toukola 1955-1956 FL E. Euranto 1957 FM P. Niemi 1958-1959 FM O. Lukkari 1960 FM R. Raunio 1961-1964 FM T. Kaski 1965-1966 FM P. Kosonen 1967-1968 FM A. Vesala 1969 FM J. Soimaj\u00e4rvi 1970 FL A. Kellom\u00e4ki 1971 FK T. Launosalo &hellip; <a href=\"https:\/\/kemianseurat.fi\/turku\/historia\/sihteerit\/\" class=\"more-link\">Jatka artikkeliin <span class=\"screen-reader-text\">Sihteerit<\/span><\/a><\/p>\n","protected":false},"author":1,"featured_media":0,"parent":117,"menu_order":0,"comment_status":"closed","ping_status":"closed","template":"","meta":{"_monsterinsights_skip_tracking":false,"_monsterinsights_sitenote_active":false,"_monsterinsights_sitenote_note":"","_monsterinsights_sitenote_category":0,"footnotes":""},"class_list":["post-124","page","type-page","status-publish","hentry"],"_links":{"self":[{"href":"https:\/\/kemianseurat.fi\/turku\/wp-json\/wp\/v2\/pages\/124","targetHints":{"allow":["GET"]}}],"collection":[{"href":"https:\/\/kemianseurat.fi\/turku\/wp-json\/wp\/v2\/pages"}],"about":[{"href":"https:\/\/kemianseurat.fi\/turku\/wp-json\/wp\/v2\/types\/page"}],"author":[{"embeddable":true,"href":"https:\/\/kemianseurat.fi\/turku\/wp-json\/wp\/v2\/users\/1"}],"replies":[{"embeddable":true,"href":"https:\/\/kemianseurat.fi\/turku\/wp-json\/wp\/v2\/comments?post=124"}],"version-history":[{"count":9,"href":"https:\/\/kemianseurat.fi\/turku\/wp-json\/wp\/v2\/pages\/124\/revisions"}],"predecessor-version":[{"id":678,"href":"https:\/\/kemianseurat.fi\/turku\/wp-json\/wp\/v2\/pages\/124\/revisions\/678"}],"up":[{"embeddable":true,"href":"https:\/\/kemianseurat.fi\/turku\/wp-json\/wp\/v2\/pages\/117"}],"wp:attachment":[{"href":"https:\/\/kemianseurat.fi\/turku\/wp-json\/wp\/v2\/media?parent=124"}],"curies":[{"name":"wp","href":"https:\/\/api.w.org\/{rel}","templated":true}]}}