{"id":224,"date":"2020-06-08T05:16:06","date_gmt":"2020-06-08T05:16:06","guid":{"rendered":"https:\/\/kemianseurat.fi\/pks\/?page_id=224"},"modified":"2020-06-08T10:24:36","modified_gmt":"2020-06-08T10:24:36","slug":"kemian-dvd-opetuskayttoon","status":"publish","type":"page","link":"https:\/\/kemianseurat.fi\/pks\/kemian-dvd-opetuskayttoon\/","title":{"rendered":"Kemian DVD opetusk\u00e4ytt\u00f6\u00f6n"},"content":{"rendered":"<p>[et_pb_section fb_built=&#8221;1&#8243; fullwidth=&#8221;on&#8221; _builder_version=&#8221;4.4.8&#8243; height=&#8221;279px&#8221;][et_pb_fullwidth_header title=&#8221;Pirkanmaan Kemistiseura&#8221; subhead=&#8221;Tuleville kemisteille&#8221; _builder_version=&#8221;4.4.8&#8243; title_font=&#8221;Amiko|700||on|||||&#8221; title_text_color=&#8221;#ffffff&#8221; title_font_size=&#8221;24px&#8221; title_line_height=&#8221;1.1em&#8221; content_font=&#8221;Amiko||||||||&#8221; content_text_color=&#8221;#ffffff&#8221; subhead_font=&#8221;Nunito|600|||||||&#8221; subhead_text_color=&#8221;#ffffff&#8221; subhead_font_size=&#8221;58px&#8221; subhead_line_height=&#8221;1.3em&#8221; background_enable_color=&#8221;off&#8221; use_background_color_gradient=&#8221;on&#8221; background_color_gradient_start=&#8221;rgba(0,0,0,0.55)&#8221; background_color_gradient_end=&#8221;rgba(0,0,0,0)&#8221; background_color_gradient_direction=&#8221;297deg&#8221; background_color_gradient_overlays_image=&#8221;on&#8221; background_image=&#8221;https:\/\/kemianseurat.fi\/pks\/wp-content\/uploads\/2020\/06\/PKS-kannattajaj\u00e4senet.jpg&#8221; parallax=&#8221;on&#8221; custom_button_one=&#8221;on&#8221; button_one_text_size=&#8221;16px&#8221; button_one_text_color=&#8221;#000000&#8243; button_one_bg_color=&#8221;#ffffff&#8221; button_one_border_color=&#8221;#ffffff&#8221; button_one_border_radius=&#8221;100px&#8221; button_one_font=&#8221;Amiko|600|||||||&#8221; button_one_use_icon=&#8221;off&#8221; button_one_custom_padding=&#8221;10px|30px|10px|30px|true|true&#8221; custom_button_two=&#8221;on&#8221; button_two_text_size=&#8221;16px&#8221; button_two_text_color=&#8221;#000000&#8243; button_two_bg_color=&#8221;#ffffff&#8221; button_two_border_color=&#8221;#ffffff&#8221; button_two_border_radius=&#8221;100px&#8221; button_two_font=&#8221;Amiko|600|||||||&#8221; button_two_use_icon=&#8221;off&#8221; button_two_custom_padding=&#8221;10px|30px|10px|30px|true|true&#8221; custom_padding=&#8221;50px||50px||true|false&#8221; custom_padding_tablet=&#8221;50px||50px||true|false&#8221; custom_padding_phone=&#8221;&#8221; custom_padding_last_edited=&#8221;on|tablet&#8221; subhead_font_size_tablet=&#8221;&#8221; subhead_font_size_phone=&#8221;36px&#8221; subhead_font_size_last_edited=&#8221;on|phone&#8221; background_last_edited=&#8221;off|desktop&#8221; custom_css_subtitle=&#8221;padding-bottom:20px;&#8221; button_one_bg_color__hover_enabled=&#8221;on|hover&#8221; button_one_bg_color__hover=&#8221;#000000&#8243; button_one_bg_enable_color__hover=&#8221;on&#8221; button_one_border_color__hover_enabled=&#8221;on|hover&#8221; button_one_border_color__hover=&#8221;#000000&#8243; button_two_bg_color__hover_enabled=&#8221;on|hover&#8221; button_two_bg_color__hover=&#8221;#000000&#8243; button_two_bg_enable_color__hover=&#8221;on&#8221; button_two_border_color__hover_enabled=&#8221;on|hover&#8221; button_two_border_color__hover=&#8221;#000000&#8243; button_two_text_color__hover_enabled=&#8221;on|hover&#8221; button_two_text_color__hover=&#8221;#ffffff&#8221; button_one_text_color__hover_enabled=&#8221;on|hover&#8221; button_one_text_color__hover=&#8221;#ffffff&#8221;][\/et_pb_fullwidth_header][\/et_pb_section][et_pb_section fb_built=&#8221;1&#8243; _builder_version=&#8221;4.4.8&#8243; custom_margin=&#8221;||191px|||&#8221;][et_pb_row column_structure=&#8221;1_2,1_2&#8243; _builder_version=&#8221;4.4.8&#8243;][et_pb_column type=&#8221;1_2&#8243; _builder_version=&#8221;4.4.1&#8243; custom_padding=&#8221;20px||20px||true|false&#8221;][et_pb_text _builder_version=&#8221;4.4.8&#8243; text_font=&#8221;Amiko||||||||&#8221; text_text_color=&#8221;#000000&#8243; text_font_size=&#8221;15px&#8221; header_2_font=&#8221;Nunito|700|||||||&#8221; header_2_font_size=&#8221;36px&#8221; header_2_line_height=&#8221;1.2em&#8221; header_4_font=&#8221;Amiko|600||on|||||&#8221; header_4_text_color=&#8221;#0c71c3&#8243; header_4_font_size=&#8221;16px&#8221; header_2_font_size_tablet=&#8221;&#8221; header_2_font_size_phone=&#8221;30px&#8221; header_2_font_size_last_edited=&#8221;on|phone&#8221; text_orientation_tablet=&#8221;center&#8221; text_orientation_phone=&#8221;&#8221; text_orientation_last_edited=&#8221;on|tablet&#8221;]<\/p>\n<h2>Kemian DVD opetusk\u00e4ytt\u00f6\u00f6n<\/h2>\n<p>Kemiaa ammattina esittelev\u00e4 video on tarkoitettu markkinoimaan kemian alaa ammattina ja antamaan tietoa kemian alasta yl\u00e4aste- ja lukioik\u00e4isille nuorille. Videon ovat toteuttaneet Tampereen ammattikorkeakoulun Virtain yksik\u00f6n viestint\u00e4alan opiskelijat pirkanmaalaisten kemian alan yritysten tuella. Elokuva kest\u00e4\u00e4 n. 23 minuttia.<\/p>\n<p>[\/et_pb_text][\/et_pb_column][et_pb_column type=&#8221;1_2&#8243; _builder_version=&#8221;4.4.8&#8243; background_enable_image=&#8221;off&#8221;][et_pb_video src=&#8221;https:\/\/www.youtube.com\/watch?v=0M-NF_CSJzc&#038;feature=emb_logo&#8221; _builder_version=&#8221;4.4.8&#8243;][\/et_pb_video][\/et_pb_column][\/et_pb_row][\/et_pb_section][et_pb_section fb_built=&#8221;1&#8243; _builder_version=&#8221;4.4.8&#8243;][et_pb_row _builder_version=&#8221;4.4.8&#8243;][et_pb_column _builder_version=&#8221;4.4.8&#8243; type=&#8221;4_4&#8243;][et_pb_divider _builder_version=&#8221;4.4.8&#8243; show_divider=&#8221;off&#8221; height=&#8221;100px&#8221; hover_enabled=&#8221;0&#8243;][\/et_pb_divider][\/et_pb_column][\/et_pb_row][\/et_pb_section]<\/p>\n","protected":false},"excerpt":{"rendered":"<p>Kemian DVD opetusk\u00e4ytt\u00f6\u00f6n Kemiaa ammattina esittelev\u00e4 video on tarkoitettu markkinoimaan kemian alaa ammattina ja antamaan tietoa kemian alasta yl\u00e4aste- ja lukioik\u00e4isille nuorille. Videon ovat toteuttaneet Tampereen ammattikorkeakoulun Virtain yksik\u00f6n viestint\u00e4alan opiskelijat pirkanmaalaisten kemian alan yritysten tuella. Elokuva kest\u00e4\u00e4 n. 23 minuttia.<\/p>\n","protected":false},"author":1,"featured_media":0,"parent":0,"menu_order":0,"comment_status":"closed","ping_status":"closed","template":"","meta":{"_et_pb_use_builder":"on","_et_pb_old_content":"","_et_gb_content_width":"","footnotes":""},"class_list":["post-224","page","type-page","status-publish","hentry"],"_links":{"self":[{"href":"https:\/\/kemianseurat.fi\/pks\/wp-json\/wp\/v2\/pages\/224","targetHints":{"allow":["GET"]}}],"collection":[{"href":"https:\/\/kemianseurat.fi\/pks\/wp-json\/wp\/v2\/pages"}],"about":[{"href":"https:\/\/kemianseurat.fi\/pks\/wp-json\/wp\/v2\/types\/page"}],"author":[{"embeddable":true,"href":"https:\/\/kemianseurat.fi\/pks\/wp-json\/wp\/v2\/users\/1"}],"replies":[{"embeddable":true,"href":"https:\/\/kemianseurat.fi\/pks\/wp-json\/wp\/v2\/comments?post=224"}],"version-history":[{"count":6,"href":"https:\/\/kemianseurat.fi\/pks\/wp-json\/wp\/v2\/pages\/224\/revisions"}],"predecessor-version":[{"id":312,"href":"https:\/\/kemianseurat.fi\/pks\/wp-json\/wp\/v2\/pages\/224\/revisions\/312"}],"wp:attachment":[{"href":"https:\/\/kemianseurat.fi\/pks\/wp-json\/wp\/v2\/media?parent=224"}],"curies":[{"name":"wp","href":"https:\/\/api.w.org\/{rel}","templated":true}]}}