{"id":177,"date":"2020-06-07T16:16:23","date_gmt":"2020-06-07T16:16:23","guid":{"rendered":"https:\/\/kemianseurat.fi\/pks\/?page_id=177"},"modified":"2020-06-08T10:23:31","modified_gmt":"2020-06-08T10:23:31","slug":"historian-havinaa","status":"publish","type":"page","link":"https:\/\/kemianseurat.fi\/pks\/historian-havinaa\/","title":{"rendered":"Historian havinaa"},"content":{"rendered":"<p>[et_pb_section fb_built=&#8221;1&#8243; fullwidth=&#8221;on&#8221; _builder_version=&#8221;4.4.8&#8243; height=&#8221;279px&#8221;][et_pb_fullwidth_header title=&#8221;Pirkanmaan Kemistiseura&#8221; subhead=&#8221;Historiaa&#8221; _builder_version=&#8221;4.4.8&#8243; title_font=&#8221;Amiko|700||on|||||&#8221; title_text_color=&#8221;#ffffff&#8221; title_font_size=&#8221;24px&#8221; title_line_height=&#8221;1.1em&#8221; content_font=&#8221;Amiko||||||||&#8221; content_text_color=&#8221;#ffffff&#8221; subhead_font=&#8221;Nunito|600|||||||&#8221; subhead_text_color=&#8221;#ffffff&#8221; subhead_font_size=&#8221;58px&#8221; subhead_line_height=&#8221;1.3em&#8221; background_enable_color=&#8221;off&#8221; use_background_color_gradient=&#8221;on&#8221; background_color_gradient_start=&#8221;rgba(0,0,0,0.55)&#8221; background_color_gradient_end=&#8221;rgba(0,0,0,0)&#8221; background_color_gradient_direction=&#8221;297deg&#8221; background_color_gradient_overlays_image=&#8221;on&#8221; background_image=&#8221;https:\/\/kemianseurat.fi\/pks\/wp-content\/uploads\/2020\/06\/PSK-historiaa.jpg&#8221; background_position=&#8221;top_right&#8221; custom_button_one=&#8221;on&#8221; button_one_text_size=&#8221;16px&#8221; button_one_text_color=&#8221;#000000&#8243; button_one_bg_color=&#8221;#ffffff&#8221; button_one_border_color=&#8221;#ffffff&#8221; button_one_border_radius=&#8221;100px&#8221; button_one_font=&#8221;Amiko|600|||||||&#8221; button_one_use_icon=&#8221;off&#8221; button_one_custom_padding=&#8221;10px|30px|10px|30px|true|true&#8221; custom_button_two=&#8221;on&#8221; button_two_text_size=&#8221;16px&#8221; button_two_text_color=&#8221;#000000&#8243; button_two_bg_color=&#8221;#ffffff&#8221; button_two_border_color=&#8221;#ffffff&#8221; button_two_border_radius=&#8221;100px&#8221; button_two_font=&#8221;Amiko|600|||||||&#8221; button_two_use_icon=&#8221;off&#8221; button_two_custom_padding=&#8221;10px|30px|10px|30px|true|true&#8221; custom_padding=&#8221;50px||50px||true|false&#8221; custom_padding_tablet=&#8221;50px||50px||true|false&#8221; custom_padding_phone=&#8221;&#8221; custom_padding_last_edited=&#8221;on|tablet&#8221; subhead_font_size_tablet=&#8221;&#8221; subhead_font_size_phone=&#8221;36px&#8221; subhead_font_size_last_edited=&#8221;on|phone&#8221; background_last_edited=&#8221;off|desktop&#8221; custom_css_subtitle=&#8221;padding-bottom:20px;&#8221; button_one_bg_color__hover_enabled=&#8221;on|hover&#8221; button_one_bg_color__hover=&#8221;#000000&#8243; button_one_bg_enable_color__hover=&#8221;on&#8221; button_one_border_color__hover_enabled=&#8221;on|hover&#8221; button_one_border_color__hover=&#8221;#000000&#8243; button_two_bg_color__hover_enabled=&#8221;on|hover&#8221; button_two_bg_color__hover=&#8221;#000000&#8243; button_two_bg_enable_color__hover=&#8221;on&#8221; button_two_border_color__hover_enabled=&#8221;on|hover&#8221; button_two_border_color__hover=&#8221;#000000&#8243; button_two_text_color__hover_enabled=&#8221;on|hover&#8221; button_two_text_color__hover=&#8221;#ffffff&#8221; button_one_text_color__hover_enabled=&#8221;on|hover&#8221; button_one_text_color__hover=&#8221;#ffffff&#8221;][\/et_pb_fullwidth_header][\/et_pb_section][et_pb_section fb_built=&#8221;1&#8243; _builder_version=&#8221;4.4.8&#8243; custom_padding=&#8221;0px|||||&#8221;][et_pb_row column_structure=&#8221;1_2,1_2&#8243; _builder_version=&#8221;4.4.8&#8243; custom_margin=&#8221;|300px||auto||&#8221; custom_padding=&#8221;||0px|||&#8221; hover_enabled=&#8221;0&#8243; module_alignment=&#8221;center&#8221;][et_pb_column type=&#8221;1_2&#8243; _builder_version=&#8221;4.4.1&#8243; custom_padding=&#8221;20px||20px||true|false&#8221;][et_pb_text _builder_version=&#8221;4.4.8&#8243; text_font=&#8221;Amiko||||||||&#8221; text_text_color=&#8221;#000000&#8243; text_font_size=&#8221;15px&#8221; header_2_font=&#8221;Nunito|700|||||||&#8221; header_2_font_size=&#8221;36px&#8221; header_2_line_height=&#8221;1.2em&#8221; header_4_font=&#8221;Amiko|600||on|||||&#8221; header_4_text_color=&#8221;#0c71c3&#8243; header_4_font_size=&#8221;16px&#8221; header_2_font_size_tablet=&#8221;&#8221; header_2_font_size_phone=&#8221;30px&#8221; header_2_font_size_last_edited=&#8221;on|phone&#8221; text_orientation_tablet=&#8221;center&#8221; text_orientation_phone=&#8221;&#8221; text_orientation_last_edited=&#8221;on|tablet&#8221;]<\/p>\n<h2>Historian havinaa<\/h2>\n<p>Pirkanmaan kemistiseuran (PKS) perustaminen ajoittuu 1960-luvulle. Tuolloin her\u00e4ttiin siihen tosiasiaan, ett\u00e4 Tampereen talousalueen kemistien v\u00e4liset yhteydet olivat sangen v\u00e4h\u00e4isi\u00e4. Siihen aikaan kemistien yhdistyksi\u00e4 toimi l\u00e4hinn\u00e4 Helsingiss\u00e4. SKS:n kokouksessa tehtiinkin sitten lokakuussa 1961 aloite, jonka tarkoituksena oli perustaa Pirkanmaalle SKSn alainen paikallisseura.<\/p>\n<p>Aloitetta vei eteenp\u00e4in toimikunta, jonka j\u00e4seni\u00e4 olivat Tampereelta FL Ermo Kaila ja FM Antti Solja, Nokialta FM Pentti Kuukankorpi ja Valkeakoskelta FM Keijo Aunio ja jonka sihteerin\u00e4 toimi Toive Pietarinen. Toimikunta p\u00e4\u00e4tti 5.11.1962 l\u00e4hett\u00e4\u00e4 kutsun SKSn alaisen paikallisseuran perustavaan kokoukseen, joka pidett\u00e4isiin hotelli Tammerissa Tampereella 19.11.1962. Kokoukseen l\u00e4hetettiin 105 kutsukirjett\u00e4 SKS:n ja Finska kemistsamfundetin Tampereen talousalueen j\u00e4senille sek\u00e4 teknillisen opiston kemian linjalta valmistuneille insin\u00f6\u00f6reille.<\/p>\n<p>PKSn perustavassa kokouksessa oli l\u00e4sn\u00e4 18 Pirkanmaan alueella toimivaa kemisti\u00e4 sek\u00e4 kolme SKSn edustajaa. Seuran ensimm\u00e4iseksi puheenjohtajaksi valittiin FL Ermo Kaila. Lis\u00e4ksi johtokuntaan valittiin DI Veikko Arjas, FM Keijo Aunio (varapuheenjohtaja), DI Heli Juurikas, FM Pentti Kuukankorpi, DI Jarl Lindberg ja FM Antti Solja. Sihteeri-taloudenhoitajaksi kutsuttiin FM Toive Pietarinen. PKS merkittiin yhdistysrekisteriin 29.04.1963.<\/p>\n<p>[\/et_pb_text][\/et_pb_column][et_pb_column type=&#8221;1_2&#8243; _builder_version=&#8221;4.4.8&#8243; background_enable_image=&#8221;off&#8221;][et_pb_image src=&#8221;https:\/\/kemianseurat.fi\/pks\/wp-content\/uploads\/2020\/06\/PKS_2_rivi_black.jpg&#8221; title_text=&#8221;Print&#8221; _builder_version=&#8221;4.4.8&#8243; custom_margin=&#8221;67px|||||&#8221;][\/et_pb_image][et_pb_image src=&#8221;https:\/\/kemianseurat.fi\/pks\/wp-content\/uploads\/2020\/06\/Tampereen_yliopisto_1960.jpg&#8221; title_text=&#8221;Tampereen_yliopisto_1960&#8243; _builder_version=&#8221;4.4.8&#8243; custom_margin=&#8221;-5px||||false|false&#8221; custom_padding=&#8221;60px|||||&#8221; border_width_all=&#8221;9px&#8221; border_color_all=&#8221;#ffffff&#8221;]<br \/>\n[\/et_pb_image][\/et_pb_column][\/et_pb_row][et_pb_row _builder_version=&#8221;4.4.8&#8243;][et_pb_column type=&#8221;4_4&#8243; _builder_version=&#8221;4.4.1&#8243; custom_padding=&#8221;20px||20px||true|false&#8221;][et_pb_text _builder_version=&#8221;4.4.8&#8243; text_font=&#8221;Amiko||||||||&#8221; text_text_color=&#8221;#000000&#8243; text_font_size=&#8221;15px&#8221; header_2_font=&#8221;Nunito|700|||||||&#8221; header_2_font_size=&#8221;36px&#8221; header_2_line_height=&#8221;1.2em&#8221; header_3_font=&#8221;|600|||||||&#8221; header_3_font_size=&#8221;30px&#8221; header_4_font=&#8221;Amiko|600||on|||||&#8221; header_4_text_color=&#8221;#0c71c3&#8243; header_4_font_size=&#8221;16px&#8221; header_2_font_size_tablet=&#8221;&#8221; header_2_font_size_phone=&#8221;30px&#8221; header_2_font_size_last_edited=&#8221;on|phone&#8221; text_orientation_tablet=&#8221;center&#8221; text_orientation_phone=&#8221;&#8221; text_orientation_last_edited=&#8221;on|tablet&#8221;]<\/p>\n<h3>Toiminta alkaa<\/h3>\n<p>PKSn toiminta alkoi hyvin vilkkaana. Vuosittain pidettiin useita seuran kokouksia, tehtiin tutustumisk\u00e4yntej\u00e4 teollisuus- ja tutkimuslaitoksiin eik\u00e4 kulttuurin harrastustakaan unohdettu. Heti PKSn toiminnan alkuaikoina ryhdyttiin my\u00f6s j\u00e4rjest\u00e4m\u00e4\u00e4n jatkokoulutustilaisuuksia. Aiheina olivat mm. erilaiset analysointimenetelm\u00e4t, lains\u00e4\u00e4d\u00e4nt\u00f6, teollisuusj\u00e4tteiden k\u00e4sittely ja hy\u00f6tyk\u00e4ytt\u00f6, tavoitetutkimus sek\u00e4 muut tekniikan uutuudet, kuten ihmeelliset tietokoneet.<\/p>\n<p>Vuoden 1974 aikana ryhdyttiin pit\u00e4m\u00e4\u00e4n klubi-iltoja ravintolatiloissa. Illassa esitettiin yksi tai useampi esitelm\u00e4, joiden kuuntelun ja keskustelun j\u00e4lkeen iltaa jatkettiin ep\u00e4virallisena kollegiaalisena seurusteluna. Klubi-iltojen aiheina olivat mm: Huumeiden kemia, kemistikaskut, juustot, liimaus, perim\u00e4, kloonaus ja siirtogeenitekniikka, ilma ja vesi. Alkon tuote-esittelyt her\u00e4ttiv\u00e4t my\u00f6s kiinnostusta. Osassa klubi-iltoja ei kuunneltu lainkaan esitelmi\u00e4, vaan ilta kului seurustelun ja ruoan merkeiss\u00e4. Mm pikkujoulut kuulunevat t\u00e4h\u00e4n kategoriaan. 1980-luvulla PKSss\u00e4 alettiin pit\u00e4\u00e4 my\u00f6s kaikille avoimia hyvin suosituiksi tulleita luentotilaisuuksia. Tuolloin aiheina olivat mm: hivenaineiden ja vitamiinien merkitys terveydelle, geeniteknologia, AIDS ja \u201dmit\u00e4 hengit\u00e4t tamperelainen?\u201d.<\/p>\n<p>T\u00e4ll\u00e4 vuosisadalla PKS:n toiminnan tavoitteena on ollut tarjota mahdollisuuksia n\u00e4hd\u00e4 vanhoja kemistituttavia mukavan illanvieton merkeiss\u00e4 mm. teatterik\u00e4yntien merkeiss\u00e4. Tutumisk\u00e4yntej\u00e4 tehtaisiin ja tutkimuslaboratorioihin on tehty mahdollisuuksien mukaan sek\u00e4 kuultu kiinnostavia esitelmi\u00e4. Toimintaa on edelleen kantanut ajatus tarjota j\u00e4senilleen mahdollisuutta verkottua ja hy\u00f6dynt\u00e4\u00e4 PKS:n j\u00e4senist\u00f6\u00e4, oli sitten kysymys ammatillisesti polttavasta ongelmasta tai markkinointimieless\u00e4 uuden yrityksen ensimm\u00e4isten asiakkaiden hankinnasta. Varsinkin aktiiviset toimijat ovat huomanneet hy\u00f6dyn lis\u00e4ksi hauskuudenkin: Porukalla pidot yleens\u00e4 paranevat. Tietenkin lis\u00e4\u00e4 aktiivisia j\u00e4seni\u00e4 kaivataan toimintaan mukaan, niin uusia kuin vanhojakin.<\/p>\n<p>[\/et_pb_text][\/et_pb_column][\/et_pb_row][\/et_pb_section]<\/p>\n","protected":false},"excerpt":{"rendered":"<p>Historian havinaa Pirkanmaan kemistiseuran (PKS) perustaminen ajoittuu 1960-luvulle. Tuolloin her\u00e4ttiin siihen tosiasiaan, ett\u00e4 Tampereen talousalueen kemistien v\u00e4liset yhteydet olivat sangen v\u00e4h\u00e4isi\u00e4. Siihen aikaan kemistien yhdistyksi\u00e4 toimi l\u00e4hinn\u00e4 Helsingiss\u00e4. SKS:n kokouksessa tehtiinkin sitten lokakuussa 1961 aloite, jonka tarkoituksena oli perustaa Pirkanmaalle SKSn alainen paikallisseura. Aloitetta vei eteenp\u00e4in toimikunta, jonka j\u00e4seni\u00e4 olivat Tampereelta FL Ermo Kaila ja [&hellip;]<\/p>\n","protected":false},"author":1,"featured_media":0,"parent":0,"menu_order":0,"comment_status":"closed","ping_status":"closed","template":"","meta":{"_et_pb_use_builder":"on","_et_pb_old_content":"","_et_gb_content_width":"","footnotes":""},"class_list":["post-177","page","type-page","status-publish","hentry"],"_links":{"self":[{"href":"https:\/\/kemianseurat.fi\/pks\/wp-json\/wp\/v2\/pages\/177","targetHints":{"allow":["GET"]}}],"collection":[{"href":"https:\/\/kemianseurat.fi\/pks\/wp-json\/wp\/v2\/pages"}],"about":[{"href":"https:\/\/kemianseurat.fi\/pks\/wp-json\/wp\/v2\/types\/page"}],"author":[{"embeddable":true,"href":"https:\/\/kemianseurat.fi\/pks\/wp-json\/wp\/v2\/users\/1"}],"replies":[{"embeddable":true,"href":"https:\/\/kemianseurat.fi\/pks\/wp-json\/wp\/v2\/comments?post=177"}],"version-history":[{"count":6,"href":"https:\/\/kemianseurat.fi\/pks\/wp-json\/wp\/v2\/pages\/177\/revisions"}],"predecessor-version":[{"id":310,"href":"https:\/\/kemianseurat.fi\/pks\/wp-json\/wp\/v2\/pages\/177\/revisions\/310"}],"wp:attachment":[{"href":"https:\/\/kemianseurat.fi\/pks\/wp-json\/wp\/v2\/media?parent=177"}],"curies":[{"name":"wp","href":"https:\/\/api.w.org\/{rel}","templated":true}]}}