{"id":12,"date":"2020-06-07T15:03:29","date_gmt":"2020-06-07T15:03:29","guid":{"rendered":"https:\/\/kemianseurat.fi\/pks\/?page_id=12"},"modified":"2020-06-08T05:57:10","modified_gmt":"2020-06-08T05:57:10","slug":"etusivu","status":"publish","type":"page","link":"https:\/\/kemianseurat.fi\/pks\/","title":{"rendered":"Etusivu"},"content":{"rendered":"<p>[et_pb_section fb_built=&#8221;1&#8243; fullwidth=&#8221;on&#8221; _builder_version=&#8221;4.4.8&#8243;][et_pb_fullwidth_header title=&#8221;Pirkanmaan Kemistiseura&#8221; subhead=&#8221;Yhdyssiteen\u00e4 kemisteille  jo vuodesta 1963&#8243; button_one_text=&#8221;Liity mukaan&#8221; _builder_version=&#8221;4.4.8&#8243; title_font=&#8221;Amiko|700||on|||||&#8221; title_text_color=&#8221;#ffffff&#8221; title_font_size=&#8221;24px&#8221; title_line_height=&#8221;1.1em&#8221; content_font=&#8221;Amiko||||||||&#8221; content_text_color=&#8221;#ffffff&#8221; subhead_font=&#8221;Nunito|600|||||||&#8221; subhead_text_color=&#8221;#ffffff&#8221; subhead_font_size=&#8221;58px&#8221; subhead_line_height=&#8221;1.3em&#8221; background_enable_color=&#8221;off&#8221; use_background_color_gradient=&#8221;on&#8221; background_color_gradient_start=&#8221;rgba(0,0,0,0.55)&#8221; background_color_gradient_end=&#8221;rgba(0,0,0,0)&#8221; background_color_gradient_direction=&#8221;297deg&#8221; background_color_gradient_overlays_image=&#8221;on&#8221; background_image=&#8221;https:\/\/kemianseurat.fi\/pks\/wp-content\/uploads\/2020\/06\/clear-water-drops-132477-scaled-1.jpg&#8221; background_position=&#8221;top_right&#8221; custom_button_one=&#8221;on&#8221; button_one_text_size=&#8221;16px&#8221; button_one_text_color=&#8221;#000000&#8243; button_one_bg_color=&#8221;#ffffff&#8221; button_one_border_color=&#8221;#ffffff&#8221; button_one_border_radius=&#8221;100px&#8221; button_one_font=&#8221;Amiko|600|||||||&#8221; button_one_use_icon=&#8221;off&#8221; button_one_custom_padding=&#8221;10px|30px|10px|30px|true|true&#8221; custom_button_two=&#8221;on&#8221; button_two_text_size=&#8221;16px&#8221; button_two_text_color=&#8221;#000000&#8243; button_two_bg_color=&#8221;#ffffff&#8221; button_two_border_color=&#8221;#ffffff&#8221; button_two_border_radius=&#8221;100px&#8221; button_two_font=&#8221;Amiko|600|||||||&#8221; button_two_use_icon=&#8221;off&#8221; button_two_custom_padding=&#8221;10px|30px|10px|30px|true|true&#8221; custom_padding=&#8221;150px||150px||true|false&#8221; custom_padding_tablet=&#8221;50px||50px||true|false&#8221; custom_padding_phone=&#8221;&#8221; custom_padding_last_edited=&#8221;on|tablet&#8221; hover_enabled=&#8221;0&#8243; subhead_font_size_tablet=&#8221;&#8221; subhead_font_size_phone=&#8221;36px&#8221; subhead_font_size_last_edited=&#8221;on|phone&#8221; background_last_edited=&#8221;off|desktop&#8221; custom_css_subtitle=&#8221;padding-bottom:20px;&#8221; button_one_bg_color__hover_enabled=&#8221;on|hover&#8221; button_one_bg_color__hover=&#8221;#000000&#8243; button_one_bg_enable_color__hover=&#8221;on&#8221; button_one_border_color__hover_enabled=&#8221;on|hover&#8221; button_one_border_color__hover=&#8221;#000000&#8243; button_two_bg_color__hover_enabled=&#8221;on|hover&#8221; button_two_bg_color__hover=&#8221;#000000&#8243; button_two_bg_enable_color__hover=&#8221;on&#8221; button_two_border_color__hover_enabled=&#8221;on|hover&#8221; button_two_border_color__hover=&#8221;#000000&#8243; button_two_text_color__hover_enabled=&#8221;on|hover&#8221; button_two_text_color__hover=&#8221;#ffffff&#8221; button_one_text_color__hover_enabled=&#8221;on|hover&#8221; button_one_text_color__hover=&#8221;#ffffff&#8221; button_one_url=&#8221;https:\/\/kemianseurat.fi\/pks\/jasenyys\/&#8221;][\/et_pb_fullwidth_header][\/et_pb_section][et_pb_section fb_built=&#8221;1&#8243; _builder_version=&#8221;4.4.8&#8243;][et_pb_row column_structure=&#8221;1_2,1_2&#8243; _builder_version=&#8221;4.4.8&#8243;][et_pb_column type=&#8221;1_2&#8243; _builder_version=&#8221;4.4.1&#8243; custom_padding=&#8221;20px||20px||true|false&#8221;][et_pb_text _builder_version=&#8221;4.4.8&#8243; text_font=&#8221;Amiko||||||||&#8221; text_text_color=&#8221;#000000&#8243; text_font_size=&#8221;15px&#8221; header_2_font=&#8221;Nunito|700|||||||&#8221; header_2_font_size=&#8221;36px&#8221; header_2_line_height=&#8221;1.2em&#8221; header_4_font=&#8221;Amiko|600||on|||||&#8221; header_4_text_color=&#8221;#0c71c3&#8243; header_4_font_size=&#8221;16px&#8221; hover_enabled=&#8221;0&#8243; header_2_font_size_tablet=&#8221;&#8221; header_2_font_size_phone=&#8221;30px&#8221; header_2_font_size_last_edited=&#8221;on|phone&#8221; text_orientation_tablet=&#8221;center&#8221; text_orientation_phone=&#8221;&#8221; text_orientation_last_edited=&#8221;on|tablet&#8221;]<\/p>\n<h2>Seura kemistikollegoille<\/h2>\n<p>Pirkanmaan kemistiseura on Tampereen alueen, ja v\u00e4h\u00e4n kauempanakin asuvien, SKS:n j\u00e4senten v\u00e4linen yhdistys. Se pyrkii emoseuransa tavoin tiivist\u00e4m\u00e4\u00e4n kemistien yhteis\u00f6\u00e4 ja luomaan kemistikollegoille mahdollisuutta ammatilliseen ja v\u00e4hemm\u00e4n ammatilliseen yhteyden pitoon.<\/p>\n<p>Pirkanmaan kemistiseuran tarkoituksena on toimia yhdyssiteen\u00e4 Pirkanmaan talousalueen kemistien v\u00e4lill\u00e4 j\u00e4rjest\u00e4m\u00e4ll\u00e4 kokouksia, esitelm\u00e4tilaisuuksia ja retkeilyj\u00e4. Toiminnallaan PKS pyrkii my\u00f6s edist\u00e4m\u00e4\u00e4n kemian alan arvostusta ja tukemaan alan koulutusta. PKS jakaa vuosittain stipendej\u00e4 innokkaille \u201dtulevaisuuden kemisteille\u201d alakouluissa, yl\u00e4kouluissa ja lukioissa.<\/p>\n<p>[\/et_pb_text][\/et_pb_column][et_pb_column type=&#8221;1_2&#8243; _builder_version=&#8221;4.4.8&#8243; background_enable_image=&#8221;off&#8221;][et_pb_image src=&#8221;https:\/\/kemianseurat.fi\/pks\/wp-content\/uploads\/2020\/06\/Pirkanmaan-kemistiseura.jpg&#8221; title_text=&#8221;Pirkanmaan kemistiseura&#8221; _builder_version=&#8221;4.4.8&#8243; custom_margin=&#8221;12px||||false|false&#8221; border_width_all=&#8221;9px&#8221; border_color_all=&#8221;#ffffff&#8221;]<br \/>\n[\/et_pb_image][\/et_pb_column][\/et_pb_row][\/et_pb_section]<\/p>\n","protected":false},"excerpt":{"rendered":"<p>Seura kemistikollegoille Pirkanmaan kemistiseura on Tampereen alueen, ja v\u00e4h\u00e4n kauempanakin asuvien, SKS:n j\u00e4senten v\u00e4linen yhdistys. Se pyrkii emoseuransa tavoin tiivist\u00e4m\u00e4\u00e4n kemistien yhteis\u00f6\u00e4 ja luomaan kemistikollegoille mahdollisuutta ammatilliseen ja v\u00e4hemm\u00e4n ammatilliseen yhteyden pitoon. Pirkanmaan kemistiseuran tarkoituksena on toimia yhdyssiteen\u00e4 Pirkanmaan talousalueen kemistien v\u00e4lill\u00e4 j\u00e4rjest\u00e4m\u00e4ll\u00e4 kokouksia, esitelm\u00e4tilaisuuksia ja retkeilyj\u00e4. Toiminnallaan PKS pyrkii my\u00f6s edist\u00e4m\u00e4\u00e4n kemian alan arvostusta [&hellip;]<\/p>\n","protected":false},"author":1,"featured_media":0,"parent":0,"menu_order":0,"comment_status":"closed","ping_status":"closed","template":"","meta":{"_et_pb_use_builder":"on","_et_pb_old_content":"","_et_gb_content_width":"","footnotes":""},"class_list":["post-12","page","type-page","status-publish","hentry"],"_links":{"self":[{"href":"https:\/\/kemianseurat.fi\/pks\/wp-json\/wp\/v2\/pages\/12","targetHints":{"allow":["GET"]}}],"collection":[{"href":"https:\/\/kemianseurat.fi\/pks\/wp-json\/wp\/v2\/pages"}],"about":[{"href":"https:\/\/kemianseurat.fi\/pks\/wp-json\/wp\/v2\/types\/page"}],"author":[{"embeddable":true,"href":"https:\/\/kemianseurat.fi\/pks\/wp-json\/wp\/v2\/users\/1"}],"replies":[{"embeddable":true,"href":"https:\/\/kemianseurat.fi\/pks\/wp-json\/wp\/v2\/comments?post=12"}],"version-history":[{"count":8,"href":"https:\/\/kemianseurat.fi\/pks\/wp-json\/wp\/v2\/pages\/12\/revisions"}],"predecessor-version":[{"id":257,"href":"https:\/\/kemianseurat.fi\/pks\/wp-json\/wp\/v2\/pages\/12\/revisions\/257"}],"wp:attachment":[{"href":"https:\/\/kemianseurat.fi\/pks\/wp-json\/wp\/v2\/media?parent=12"}],"curies":[{"name":"wp","href":"https:\/\/api.w.org\/{rel}","templated":true}]}}