{"id":6,"date":"2014-02-21T13:21:50","date_gmt":"2014-02-21T13:21:50","guid":{"rendered":"http:\/\/kemianseurat.fi\/lsks\/?page_id=6"},"modified":"2015-09-16T15:47:20","modified_gmt":"2015-09-16T15:47:20","slug":"lansi-suomen-kemistiseura-2013","status":"publish","type":"page","link":"https:\/\/kemianseurat.fi\/lsks\/?page_id=6","title":{"rendered":"L\u00e4nsi-Suomen kemistiseura 2013"},"content":{"rendered":"<h1>TOIMINTAKERTOMUS VUODELTA 2013<\/h1>\n<p>Vuosi 2013 oli seuran 34. toimintavuosi. Seurasta erosi 1 henkil\u00f6 ja liittyi 5 henkil\u00f6\u00e4, joten j\u00e4senm\u00e4\u00e4r\u00e4 vuoden 2013 lopussa oli 72 henkil\u00f6\u00e4.<\/p>\n<p>Seuran johtokuntaan ovat vuonna 2013 kuuluneet:<\/p>\n<p>FM Matti Santala, puheenjohtaja<\/p>\n<p>FT Nina Paaso, varapuheenjohtaja<\/p>\n<p>FM Eeva Peura, j\u00e4sen<\/p>\n<p>FM Pirjo Arousva, j\u00e4sen<\/p>\n<p>FM Jari Vaittinen, j\u00e4sen<\/p>\n<p>DI Seppo Sipil\u00e4, sihteeri\/varainhoitaja<\/p>\n<p>Seuran tilintarkastajia ovat olleet Kalle Virtanen ja Seija Vatka, varalla Sirkka Tiusanen ja Marja Riekkola-Vanhanen<\/p>\n<p>SKS:n hallituksessa l\u00e4sn\u00e4olo- ja puheoikeus on ollut Matti Santalalla<\/p>\n<p>10.4. Kemistiseura oli vierailulla TVO:n uudistuneessa opastuskeskuksessa. Tutustumisen yhteydess\u00e4 pidettiin my\u00f6s seuran vuosikokous. Osanottajina oli 9 j\u00e4sent\u00e4.<\/p>\n<p>15.11. Pidettiin kemistiseuran pikkujoulu Raumalla TVO:n kerhotiloissa, 15 osanottajaa.<\/p>\n<p>Ylioppilastulosten menestyksen perusteella seura antoi 200 euron stipendit Katja Kulmalalle (Meri-Porin lukio) ja Jasmiina Laurilalle (Kankaanp\u00e4\u00e4n yhteislyseo)<\/p>\n<p>Seuran johtokunta on kokoontunut vuoden aikana kolme kertaa.<\/p>\n","protected":false},"excerpt":{"rendered":"<p>TOIMINTAKERTOMUS VUODELTA 2013 Vuosi 2013 oli seuran 34. toimintavuosi. Seurasta erosi 1 henkil\u00f6 ja liittyi 5 henkil\u00f6\u00e4, joten j\u00e4senm\u00e4\u00e4r\u00e4 vuoden 2013 lopussa oli 72 henkil\u00f6\u00e4. Seuran johtokuntaan ovat vuonna 2013 kuuluneet: FM Matti Santala, puheenjohtaja FT Nina Paaso, varapuheenjohtaja FM Eeva Peura, j\u00e4sen FM Pirjo Arousva, j\u00e4sen FM Jari Vaittinen, j\u00e4sen DI Seppo Sipil\u00e4, sihteeri\/varainhoitaja &hellip; <a href=\"https:\/\/kemianseurat.fi\/lsks\/?page_id=6\" class=\"more-link\">Jatka lukemista <span class=\"screen-reader-text\">L\u00e4nsi-Suomen kemistiseura 2013<\/span> <span class=\"meta-nav\">&rarr;<\/span><\/a><\/p>\n","protected":false},"author":2,"featured_media":0,"parent":12,"menu_order":0,"comment_status":"closed","ping_status":"closed","template":"","meta":{"footnotes":""},"class_list":["post-6","page","type-page","status-publish","hentry"],"_links":{"self":[{"href":"https:\/\/kemianseurat.fi\/lsks\/index.php?rest_route=\/wp\/v2\/pages\/6","targetHints":{"allow":["GET"]}}],"collection":[{"href":"https:\/\/kemianseurat.fi\/lsks\/index.php?rest_route=\/wp\/v2\/pages"}],"about":[{"href":"https:\/\/kemianseurat.fi\/lsks\/index.php?rest_route=\/wp\/v2\/types\/page"}],"author":[{"embeddable":true,"href":"https:\/\/kemianseurat.fi\/lsks\/index.php?rest_route=\/wp\/v2\/users\/2"}],"replies":[{"embeddable":true,"href":"https:\/\/kemianseurat.fi\/lsks\/index.php?rest_route=%2Fwp%2Fv2%2Fcomments&post=6"}],"version-history":[{"count":1,"href":"https:\/\/kemianseurat.fi\/lsks\/index.php?rest_route=\/wp\/v2\/pages\/6\/revisions"}],"predecessor-version":[{"id":7,"href":"https:\/\/kemianseurat.fi\/lsks\/index.php?rest_route=\/wp\/v2\/pages\/6\/revisions\/7"}],"up":[{"embeddable":true,"href":"https:\/\/kemianseurat.fi\/lsks\/index.php?rest_route=\/wp\/v2\/pages\/12"}],"wp:attachment":[{"href":"https:\/\/kemianseurat.fi\/lsks\/index.php?rest_route=%2Fwp%2Fv2%2Fmedia&parent=6"}],"curies":[{"name":"wp","href":"https:\/\/api.w.org\/{rel}","templated":true}]}}