{"id":36,"date":"2014-08-04T06:50:53","date_gmt":"2014-08-04T06:50:53","guid":{"rendered":"http:\/\/kemianseurat.fi\/lkj\/?page_id=36"},"modified":"2025-12-02T23:38:54","modified_gmt":"2025-12-02T23:38:54","slug":"gradupalkinto","status":"publish","type":"page","link":"https:\/\/kemianseurat.fi\/lkj\/?page_id=36","title":{"rendered":"Gradupalkinto"},"content":{"rendered":"<p>Suomalaisten kemistien seuran Laskennallisen kemian jaosto palkitsee vuosittain suomalaista laskennallisen kemian tutkimusta hyvin edustavan maisteritasoisen opinn\u00e4ytety\u00f6n (Pro Gradu -ty\u00f6\u00a0\/ diplomity\u00f6). Palkittavan ty\u00f6n valitsee Laskennallisen kemian jaoston <a href=\"http:\/\/kemianseurat.fi\/lkj\/?page_id=14\">hallitus<\/a>.<\/p>\n<h2>Vuoden 2025 gradupalkinnon hakuaika<\/h2>\n<p>Vuoden 2025 palkinto my\u00f6nnet\u00e4\u00e4n aikav\u00e4lill\u00e4 <strong>1.9.2024-31.8.2025<\/strong> hyv\u00e4ksytylle opinn\u00e4ytety\u00f6lle. Hakemukset on l\u00e4hetett\u00e4v\u00e4 23<strong>.11.2025<\/strong>\u00a0menness\u00e4.<\/p>\n<h2>Hakuohjeet<\/h2>\n<p>P\u00e4\u00e4s\u00e4\u00e4nt\u00f6isesti nimityksen tekee ty\u00f6n ohjaaja tai valvoja lyhyesti perustellulla s\u00e4hk\u00f6postilla jaoston sihteerille (ks. <a href=\"http:\/\/kemianseurat.fi\/lkj\/?page_id=14\">yhteystiedot<\/a>).\u00a0Hakemukseen liitet\u00e4\u00e4n s\u00e4hk\u00f6inen versio opinn\u00e4ytety\u00f6st\u00e4\u00a0ja skannattu kopio virallisesta dokumentista, josta k\u00e4y ilmi ty\u00f6n arvosana (esim. ty\u00f6n arvostelulomake tai tutkintotodistus). Jos ty\u00f6 l\u00f6ytyy verkosta, ei arvostelulomakkeen l\u00e4hett\u00e4minen ole v\u00e4ltt\u00e4m\u00e4t\u00f6nt\u00e4! Tutkinnon suorittanut voi hakea palkintoa my\u00f6s itse, miss\u00e4 tapauksessa hakijan on lis\u00e4ksi l\u00e4hetett\u00e4v\u00e4 vapaasti muotoiltu hakukirje jaoston sihteerille. Palkintoa voi hakea, vaikka maisterintutkinto ei viel\u00e4 kokonaisuudessaan olisi valmis.<\/p>\n<p><em>The nomination is done by the thesis supervisor with a short justification via email to secretary of the section (see <a href=\"http:\/\/kemianseurat.fi\/lkj\/?page_id=14\">yhteystiedot<\/a>\u00a0). Electronic version of the Master&#8217;s thesis and a scanned copy of the certificate indicating the grade of the work should be attached to the application. If the thesis is available online, sending the certificate is not necessary! The student can also apply for the award themselves and in this case also a short cover letter should be attached to the application. The Master&#8217;s degree does not have to be completed to be eligible to apply for the award.<\/em><\/p>\n<h2>Palkinnon jakaminen<\/h2>\n<p>Palkinto jaetaan joulukuussa Helsingiss\u00e4 pidett\u00e4v\u00e4ss\u00e4 Laskennallisen jaoston vuosikokouksessa. Jos palkinnonsaaja ei p\u00e4\u00e4se paikalle, palkinto toimitetaan muulla tavalla. Jaostolla ei ole mahdollisuutta korvata matkakustannuksia kokoukseen. Kokouksen ajankohta ilmoitetaan l\u00e4hemp\u00e4n\u00e4 joulukuuta.<\/p>\n<h2>Jaetut gradupalkinnot ja kunniamaininnat<\/h2>\n<ul>\n<li>2024: Luka Simsive<\/li>\n<li>2022: Perttu Hilla<\/li>\n<li>2021: Adam Harmat (kunniamaininta Kim Eklund)<\/li>\n<li><a href=\"https:\/\/kemianseurat.fi\/lkj\/?page_id=267\">2020: Samu Kivist\u00f6 (kunniamaininta Iris Sokka)<\/a><\/li>\n<li><a href=\"http:\/\/kemianseurat.fi\/lkj\/?page_id=231\">2019: Maisa Vuorte\u00a0<\/a><\/li>\n<li><a href=\"http:\/\/kemianseurat.fi\/lkj\/?page_id=207\">2018: Olli Ahlstedt (kunniamaininta Rasmus Kronberg)<\/a><\/li>\n<li><a href=\"http:\/\/kemianseurat.fi\/lkj\/?page_id=166\">2017: Tapio Peltomaa (kunniamaininta Outi Haapanen)<\/a><\/li>\n<li><a href=\"http:\/\/kemianseurat.fi\/lkj\/?page_id=169\">2016: Mira Ahinko (kunniamaininta Maria Dimitrova)<\/a><\/li>\n<li><a href=\"http:\/\/kemianseurat.fi\/lkj\/?page_id=171\">2015: Sampsa Vierros<\/a><\/li>\n<li><a href=\"http:\/\/kemianseurat.fi\/lkj\/?page_id=173\">2014: Elias Toivanen<\/a><\/li>\n<\/ul>\n<div class=\"mceTemp\"><\/div>\n","protected":false},"excerpt":{"rendered":"<p>Suomalaisten kemistien seuran Laskennallisen kemian jaosto palkitsee vuosittain suomalaista laskennallisen kemian tutkimusta hyvin edustavan maisteritasoisen opinn\u00e4ytety\u00f6n (Pro Gradu -ty\u00f6\u00a0\/ diplomity\u00f6). Palkittavan ty\u00f6n valitsee Laskennallisen kemian jaoston hallitus. Vuoden 2025 gradupalkinnon hakuaika Vuoden 2025 palkinto my\u00f6nnet\u00e4\u00e4n aikav\u00e4lill\u00e4 1.9.2024-31.8.2025 hyv\u00e4ksytylle opinn\u00e4ytety\u00f6lle. Hakemukset on l\u00e4hetett\u00e4v\u00e4 23.11.2025\u00a0menness\u00e4. Hakuohjeet P\u00e4\u00e4s\u00e4\u00e4nt\u00f6isesti nimityksen tekee ty\u00f6n ohjaaja tai valvoja lyhyesti perustellulla s\u00e4hk\u00f6postilla jaoston <a class=\"read-more\" href=\"https:\/\/kemianseurat.fi\/lkj\/?page_id=36\">READ MORE<\/a><\/p>\n","protected":false},"author":2,"featured_media":0,"parent":0,"menu_order":3,"comment_status":"closed","ping_status":"closed","template":"","meta":{"footnotes":""},"class_list":["post-36","page","type-page","status-publish","hentry"],"_links":{"self":[{"href":"https:\/\/kemianseurat.fi\/lkj\/index.php?rest_route=\/wp\/v2\/pages\/36","targetHints":{"allow":["GET"]}}],"collection":[{"href":"https:\/\/kemianseurat.fi\/lkj\/index.php?rest_route=\/wp\/v2\/pages"}],"about":[{"href":"https:\/\/kemianseurat.fi\/lkj\/index.php?rest_route=\/wp\/v2\/types\/page"}],"author":[{"embeddable":true,"href":"https:\/\/kemianseurat.fi\/lkj\/index.php?rest_route=\/wp\/v2\/users\/2"}],"replies":[{"embeddable":true,"href":"https:\/\/kemianseurat.fi\/lkj\/index.php?rest_route=%2Fwp%2Fv2%2Fcomments&post=36"}],"version-history":[{"count":41,"href":"https:\/\/kemianseurat.fi\/lkj\/index.php?rest_route=\/wp\/v2\/pages\/36\/revisions"}],"predecessor-version":[{"id":483,"href":"https:\/\/kemianseurat.fi\/lkj\/index.php?rest_route=\/wp\/v2\/pages\/36\/revisions\/483"}],"wp:attachment":[{"href":"https:\/\/kemianseurat.fi\/lkj\/index.php?rest_route=%2Fwp%2Fv2%2Fmedia&parent=36"}],"curies":[{"name":"wp","href":"https:\/\/api.w.org\/{rel}","templated":true}]}}