{"id":267,"date":"2021-01-04T09:21:17","date_gmt":"2021-01-04T09:21:17","guid":{"rendered":"https:\/\/kemianseurat.fi\/lkj\/?page_id=267"},"modified":"2023-01-09T08:11:43","modified_gmt":"2023-01-09T08:11:43","slug":"gradupalkinto-2020","status":"publish","type":"page","link":"https:\/\/kemianseurat.fi\/lkj\/?page_id=267","title":{"rendered":"Gradupalkinto 2020"},"content":{"rendered":"\n<p>Suomalaisten kemistien seuran Laskennallisen kemian jaoston vuoden 2020 gradupalkinto my\u00f6nnet\u00e4\u00e4n Samu Kivist\u00f6n diplomity\u00f6lle &#8221;Molecular dynamics simulations of a yeast Sup35 protein and its condensation mechanisms&#8221;.<\/p>\n\n\n\n<p>Samu Kivist\u00f6n diplomity\u00f6 on esimerkillinen biomolekulaarisen mallinnuksen alan lopputy\u00f6. Tutkielma on tehty Aalto-yliopiston Kemian tekniikan korkeakoulussa. Ty\u00f6ss\u00e4 tutkitaan biomolekyylien kondensaatiomekanismeja molekyylidynamiikkasimulaatioilla k\u00e4ytt\u00e4en hiivoissa esiintyv\u00e4\u00e4 Sup35-proteiinia malliproteiinina. Ty\u00f6n aihe on yhteiskunnallisesti merkitt\u00e4v\u00e4 l\u00e4\u00e4keteollisuudelle ja proteiinipohjaisten materiaalien kehitt\u00e4miselle. Ty\u00f6n kirjallinen selvitys on laaja ja muodostaa ehe\u00e4n kokonaisuuden tulosten kanssa. Ty\u00f6ss\u00e4 on k\u00e4ytetty tarkoitukseen soveltuvia menetelmi\u00e4 ja niiden valinta on perusteltu hyvin. Ty\u00f6n tulokset on esitetty selke\u00e4sti ja ymm\u00e4rrett\u00e4v\u00e4sti. Kokonaisuudessaan ty\u00f6 on erinomainen.<\/p>\n\n\n\n<p>Lis\u00e4tietoja ty\u00f6st\u00e4 on saatavilla osoitteesta <a href=\"http:\/\/urn.fi\/URN:NBN:fi:aalto-201908254988\">http:\/\/urn.fi\/URN:NBN:fi:aalto-201908254988<\/a><\/p>\n\n\n\n<h2 class=\"wp-block-heading\">Kunniamaininta 2020<\/h2>\n\n\n\n<p>Laskennallisen kemian jaosto my\u00f6nsi samassa yhteydess\u00e4 Kunniamaininnan ansiokkaasta lopputy\u00f6st\u00e4 Iris Sokalle pro gradu-tutkielmasta &#8221;Improving the Potency of Auristatin Cancer Drugs by Virtual Structure Modifications&#8221;.<\/p>\n\n\n\n<p>Iris Sokan pro gradu -tutkielma on esimerkillinen maisteritason lopputy\u00f6 laskennallisen kemian alalta. Ty\u00f6 on tehty Helsingin yliopiston matemaattis-luonnontieteellisess\u00e4 tiedekunnassa. Ty\u00f6ss\u00e4 tutkitaan sy\u00f6v\u00e4n hoidossa k\u00e4ytett\u00e4vien auristatiinien rakennemodifikaatioita aktiivisen&nbsp;<em>trans<\/em>-muodon osuuden kasvattamiseksi kvanttimekaanisia menetelmi\u00e4 k\u00e4ytt\u00e4en. Ty\u00f6n aihe on yhteiskunnallisesti eritt\u00e4in ajankohtainen sy\u00f6v\u00e4n yleistyess\u00e4 v\u00e4est\u00f6ss\u00e4. Ty\u00f6n kirjallinen selvitys ja tulokset on kirjoitettu selke\u00e4sti ja ymm\u00e4rrett\u00e4v\u00e4sti. Ty\u00f6n tuloksissa esitetyt tehokkaammat l\u00e4\u00e4kemuodot on my\u00f6hemmin syntetisoitu ja kokeellisesti tutkittu, mik\u00e4 jo osoittaa tutkielman ja tulosten korkean laadun.&nbsp;<\/p>\n\n\n\n<p>Lis\u00e4tietoja ty\u00f6st\u00e4 on saatavilla osoitteesta <a href=\"http:\/\/urn.fi\/URN:NBN:fi:hulib-201911153914\">http:\/\/urn.fi\/URN:NBN:fi:hulib-201911153914<\/a><\/p>\n","protected":false},"excerpt":{"rendered":"<p>Suomalaisten kemistien seuran Laskennallisen kemian jaoston vuoden 2020 gradupalkinto my\u00f6nnet\u00e4\u00e4n Samu Kivist\u00f6n diplomity\u00f6lle &#8221;Molecular dynamics simulations of a yeast Sup35 protein and its condensation mechanisms&#8221;. Samu Kivist\u00f6n diplomity\u00f6 on esimerkillinen biomolekulaarisen mallinnuksen alan lopputy\u00f6. Tutkielma on tehty Aalto-yliopiston Kemian tekniikan korkeakoulussa. Ty\u00f6ss\u00e4 tutkitaan biomolekyylien kondensaatiomekanismeja molekyylidynamiikkasimulaatioilla k\u00e4ytt\u00e4en hiivoissa esiintyv\u00e4\u00e4 Sup35-proteiinia malliproteiinina. Ty\u00f6n aihe on yhteiskunnallisesti <a class=\"read-more\" href=\"https:\/\/kemianseurat.fi\/lkj\/?page_id=267\">READ MORE<\/a><\/p>\n","protected":false},"author":3,"featured_media":0,"parent":36,"menu_order":2,"comment_status":"closed","ping_status":"closed","template":"","meta":{"footnotes":""},"class_list":["post-267","page","type-page","status-publish","hentry"],"_links":{"self":[{"href":"https:\/\/kemianseurat.fi\/lkj\/index.php?rest_route=\/wp\/v2\/pages\/267","targetHints":{"allow":["GET"]}}],"collection":[{"href":"https:\/\/kemianseurat.fi\/lkj\/index.php?rest_route=\/wp\/v2\/pages"}],"about":[{"href":"https:\/\/kemianseurat.fi\/lkj\/index.php?rest_route=\/wp\/v2\/types\/page"}],"author":[{"embeddable":true,"href":"https:\/\/kemianseurat.fi\/lkj\/index.php?rest_route=\/wp\/v2\/users\/3"}],"replies":[{"embeddable":true,"href":"https:\/\/kemianseurat.fi\/lkj\/index.php?rest_route=%2Fwp%2Fv2%2Fcomments&post=267"}],"version-history":[{"count":3,"href":"https:\/\/kemianseurat.fi\/lkj\/index.php?rest_route=\/wp\/v2\/pages\/267\/revisions"}],"predecessor-version":[{"id":419,"href":"https:\/\/kemianseurat.fi\/lkj\/index.php?rest_route=\/wp\/v2\/pages\/267\/revisions\/419"}],"up":[{"embeddable":true,"href":"https:\/\/kemianseurat.fi\/lkj\/index.php?rest_route=\/wp\/v2\/pages\/36"}],"wp:attachment":[{"href":"https:\/\/kemianseurat.fi\/lkj\/index.php?rest_route=%2Fwp%2Fv2%2Fmedia&parent=267"}],"curies":[{"name":"wp","href":"https:\/\/api.w.org\/{rel}","templated":true}]}}