{"id":24,"date":"2014-04-28T17:07:21","date_gmt":"2014-04-28T17:07:21","guid":{"rendered":"http:\/\/kemianseurat.fi\/lkj\/?page_id=24"},"modified":"2021-11-13T21:13:57","modified_gmt":"2021-11-13T21:13:57","slug":"lkj","status":"publish","type":"page","link":"https:\/\/kemianseurat.fi\/lkj\/","title":{"rendered":"Laskennallisen kemian jaosto"},"content":{"rendered":"<p>Laskennallisen kemian jaosto on <a href=\"http:\/\/suomalaistenkemistienseura.fi\/\" target=\"_blank\" rel=\"noopener noreferrer\">Suomalaisten kemistien seuran<\/a>\u00a0jaosto, joka kokoaa yhteen laskennallisen kemian tutkimusmenetelmien k\u00e4ytt\u00e4j\u00e4t Suomessa. Laskennallisessa kemiassa molekyylien ja materiaalien rakenteita ja ominaisuuksia sek\u00e4 kemiallisia ja fysikaalisia ilmi\u00f6it\u00e4 tarkastellaan teoreettisin menetelmin tietokoneiden avulla. Jaosto on p\u00e4\u00e4asiassa tutkimuspainotteinen.<\/p>\n<p>Jaoston tavoitteena on tarjota yhteisty\u00f6foorumi alan tutkijoille, edist\u00e4\u00e4 j\u00e4senist\u00f6n omaa ty\u00f6t\u00e4 ja tehd\u00e4 laskennallisia menetelmi\u00e4 tutuiksi sek\u00e4 kokeellista ty\u00f6t\u00e4 tekeville kollegoille ett\u00e4 suurelle yleis\u00f6lle. Jaoston j\u00e4senist\u00f6n kiinnostuksen kohteet ulottuvat useille kemian osa-alueille (mm. nanotieteet, katalyysi, spektroskopia ja laskennallisten menetelmien kehitys). Tarkempia tietoja t\u00e4m\u00e4nhetkisist\u00e4 tutkimusaiheista l\u00f6ytyy <a title=\"Linkit\" href=\"http:\/\/kemianseurat.fi\/lkj\/?page_id=22\">tutkimusryhmien kotisivuilta<\/a>.<\/p>\n<p>Tervetuloa mukaan laskennallisen kemian pariin (ks. <a title=\"Liity j\u00e4seneksi\" href=\"http:\/\/kemianseurat.fi\/lkj\/?page_id=20\">j\u00e4seneksi liittyminen<\/a>)!<\/p>\n<h2><\/h2>\n","protected":false},"excerpt":{"rendered":"<p>Laskennallisen kemian jaosto on Suomalaisten kemistien seuran\u00a0jaosto, joka kokoaa yhteen laskennallisen kemian tutkimusmenetelmien k\u00e4ytt\u00e4j\u00e4t Suomessa. Laskennallisessa kemiassa molekyylien ja materiaalien rakenteita ja ominaisuuksia sek\u00e4 kemiallisia ja fysikaalisia ilmi\u00f6it\u00e4 tarkastellaan teoreettisin menetelmin tietokoneiden avulla. Jaosto on p\u00e4\u00e4asiassa tutkimuspainotteinen. Jaoston tavoitteena on tarjota yhteisty\u00f6foorumi alan tutkijoille, edist\u00e4\u00e4 j\u00e4senist\u00f6n omaa ty\u00f6t\u00e4 ja tehd\u00e4 laskennallisia menetelmi\u00e4 tutuiksi sek\u00e4 kokeellista <a class=\"read-more\" href=\"https:\/\/kemianseurat.fi\/lkj\/\">READ MORE<\/a><\/p>\n","protected":false},"author":2,"featured_media":0,"parent":0,"menu_order":1,"comment_status":"closed","ping_status":"closed","template":"","meta":{"footnotes":""},"class_list":["post-24","page","type-page","status-publish","hentry"],"_links":{"self":[{"href":"https:\/\/kemianseurat.fi\/lkj\/index.php?rest_route=\/wp\/v2\/pages\/24","targetHints":{"allow":["GET"]}}],"collection":[{"href":"https:\/\/kemianseurat.fi\/lkj\/index.php?rest_route=\/wp\/v2\/pages"}],"about":[{"href":"https:\/\/kemianseurat.fi\/lkj\/index.php?rest_route=\/wp\/v2\/types\/page"}],"author":[{"embeddable":true,"href":"https:\/\/kemianseurat.fi\/lkj\/index.php?rest_route=\/wp\/v2\/users\/2"}],"replies":[{"embeddable":true,"href":"https:\/\/kemianseurat.fi\/lkj\/index.php?rest_route=%2Fwp%2Fv2%2Fcomments&post=24"}],"version-history":[{"count":9,"href":"https:\/\/kemianseurat.fi\/lkj\/index.php?rest_route=\/wp\/v2\/pages\/24\/revisions"}],"predecessor-version":[{"id":294,"href":"https:\/\/kemianseurat.fi\/lkj\/index.php?rest_route=\/wp\/v2\/pages\/24\/revisions\/294"}],"wp:attachment":[{"href":"https:\/\/kemianseurat.fi\/lkj\/index.php?rest_route=%2Fwp%2Fv2%2Fmedia&parent=24"}],"curies":[{"name":"wp","href":"https:\/\/api.w.org\/{rel}","templated":true}]}}