{"id":231,"date":"2019-12-10T14:29:41","date_gmt":"2019-12-10T14:29:41","guid":{"rendered":"http:\/\/kemianseurat.fi\/lkj\/?page_id=231"},"modified":"2023-01-09T08:11:55","modified_gmt":"2023-01-09T08:11:55","slug":"gradupalkinto-2019","status":"publish","type":"page","link":"https:\/\/kemianseurat.fi\/lkj\/?page_id=231","title":{"rendered":"Gradupalkinto 2019"},"content":{"rendered":"\n<p>Suomalaisten kemistien seuran Laskennallisen kemian jaoston vuoden 2019 gradupalkinto my\u00f6nnet\u00e4\u00e4n Maisa Vuorteen diplomity\u00f6lle \u201cSurfactant adsorption from triglyceride solvent: effect of water and surfactant structure\u201d.<br><\/p>\n\n\n\n<p>Maisa Vuorteen diplomity\u00f6 on esimerkillinen biomolekulaarisen mallinnuksen alan lopputy\u00f6. Tutkielma on tehty Aalto-yliopiston Kemian tekniikan korkeakoulussa. Ty\u00f6ss\u00e4 tutkitaan molekyylidynamiikkasimulaatioita hy\u00f6dynt\u00e4en eri kasvi\u00f6ljyiss\u00e4 esiintyvien ep\u00e4puhtauksien adsorptiota mallipiioksidiadsorbenteill\u00e4. Ty\u00f6n aihe on yhteiskunnallisesti merkitt\u00e4v\u00e4 muun muassa uusiutuvien energial\u00e4hteiden hy\u00f6dynt\u00e4misen kautta. Ty\u00f6n laaja kirjallinen selvitys osoittaa opiskelijan tutustuneen aiheeseen perusteellisesti, jopa v\u00e4it\u00f6skirjatasoisesti. Ty\u00f6n kirjallinen ulosanti on selke\u00e4\u00e4, helppolukuista ja muodostaa ehe\u00e4n kokonaisuuden.<br><\/p>\n\n\n\n<p>Lis\u00e4tietoja ty\u00f6st\u00e4 on saatavilla osoitteesta <a href=\"https:\/\/aaltodoc.aalto.fi\/handle\/123456789\/35512\">https:\/\/aaltodoc.aalto.fi\/handle\/123456789\/35512<\/a><br><\/p>\n\n\n\n<p>Laskennallisen kemian jaoston gradupalkinto jaettiin kuudetta kertaa vuonna 2019.<\/p>\n\n\n\n<p><\/p>\n","protected":false},"excerpt":{"rendered":"<p>Suomalaisten kemistien seuran Laskennallisen kemian jaoston vuoden 2019 gradupalkinto my\u00f6nnet\u00e4\u00e4n Maisa Vuorteen diplomity\u00f6lle \u201cSurfactant adsorption from triglyceride solvent: effect of water and surfactant structure\u201d. Maisa Vuorteen diplomity\u00f6 on esimerkillinen biomolekulaarisen mallinnuksen alan lopputy\u00f6. Tutkielma on tehty Aalto-yliopiston Kemian tekniikan korkeakoulussa. Ty\u00f6ss\u00e4 tutkitaan molekyylidynamiikkasimulaatioita hy\u00f6dynt\u00e4en eri kasvi\u00f6ljyiss\u00e4 esiintyvien ep\u00e4puhtauksien adsorptiota mallipiioksidiadsorbenteill\u00e4. Ty\u00f6n aihe on yhteiskunnallisesti merkitt\u00e4v\u00e4 <a class=\"read-more\" href=\"https:\/\/kemianseurat.fi\/lkj\/?page_id=231\">READ MORE<\/a><\/p>\n","protected":false},"author":3,"featured_media":0,"parent":36,"menu_order":3,"comment_status":"closed","ping_status":"closed","template":"","meta":{"footnotes":""},"class_list":["post-231","page","type-page","status-publish","hentry"],"_links":{"self":[{"href":"https:\/\/kemianseurat.fi\/lkj\/index.php?rest_route=\/wp\/v2\/pages\/231","targetHints":{"allow":["GET"]}}],"collection":[{"href":"https:\/\/kemianseurat.fi\/lkj\/index.php?rest_route=\/wp\/v2\/pages"}],"about":[{"href":"https:\/\/kemianseurat.fi\/lkj\/index.php?rest_route=\/wp\/v2\/types\/page"}],"author":[{"embeddable":true,"href":"https:\/\/kemianseurat.fi\/lkj\/index.php?rest_route=\/wp\/v2\/users\/3"}],"replies":[{"embeddable":true,"href":"https:\/\/kemianseurat.fi\/lkj\/index.php?rest_route=%2Fwp%2Fv2%2Fcomments&post=231"}],"version-history":[{"count":3,"href":"https:\/\/kemianseurat.fi\/lkj\/index.php?rest_route=\/wp\/v2\/pages\/231\/revisions"}],"predecessor-version":[{"id":234,"href":"https:\/\/kemianseurat.fi\/lkj\/index.php?rest_route=\/wp\/v2\/pages\/231\/revisions\/234"}],"up":[{"embeddable":true,"href":"https:\/\/kemianseurat.fi\/lkj\/index.php?rest_route=\/wp\/v2\/pages\/36"}],"wp:attachment":[{"href":"https:\/\/kemianseurat.fi\/lkj\/index.php?rest_route=%2Fwp%2Fv2%2Fmedia&parent=231"}],"curies":[{"name":"wp","href":"https:\/\/api.w.org\/{rel}","templated":true}]}}