{"id":22,"date":"2014-04-28T17:05:40","date_gmt":"2014-04-28T17:05:40","guid":{"rendered":"http:\/\/kemianseurat.fi\/lkj\/?page_id=22"},"modified":"2018-02-12T09:37:29","modified_gmt":"2018-02-12T09:37:29","slug":"linkit","status":"publish","type":"page","link":"https:\/\/kemianseurat.fi\/lkj\/?page_id=22","title":{"rendered":"Linkit"},"content":{"rendered":"<h3>Suomen kemian seurat<\/h3>\n<ul>\n<li><a href=\"http:\/\/www.kemianseurat.fi\/\" target=\"_blank\" rel=\"noopener\">Suomen kemian seurat<\/a><\/li>\n<li><a href=\"http:\/\/www.suomalaistenkemistienseura.fi\/\" target=\"_blank\" rel=\"noopener\">Suomalaisten Kemistien Seura<\/a><\/li>\n<li><a href=\"http:\/\/www.finskakemistsamfundet.fi\/\" target=\"_blank\" rel=\"noopener\">Finska kemistsamfundet\u00a0<\/a><\/li>\n<li><a href=\"http:\/\/www.kty.fi\/\" target=\"_blank\" rel=\"noopener\">Kemiallisteknillinen Yhdistys &#8211; Kemisktekniska Forening<\/a><\/li>\n<\/ul>\n<h3>Laskennallisen kemian ja l\u00e4hialojen tutkimusryhmi\u00e4 Suomessa<\/h3>\n<ul>\n<li><a href=\"http:\/\/cmat.aalto.fi\/en\/research_groups\/computational_chemistry\/laasonen\/\" target=\"_blank\" rel=\"noopener\">Aalto-yliopisto, kemian ja materiaalitieteen laitos, Laskennallinen kemia (Kari Laasonen)<\/a><\/li>\n<li><a href=\"http:\/\/cmat.aalto.fi\/en\/research_groups\/computational_chemistry\/sammalkorpi\/\">Aalto-yliopisto, kemian ja materiaalitieteen laitos, Pehme\u00e4n aineen mallinnus (Maria Sammalkorpi)<\/a><\/li>\n<li><a href=\"http:\/\/www.iki.fi\/ankarttu\" target=\"_blank\" rel=\"noopener\">Aalto-yliopisto, kemian ja materiaalitieteen laitos, Ep\u00e4orgaaninen materiaalikemia (Antti Karttunen)<\/a><\/li>\n<li><a href=\"http:\/\/www.helsinki.fi\/kemia\/fysikaalinen\/research\/molspec\/\" target=\"_blank\" rel=\"noopener\">Helsingin yliopisto, kemian laitos, Molekulaarinen spektroskopia ja teoreettinen kemia (Lauri Halonen)<\/a><\/li>\n<li><a href=\"http:\/\/blogs.helsinki.fi\/johansson-group\/\">Helsingin yliopisto, kemian laitos, Laskennallinen kvanttikemia (Mikael Johansson)<\/a><\/li>\n<li><a href=\"https:\/\/wiki.helsinki.fi\/display\/AtmosCompChem\/Home+of+Atmospheric+Computational+Chemistry+group\">Helsingin yliopisto, kemian laitos, Laskennallinen ilmakemia (Theo Kurt\u00e9n)<\/a><\/li>\n<li><a href=\"http:\/\/www.helsinki.fi\/kemia\/svenskakemen\/research.html\" target=\"_blank\" rel=\"noopener\">Helsingin yliopisto, kemian laitos, Kvanttikemia (Dage Sundholm)<\/a><\/li>\n<li><a href=\"http:\/\/www.uef.fi\/en\/web\/kemia\/physical-chemistry-molecular-modelling\" target=\"_blank\" rel=\"noopener\">It\u00e4-Suomen yliopisto, kemian laitos, Fysikaalinen kemia (Mikko Linnolahti, Janne Hirvi)<\/a><\/li>\n<li><a href=\"http:\/\/www.uef.fi\/en\/web\/kemia\/inorganic-chemistry-molecular-modelling\">It\u00e4-Suomen yliopisto, kemian laitos, Ep\u00e4orgaaninen kemia (Pipsa Hirva)<\/a><\/li>\n<li><a href=\"http:\/\/wwwuser.gwdg.de\/~ggroenh\/\">Jyv\u00e4skyl\u00e4n yliopisto, Nanotiedekeskus, Laskennallinen biomolekyylien kemia (Gerrit Groenhof)<\/a><\/li>\n<li><a href=\"https:\/\/www.jyu.fi\/kemia\/en\/research\/chemistry-education\" target=\"_blank\" rel=\"noopener\">Jyv\u00e4skyl\u00e4n <\/a><a href=\"https:\/\/www.jyu.fi\/science\/en\/chemistry\/research\/computational-chemistry-and-spectroscopy\/catalysis\" target=\"_blank\" rel=\"noopener\">yliopisto, Nanotiedekeskus,\u00a0Laskennallinen katalyysitutkimus (Karoliina Honkala)<\/a><\/li>\n<li><a href=\"https:\/\/www.jyu.fi\/kemia\/en\/research\/chemistry-education\" target=\"_blank\" rel=\"noopener\">Jyv\u00e4skyl\u00e4n <\/a><a href=\"https:\/\/www.jyu.fi\/science\/en\/nanoscience-center\/research\/nanoclusters\" target=\"_blank\" rel=\"noopener\">yliopisto, Nanotiedekeskus, Laskennallinen nanotiede (Hannu H\u00e4kkinen<\/a>)<\/li>\n<li><a href=\"https:\/\/www.jyu.fi\/science\/en\/chemistry\/research\/chemistry-education\" target=\"_blank\" rel=\"noopener\">Jyv\u00e4skyl\u00e4n yliopisto, kemian laitos, Opettajankoulutus (Jan Lundell)<\/a><\/li>\n<li><a href=\"https:\/\/www.jyu.fi\/science\/en\/chemistry\/research\/structural-and-synthetic-chemistry\/main-group-chemistry\" target=\"_blank\" rel=\"noopener\">Jyv\u00e4skyl\u00e4n yliopisto, kemian laitos, p\u00e4\u00e4ryhmien kemia (Heikki Tuononen)<\/a><\/li>\n<li><a href=\"http:\/\/cc.oulu.fi\/~nmrwww\/\" target=\"_blank\" rel=\"noopener\">Oulun yliopisto, fysiikan laitos, NMR-tutkimuslaboratorio (Juha Vaara, Perttu Lantto)<\/a><\/li>\n<li><a href=\"http:\/\/www.tut.fi\/en\/research\/research-fields\/chemistry-and-bioengineering\/chemistry-and-advanced-materials\/index.htm\">Tampereen teknillinen yliopisto,\u00a0Chemistry and Advanced Materials research group (Terttu Hukka)<\/a><\/li>\n<li><a href=\"http:\/\/www.tut.fi\/en\/research\/research-fields\/physics\/computational-physics\/semiconductor-physics\/index.htm\">Tampereen teknillinen yliopisto, Elektronirakenneteoria (Tapio Rantala)<\/a><\/li>\n<li><a href=\"http:\/\/www.medchem.fi\">Turun yliopisto, Biol\u00e4\u00e4ketieteen laitos (Olli Pentik\u00e4inen)<\/a><\/li>\n<\/ul>\n<p>Muutokset ja uudet yhteystiedot yll\u00e4olevaan listaan voi l\u00e4hett\u00e4\u00e4 jaoston sihteerille\u00a0(ks.\u00a0<a title=\"Hallitus\" href=\"http:\/\/kemianseurat.fi\/lkj\/?page_id=14\">hallitus<\/a>).<\/p>\n","protected":false},"excerpt":{"rendered":"<p>Suomen kemian seurat Suomen kemian seurat Suomalaisten Kemistien Seura Finska kemistsamfundet\u00a0 Kemiallisteknillinen Yhdistys &#8211; Kemisktekniska Forening Laskennallisen kemian ja l\u00e4hialojen tutkimusryhmi\u00e4 Suomessa Aalto-yliopisto, kemian ja materiaalitieteen laitos, Laskennallinen kemia (Kari Laasonen) Aalto-yliopisto, kemian ja materiaalitieteen laitos, Pehme\u00e4n aineen mallinnus (Maria Sammalkorpi) Aalto-yliopisto, kemian ja materiaalitieteen laitos, Ep\u00e4orgaaninen materiaalikemia (Antti Karttunen) Helsingin yliopisto, kemian laitos, Molekulaarinen <a class=\"read-more\" href=\"https:\/\/kemianseurat.fi\/lkj\/?page_id=22\">READ MORE<\/a><\/p>\n","protected":false},"author":2,"featured_media":0,"parent":0,"menu_order":6,"comment_status":"closed","ping_status":"closed","template":"","meta":{"footnotes":""},"class_list":["post-22","page","type-page","status-publish","hentry"],"_links":{"self":[{"href":"https:\/\/kemianseurat.fi\/lkj\/index.php?rest_route=\/wp\/v2\/pages\/22","targetHints":{"allow":["GET"]}}],"collection":[{"href":"https:\/\/kemianseurat.fi\/lkj\/index.php?rest_route=\/wp\/v2\/pages"}],"about":[{"href":"https:\/\/kemianseurat.fi\/lkj\/index.php?rest_route=\/wp\/v2\/types\/page"}],"author":[{"embeddable":true,"href":"https:\/\/kemianseurat.fi\/lkj\/index.php?rest_route=\/wp\/v2\/users\/2"}],"replies":[{"embeddable":true,"href":"https:\/\/kemianseurat.fi\/lkj\/index.php?rest_route=%2Fwp%2Fv2%2Fcomments&post=22"}],"version-history":[{"count":20,"href":"https:\/\/kemianseurat.fi\/lkj\/index.php?rest_route=\/wp\/v2\/pages\/22\/revisions"}],"predecessor-version":[{"id":182,"href":"https:\/\/kemianseurat.fi\/lkj\/index.php?rest_route=\/wp\/v2\/pages\/22\/revisions\/182"}],"wp:attachment":[{"href":"https:\/\/kemianseurat.fi\/lkj\/index.php?rest_route=%2Fwp%2Fv2%2Fmedia&parent=22"}],"curies":[{"name":"wp","href":"https:\/\/api.w.org\/{rel}","templated":true}]}}