{"id":207,"date":"2019-01-02T22:43:54","date_gmt":"2019-01-02T22:43:54","guid":{"rendered":"http:\/\/kemianseurat.fi\/lkj\/?page_id=207"},"modified":"2019-12-13T14:34:05","modified_gmt":"2019-12-13T14:34:05","slug":"gradupalkinto-2018","status":"publish","type":"page","link":"https:\/\/kemianseurat.fi\/lkj\/?page_id=207","title":{"rendered":"Gradupalkinto 2018"},"content":{"rendered":"\n<p>Suomalaisten kemistien seuran Laskennallisen kemian jaoston vuoden 2018 gradupalkinto<br> my\u00f6nnet\u00e4\u00e4n Olli Ahlstedtin diplomity\u00f6lle \u201c<em>Density functional study of hydrogen adsorption on Pt-Ni nanoclusters<\/em>\u201d. <\/p>\n\n\n\n<p>Olli Ahlstedtin diplomity\u00f6 alkaa erinomaisella johdannolla ja motivointiosuudella. Ty\u00f6 liittyy yhteiskunnallisesti hyvin ajankohtaiseen aiheeseen, vetytalouteen. Tutkielma on tehty Tampereen teknillisen yliopiston fysiikan laboratoriossa. Siin\u00e4 k\u00e4yd\u00e4\u00e4n l\u00e4pi s\u00e4hk\u00f6kemiallisen katalyysin perusteet, sek\u00e4 mallinnuksessa k\u00e4ytetyt tiheysfunktionaalimenetelm\u00e4t hyvin selke\u00e4sti ja sujuvasti. Ty\u00f6ss\u00e4 on tutkittu laskennallisen kemian menetelmill\u00e4 pienten platina-nikkeli-nanorypp\u00e4iden aktiivisuutta s\u00e4hk\u00f6kemiallisessa vedynkehitysreaktiossa. Saostamalla nikkeli\u00e4 ja platinaa voidaan v\u00e4hent\u00e4\u00e4 platinan tarvetta, mik\u00e4 on ensiarvoisen t\u00e4rke\u00e4\u00e4 platinavarantojen rajallisuuden vuoksi. Laskennallisessa osuudessa k\u00e4ytetyt mallisysteemit on kuvattu hienosti ja ty\u00f6n tulokset on k\u00e4sitelty j\u00e4rjestelm\u00e4llisesti. Tutkielma on erinomainen kokonaisuus, joka osoittaa tekij\u00e4n paitsi syv\u00e4llisen perehtyneisyyden laajaan aihealueeseen jossa laskennallisen kemian tutkimuksella on merkitt\u00e4v\u00e4 rooli, my\u00f6s kyky\u00e4 tuoda laskennallisen mallinnuksen t\u00e4rkeys esiin isossa kuvassa. <\/p>\n\n\n\n<p>Lis\u00e4tietoja ty\u00f6st\u00e4 on saatavilla osoitteesta <a href=\"https:\/\/dspace.cc.tut.fi\/dpub\/handle\/123456789\/25901\">https:\/\/dspace.cc.tut.fi\/dpub\/handle\/123456789\/25901<\/a><\/p>\n\n\n\n<h2 class=\"wp-block-heading\">Kunniamaininta 2018<\/h2>\n\n\n\n<p>Laskennallisen kemian jaosto my\u00f6nsi samassa yhteydess\u00e4 my\u00f6s kunniamaininnan ansiokkaasta lopputy\u00f6st\u00e4 Rasmus Kronbergille. Rasmus Kronbergin diplomity\u00f6 \u201c<em>Ab initio molecular dynamics simulation of the platinum\u2013water interface: Insights into structure and electrocatalytic properties<\/em>\u201d on esimerkillinen maisteritason lopputy\u00f6 laskennallisen s\u00e4hk\u00f6kemian alueelta. <\/p>\n\n\n\n<p>Ty\u00f6 on tehty Aalto-yliopiston Kemian ja materiaalitieteen laitoksella. Kirjallisuusosassa on kuvattu syv\u00e4llisesti ty\u00f6ss\u00e4 k\u00e4ytetyt tiheysfunktionaalimenetelm\u00e4t ja kuvattu selke\u00e4sti sek\u00e4 laskennallisen s\u00e4hk\u00f6kemian avaink\u00e4sitteet ett\u00e4 ty\u00f6ss\u00e4 k\u00e4ytett\u00e4v\u00e4t mallisysteemit. Ty\u00f6n laskennallinen osuus k\u00e4sittelee platina-vesi -rajapintaa, joka on hyvin keskeisess\u00e4 roolissa esimerkiksi s\u00e4hk\u00f6kemiallisen vedynkehitysreaktion tehokkuuden parantamisessa. Ty\u00f6ss\u00e4 on saavutettu uusia tieteellisi\u00e4 tuloksia, joita on onnistuneesti verrattu kokeellisiin havaintoihin. Ty\u00f6 kytkeytyy yhteiskunnallisesti eritt\u00e4in ajankohtaiseen aiheeseen, vetytalouteen, ja se on hieno esimerkki aihealueesta, miss\u00e4 laskennallisen kemian tutkimus on avainroolissa kokeellisten havaintojen selitt\u00e4misess\u00e4 ja uusien materiaalien kehitysty\u00f6ss\u00e4.<\/p>\n\n\n\n<p>Lis\u00e4tietoja ty\u00f6st\u00e4 on saatavilla osoitteesta <a href=\"https:\/\/aaltodoc.aalto.fi\/handle\/123456789\/33668\">https:\/\/aaltodoc.aalto.fi\/handle\/123456789\/33668<\/a><\/p>\n\n\n\n<figure class=\"wp-block-image\"><img loading=\"lazy\" decoding=\"async\" width=\"1024\" height=\"742\" src=\"http:\/\/kemianseurat.fi\/lkj\/wp-content\/uploads\/2019\/01\/IMG_20181212_134523_resized_20181212_014656266-1024x742.jpg\" alt=\"\" class=\"wp-image-208\" srcset=\"https:\/\/kemianseurat.fi\/lkj\/wp-content\/uploads\/2019\/01\/IMG_20181212_134523_resized_20181212_014656266.jpg 1024w, https:\/\/kemianseurat.fi\/lkj\/wp-content\/uploads\/2019\/01\/IMG_20181212_134523_resized_20181212_014656266-300x217.jpg 300w, https:\/\/kemianseurat.fi\/lkj\/wp-content\/uploads\/2019\/01\/IMG_20181212_134523_resized_20181212_014656266-768x557.jpg 768w\" sizes=\"auto, (max-width: 1024px) 100vw, 1024px\" \/><figcaption><br>Palkinnonjakotilaisuus jaoston vuosikokouksessa 2018. Kuvassa vasemmalta Maria Sammalkorpi, Antti Karttunen, Rasmus Kronberg ja  Susi Lehtola.  Kuvaaja: Atte Sillanp\u00e4\u00e4<\/figcaption><\/figure>\n\n\n\n<p><\/p>\n","protected":false},"excerpt":{"rendered":"<p>Suomalaisten kemistien seuran Laskennallisen kemian jaoston vuoden 2018 gradupalkinto my\u00f6nnet\u00e4\u00e4n Olli Ahlstedtin diplomity\u00f6lle \u201cDensity functional study of hydrogen adsorption on Pt-Ni nanoclusters\u201d. Olli Ahlstedtin diplomity\u00f6 alkaa erinomaisella johdannolla ja motivointiosuudella. Ty\u00f6 liittyy yhteiskunnallisesti hyvin ajankohtaiseen aiheeseen, vetytalouteen. Tutkielma on tehty Tampereen teknillisen yliopiston fysiikan laboratoriossa. Siin\u00e4 k\u00e4yd\u00e4\u00e4n l\u00e4pi s\u00e4hk\u00f6kemiallisen katalyysin perusteet, sek\u00e4 mallinnuksessa k\u00e4ytetyt tiheysfunktionaalimenetelm\u00e4t <a class=\"read-more\" href=\"https:\/\/kemianseurat.fi\/lkj\/?page_id=207\">READ MORE<\/a><\/p>\n","protected":false},"author":2,"featured_media":0,"parent":36,"menu_order":995,"comment_status":"closed","ping_status":"closed","template":"","meta":{"footnotes":""},"class_list":["post-207","page","type-page","status-publish","hentry"],"_links":{"self":[{"href":"https:\/\/kemianseurat.fi\/lkj\/index.php?rest_route=\/wp\/v2\/pages\/207","targetHints":{"allow":["GET"]}}],"collection":[{"href":"https:\/\/kemianseurat.fi\/lkj\/index.php?rest_route=\/wp\/v2\/pages"}],"about":[{"href":"https:\/\/kemianseurat.fi\/lkj\/index.php?rest_route=\/wp\/v2\/types\/page"}],"author":[{"embeddable":true,"href":"https:\/\/kemianseurat.fi\/lkj\/index.php?rest_route=\/wp\/v2\/users\/2"}],"replies":[{"embeddable":true,"href":"https:\/\/kemianseurat.fi\/lkj\/index.php?rest_route=%2Fwp%2Fv2%2Fcomments&post=207"}],"version-history":[{"count":1,"href":"https:\/\/kemianseurat.fi\/lkj\/index.php?rest_route=\/wp\/v2\/pages\/207\/revisions"}],"predecessor-version":[{"id":209,"href":"https:\/\/kemianseurat.fi\/lkj\/index.php?rest_route=\/wp\/v2\/pages\/207\/revisions\/209"}],"up":[{"embeddable":true,"href":"https:\/\/kemianseurat.fi\/lkj\/index.php?rest_route=\/wp\/v2\/pages\/36"}],"wp:attachment":[{"href":"https:\/\/kemianseurat.fi\/lkj\/index.php?rest_route=%2Fwp%2Fv2%2Fmedia&parent=207"}],"curies":[{"name":"wp","href":"https:\/\/api.w.org\/{rel}","templated":true}]}}