{"id":20,"date":"2014-04-28T17:01:35","date_gmt":"2014-04-28T17:01:35","guid":{"rendered":"http:\/\/kemianseurat.fi\/lkj\/?page_id=20"},"modified":"2025-12-17T20:24:34","modified_gmt":"2025-12-17T20:24:34","slug":"liity-jaseneksi","status":"publish","type":"page","link":"https:\/\/kemianseurat.fi\/lkj\/?page_id=20","title":{"rendered":"Liity j\u00e4seneksi"},"content":{"rendered":"<p>Jaoston j\u00e4seniksi voidaan hyv\u00e4ksy\u00e4 sek\u00e4 Suomen Kemian Seuran j\u00e4senj\u00e4rjest\u00f6jen j\u00e4seni\u00e4 ett\u00e4 muita laskennallisesta kemiasta kiinnostuneita henkil\u00f6it\u00e4. Jaosto ei ker\u00e4\u00e4 j\u00e4senilt\u00e4\u00e4n j\u00e4senmaksuja. Jaostoon s\u00e4hk\u00f6postilistalle voi liitty\u00e4 <a href=\"https:\/\/groups.google.com\/g\/finnish-computational-chemistry-section\">t\u00e4st\u00e4 linkist\u00e4<\/a> tai l\u00e4hett\u00e4m\u00e4ll\u00e4 s\u00e4hk\u00f6postia jaoston sihteerille (ks. <a style=\"color: #666699;\" title=\"Hallitus\" href=\"http:\/\/kemianseurat.fi\/lkj\/?page_id=14\">hallitus<\/a>). Liit\u00e4 s\u00e4hk\u00f6postiin yhteystietosi (v\u00e4hint\u00e4\u00e4n nimi ja s\u00e4hk\u00f6postiosoite) sek\u00e4 halutessasi my\u00f6s lyhyt kuvaus sinua kiinnostavista, laskennalliseen kemiaan liittyvist\u00e4 teemoista.<\/p>\n<p style=\"color: #333333;\">Tervetuloa mukaan laskennallisen kemian pariin!<\/p>\n","protected":false},"excerpt":{"rendered":"<p>Jaoston j\u00e4seniksi voidaan hyv\u00e4ksy\u00e4 sek\u00e4 Suomen Kemian Seuran j\u00e4senj\u00e4rjest\u00f6jen j\u00e4seni\u00e4 ett\u00e4 muita laskennallisesta kemiasta kiinnostuneita henkil\u00f6it\u00e4. Jaosto ei ker\u00e4\u00e4 j\u00e4senilt\u00e4\u00e4n j\u00e4senmaksuja. Jaostoon s\u00e4hk\u00f6postilistalle voi liitty\u00e4 t\u00e4st\u00e4 linkist\u00e4 tai l\u00e4hett\u00e4m\u00e4ll\u00e4 s\u00e4hk\u00f6postia jaoston sihteerille (ks. hallitus). Liit\u00e4 s\u00e4hk\u00f6postiin yhteystietosi (v\u00e4hint\u00e4\u00e4n nimi ja s\u00e4hk\u00f6postiosoite) sek\u00e4 halutessasi my\u00f6s lyhyt kuvaus sinua kiinnostavista, laskennalliseen kemiaan liittyvist\u00e4 teemoista. Tervetuloa mukaan laskennallisen <a class=\"read-more\" href=\"https:\/\/kemianseurat.fi\/lkj\/?page_id=20\">READ MORE<\/a><\/p>\n","protected":false},"author":2,"featured_media":0,"parent":0,"menu_order":5,"comment_status":"closed","ping_status":"closed","template":"","meta":{"footnotes":""},"class_list":["post-20","page","type-page","status-publish","hentry"],"_links":{"self":[{"href":"https:\/\/kemianseurat.fi\/lkj\/index.php?rest_route=\/wp\/v2\/pages\/20","targetHints":{"allow":["GET"]}}],"collection":[{"href":"https:\/\/kemianseurat.fi\/lkj\/index.php?rest_route=\/wp\/v2\/pages"}],"about":[{"href":"https:\/\/kemianseurat.fi\/lkj\/index.php?rest_route=\/wp\/v2\/types\/page"}],"author":[{"embeddable":true,"href":"https:\/\/kemianseurat.fi\/lkj\/index.php?rest_route=\/wp\/v2\/users\/2"}],"replies":[{"embeddable":true,"href":"https:\/\/kemianseurat.fi\/lkj\/index.php?rest_route=%2Fwp%2Fv2%2Fcomments&post=20"}],"version-history":[{"count":3,"href":"https:\/\/kemianseurat.fi\/lkj\/index.php?rest_route=\/wp\/v2\/pages\/20\/revisions"}],"predecessor-version":[{"id":492,"href":"https:\/\/kemianseurat.fi\/lkj\/index.php?rest_route=\/wp\/v2\/pages\/20\/revisions\/492"}],"wp:attachment":[{"href":"https:\/\/kemianseurat.fi\/lkj\/index.php?rest_route=%2Fwp%2Fv2%2Fmedia&parent=20"}],"curies":[{"name":"wp","href":"https:\/\/api.w.org\/{rel}","templated":true}]}}