{"id":173,"date":"2017-12-30T21:43:22","date_gmt":"2017-12-30T21:43:22","guid":{"rendered":"http:\/\/kemianseurat.fi\/lkj\/?page_id=173"},"modified":"2017-12-30T21:46:40","modified_gmt":"2017-12-30T21:46:40","slug":"gradupalkinto-2014","status":"publish","type":"page","link":"https:\/\/kemianseurat.fi\/lkj\/?page_id=173","title":{"rendered":"Gradupalkinto 2014"},"content":{"rendered":"<p>Suomalaisten kemistien seuran Laskennallisen kemian jaoston vuoden 2014 gradupalkinto my\u00f6nnet\u00e4\u00e4n FM Elias Toivasen Pro Gradu -tutkielmalle &#8221;Grid-based Fast Multipole Method &#8211; a fully numerical scheme for evaluating two-electron integrals&#8221;.<\/p>\n<p>Helsingin yliopiston kemian laitoksella tehty ty\u00f6 k\u00e4sittelee kvanttikemiallisissa elektronirakennelaskuissa esiintyvien kahden elektronin repulsiointegraalien laskemista uudentyyppisell\u00e4 numeerisella menetelm\u00e4ll\u00e4. Aihe liittyy massiivisesti rinnakkaisten laskentaohjelmistojen kehitt\u00e4miseen. Kehitetty hilapohjainen menetelm\u00e4 on l\u00e4ht\u00f6kohtaisesti rinnakkaistettavissa eritt\u00e4in tehokkaasti hyvin suurille prosessorim\u00e4\u00e4rille. Se eroaakin edukseen nyky\u00e4\u00e4n k\u00e4yt\u00f6ss\u00e4 olevista laskentamenetelmist\u00e4, joiden soveltuvuus supertietokonelaskentaan on yleens\u00e4 huono.<\/p>\n<p>Kyseess\u00e4 on eritt\u00e4in korkeatasoinen laskennallisen kemian gradu, joka sis\u00e4lt\u00e4\u00e4 vaativaa menetelm\u00e4nkehitysty\u00f6t\u00e4 l\u00e4htien perusteoriasta aina k\u00e4ytt\u00f6kelpoisen koodin kirjoittamiseen asti.<br \/>\nGradu on saatavilla my\u00f6s verkosta osoitteesta <a href=\"http:\/\/hdl.handle.net\/10138\/136535\" target=\"_blank\" rel=\"noopener\">http:\/\/hdl.handle.net\/10138\/136535<\/a><\/p>\n<figure id=\"attachment_50\" aria-describedby=\"caption-attachment-50\" style=\"width: 800px\" class=\"wp-caption alignnone\"><a href=\"http:\/\/kemianseurat.fi\/lkj\/wp-content\/uploads\/2014\/08\/Gradupalkinto2014.jpg\"><img loading=\"lazy\" decoding=\"async\" class=\"wp-image-50 size-full\" src=\"http:\/\/kemianseurat.fi\/lkj\/wp-content\/uploads\/2014\/08\/Gradupalkinto2014.jpg\" alt=\"Gradupalkinto2014\" width=\"800\" height=\"508\" srcset=\"https:\/\/kemianseurat.fi\/lkj\/wp-content\/uploads\/2014\/08\/Gradupalkinto2014.jpg 800w, https:\/\/kemianseurat.fi\/lkj\/wp-content\/uploads\/2014\/08\/Gradupalkinto2014-300x190.jpg 300w\" sizes=\"auto, (max-width: 800px) 100vw, 800px\" \/><\/a><figcaption id=\"caption-attachment-50\" class=\"wp-caption-text\">Palkinnonjakotilaisuus jaoston vuosikokouksessa 2014.\u00a0Kuvassa vasemmalta Mikael Johansson, Antti Karttunen, Elias Toivanen ja Nino Runeberg.\u00a0Kuvaaja:\u00a0Michael Patzschke.<\/figcaption><\/figure>\n","protected":false},"excerpt":{"rendered":"<p>Suomalaisten kemistien seuran Laskennallisen kemian jaoston vuoden 2014 gradupalkinto my\u00f6nnet\u00e4\u00e4n FM Elias Toivasen Pro Gradu -tutkielmalle &#8221;Grid-based Fast Multipole Method &#8211; a fully numerical scheme for evaluating two-electron integrals&#8221;. Helsingin yliopiston kemian laitoksella tehty ty\u00f6 k\u00e4sittelee kvanttikemiallisissa elektronirakennelaskuissa esiintyvien kahden elektronin repulsiointegraalien laskemista uudentyyppisell\u00e4 numeerisella menetelm\u00e4ll\u00e4. Aihe liittyy massiivisesti rinnakkaisten laskentaohjelmistojen kehitt\u00e4miseen. Kehitetty hilapohjainen menetelm\u00e4 <a class=\"read-more\" href=\"https:\/\/kemianseurat.fi\/lkj\/?page_id=173\">READ MORE<\/a><\/p>\n","protected":false},"author":2,"featured_media":0,"parent":36,"menu_order":999,"comment_status":"closed","ping_status":"closed","template":"","meta":{"footnotes":""},"class_list":["post-173","page","type-page","status-publish","hentry"],"_links":{"self":[{"href":"https:\/\/kemianseurat.fi\/lkj\/index.php?rest_route=\/wp\/v2\/pages\/173","targetHints":{"allow":["GET"]}}],"collection":[{"href":"https:\/\/kemianseurat.fi\/lkj\/index.php?rest_route=\/wp\/v2\/pages"}],"about":[{"href":"https:\/\/kemianseurat.fi\/lkj\/index.php?rest_route=\/wp\/v2\/types\/page"}],"author":[{"embeddable":true,"href":"https:\/\/kemianseurat.fi\/lkj\/index.php?rest_route=\/wp\/v2\/users\/2"}],"replies":[{"embeddable":true,"href":"https:\/\/kemianseurat.fi\/lkj\/index.php?rest_route=%2Fwp%2Fv2%2Fcomments&post=173"}],"version-history":[{"count":2,"href":"https:\/\/kemianseurat.fi\/lkj\/index.php?rest_route=\/wp\/v2\/pages\/173\/revisions"}],"predecessor-version":[{"id":178,"href":"https:\/\/kemianseurat.fi\/lkj\/index.php?rest_route=\/wp\/v2\/pages\/173\/revisions\/178"}],"up":[{"embeddable":true,"href":"https:\/\/kemianseurat.fi\/lkj\/index.php?rest_route=\/wp\/v2\/pages\/36"}],"wp:attachment":[{"href":"https:\/\/kemianseurat.fi\/lkj\/index.php?rest_route=%2Fwp%2Fv2%2Fmedia&parent=173"}],"curies":[{"name":"wp","href":"https:\/\/api.w.org\/{rel}","templated":true}]}}