{"id":171,"date":"2017-12-30T21:42:22","date_gmt":"2017-12-30T21:42:22","guid":{"rendered":"http:\/\/kemianseurat.fi\/lkj\/?page_id=171"},"modified":"2017-12-30T21:46:27","modified_gmt":"2017-12-30T21:46:27","slug":"gradupalkinto-2015","status":"publish","type":"page","link":"https:\/\/kemianseurat.fi\/lkj\/?page_id=171","title":{"rendered":"Gradupalkinto 2015"},"content":{"rendered":"<p>Suomalaisten kemistien seuran Laskennallisen kemian jaoston vuoden 2015 gradupalkinto my\u00f6nnet\u00e4\u00e4n DI\u00a0Sampsa Vierroksen\u00a0diplomity\u00f6lle &#8221;Fosfolipidik\u00e4\u00e4nteismisellien molekyylidynaaminen karakterisointi&#8221;.<\/p>\n<p>Diplomity\u00f6 k\u00e4sittelee geeliytyvi\u00e4 fosfolipidej\u00e4 ja se on tehty Aalto-yliopiston kemian laitoksen Itsej\u00e4rjest\u00e4ytyvien molekyylimateriaalien tutkimusryhm\u00e4ss\u00e4. Tutkimusmenetelm\u00e4n\u00e4 on k\u00e4ytetty klassista molekyylidynamiikkaa. Ty\u00f6ss\u00e4 on tutkittu erityisesti organogeelej\u00e4, joilla on lupaavia sovelluksia mm. huokoisten ja pitkulaisten nanomateriaalien valmistuksessa sek\u00e4 l\u00e4\u00e4keaineiden annostelussa. Ty\u00f6ss\u00e4 on k\u00e4sitelty sujuvasti ja kattavasti fosfolipidien rakennetta ja ominaisuuksia sek\u00e4 k\u00e4ytettyj\u00e4 simulaatio- ja analyysimenetelmi\u00e4. Simulaatioiden yksityiskohdat ja rajoitukset sek\u00e4 k\u00e4ytetyt mallit on kuvattu eritt\u00e4in hyv\u00e4ll\u00e4 tarkkuudella. Kokeellisessa osuudessa ty\u00f6n tuloksia analysoidaan monipuolisesti.<\/p>\n<p>Ty\u00f6ss\u00e4 osoitetaan, ett\u00e4 alan tutkimuksessa hyvin yleisesti k\u00e4ytetty voimakentt\u00e4 ei itseasiassa sovellu orgaanisissa liuoksissa oleville lipideille ja my\u00f6s vesiliuoksissa havaittu hyv\u00e4 suorituskyky voi johtua virheiden kumoutumisesta. N\u00e4m\u00e4 johtop\u00e4\u00e4t\u00f6kset ovat yleisesti merkitt\u00e4vi\u00e4 fosfolipidien molekyylidynaamisen tutkimuksen kannalta. Lis\u00e4tietoja diplomity\u00f6st\u00e4 on saatavilla osoitteesta\u00a0<a href=\"https:\/\/aaltodoc.aalto.fi\/handle\/123456789\/14233\">https:\/\/aaltodoc.aalto.fi\/handle\/123456789\/14233<\/a><\/p>\n<figure id=\"attachment_106\" aria-describedby=\"caption-attachment-106\" style=\"width: 795px\" class=\"wp-caption alignnone\"><a href=\"http:\/\/kemianseurat.fi\/lkj\/wp-content\/uploads\/2014\/08\/Gradupalkinto_2015.jpg\"><img loading=\"lazy\" decoding=\"async\" class=\"wp-image-106 size-full\" src=\"http:\/\/kemianseurat.fi\/lkj\/wp-content\/uploads\/2014\/08\/Gradupalkinto_2015.jpg\" alt=\"Gradupalkinto_2015\" width=\"795\" height=\"519\" srcset=\"https:\/\/kemianseurat.fi\/lkj\/wp-content\/uploads\/2014\/08\/Gradupalkinto_2015.jpg 795w, https:\/\/kemianseurat.fi\/lkj\/wp-content\/uploads\/2014\/08\/Gradupalkinto_2015-300x196.jpg 300w\" sizes=\"auto, (max-width: 795px) 100vw, 795px\" \/><\/a><figcaption id=\"caption-attachment-106\" class=\"wp-caption-text\">Palkinnonjakotilaisuus jaoston vuosikokouksessa 2015. Kuvassa vasemmalta Mikael Johansson, Antti Karttunen, Sampsa Vierros ja Nino Runeberg. Kuvaaja: Markus Rauhalahti.<\/figcaption><\/figure>\n","protected":false},"excerpt":{"rendered":"<p>Suomalaisten kemistien seuran Laskennallisen kemian jaoston vuoden 2015 gradupalkinto my\u00f6nnet\u00e4\u00e4n DI\u00a0Sampsa Vierroksen\u00a0diplomity\u00f6lle &#8221;Fosfolipidik\u00e4\u00e4nteismisellien molekyylidynaaminen karakterisointi&#8221;. Diplomity\u00f6 k\u00e4sittelee geeliytyvi\u00e4 fosfolipidej\u00e4 ja se on tehty Aalto-yliopiston kemian laitoksen Itsej\u00e4rjest\u00e4ytyvien molekyylimateriaalien tutkimusryhm\u00e4ss\u00e4. Tutkimusmenetelm\u00e4n\u00e4 on k\u00e4ytetty klassista molekyylidynamiikkaa. Ty\u00f6ss\u00e4 on tutkittu erityisesti organogeelej\u00e4, joilla on lupaavia sovelluksia mm. huokoisten ja pitkulaisten nanomateriaalien valmistuksessa sek\u00e4 l\u00e4\u00e4keaineiden annostelussa. Ty\u00f6ss\u00e4 on k\u00e4sitelty <a class=\"read-more\" href=\"https:\/\/kemianseurat.fi\/lkj\/?page_id=171\">READ MORE<\/a><\/p>\n","protected":false},"author":2,"featured_media":0,"parent":36,"menu_order":998,"comment_status":"closed","ping_status":"closed","template":"","meta":{"footnotes":""},"class_list":["post-171","page","type-page","status-publish","hentry"],"_links":{"self":[{"href":"https:\/\/kemianseurat.fi\/lkj\/index.php?rest_route=\/wp\/v2\/pages\/171","targetHints":{"allow":["GET"]}}],"collection":[{"href":"https:\/\/kemianseurat.fi\/lkj\/index.php?rest_route=\/wp\/v2\/pages"}],"about":[{"href":"https:\/\/kemianseurat.fi\/lkj\/index.php?rest_route=\/wp\/v2\/types\/page"}],"author":[{"embeddable":true,"href":"https:\/\/kemianseurat.fi\/lkj\/index.php?rest_route=\/wp\/v2\/users\/2"}],"replies":[{"embeddable":true,"href":"https:\/\/kemianseurat.fi\/lkj\/index.php?rest_route=%2Fwp%2Fv2%2Fcomments&post=171"}],"version-history":[{"count":2,"href":"https:\/\/kemianseurat.fi\/lkj\/index.php?rest_route=\/wp\/v2\/pages\/171\/revisions"}],"predecessor-version":[{"id":177,"href":"https:\/\/kemianseurat.fi\/lkj\/index.php?rest_route=\/wp\/v2\/pages\/171\/revisions\/177"}],"up":[{"embeddable":true,"href":"https:\/\/kemianseurat.fi\/lkj\/index.php?rest_route=\/wp\/v2\/pages\/36"}],"wp:attachment":[{"href":"https:\/\/kemianseurat.fi\/lkj\/index.php?rest_route=%2Fwp%2Fv2%2Fmedia&parent=171"}],"curies":[{"name":"wp","href":"https:\/\/api.w.org\/{rel}","templated":true}]}}