{"id":169,"date":"2017-12-30T21:41:15","date_gmt":"2017-12-30T21:41:15","guid":{"rendered":"http:\/\/kemianseurat.fi\/lkj\/?page_id=169"},"modified":"2017-12-30T21:46:10","modified_gmt":"2017-12-30T21:46:10","slug":"gradupalkinto-2016","status":"publish","type":"page","link":"https:\/\/kemianseurat.fi\/lkj\/?page_id=169","title":{"rendered":"Gradupalkinto 2016"},"content":{"rendered":"<p>Suomalaisten kemistien seuran Laskennallisen kemian jaoston vuoden 2016 gradupalkinto my\u00f6nnet\u00e4\u00e4n FM\u00a0Mira Ahingon\u00a0pro gradu -tutkielmalle \u201cLuotettava laskennallinen menetelm\u00e4 sytokromi P450 alatyypin 2A6 katalysoimien pienmolekyylien metaboliakohtien ennustukseen\u201d.<\/p>\n<p>Mira Ahingon pro gradu -tutkielma liittyy aihepiirilt\u00e4\u00e4n laskennalliseen l\u00e4\u00e4keainekehitykseen. Tutkielma on tehty Jyv\u00e4skyl\u00e4n yliopiston Bio- ja ymp\u00e4rist\u00f6tieteiden laitoksen Laskennallisen biotieteen tutkimusryhm\u00e4ss\u00e4. Tutkimuksen tavoitteena oli kehitt\u00e4\u00e4 tarkka, nopea ja aiempaa luotettavampi laskennallinen menetelm\u00e4, jolla voidaan mallintaa sytokromi P450 -entsyymin yhden alatyypin toimintaa ihmisen vierasainemetaboliassa. Ty\u00f6n johdanto- ja kirjallisuusosuus osoittavat erinomaista kokonaiskuvan hallintaa tutkittavan entsyymin, sen sitoutumistaskujen toiminnan ja laskennallisen mallintamisen suhteen. Tutkitut proteiinirakenteet on valittu huolellisesti ja valintakriteerit on kuvattu selke\u00e4sti. K\u00e4ytettyj\u00e4 malleja ja laskennallisia ennusteita k\u00e4sitell\u00e4\u00e4n kriittisesti ja tiedostaen samalla menetelmien rajoitukset.<\/p>\n<p>Ty\u00f6ss\u00e4 kehitetyill\u00e4 uusilla laskennallisilla menetelmill\u00e4 saavutettiin selv\u00e4 parannus alan olemassa oleviin menetelmiin. Kehitetty\u00e4 menetelm\u00e4\u00e4 voidaan k\u00e4ytt\u00e4\u00e4 yhdess\u00e4 muiden laskennallisten tai kokeellisten mallien kanssa esimerkiksi l\u00e4\u00e4keainekandidaattien rakenteen optimointiin ja siten l\u00e4\u00e4kehoidon vaikuttavuuden parantamiseen. Lis\u00e4tietoja ty\u00f6st\u00e4 on saatavilla osoitteesta\u00a0<a href=\"http:\/\/urn.fi\/URN:NBN:fi:jyu-201606203212\">http:\/\/urn.fi\/URN:NBN:fi:jyu-201606203212<\/a><\/p>\n<h1>Kunniamaininta 2016<\/h1>\n<p>Laskennallisen kemian jaosto my\u00f6nsi\u00a0samassa yhteydess\u00e4 my\u00f6s kunniamaininnan ansiokkaasta lopputy\u00f6st\u00e4 FM Maria Dimitrovalle. Maria Dimitrovan pro gradu -tutkielma \u201dDensity functional theory studies of the interactions of 1-butyl-3-methylimidazolium chloride with xenon\u201d on hieno esimerkki laadukkaasta kvanttikemian pro gradu -tutkielmasta. Ty\u00f6 on tehty Helsingin yliopiston kemian laitoksen teoreettisen ja laskennallisen kemian tutkimusryhm\u00e4ss\u00e4. Kirjallisuusosassa ty\u00f6n aihepiiri ja k\u00e4ytetyt laskentamenetelm\u00e4t on esitetty selke\u00e4sti ja kattavasti. Kokeellisen osan tulokset on kuvattu huolellisesti ja analyysist\u00e4 n\u00e4kyy, ett\u00e4 tekij\u00e4ll\u00e4 on hyv\u00e4 ymm\u00e4rrys aihepiirist\u00e4 ja siit\u00e4, mitk\u00e4 ovat k\u00e4ytettyjen laskentamenetelmien rajoitteet. Ty\u00f6n tulokset auttavat ymm\u00e4rt\u00e4m\u00e4\u00e4n paremmin molekyylienv\u00e4lisi\u00e4 vuorovaikutuksia ionisissa nesteiss\u00e4, joilla on lukuisia teollisia sovellutuksia. Lis\u00e4tietoja tutkielmasta on saatavilla osoitteesta\u00a0<a href=\"http:\/\/hdl.handle.net\/10138\/167511\">http:\/\/hdl.handle.net\/10138\/167511<\/a><\/p>\n<figure id=\"attachment_142\" aria-describedby=\"caption-attachment-142\" style=\"width: 1346px\" class=\"wp-caption alignnone\"><a href=\"http:\/\/kemianseurat.fi\/lkj\/wp-content\/uploads\/2014\/08\/gradupalkinto2016_web.jpg\"><img loading=\"lazy\" decoding=\"async\" class=\"wp-image-142 size-full\" src=\"http:\/\/kemianseurat.fi\/lkj\/wp-content\/uploads\/2014\/08\/gradupalkinto2016_web.jpg\" alt=\"\" width=\"1346\" height=\"929\" srcset=\"https:\/\/kemianseurat.fi\/lkj\/wp-content\/uploads\/2014\/08\/gradupalkinto2016_web.jpg 1346w, https:\/\/kemianseurat.fi\/lkj\/wp-content\/uploads\/2014\/08\/gradupalkinto2016_web-300x207.jpg 300w, https:\/\/kemianseurat.fi\/lkj\/wp-content\/uploads\/2014\/08\/gradupalkinto2016_web-768x530.jpg 768w, https:\/\/kemianseurat.fi\/lkj\/wp-content\/uploads\/2014\/08\/gradupalkinto2016_web-1024x707.jpg 1024w\" sizes=\"auto, (max-width: 1346px) 100vw, 1346px\" \/><\/a><figcaption id=\"caption-attachment-142\" class=\"wp-caption-text\">Palkinnonjakotilaisuus jaoston vuosikokouksessa 2016. Kuvassa vasemmalta Maria Sammalkorpi, Nino Runeberg, Antti Karttunen, Mira Ahinko ja Mikael Johansson. Kuvaaja: Jarno Linnera.<\/figcaption><\/figure>\n","protected":false},"excerpt":{"rendered":"<p>Suomalaisten kemistien seuran Laskennallisen kemian jaoston vuoden 2016 gradupalkinto my\u00f6nnet\u00e4\u00e4n FM\u00a0Mira Ahingon\u00a0pro gradu -tutkielmalle \u201cLuotettava laskennallinen menetelm\u00e4 sytokromi P450 alatyypin 2A6 katalysoimien pienmolekyylien metaboliakohtien ennustukseen\u201d. Mira Ahingon pro gradu -tutkielma liittyy aihepiirilt\u00e4\u00e4n laskennalliseen l\u00e4\u00e4keainekehitykseen. Tutkielma on tehty Jyv\u00e4skyl\u00e4n yliopiston Bio- ja ymp\u00e4rist\u00f6tieteiden laitoksen Laskennallisen biotieteen tutkimusryhm\u00e4ss\u00e4. Tutkimuksen tavoitteena oli kehitt\u00e4\u00e4 tarkka, nopea ja aiempaa luotettavampi <a class=\"read-more\" href=\"https:\/\/kemianseurat.fi\/lkj\/?page_id=169\">READ MORE<\/a><\/p>\n","protected":false},"author":2,"featured_media":0,"parent":36,"menu_order":997,"comment_status":"closed","ping_status":"closed","template":"","meta":{"footnotes":""},"class_list":["post-169","page","type-page","status-publish","hentry"],"_links":{"self":[{"href":"https:\/\/kemianseurat.fi\/lkj\/index.php?rest_route=\/wp\/v2\/pages\/169","targetHints":{"allow":["GET"]}}],"collection":[{"href":"https:\/\/kemianseurat.fi\/lkj\/index.php?rest_route=\/wp\/v2\/pages"}],"about":[{"href":"https:\/\/kemianseurat.fi\/lkj\/index.php?rest_route=\/wp\/v2\/types\/page"}],"author":[{"embeddable":true,"href":"https:\/\/kemianseurat.fi\/lkj\/index.php?rest_route=\/wp\/v2\/users\/2"}],"replies":[{"embeddable":true,"href":"https:\/\/kemianseurat.fi\/lkj\/index.php?rest_route=%2Fwp%2Fv2%2Fcomments&post=169"}],"version-history":[{"count":2,"href":"https:\/\/kemianseurat.fi\/lkj\/index.php?rest_route=\/wp\/v2\/pages\/169\/revisions"}],"predecessor-version":[{"id":176,"href":"https:\/\/kemianseurat.fi\/lkj\/index.php?rest_route=\/wp\/v2\/pages\/169\/revisions\/176"}],"up":[{"embeddable":true,"href":"https:\/\/kemianseurat.fi\/lkj\/index.php?rest_route=\/wp\/v2\/pages\/36"}],"wp:attachment":[{"href":"https:\/\/kemianseurat.fi\/lkj\/index.php?rest_route=%2Fwp%2Fv2%2Fmedia&parent=169"}],"curies":[{"name":"wp","href":"https:\/\/api.w.org\/{rel}","templated":true}]}}