{"id":166,"date":"2017-12-30T21:37:57","date_gmt":"2017-12-30T21:37:57","guid":{"rendered":"http:\/\/kemianseurat.fi\/lkj\/?page_id=166"},"modified":"2019-12-13T14:34:11","modified_gmt":"2019-12-13T14:34:11","slug":"gradupalkinto-2017","status":"publish","type":"page","link":"https:\/\/kemianseurat.fi\/lkj\/?page_id=166","title":{"rendered":"Gradupalkinto 2017"},"content":{"rendered":"<p>Suomalaisten kemistien seuran Laskennallisen kemian jaoston Vuoden 2017 gradupalkinto my\u00f6nnet\u00e4\u00e4n DI Tapio Peltomaan diplomity\u00f6lle \u201c<em>Parametrization of force fields for molecular dynamics simulations of organic solar cell polymers<\/em>\u201d.<\/p>\n<p>Tapio Peltomaan diplomity\u00f6 liittyy voimakentt\u00e4kehitykseen polymeerimallinnuksessa. Tutkielma on tehty Tampereen teknillisen yliopiston Kemian ja biotekniikan laboratoriossa. Tutkimuksen tavoitteena oli luoda ja verifioida uusi laskennallinen vuorovaikutusmalli, jolla voidaan mallintaa muun muassa polymeeriaurinkokennoissa k\u00e4ytetyn PBDT-TPD-polymeerin k\u00e4ytt\u00e4ytymist\u00e4. Tutkielmassa tehty uuden vuorovaikutusmallin systemaattinen parametrisointi on teknisesti varsin haastavaa ja Peltomaan ty\u00f6 osoittaa kokonaisuutena perustavaa laatua olevaa ymm\u00e4rryst\u00e4 aihealueesta sek\u00e4 erinomaista toteutusta. Ty\u00f6n johdanto- ja kirjallisuusosuuksista n\u00e4kyy vahva sek\u00e4 klassisen molekyylimallinnuksen ett\u00e4 parametrisointiin tarvittavan kvanttikemiallisen laskennan menetelm\u00e4kent\u00e4n hallinta. Ty\u00f6 on edellytt\u00e4nyt paitsi vahvaa osaamista kohteena olevan polymeerisysteemin mallinnuksesta, my\u00f6s kyky\u00e4 k\u00e4ytt\u00e4\u00e4 menestyksekk\u00e4\u00e4sti menetelm\u00e4kehitystason analysointity\u00f6kaluja sek\u00e4 k\u00e4sitell\u00e4 onnistuneesti ja yksik\u00e4sitteiseen ratkaisuun p\u00e4\u00e4tyen t\u00e4llaista vuorovaikutusmallia kehitett\u00e4ess\u00e4 syntyv\u00e4 haasteellinen data.<\/p>\n<p>Ty\u00f6ss\u00e4 kehitettiin vuorovaikutusmalli PBDT-TPD-polymeerin k\u00e4ytt\u00e4ytymisen mallintamiseen. Vuorovaikutusmallin kehitysty\u00f6n sovellutuskohde on erityisesti tietyntyyppisten orgaanisten aurinkokennojen PBDT-TPD-kerrosten rakennetason mallintaminen mutta t\u00e4llaisella vuorovaikutusmallin parametrisointity\u00f6ll\u00e4 on my\u00f6s laajempi k\u00e4ytt\u00f6alue, koska kehitetty\u00e4 mallia voi hy\u00f6dynt\u00e4\u00e4 my\u00f6s muiden, samantapaisia rakenneosia sis\u00e4lt\u00e4vien polymeerien malleissa.<\/p>\n<p>Lis\u00e4tietoja ty\u00f6st\u00e4 on saatavilla osoitteesta <a href=\"http:\/\/URN.fi\/URN:NBN:fi:tty-201708241725\">http:\/\/URN.fi\/URN:NBN:fi:tty-201708241725<\/a><\/p>\n<h1>Kunniamaininta 2017<\/h1>\n<p>Laskennallisen kemian jaosto my\u00f6nsi\u00a0samassa yhteydess\u00e4 my\u00f6s kunniamaininnan ansiokkaasta lopputy\u00f6st\u00e4 DI Outi Haapaselle. Outi Haapasen diplomity\u00f6 \u201d<em>Proton translocation channels in respiratory complex I probed by molecular dynamics simulations<\/em>\u201d on esimerkillinen biomolekulaarisen mallinnuksen alan maisteritason lopputy\u00f6. Ty\u00f6 on tehty Tampereen teknillisen yliopiston biologisen fysiikan ja pehme\u00e4n aineen tutkimusryhm\u00e4ss\u00e4. Kirjallisuusosassa k\u00e4sitell\u00e4\u00e4n kattavasti proteiinikompleksin toimintaa ja t\u00e4llaisen laajan biomolekulaarisen systeemin mallintamista. Ty\u00f6n tulokset voivat auttaa ymm\u00e4rt\u00e4m\u00e4\u00e4n k\u00e4sitellyn proteiinikompleksin toimintaa mitokondriokalvossa ja erityisesti sen roolia soluhengityksess\u00e4. Lis\u00e4ksi molekyylitason ymm\u00e4rrys kyseisest\u00e4 proteiinista auttaa ymm\u00e4rt\u00e4m\u00e4\u00e4n sen toimintaa neurodegeneratiivisissa sairauksissa, kuten Alzheimerin taudissa.<\/p>\n<p>Lis\u00e4tietoja tutkielmasta on saatavilla osoitteesta\u00a0<a href=\"http:\/\/URN.fi\/URN:NBN:fi:tty-201612214897\">http:\/\/URN.fi\/URN:NBN:fi:tty-201612214897<\/a><\/p>\n<figure id=\"attachment_165\" aria-describedby=\"caption-attachment-165\" style=\"width: 926px\" class=\"wp-caption alignnone\"><a href=\"http:\/\/kemianseurat.fi\/lkj\/wp-content\/uploads\/2017\/12\/gradupalkinto2017.jpg\"><img loading=\"lazy\" decoding=\"async\" class=\"wp-image-165 size-full\" src=\"http:\/\/kemianseurat.fi\/lkj\/wp-content\/uploads\/2017\/12\/gradupalkinto2017.jpg\" alt=\"\" width=\"926\" height=\"681\" srcset=\"https:\/\/kemianseurat.fi\/lkj\/wp-content\/uploads\/2017\/12\/gradupalkinto2017.jpg 926w, https:\/\/kemianseurat.fi\/lkj\/wp-content\/uploads\/2017\/12\/gradupalkinto2017-300x221.jpg 300w, https:\/\/kemianseurat.fi\/lkj\/wp-content\/uploads\/2017\/12\/gradupalkinto2017-768x565.jpg 768w\" sizes=\"auto, (max-width: 926px) 100vw, 926px\" \/><\/a><figcaption id=\"caption-attachment-165\" class=\"wp-caption-text\">Palkinnonjakotilaisuus jaoston vuosikokouksessa 2017. Kuvassa vasemmalta Mikael Johansson, Antti Karttunen, Outi Haapanen, Maria Sammalkorpi ja Jarno Linnera. Kuvaaja: Susi Lehtola.<\/figcaption><\/figure>\n","protected":false},"excerpt":{"rendered":"<p>Suomalaisten kemistien seuran Laskennallisen kemian jaoston Vuoden 2017 gradupalkinto my\u00f6nnet\u00e4\u00e4n DI Tapio Peltomaan diplomity\u00f6lle \u201cParametrization of force fields for molecular dynamics simulations of organic solar cell polymers\u201d. Tapio Peltomaan diplomity\u00f6 liittyy voimakentt\u00e4kehitykseen polymeerimallinnuksessa. Tutkielma on tehty Tampereen teknillisen yliopiston Kemian ja biotekniikan laboratoriossa. Tutkimuksen tavoitteena oli luoda ja verifioida uusi laskennallinen vuorovaikutusmalli, jolla voidaan mallintaa <a class=\"read-more\" href=\"https:\/\/kemianseurat.fi\/lkj\/?page_id=166\">READ MORE<\/a><\/p>\n","protected":false},"author":2,"featured_media":0,"parent":36,"menu_order":996,"comment_status":"closed","ping_status":"closed","template":"","meta":{"footnotes":""},"class_list":["post-166","page","type-page","status-publish","hentry"],"_links":{"self":[{"href":"https:\/\/kemianseurat.fi\/lkj\/index.php?rest_route=\/wp\/v2\/pages\/166","targetHints":{"allow":["GET"]}}],"collection":[{"href":"https:\/\/kemianseurat.fi\/lkj\/index.php?rest_route=\/wp\/v2\/pages"}],"about":[{"href":"https:\/\/kemianseurat.fi\/lkj\/index.php?rest_route=\/wp\/v2\/types\/page"}],"author":[{"embeddable":true,"href":"https:\/\/kemianseurat.fi\/lkj\/index.php?rest_route=\/wp\/v2\/users\/2"}],"replies":[{"embeddable":true,"href":"https:\/\/kemianseurat.fi\/lkj\/index.php?rest_route=%2Fwp%2Fv2%2Fcomments&post=166"}],"version-history":[{"count":2,"href":"https:\/\/kemianseurat.fi\/lkj\/index.php?rest_route=\/wp\/v2\/pages\/166\/revisions"}],"predecessor-version":[{"id":175,"href":"https:\/\/kemianseurat.fi\/lkj\/index.php?rest_route=\/wp\/v2\/pages\/166\/revisions\/175"}],"up":[{"embeddable":true,"href":"https:\/\/kemianseurat.fi\/lkj\/index.php?rest_route=\/wp\/v2\/pages\/36"}],"wp:attachment":[{"href":"https:\/\/kemianseurat.fi\/lkj\/index.php?rest_route=%2Fwp%2Fv2%2Fmedia&parent=166"}],"curies":[{"name":"wp","href":"https:\/\/api.w.org\/{rel}","templated":true}]}}