{"id":14,"date":"2014-04-28T16:52:18","date_gmt":"2014-04-28T16:52:18","guid":{"rendered":"http:\/\/kemianseurat.fi\/lkj\/?page_id=14"},"modified":"2025-12-02T23:34:07","modified_gmt":"2025-12-02T23:34:07","slug":"hallitus","status":"publish","type":"page","link":"https:\/\/kemianseurat.fi\/lkj\/?page_id=14","title":{"rendered":"Hallitus"},"content":{"rendered":"<h1>Jaoston hallitus 2025<\/h1>\n<p><strong>Puheenjohtaja<\/strong><br \/>\nTeemu J\u00e4rvinen<br \/>\nKemian laitos,\u00a0Helsingin yliopisto<br \/>\nteemu.jarvinen [AT] helsinki.fi<\/p>\n<p><strong>Sihteeri<\/strong><br \/>\nMaisa Vuorte<br \/>\nFysiikan yksikk\u00f6, Tampereen Yliopisto<br \/>\nmaisa.vuorte [AT] tuni.fi<\/p>\n<p><strong>Hallituksen j\u00e4sen<\/strong><br \/>\nXavier Prasanna<br \/>\nFysiikan laitos, Helsingin yliopisto<br \/>\nxavierprasanna.anthonyraj [AT] helsinki.fi<\/p>\n<p><strong>Hallituksen j\u00e4sen<\/strong><br \/>\nKevin Conley<br \/>\nVTT<br \/>\nkevin.conley [AT] vtt.fi<\/p>\n<p><strong>Hallituksen j\u00e4sen<\/strong><br \/>\nLuka Simsive<br \/>\nFysiikan laitos, Helsingin yliopisto<br \/>\nluka.simsive [AT] helsinki.fi<\/p>\n<h2>Vuosikertomukset<\/h2>\n<p><a href=\"http:\/\/kemianseurat.fi\/lkj\/wp-content\/uploads\/2019\/01\/LKJ_2018_vuosikertomus.pdf\">Laskennallisen kemian jaoston vuosikertomus 2018<\/a><\/p>\n<p><a href=\"http:\/\/kemianseurat.fi\/lkj\/wp-content\/uploads\/2017\/12\/LKJ_2017_vuosikertomus.pdf\">Laskennallisen kemian jaoston vuosikertomus 2017<\/a><\/p>\n<p><a href=\"http:\/\/kemianseurat.fi\/lkj\/wp-content\/uploads\/2014\/04\/LKJ_2016_vuosikertomus.pdf\">Laskennallisen kemian jaoston vuosikertomus 2016<\/a><\/p>\n<p><a href=\"http:\/\/kemianseurat.fi\/lkj\/wp-content\/uploads\/2016\/02\/LKJ_2015_vuosikertomus.pdf\" rel=\"\">Laskennallisen kemian jaoston vuosikertomus 2015<\/a><\/p>\n<p><a href=\"http:\/\/kemianseurat.fi\/lkj\/wp-content\/uploads\/2016\/02\/LKJ_2014_vuosikertomus.pdf\" rel=\"\">Laskennallisen kemian jaoston vuosikertomus 2014<\/a><\/p>\n","protected":false},"excerpt":{"rendered":"<p>Jaoston hallitus 2025 Puheenjohtaja Teemu J\u00e4rvinen Kemian laitos,\u00a0Helsingin yliopisto teemu.jarvinen [AT] helsinki.fi Sihteeri Maisa Vuorte Fysiikan yksikk\u00f6, Tampereen Yliopisto maisa.vuorte [AT] tuni.fi Hallituksen j\u00e4sen Xavier Prasanna Fysiikan laitos, Helsingin yliopisto xavierprasanna.anthonyraj [AT] helsinki.fi Hallituksen j\u00e4sen Kevin Conley VTT kevin.conley [AT] vtt.fi Hallituksen j\u00e4sen Luka Simsive Fysiikan laitos, Helsingin yliopisto luka.simsive [AT] helsinki.fi Vuosikertomukset Laskennallisen kemian <a class=\"read-more\" href=\"https:\/\/kemianseurat.fi\/lkj\/?page_id=14\">READ MORE<\/a><\/p>\n","protected":false},"author":2,"featured_media":0,"parent":0,"menu_order":3,"comment_status":"closed","ping_status":"closed","template":"","meta":{"footnotes":""},"class_list":["post-14","page","type-page","status-publish","hentry"],"_links":{"self":[{"href":"https:\/\/kemianseurat.fi\/lkj\/index.php?rest_route=\/wp\/v2\/pages\/14","targetHints":{"allow":["GET"]}}],"collection":[{"href":"https:\/\/kemianseurat.fi\/lkj\/index.php?rest_route=\/wp\/v2\/pages"}],"about":[{"href":"https:\/\/kemianseurat.fi\/lkj\/index.php?rest_route=\/wp\/v2\/types\/page"}],"author":[{"embeddable":true,"href":"https:\/\/kemianseurat.fi\/lkj\/index.php?rest_route=\/wp\/v2\/users\/2"}],"replies":[{"embeddable":true,"href":"https:\/\/kemianseurat.fi\/lkj\/index.php?rest_route=%2Fwp%2Fv2%2Fcomments&post=14"}],"version-history":[{"count":28,"href":"https:\/\/kemianseurat.fi\/lkj\/index.php?rest_route=\/wp\/v2\/pages\/14\/revisions"}],"predecessor-version":[{"id":479,"href":"https:\/\/kemianseurat.fi\/lkj\/index.php?rest_route=\/wp\/v2\/pages\/14\/revisions\/479"}],"wp:attachment":[{"href":"https:\/\/kemianseurat.fi\/lkj\/index.php?rest_route=%2Fwp%2Fv2%2Fmedia&parent=14"}],"curies":[{"name":"wp","href":"https:\/\/api.w.org\/{rel}","templated":true}]}}