{"id":95,"date":"2017-02-22T10:48:13","date_gmt":"2017-02-22T08:48:13","guid":{"rendered":"http:\/\/kemianseurat.fi\/kty\/?page_id=95"},"modified":"2017-02-23T10:31:05","modified_gmt":"2017-02-23T08:31:05","slug":"palkinnon-saaneet","status":"publish","type":"page","link":"https:\/\/kemianseurat.fi\/kty\/ktyn-palkinto\/palkinnon-saaneet\/","title":{"rendered":"Palkinnon saaneet"},"content":{"rendered":"<h2>Kemiantekniikan palkinnon saaneet<\/h2>\n<hr \/>\n<p>2010<\/p>\n<p>Ver\u00f3nica Garc\u00eda<br \/>\nV\u00e4it\u00f6skirjasta &#8221;Reclamation of VOCs, n-butanol and dichloromethane, from sodium chloride containing mixtures by pervaporation&#8221;. University of Oulu.<\/p>\n<hr \/>\n<p>2008<\/p>\n<p>Marko Laakkonen<br \/>\nV\u00e4it\u00f6skirjasta &#8221;Development and validation of mass transfer models for the design of agitated gas liquid reactors&#8221;. TKK.<\/p>\n<hr \/>\n<p>2006<\/p>\n<p>Juha-Pekka Pokki<br \/>\nV\u00e4it\u00f6skirjasta &#8221;Development of Vapour Liquid Equilibrium Calculation Methods for Chemical Engineering Design&#8221;. TKK.<\/p>\n<hr \/>\n<p>2004<\/p>\n<p>Petri Widsten<br \/>\nV\u00e4it\u00f6skirjasta: &#8221;Oxidative Activation of Wood Fibers for the Manufacture of Medium-Density Fiberboard&#8221;, TKK<\/p>\n<hr \/>\n<p>2001<\/p>\n<p>Ville Alopaeus<br \/>\nV\u00e4it\u00f6skirjasta: &#8221;Calculation of Multicomponent Mass Transfer Between Dispersed and Continuous Phases&#8221;, TKK 2001.<\/p>\n<p>Maritta Kym\u00e4l\u00e4inen<br \/>\nV\u00e4it\u00f6skirjasta &#8221;Fate of Nitrogen in the Chemical Recovery Cycle of a Kraft Pulp Mill&#8221;, \u00c5bo Akademi 2001.<\/p>\n<hr \/>\n<p>1999<\/p>\n<p>Juha Lehtonen<br \/>\nV\u00e4it\u00f6skirjasta &#8221;A Kinetic approach to the production of organic fine chemicals in batch and semibatch reactors&#8221;, \u00c5bo Akademi 1997.<\/p>\n<hr \/>\n<p>1997<\/p>\n<p>Sami Toppinen<br \/>\nV\u00e4it\u00f6skirjasta &#8221;Liquid-phase Hydrogenation of Some Aromatic Compound&#8221;. \u00c5bo Akademi 10.10.1996.<\/p>\n<hr \/>\n<p>1995<\/p>\n<p>Jari Romanainen<br \/>\nV\u00e4it\u00f6skirjasta &#8221;Numerical Strategies in Solving Gas-Liquid Reactor Models&#8221;. \u00c5bo Akademi.<\/p>\n","protected":false},"excerpt":{"rendered":"<p>Kemiantekniikan palkinnon saaneet 2010 Ver\u00f3nica Garc\u00eda V\u00e4it\u00f6skirjasta &#8221;Reclamation of VOCs, n-butanol and dichloromethane, from sodium chloride containing mixtures by pervaporation&#8221;. University of Oulu. 2008 Marko Laakkonen V\u00e4it\u00f6skirjasta &#8221;Development and validation of mass transfer models for the design of agitated gas liquid reactors&#8221;. TKK. 2006 Juha-Pekka Pokki V\u00e4it\u00f6skirjasta &#8221;Development of Vapour Liquid Equilibrium Calculation Methods for &hellip; <\/p>\n<p class=\"link-more\"><a href=\"https:\/\/kemianseurat.fi\/kty\/ktyn-palkinto\/palkinnon-saaneet\/\" class=\"more-link\">Jatka lukemista<span class=\"screen-reader-text\"> &#8221;Palkinnon saaneet&#8221;<\/span><\/a><\/p>\n","protected":false},"author":1,"featured_media":0,"parent":35,"menu_order":0,"comment_status":"closed","ping_status":"closed","template":"","meta":{"footnotes":""},"class_list":["post-95","page","type-page","status-publish","hentry"],"_links":{"self":[{"href":"https:\/\/kemianseurat.fi\/kty\/wp-json\/wp\/v2\/pages\/95","targetHints":{"allow":["GET"]}}],"collection":[{"href":"https:\/\/kemianseurat.fi\/kty\/wp-json\/wp\/v2\/pages"}],"about":[{"href":"https:\/\/kemianseurat.fi\/kty\/wp-json\/wp\/v2\/types\/page"}],"author":[{"embeddable":true,"href":"https:\/\/kemianseurat.fi\/kty\/wp-json\/wp\/v2\/users\/1"}],"replies":[{"embeddable":true,"href":"https:\/\/kemianseurat.fi\/kty\/wp-json\/wp\/v2\/comments?post=95"}],"version-history":[{"count":5,"href":"https:\/\/kemianseurat.fi\/kty\/wp-json\/wp\/v2\/pages\/95\/revisions"}],"predecessor-version":[{"id":147,"href":"https:\/\/kemianseurat.fi\/kty\/wp-json\/wp\/v2\/pages\/95\/revisions\/147"}],"up":[{"embeddable":true,"href":"https:\/\/kemianseurat.fi\/kty\/wp-json\/wp\/v2\/pages\/35"}],"wp:attachment":[{"href":"https:\/\/kemianseurat.fi\/kty\/wp-json\/wp\/v2\/media?parent=95"}],"curies":[{"name":"wp","href":"https:\/\/api.w.org\/{rel}","templated":true}]}}