{"id":7,"date":"2017-02-21T14:47:47","date_gmt":"2017-02-21T12:47:47","guid":{"rendered":"http:\/\/kemianseurat.fi\/kty\/?page_id=7"},"modified":"2017-02-22T10:46:22","modified_gmt":"2017-02-22T08:46:22","slug":"yhdistys","status":"publish","type":"page","link":"https:\/\/kemianseurat.fi\/kty\/yhdistys\/","title":{"rendered":"Yhdistys"},"content":{"rendered":"<div class=\"art-postmetadataheader\">\n<h2 class=\"art-postheader\">Yhdistyksen tarkoitus<\/h2>\n<p class=\"art-postheader\">Yhdistyksen s\u00e4\u00e4nt\u00f6jen toisen pyk\u00e4l\u00e4n mukaan:<\/p>\n<blockquote>\n<p class=\"art-postheader\">&#8221;Yhdistyksen tarkoituksena on toimia j\u00e4sentens\u00e4 yhdyssiteen\u00e4, edist\u00e4\u00e4 heid\u00e4n ty\u00f6ns\u00e4 arvostusta ja yhteisi\u00e4 pyrkimyksi\u00e4\u00e4n, tukea heid\u00e4n ammatillista kehityst\u00e4\u00e4n ja vaikuttaa kemiantekniikan ja teollisuuden edistymiseen&#8221;.<\/p>\n<hr \/>\n<\/blockquote>\n<h2 class=\"art-postheader\">Toiminta<\/h2>\n<p class=\"art-postheader\">Yhdistys j\u00e4rjest\u00e4\u00e4 vuorovuosin joko Prosessikehitysp\u00e4iv\u00e4-tapahtuman tai Chemical Engineering Seminarin. Tapahtumat ajoittuvat vuosittain lokakuun alkuun.<\/p>\n<p>Vuodesta 1995 l\u00e4htien yhdistys on joka toinen vuosi jakanut Kemiantekniikan palkinto &#8211; Kemisktekniska priset -tunnustuksen ansiokkaasta lisensiaatti- tai v\u00e4it\u00f6skirjaty\u00f6st\u00e4 kemiantekniikan alalta.<\/p>\n<p><a href=\"http:\/\/kemianseurat.fi\/kty\/seminaarit\/\">\u00bb Seminaarit<\/a><br \/>\n<a href=\"http:\/\/kemianseurat.fi\/kty\/ktyn-palkinto\/\">\u00bb Kemian tekniikan palkinto<\/a><\/p>\n<p>Muu toiminta muodostuu l\u00e4hinn\u00e4 vuotuisista vuosi- ja vaalikokouksista, joiden yhteydess\u00e4 tutustutaan kiinnostaviin yrityksiin ja laitoksiin.<\/p>\n<p><a href=\"http:\/\/kemianseurat.fi\/kty\/jaseneksi\/\">\u00bb J\u00e4sensivu<\/a><br \/>\n<a href=\"http:\/\/kemianseurat.fi\/kty\/yhdistys\/historia\/\">\u00bb Historia<\/a><\/p>\n<\/div>\n<div class=\"art-postcontent\"><\/div>\n","protected":false},"excerpt":{"rendered":"<p>Yhdistyksen tarkoitus Yhdistyksen s\u00e4\u00e4nt\u00f6jen toisen pyk\u00e4l\u00e4n mukaan: &#8221;Yhdistyksen tarkoituksena on toimia j\u00e4sentens\u00e4 yhdyssiteen\u00e4, edist\u00e4\u00e4 heid\u00e4n ty\u00f6ns\u00e4 arvostusta ja yhteisi\u00e4 pyrkimyksi\u00e4\u00e4n, tukea heid\u00e4n ammatillista kehityst\u00e4\u00e4n ja vaikuttaa kemiantekniikan ja teollisuuden edistymiseen&#8221;. Toiminta Yhdistys j\u00e4rjest\u00e4\u00e4 vuorovuosin joko Prosessikehitysp\u00e4iv\u00e4-tapahtuman tai Chemical Engineering Seminarin. Tapahtumat ajoittuvat vuosittain lokakuun alkuun. Vuodesta 1995 l\u00e4htien yhdistys on joka toinen vuosi jakanut Kemiantekniikan &hellip; <\/p>\n<p class=\"link-more\"><a href=\"https:\/\/kemianseurat.fi\/kty\/yhdistys\/\" class=\"more-link\">Jatka lukemista<span class=\"screen-reader-text\"> &#8221;Yhdistys&#8221;<\/span><\/a><\/p>\n","protected":false},"author":1,"featured_media":0,"parent":0,"menu_order":0,"comment_status":"closed","ping_status":"closed","template":"","meta":{"footnotes":""},"class_list":["post-7","page","type-page","status-publish","hentry"],"_links":{"self":[{"href":"https:\/\/kemianseurat.fi\/kty\/wp-json\/wp\/v2\/pages\/7","targetHints":{"allow":["GET"]}}],"collection":[{"href":"https:\/\/kemianseurat.fi\/kty\/wp-json\/wp\/v2\/pages"}],"about":[{"href":"https:\/\/kemianseurat.fi\/kty\/wp-json\/wp\/v2\/types\/page"}],"author":[{"embeddable":true,"href":"https:\/\/kemianseurat.fi\/kty\/wp-json\/wp\/v2\/users\/1"}],"replies":[{"embeddable":true,"href":"https:\/\/kemianseurat.fi\/kty\/wp-json\/wp\/v2\/comments?post=7"}],"version-history":[{"count":5,"href":"https:\/\/kemianseurat.fi\/kty\/wp-json\/wp\/v2\/pages\/7\/revisions"}],"predecessor-version":[{"id":93,"href":"https:\/\/kemianseurat.fi\/kty\/wp-json\/wp\/v2\/pages\/7\/revisions\/93"}],"wp:attachment":[{"href":"https:\/\/kemianseurat.fi\/kty\/wp-json\/wp\/v2\/media?parent=7"}],"curies":[{"name":"wp","href":"https:\/\/api.w.org\/{rel}","templated":true}]}}