{"id":38,"date":"2019-01-01T15:25:27","date_gmt":"2019-01-01T13:25:27","guid":{"rendered":"http:\/\/kemianseurat.fi\/kty\/?page_id=38"},"modified":"2023-06-20T20:57:11","modified_gmt":"2023-06-20T18:57:11","slug":"hallinto","status":"publish","type":"page","link":"https:\/\/kemianseurat.fi\/kty\/hallinto\/","title":{"rendered":"Hallinto"},"content":{"rendered":"\n<h2 class=\"wp-block-heading has-black-color has-text-color\">Hallitus 2023<\/h2>\n\n\n\n<p>Tiina Piira, puheenjohtaja<\/p>\n\n\n\n<p>Rainer Paloniemi, varapuheenjohtaja<\/p>\n\n\n\n<p>Jyri Maunuksela, hallituksen j\u00e4sen<\/p>\n\n\n\n<p>Sarwar Golam, hallituksen j\u00e4sen<\/p>\n\n\n\n<p>Mika Aalto, hallituksen j\u00e4sen<\/p>\n\n\n\n<p>Susanna Forssell, hallituksen j\u00e4sen, rahastonhoitaja<\/p>\n\n\n\n<p>Krista Lindqvist, opiskelijaj\u00e4sen<\/p>\n\n\n\n<p>Helena Laavi, varaj\u00e4sen<\/p>\n\n\n\n<h2 class=\"wp-block-heading\"><mark style=\"background-color:rgba(0, 0, 0, 0)\" class=\"has-inline-color has-very-dark-gray-color\">Hallitus 202<\/mark>2<\/h2>\n\n\n\n<p>Jyri Maunuksela, puheenjohtaja<\/p>\n\n\n\n<p>Tiina Piira, varapuheenjohtaja<\/p>\n\n\n\n<p>Mika Aalto<\/p>\n\n\n\n<p>Susanna Forssell, rahastonhoitaja<\/p>\n\n\n\n<p>Sarwar Golam<\/p>\n\n\n\n<p>Helena Laavi, varaj\u00e4sen<\/p>\n\n\n\n<p>Krista Lindqvist, opiskelijaj\u00e4sen<\/p>\n\n\n\n<p>Rainer Paloniemi<\/p>\n\n\n\n<p><\/p>\n\n\n\n<h2 class=\"wp-block-heading\"><mark style=\"background-color:rgba(0, 0, 0, 0)\" class=\"has-inline-color has-very-dark-gray-color\">Hallitus 2021<\/mark><\/h2>\n\n\n\n<p>Jyri Maunuksela, puheenjohtaja<\/p>\n\n\n\n<p>Rainer Paloniemi, varapuheenjohtaja<\/p>\n\n\n\n<p>Sarwar Golam<\/p>\n\n\n\n<p>Tiina Piira<\/p>\n\n\n\n<p>Susanna Forssell, rahastonhoitaja<\/p>\n\n\n\n<p>Krista Lindqvist, opiskelijaj\u00e4sen<\/p>\n\n\n\n<p>Helena Laavi, varaj\u00e4sen<\/p>\n\n\n\n<p><\/p>\n\n\n\n<h2 class=\"wp-block-heading\"><mark style=\"background-color:rgba(0, 0, 0, 0)\" class=\"has-inline-color has-very-dark-gray-color\">Hallitus 2020<\/mark><\/h2>\n\n\n\n<p>Jyri Maunuksela, puheenjohtaja<\/p>\n\n\n\n<p>Rainer Paloniemi, varapuheenjohtaja<\/p>\n\n\n\n<p>Susanna Forssell, rahastonhoitaja (opiskelijaj\u00e4sen)<\/p>\n\n\n\n<p>Sarwar Golam<\/p>\n\n\n\n<p>Sini Larsen<\/p>\n\n\n\n<p>Pekka Oinas<\/p>\n\n\n<h3>Hallitus 2019<\/h3>\n<p>Rainer Paloniemi, Pj<\/p>\n<p>Eija Zitting, varapj<\/p>\n<p>Sini Larsen<\/p>\n<p>Jyri Maunuksela<\/p>\n<p>Pekka Oinas<\/p>\n<p>Hilkka Pastinen-Kurula, rahastonhoitaja (opiskelijaj\u00e4sen)<\/p>\n<p><\/p>\n<p><a href=\"http:\/\/kemianseurat.fi\/kty\/hallinto\/vanhat-hallitukset\/\">\u00bb Vanhat hallitukset<\/a><\/p>\n\n\n<p><\/p>\n","protected":false},"excerpt":{"rendered":"<p>Hallitus 2023 Tiina Piira, puheenjohtaja Rainer Paloniemi, varapuheenjohtaja Jyri Maunuksela, hallituksen j\u00e4sen Sarwar Golam, hallituksen j\u00e4sen Mika Aalto, hallituksen j\u00e4sen Susanna Forssell, hallituksen j\u00e4sen, rahastonhoitaja Krista Lindqvist, opiskelijaj\u00e4sen Helena Laavi, varaj\u00e4sen Hallitus 2022 Jyri Maunuksela, puheenjohtaja Tiina Piira, varapuheenjohtaja Mika Aalto Susanna Forssell, rahastonhoitaja Sarwar Golam Helena Laavi, varaj\u00e4sen Krista Lindqvist, opiskelijaj\u00e4sen Rainer Paloniemi Hallitus &hellip; <\/p>\n<p class=\"link-more\"><a href=\"https:\/\/kemianseurat.fi\/kty\/hallinto\/\" class=\"more-link\">Jatka lukemista<span class=\"screen-reader-text\"> &#8221;Hallinto&#8221;<\/span><\/a><\/p>\n","protected":false},"author":1,"featured_media":0,"parent":0,"menu_order":0,"comment_status":"closed","ping_status":"closed","template":"","meta":{"footnotes":""},"class_list":["post-38","page","type-page","status-publish","hentry"],"_links":{"self":[{"href":"https:\/\/kemianseurat.fi\/kty\/wp-json\/wp\/v2\/pages\/38","targetHints":{"allow":["GET"]}}],"collection":[{"href":"https:\/\/kemianseurat.fi\/kty\/wp-json\/wp\/v2\/pages"}],"about":[{"href":"https:\/\/kemianseurat.fi\/kty\/wp-json\/wp\/v2\/types\/page"}],"author":[{"embeddable":true,"href":"https:\/\/kemianseurat.fi\/kty\/wp-json\/wp\/v2\/users\/1"}],"replies":[{"embeddable":true,"href":"https:\/\/kemianseurat.fi\/kty\/wp-json\/wp\/v2\/comments?post=38"}],"version-history":[{"count":15,"href":"https:\/\/kemianseurat.fi\/kty\/wp-json\/wp\/v2\/pages\/38\/revisions"}],"predecessor-version":[{"id":347,"href":"https:\/\/kemianseurat.fi\/kty\/wp-json\/wp\/v2\/pages\/38\/revisions\/347"}],"wp:attachment":[{"href":"https:\/\/kemianseurat.fi\/kty\/wp-json\/wp\/v2\/media?parent=38"}],"curies":[{"name":"wp","href":"https:\/\/api.w.org\/{rel}","templated":true}]}}