{"id":35,"date":"2017-02-21T15:25:19","date_gmt":"2017-02-21T13:25:19","guid":{"rendered":"http:\/\/kemianseurat.fi\/kty\/?page_id=35"},"modified":"2017-02-23T10:30:04","modified_gmt":"2017-02-23T08:30:04","slug":"ktyn-palkinto","status":"publish","type":"page","link":"https:\/\/kemianseurat.fi\/kty\/ktyn-palkinto\/","title":{"rendered":"KTY:n palkinto"},"content":{"rendered":"<h2>Kemiantekniikan palkinto<\/h2>\n<p>KTY on jakanut vuodesta 1995 l\u00e4htien joka toinen vuosi Kemian tekniikan palkinto &#8211; Kemisktekniska Priset -tunnustuksen ansiokkaasta kemian tekniikan alan v\u00e4it\u00f6skirjasta. Palkinto jaetaan Kemian tekniikan seminaarin yhteydess\u00e4.<\/p>\n<p><a href=\"http:\/\/kemianseurat.fi\/kty\/ktyn-palkinto\/palkinnon-saannot\/\">\u00bb Palkinnon s\u00e4\u00e4nn\u00f6t<\/a><br \/>\n<a href=\"http:\/\/kemianseurat.fi\/kty\/ktyn-palkinto\/palkinnon-saaneet\/\">\u00bb Palkinnon saaneet<\/a><\/p>\n","protected":false},"excerpt":{"rendered":"<p>Kemiantekniikan palkinto KTY on jakanut vuodesta 1995 l\u00e4htien joka toinen vuosi Kemian tekniikan palkinto &#8211; Kemisktekniska Priset -tunnustuksen ansiokkaasta kemian tekniikan alan v\u00e4it\u00f6skirjasta. Palkinto jaetaan Kemian tekniikan seminaarin yhteydess\u00e4. \u00bb Palkinnon s\u00e4\u00e4nn\u00f6t \u00bb Palkinnon saaneet<\/p>\n","protected":false},"author":1,"featured_media":0,"parent":0,"menu_order":0,"comment_status":"closed","ping_status":"closed","template":"","meta":{"footnotes":""},"class_list":["post-35","page","type-page","status-publish","hentry"],"_links":{"self":[{"href":"https:\/\/kemianseurat.fi\/kty\/wp-json\/wp\/v2\/pages\/35","targetHints":{"allow":["GET"]}}],"collection":[{"href":"https:\/\/kemianseurat.fi\/kty\/wp-json\/wp\/v2\/pages"}],"about":[{"href":"https:\/\/kemianseurat.fi\/kty\/wp-json\/wp\/v2\/types\/page"}],"author":[{"embeddable":true,"href":"https:\/\/kemianseurat.fi\/kty\/wp-json\/wp\/v2\/users\/1"}],"replies":[{"embeddable":true,"href":"https:\/\/kemianseurat.fi\/kty\/wp-json\/wp\/v2\/comments?post=35"}],"version-history":[{"count":4,"href":"https:\/\/kemianseurat.fi\/kty\/wp-json\/wp\/v2\/pages\/35\/revisions"}],"predecessor-version":[{"id":145,"href":"https:\/\/kemianseurat.fi\/kty\/wp-json\/wp\/v2\/pages\/35\/revisions\/145"}],"wp:attachment":[{"href":"https:\/\/kemianseurat.fi\/kty\/wp-json\/wp\/v2\/media?parent=35"}],"curies":[{"name":"wp","href":"https:\/\/api.w.org\/{rel}","templated":true}]}}