{"id":33,"date":"2019-04-18T15:25:08","date_gmt":"2019-04-18T13:25:08","guid":{"rendered":"http:\/\/kemianseurat.fi\/kty\/?page_id=33"},"modified":"2019-04-21T09:43:12","modified_gmt":"2019-04-21T07:43:12","slug":"menneet-seminaarit","status":"publish","type":"page","link":"https:\/\/kemianseurat.fi\/kty\/seminaarit\/menneet-seminaarit\/","title":{"rendered":"Menneet seminaarit"},"content":{"rendered":"<h2>Yhdistyksen j\u00e4rjest\u00e4mi\u00e4 seminaareja ja tapahtumia<\/h2>\n<p>27.3.2019<\/p>\n<p>KTY:n Kemian p\u00e4ivien 2019 seminaari:<\/p>\n<p><strong>Fuels, Combustion Chemistry, and Internal-Combustion (IC) Engine Technologies: Research and Impact on Finland\u00a0<\/strong><\/p>\n<p><a href=\"http:\/\/kemianseurat.fi\/kty\/wp-content\/uploads\/2019\/04\/ChemBio-2019_Opening_Eskola-Arkke.pdf\">ChemBio 2019_Opening_Eskola Arkke<\/a><\/p>\n<p><a href=\"http:\/\/kemianseurat.fi\/kty\/wp-content\/uploads\/2019\/04\/Issues-of-various-alternative-fuels-for-internal-combustion-engines_Katriina-Sirvi\u00f6.pdf\">Issues of various alternative fuels for internal combustion engines_Katriina Sirvi\u00f6<\/a><\/p>\n<p><a href=\"http:\/\/kemianseurat.fi\/kty\/wp-content\/uploads\/2019\/04\/Investigating-the-ignition-mechanism-in-ultra-lean-gas-engines-using-detailed-chemistry-simulations_Anders-Brink.pdf\">Investigating the ignition mechanism in ultra-lean gas engines using detailed chemistry simulations_Anders Brink<\/a><\/p>\n<p>&nbsp;<\/p>\n<h3>5.11.2013<\/h3>\n<p>Ajankohtaisseminaari<br \/>\nAihe: UUDET ENERGIAL\u00c4HTEET<br \/>\nFortum, Espoo<\/p>\n<h3>6.10.2009<\/h3>\n<p>Kemiallisteknillisen yhdistyksen seminaarip\u00e4iv\u00e4<br \/>\nAihe: PROSESSIEN TEHOSTAMINEN<br \/>\nTeknillinen korkeakoulu, Otaniemi, Espoo<\/p>\n<hr \/>\n<h3>21.-23.10.2008<\/h3>\n<p>Suomen katalyysiseuran ja Kemiallisteknillisen yhdistyksen yhteisseminaari<br \/>\nAihe: VESIEN KEMIAN TEKNIIKKAA<br \/>\nViking Mariella<\/p>\n<hr \/>\n<h3>9.10.2007<\/h3>\n<p>Suomen katalyysiseuran ja Kemiallisteknillisen yhdistyksen yhteisseminaari<br \/>\nAihe: Green Chemistry<br \/>\nTKK Kemian tekniikan osasto ja Materiaalitekniikan osasto<\/p>\n<hr \/>\n<h3>3.10.2006<\/h3>\n<p>Kemian tekniikan p\u00e4iv\u00e4t &#8211; Seminaari<br \/>\nAihe: Prosessiteollisuuden muuttuvat luvat ja m\u00e4\u00e4r\u00e4ykset<br \/>\nPaikka: Kemiran tutkimuskeskus Suomenoja, Espoo<\/p>\n<hr \/>\n<h3>5.10.2005<\/h3>\n<p>Kemian tekniikan p\u00e4iv\u00e4t &#8211; Seminaari<br \/>\nAihe: Hiilidioksidi, Energian k\u00e4ytt\u00f6 ja Biopolttoaineet<br \/>\nPaikka: Hanasaari, Espoo.<\/p>\n<hr \/>\n<h3>7.10.2004<\/h3>\n<p>Chemical Engineering Seminar<br \/>\nAihe: Kehittyv\u00e4 prosessisimulointi<br \/>\nPaikka: Hanasaari, Espoo.<\/p>\n<hr \/>\n<h3>24.4.2003<\/h3>\n<p>Prosessitekniikalla terveellisiin tuotteisiin &#8211; seminaari<br \/>\nKemiallisteknillisen yhdistyksen ja Suomen katalyysiseuran yhteisseminaari<br \/>\nPaikka: Dipoli, Espoo.<\/p>\n<hr \/>\n<h3>8.10.2002<\/h3>\n<p>Chemical Engineering Seminar<br \/>\nAihe: Polymeerimateriaalien mahdollisuudet prosessitekniikassa<br \/>\nPaikka: Tieteiden talo, Helsinki<\/p>\n<hr \/>\n<h3>4.10.2001<\/h3>\n<p>Chemical Engineering Seminar<br \/>\nAihe: Tietotekniikka sek\u00e4 internet-teknologiat ja tiedon hallinta prosessiteollisuudessa<br \/>\nPaikka: Kemira Oyj:n tutkimuskeskus, Suomenoja, Espoo<\/p>\n<hr \/>\n<h3>13.4.2000<\/h3>\n<p>Katalyyttisten prosessien kehitys -seminaari<br \/>\nJ\u00e4rjestelyt yhteisty\u00f6ss\u00e4 SKKS:n Katalyysijaoston kanssa<br \/>\nPaikka: Fortum Oy:n Suuri Auditorio, Keilaniemi, Espoo.<br \/>\nOsallistujam\u00e4\u00e4r\u00e4: 90.<\/p>\n<hr \/>\n<h3>5.10.1999<\/h3>\n<p>Chemical Engineering Seminar<br \/>\nAihe: EHS &#8211; YMP\u00c4RIST\u00d6- JA TURVALLISUUSSEMINAARI: Muuttuvasta lains\u00e4\u00e4d\u00e4nn\u00f6st\u00e4 uusiin puhdistusmenetelmiin<br \/>\nPaikka: Hanasaaren kulttuurikeskus, Espoo.<br \/>\nOsallistujam\u00e4\u00e4r\u00e4: yli 30.<\/p>\n<hr \/>\n<h3>6.10.1998<\/h3>\n<p>Prosessikehitysp\u00e4iv\u00e4<br \/>\nAihe: Prosessiteollisuuden energiatalouden ja p\u00e4\u00e4st\u00f6jen optimointi<br \/>\nPaikka: Hanasaaren kulttuurikeskus, Espoo.<br \/>\nOsallistujam\u00e4\u00e4r\u00e4: yli 30.<\/p>\n<hr \/>\n<h3>7.10.1997<\/h3>\n<p>Chemical Engineering Seminar<br \/>\nAihe: Uudet korroosion hallintamenetelm\u00e4t prosessiteollisuudessa.<br \/>\nPaikka: Hanasaaren kulttuurikeskus, Espoo.<br \/>\nOsallistujam\u00e4\u00e4r\u00e4: noin 50.<\/p>\n","protected":false},"excerpt":{"rendered":"<p>Yhdistyksen j\u00e4rjest\u00e4mi\u00e4 seminaareja ja tapahtumia 27.3.2019 KTY:n Kemian p\u00e4ivien 2019 seminaari: Fuels, Combustion Chemistry, and Internal-Combustion (IC) Engine Technologies: Research and Impact on Finland\u00a0 ChemBio 2019_Opening_Eskola Arkke Issues of various alternative fuels for internal combustion engines_Katriina Sirvi\u00f6 Investigating the ignition mechanism in ultra-lean gas engines using detailed chemistry simulations_Anders Brink &nbsp; 5.11.2013 Ajankohtaisseminaari Aihe: UUDET &hellip; <\/p>\n<p class=\"link-more\"><a href=\"https:\/\/kemianseurat.fi\/kty\/seminaarit\/menneet-seminaarit\/\" class=\"more-link\">Jatka lukemista<span class=\"screen-reader-text\"> &#8221;Menneet seminaarit&#8221;<\/span><\/a><\/p>\n","protected":false},"author":1,"featured_media":0,"parent":30,"menu_order":0,"comment_status":"closed","ping_status":"closed","template":"","meta":{"footnotes":""},"class_list":["post-33","page","type-page","status-publish","hentry"],"_links":{"self":[{"href":"https:\/\/kemianseurat.fi\/kty\/wp-json\/wp\/v2\/pages\/33","targetHints":{"allow":["GET"]}}],"collection":[{"href":"https:\/\/kemianseurat.fi\/kty\/wp-json\/wp\/v2\/pages"}],"about":[{"href":"https:\/\/kemianseurat.fi\/kty\/wp-json\/wp\/v2\/types\/page"}],"author":[{"embeddable":true,"href":"https:\/\/kemianseurat.fi\/kty\/wp-json\/wp\/v2\/users\/1"}],"replies":[{"embeddable":true,"href":"https:\/\/kemianseurat.fi\/kty\/wp-json\/wp\/v2\/comments?post=33"}],"version-history":[{"count":5,"href":"https:\/\/kemianseurat.fi\/kty\/wp-json\/wp\/v2\/pages\/33\/revisions"}],"predecessor-version":[{"id":239,"href":"https:\/\/kemianseurat.fi\/kty\/wp-json\/wp\/v2\/pages\/33\/revisions\/239"}],"up":[{"embeddable":true,"href":"https:\/\/kemianseurat.fi\/kty\/wp-json\/wp\/v2\/pages\/30"}],"wp:attachment":[{"href":"https:\/\/kemianseurat.fi\/kty\/wp-json\/wp\/v2\/media?parent=33"}],"curies":[{"name":"wp","href":"https:\/\/api.w.org\/{rel}","templated":true}]}}