{"id":30,"date":"2017-02-21T15:24:55","date_gmt":"2017-02-21T13:24:55","guid":{"rendered":"http:\/\/kemianseurat.fi\/kty\/?page_id=30"},"modified":"2018-06-11T14:13:01","modified_gmt":"2018-06-11T12:13:01","slug":"seminaarit","status":"publish","type":"page","link":"https:\/\/kemianseurat.fi\/kty\/seminaarit\/","title":{"rendered":"Seminaarit"},"content":{"rendered":"<p>Yhdistys j\u00e4rjest\u00e4\u00e4 mahdollisuuksien mukaan\u00a0tai j\u00e4senten pyynn\u00f6ist\u00e4 ajankohtaisia kemianteollisuutta\u00a0tai siihen liittyyv\u00e4\u00e4 tutkimusta k\u00e4sittelevi\u00e4 seminaareja.<\/p>\n<p><a href=\"http:\/\/kemianseurat.fi\/kty\/seminaarit\/menneet-seminaarit\/\">\u00bb Menneet seminaarit<\/a><\/p>\n","protected":false},"excerpt":{"rendered":"<p>Yhdistys j\u00e4rjest\u00e4\u00e4 mahdollisuuksien mukaan\u00a0tai j\u00e4senten pyynn\u00f6ist\u00e4 ajankohtaisia kemianteollisuutta\u00a0tai siihen liittyyv\u00e4\u00e4 tutkimusta k\u00e4sittelevi\u00e4 seminaareja. \u00bb Menneet seminaarit<\/p>\n","protected":false},"author":1,"featured_media":0,"parent":0,"menu_order":0,"comment_status":"closed","ping_status":"closed","template":"","meta":{"footnotes":""},"class_list":["post-30","page","type-page","status-publish","hentry"],"_links":{"self":[{"href":"https:\/\/kemianseurat.fi\/kty\/wp-json\/wp\/v2\/pages\/30","targetHints":{"allow":["GET"]}}],"collection":[{"href":"https:\/\/kemianseurat.fi\/kty\/wp-json\/wp\/v2\/pages"}],"about":[{"href":"https:\/\/kemianseurat.fi\/kty\/wp-json\/wp\/v2\/types\/page"}],"author":[{"embeddable":true,"href":"https:\/\/kemianseurat.fi\/kty\/wp-json\/wp\/v2\/users\/1"}],"replies":[{"embeddable":true,"href":"https:\/\/kemianseurat.fi\/kty\/wp-json\/wp\/v2\/comments?post=30"}],"version-history":[{"count":5,"href":"https:\/\/kemianseurat.fi\/kty\/wp-json\/wp\/v2\/pages\/30\/revisions"}],"predecessor-version":[{"id":196,"href":"https:\/\/kemianseurat.fi\/kty\/wp-json\/wp\/v2\/pages\/30\/revisions\/196"}],"wp:attachment":[{"href":"https:\/\/kemianseurat.fi\/kty\/wp-json\/wp\/v2\/media?parent=30"}],"curies":[{"name":"wp","href":"https:\/\/api.w.org\/{rel}","templated":true}]}}