{"id":26,"date":"2017-02-21T15:23:33","date_gmt":"2017-02-21T13:23:33","guid":{"rendered":"http:\/\/kemianseurat.fi\/kty\/?page_id=26"},"modified":"2017-02-22T11:28:52","modified_gmt":"2017-02-22T09:28:52","slug":"historia","status":"publish","type":"page","link":"https:\/\/kemianseurat.fi\/kty\/yhdistys\/historia\/","title":{"rendered":"Historia"},"content":{"rendered":"<h2>Yhdistyksen historia<\/h2>\n<p>T\u00e4m\u00e4 ei ole KTYn virallinen historiikki, vaan kyseess\u00e4 on kokoelma yksityiskohtia KTY:n olemassaolon ajalta.<\/p>\n<p><a href=\"http:\/\/kemianseurat.fi\/kty\/hallinto\/\">\u00bb Nykyinen hallitus<\/a><br \/>\n<a href=\"http:\/\/kemianseurat.fi\/kty\/hallinto\/vanhat-hallitukset\/\">\u00bb Vanhat hallitukset<\/a><br \/>\n<a href=\"http:\/\/kemianseurat.fi\/kty\/seminaarit\/menneet-seminaarit\/\">\u00bb Menneet seminaarit<\/a><br \/>\n<a href=\"http:\/\/kemianseurat.fi\/kty\/ktyn-palkinto\/palkinnon-saaneet\/\">\u00bb Kemiantekniikan palkinnon saaneet<\/a><\/p>\n<hr \/>\n<p>Sis\u00e4llys<\/p>\n<p style=\"padding-left: 30px;\"><a href=\"#alku\">Alku<\/a><br \/>\n<a href=\"#1970\">Vuodet 1970-1992<\/a><br \/>\n<a href=\"#1993\">Vuosi 1993<\/a><br \/>\n<a href=\"#1994\">Vuosi 1994<\/a><br \/>\n<a href=\"#1995\">Vuosi 1995<\/a><br \/>\n<a href=\"#1996\">Vuosi 1996<\/a><br \/>\n<a href=\"#1997\">Vuosi 1997<\/a><br \/>\n<a href=\"#1998\">Vuosi 1998<\/a><br \/>\n<a href=\"#1999\">Vuosi 1999<\/a><br \/>\n<a href=\"#2000\">Vuosi 2000<\/a><br \/>\n<a href=\"#2001\">Vuosi 2001<\/a><br \/>\n<a href=\"#2002\">Vuosi 2002<\/a><br \/>\n<a href=\"#2003\">Vuosi 2003<\/a><br \/>\n<a href=\"#2004\">Vuosi 2004<\/a><br \/>\n<a href=\"#2005\">Vuosi 2005<\/a><br \/>\n<a href=\"#pjt\">Puheenjohtajat, varapuheenjohtajat ja sihteerit<\/a><br \/>\n<a href=\"#jasen\">J\u00e4senm\u00e4\u00e4r\u00e4 eri aikoina<\/a><br \/>\n<a href=\"#lahteet\">L\u00e4hteet<\/a>\n<\/p>\n<hr id=\"alku\" \/>\n<h3>Alku<\/h3>\n<p>Kemiallisteknillinen Yhdistys &#8211; Kemisktekniska F\u00f6reningen -yhdistyksen perustamiskokous on pidetty A Ahlstr\u00f6m Oy:n p\u00e4\u00e4konttorissa 21.8.1970. Kokouksessa yhdistyst\u00e4 perustivat Yrj\u00e4n\u00e4 Heikinheimo, Ingmar Jaatinen, Martti J\u00e4nk\u00e4l\u00e4, Timo Karttunen, H\u00e5kan L\u00fchr, Jorma Ponsi, Harry Schmidt, Robert Uhlenius ja Ritva Kivist\u00f6.<\/p>\n<p>Ennen perustamista oli neuvotteluja yhdistyksen perustamisesta k\u00e4yty jo yli kolmen vuoden ajan.<\/p>\n<p>Yhdistysrekisterin mukaan KTY:n rekisteri-ilmoitus on saapunut 8.9.1970 ja yhdistys on rekister\u00f6ity yhdistysrekisteriin 7.10.1970.<\/p>\n<hr id=\"1970\" \/>\n<h3>Vuodet 1970-1992<\/h3>\n<p>Maistraatin arkistosta ilmenee, ett\u00e4 vuonna 1971 on yhdistyksen s\u00e4\u00e4nt\u00f6jen 8 pyk\u00e4l\u00e4\u00e4 hieman muutettu. Katso tarkemmin s\u00e4\u00e4nn\u00f6ist\u00e4.<\/p>\n<hr id=\"1993\" \/>\n<h3>Vuosi 1993<\/h3>\n<p>Yhdistys j\u00e4rjesti 11.-12.5. Chemical Engineering Seminar&#8217;n, jonka ensimm\u00e4isen p\u00e4iv\u00e4n aihe oli &#8221;Simulointitekniikka ja sen uudet sovellusalat&#8221; ja toisen &#8221;Erotustekniikka sek\u00e4 suodatustekniikka&#8221; sek\u00e4 syksyll\u00e4 Prosessikehitysp\u00e4iv\u00e4n aiheena prosessikehitys.<\/p>\n<p>Vuosien 1991-1993 (1990-1993?) projektina on my\u00f6s ollut s\u00e4\u00e4nt\u00f6jen pyk\u00e4lien 5, 8 ja 11 muuttaminen. Katso tarkemmin s\u00e4\u00e4nn\u00f6ist\u00e4.<\/p>\n<hr id=\"1994\" \/>\n<h3>Vuosi 1994<\/h3>\n<p>Yhdistys j\u00e4rjesti Teollisuuden p\u00e4\u00e4st\u00f6- ja pitoisuusmittaukset -seminaarin.<\/p>\n<hr id=\"1995\" \/>\n<h3>Vuosi 1995<\/h3>\n<p>Yhdistys j\u00e4rjesti Chemical Engineering Seminarin, jonka aiheena oli &#8221;Ymp\u00e4rist\u00f6yst\u00e4v\u00e4lliset sellu- ja polttotekniikat&#8221;. Seminaarin yhteydess\u00e4 jaettiin Kemiantekniikan palkinto &#8211; Kemisktekniska priset ensimm\u00e4ist\u00e4 kertaa.<\/p>\n<hr id=\"1996\" \/>\n<h3>Vuosi 1996<\/h3>\n<p>Yhdistys j\u00e4rjesti lokakuun alussa Prosessikehistysp\u00e4iv\u00e4n, jonka aiheena oli &#8221;Kehittyv\u00e4t erotusmenetelm\u00e4t&#8221;.<\/p>\n<hr id=\"1997\" \/>\n<h3>Vuosi 1997<\/h3>\n<p>Yhdistys j\u00e4rjesti Chemical Engineering Seminarin, jonka aiheena oli &#8221;Uudet korroosion hallintamenetelm\u00e4t prosessiteollisuudessa&#8221;. Seminaarin yhteydess\u00e4 jaettiin Kemiantekniikan palkinto toisen kerran.<\/p>\n<hr id=\"1998\" \/>\n<h3>Vuosi 1998<\/h3>\n<p>Yhdistys j\u00e4rjesti mm. Prosessikehitysp\u00e4iv\u00e4n, jonka aiheena oli &#8221;Prosessiteollisuuden energiatalouden ja p\u00e4\u00e4st\u00f6jen optimointi&#8221;.<\/p>\n<hr id=\"1999\" \/>\n<h3>Vuosi 1999<\/h3>\n<p>Yhdistys siirtyi Internet-aikaan oikein toden teolla hankkimalla oman domainin, kty.fi, ja perustamalla oman webbisivuston, &lt;http:\/\/www.kty.fi\/&gt;. N\u00e4ist\u00e4 asioista vastasi yhdistyksen sihteeri Juha Virtanen. Yhdistyksen tiedotus ja paperit siirtyiv\u00e4t koko j\u00e4senist\u00f6n ja muun kansan tavoitettavaksi webbiin. Avoimuus lis\u00e4\u00e4ntyi voimakkaasti.<\/p>\n<p>Yhdistys j\u00e4rjesti my\u00f6s Chemical Engineering Seminarin aiheena &#8221;EHS &#8211; YMP\u00c4RIST\u00d6- JA TURVALLISUUSSEMINAARI: Muuttuvasta lains\u00e4\u00e4d\u00e4nn\u00f6st\u00e4 uusiin puhdistusmenetelmiin&#8221;.<\/p>\n<p>Syksyn aikana my\u00f6s pohdittiin seminaarin j\u00e4rjest\u00e4mist\u00e4 jonkun toisen tahon kanssa yhteisty\u00f6ss\u00e4. T\u00e4llaiseksi kumppaniksi l\u00f6ytyi Suomen Kemian Seuran Katalyysijaosto. Aloite yhteisseminaariin tuli j\u00e4senist\u00f6lt\u00e4.<\/p>\n<hr id=\"2000\" \/>\n<h3>Vuosi 2000<\/h3>\n<p>Maaliskuun lopussa yhdistys tarjosi j\u00e4senilleen kolmikymmenvuotisen olemassaolonsa juhlistamiseksi juhlaillallisen. Illallisen yhteydess\u00e4 jaettiin huomionosoitukset yhdistyksen perustajille. Perustajista tosin vain pari oli paikalla.<\/p>\n<p>Huhtikuun puoliv\u00e4liss\u00e4 yhdistys j\u00e4rjesti Suomen Kemian Seuran Katalyysijaoston kanssa yhteisseminaarin otsikolla &#8221;Katalyyttisten prosessien kehitys&#8221;. Seminaari ker\u00e4si muhkean 90 hengen osallistujajoukon. Seminaarin ohjelman p\u00e4\u00e4teemoja olivat katalyyttimateriaalien sek\u00e4 mallituksen hy\u00f6dynt\u00e4minen katalyyttisten prosessien kehityksess\u00e4. Seminaarissa oli my\u00f6s tutkimuspostereiden n\u00e4yttely.<\/p>\n<p>\u00bb Virallinen toimintakertomus 2000<\/p>\n<hr id=\"2001\" \/>\n<h3>Vuosi 2001<\/h3>\n<p>Lokakuun alussa yhdistys j\u00e4rjesti Chemical Engineering \u2013seminaarin Kemira Oy:n tutkimuskeskuksella Suomenojalla. Seminaarin aiheena oli tietotekniikka sek\u00e4 internet-teknologiat ja tiedon hallinta prosessiteollisuudessa. Seminaarin yhteydess\u00e4 jaettiin my\u00f6s Kemiantekniikan palkinto. T\u00e4n\u00e4 vuonna palkinto my\u00f6nnettiin Ville Alopaeukselle v\u00e4it\u00f6skirjasta: &#8221;Calculation of Multicomponent Mass Transfer Between Dispersed and Continuous Phases&#8221; (TKK 2001) ja Maritta Kym\u00e4l\u00e4iselle v\u00e4it\u00f6skirjasta &#8221;Fate of Nitrogen in the Chemical Recovery Cycle of a Kraft Pulp Mill&#8221; (\u00c5bo Akademi 2001).<\/p>\n<p>\u00bb Virallinen toimintakertomus 2001<\/p>\n<hr id=\"2002\" \/>\n<h3>Vuosi 2002<\/h3>\n<p>Lokakuun alussa yhdistys j\u00e4rjesti Chemical Engineering \u2013seminaarin Tieteiden talolla. Seminaarin aiheena oli polymeerimateriaalien mahdollisuudet prosessitekniikassa.<\/p>\n<p>\u00bb Virallinen toimintakertomus 2002<\/p>\n<hr id=\"2003\" \/>\n<h3>Vuosi 2003<\/h3>\n<p>Yhdistys j\u00e4rjesti yhdess\u00e4 Suomen katalyysiseuran kanssa yhteisseminaarin \u201cProsessitekniikalla terveellisiin tuotteisiin\u201d. Seminaari j\u00e4rjestettiin Espoossa, Dipolissa.<\/p>\n<p>\u00bb Virallinen toimintakertomus 2003<\/p>\n<hr id=\"2004\" \/>\n<h3>Vuosi 2004<\/h3>\n<p>Yhdistys j\u00e4rjesti lokakuun alussa Chemical Engineering \u2013seminaarin Hanasaaren kulttuurikeskuksessa Espoossa. Seminaarin aiheena oli kehittyv\u00e4 prosessisimulointi. Seminaarin yhteydess\u00e4 yhdistys my\u00f6nsi Kemiantekniikan palkinnon FT Petri Widstenille tunnustuksena TKK:ssa tehdyst\u00e4 v\u00e4it\u00f6skirjasta Oxidative Activation of Wood Fibers for the Manufacture of Medium-Density Fiberboard (Puukuitujen hapettava aktivointi MDF-levyjen valmistamiseksi). Seminaariin osallistujoita oli n. 60 luennoitsijat mukaan lukien.<\/p>\n<p>\u00bb Virallinen toimintakertomus 2004<\/p>\n<hr id=\"2005\" \/>\n<h3>Vuosi 2005<\/h3>\n<p>\u00bb Virallinen toimintakertomus 2005<\/p>\n<hr id=\"pjt\" \/>\n<h3>Puheenjohtajat, varapuheenjohtajat ja sihteerit<\/h3>\n<p><a href=\"http:\/\/kemianseurat.fi\/kty\/hallinto\/vanhat-hallitukset\/\">\u00bb Vanhat hallitukset<\/a><\/p>\n<h3>Puheenjohtajat<\/h3>\n<table>\n<tbody>\n<tr>\n<th>Vuodet<\/th>\n<th>Puheenjohtaja<\/th>\n<\/tr>\n<tr>\n<td>1970-1971<\/td>\n<td>Yrj\u00e4n\u00e4 Heikinheimo<\/td>\n<\/tr>\n<tr>\n<td>1972-1973<\/td>\n<td>Eino Uusitalo<\/td>\n<\/tr>\n<tr>\n<td>1974-1975<\/td>\n<td>Jussi Rinta<\/td>\n<\/tr>\n<tr>\n<td>1976-1977<\/td>\n<td>Pertti Knuuttila<\/td>\n<\/tr>\n<tr>\n<td>&#8230;<\/td>\n<td><\/td>\n<\/tr>\n<tr>\n<td>1979-1980<\/td>\n<td>Bertel Myr\u00e9en<\/td>\n<\/tr>\n<tr>\n<td>1981<\/td>\n<td>Teemu Tanner<\/td>\n<\/tr>\n<tr>\n<td>1982-1985<\/td>\n<td>Anne Qvintus<\/td>\n<\/tr>\n<tr>\n<td>1986-1987<\/td>\n<td>Ylermi Sartila<\/td>\n<\/tr>\n<tr>\n<td>1988-1989<\/td>\n<td>Merja Vuori<\/td>\n<\/tr>\n<tr>\n<td>1990-1991<\/td>\n<td>Risto Hakulinen<\/td>\n<\/tr>\n<tr>\n<td>1992-1993<\/td>\n<td>Risto Honkanen<\/td>\n<\/tr>\n<tr>\n<td>1994-1995<\/td>\n<td>Jaakko E. Laine<\/td>\n<\/tr>\n<tr>\n<td>1996-1997<\/td>\n<td>Leif Ramm-Schmidt<\/td>\n<\/tr>\n<tr>\n<td>1998-2001<\/td>\n<td>Jaakko E. Laine<\/td>\n<\/tr>\n<tr>\n<td>2002-2005<\/td>\n<td>Risto Hakulinen<\/td>\n<\/tr>\n<tr>\n<td>2006-<\/td>\n<td>Tiina Piira<\/td>\n<\/tr>\n<\/tbody>\n<\/table>\n<h3>Varapuheenjohtajat<\/h3>\n<p>Alla lyhenne s tarkoittaa suomenkielist\u00e4 varapuheenjohtajaa ja lyhenne r tarkoittaa ruotsinkielist\u00e4 varapuheenjohtajaa.<\/p>\n<table>\n<tbody>\n<tr>\n<th>Vuodet<\/th>\n<th>Varapuheenjohtajat<\/th>\n<\/tr>\n<tr>\n<td>1970-1972<\/td>\n<td>Timo Karttunen, s<br \/>\nIngmar Jaatinen, r<\/td>\n<\/tr>\n<tr>\n<td>1973-1974<\/td>\n<td>Pekka Alha, s<br \/>\nHolger Hollsten, r<\/td>\n<\/tr>\n<tr>\n<td>1975-1976<\/td>\n<td>Stig Linderborg, r<br \/>\nViljo S\u00e4rkk\u00e4, s<\/td>\n<\/tr>\n<tr>\n<td>1977-1978<\/td>\n<td>Bertel Myr\u00e9en, r<br \/>\nYlermi Sartila, s<\/td>\n<\/tr>\n<tr>\n<td>1979<\/td>\n<td>Olavi Numminen, s<br \/>\nLeif Rehn, r<\/td>\n<\/tr>\n<tr>\n<td>&#8230;.<\/td>\n<td><\/td>\n<\/tr>\n<tr>\n<td>1981-1982<\/td>\n<td>Ylermi Sartila, s<br \/>\nLeif Rehn, r<\/td>\n<\/tr>\n<tr>\n<td>1983<\/td>\n<td>Juha Jutila, s<br \/>\nNils Andersson, r<\/td>\n<\/tr>\n<tr>\n<td>1984-1985<\/td>\n<td>Ylermi Sartila, s<br \/>\nNils Andersson, r<\/td>\n<\/tr>\n<tr>\n<td>1986-1988<\/td>\n<td>Erkki Nurmi, s<br \/>\nPeter Sell, r<\/td>\n<\/tr>\n<tr>\n<td>1989<\/td>\n<td>Risto Hakulinen, s<br \/>\nRolf Hy\u00f6ky, r<\/td>\n<\/tr>\n<tr>\n<td>1990<\/td>\n<td>Risto Honkanen, s<br \/>\nRolf Hy\u00f6ky, r<\/td>\n<\/tr>\n<tr>\n<td>1991<\/td>\n<td>Risto Honkanen, s<br \/>\nPer Nyholm, r<\/td>\n<\/tr>\n<tr>\n<td>1992<\/td>\n<td>Risto Hakulinen, s<br \/>\nPer Nyholm, r<\/td>\n<\/tr>\n<tr>\n<td>1993<\/td>\n<td>Risto Hakulinen, s<br \/>\nHannu Holma, r<\/td>\n<\/tr>\n<tr>\n<td>1994-1995<\/td>\n<td>Markku Hurme, s<br \/>\nLeif Ramm-Schmidt, r<\/td>\n<\/tr>\n<tr>\n<td>1996-1997<\/td>\n<td>Antero H\u00f6rkk\u00f6, s<br \/>\nMarkku Karlsson, r<\/td>\n<\/tr>\n<tr>\n<td>1998-1999<\/td>\n<td>Kirsi Kavonius-Hietanen, s<br \/>\nRolf Hy\u00f6ky, r<\/td>\n<\/tr>\n<tr>\n<td>2000<\/td>\n<td>Kirsi Kavonius-Hietanen, s<br \/>\nRolf Hy\u00f6ky, r<\/td>\n<\/tr>\n<tr>\n<td>2001<\/td>\n<td>Markku Hurme, s<br \/>\nRolf Hy\u00f6ky, r<\/td>\n<\/tr>\n<tr>\n<td>2002<\/td>\n<td>Markku Hurme, s<br \/>\nLeif Ramm-Schmidt, r<\/td>\n<\/tr>\n<tr>\n<td>2003<\/td>\n<td>Samuli Zitting, s<br \/>\nRolf Hy\u00f6ky, r<\/td>\n<\/tr>\n<tr>\n<td>2004<\/td>\n<td>Samuli Zitting, s<br \/>\nRolf Hy\u00f6ky, r<\/td>\n<\/tr>\n<tr>\n<td>2005<\/td>\n<td>Tiina Piira, s<br \/>\nRolf Hy\u00f6ky, r<\/td>\n<\/tr>\n<tr>\n<td>2006<\/td>\n<td>Noora Ristolainen, s<br \/>\nRolf Hy\u00f6ky, r<\/td>\n<\/tr>\n<\/tbody>\n<\/table>\n<h3>Sihteerit<\/h3>\n<table>\n<tbody>\n<tr>\n<th>Vuodet<\/th>\n<th>Sihteeri<\/th>\n<\/tr>\n<tr>\n<td>1970-1971<\/td>\n<td>Martti J\u00e4nk\u00e4l\u00e4<\/td>\n<\/tr>\n<tr>\n<td>1973-1975<\/td>\n<td>Seppo Santaholma<\/td>\n<\/tr>\n<tr>\n<td>1976<\/td>\n<td>Leif Rehn<\/td>\n<\/tr>\n<tr>\n<td>1977<\/td>\n<td>Seppo Santaholma<\/td>\n<\/tr>\n<tr>\n<td>1978<\/td>\n<td>Tuula Peura<\/td>\n<\/tr>\n<tr>\n<td>&#8230;..<\/td>\n<td><\/td>\n<\/tr>\n<tr>\n<td>1979-1980<\/td>\n<td>Marja-Terttu Helin<\/td>\n<\/tr>\n<tr>\n<td>1981<\/td>\n<td>Pilvi Karhola<\/td>\n<\/tr>\n<tr>\n<td>1982-1983<\/td>\n<td>Pilvi Vartiala<\/td>\n<\/tr>\n<tr>\n<td>1983-1984<\/td>\n<td>Maarit Simell<\/td>\n<\/tr>\n<tr>\n<td>1985<\/td>\n<td>Rauni Karjala<\/td>\n<\/tr>\n<tr>\n<td>1985-1987<\/td>\n<td>Laura Raitio<\/td>\n<\/tr>\n<tr>\n<td>1987-1989<\/td>\n<td>Helena Ehoniemi<\/td>\n<\/tr>\n<tr>\n<td>1989-1990<\/td>\n<td>Timo Galkin<\/td>\n<\/tr>\n<tr>\n<td>1991-1992<\/td>\n<td>Leena Saarenp\u00e4\u00e4<\/td>\n<\/tr>\n<tr>\n<td>1993<\/td>\n<td>Tuija Kuronen<\/td>\n<\/tr>\n<tr>\n<td>1994-1996<\/td>\n<td>Tuija Levlin<\/td>\n<\/tr>\n<tr>\n<td>1996-2001<\/td>\n<td>Juha Virtanen<\/td>\n<\/tr>\n<tr>\n<td>2002-2003<\/td>\n<td>Henri Jouppila<\/td>\n<\/tr>\n<tr>\n<td>2004-<\/td>\n<td>Helena Laavi<\/td>\n<\/tr>\n<\/tbody>\n<\/table>\n<hr id=\"jasen\" \/>\n<h3>J\u00e4senm\u00e4\u00e4r\u00e4t eri aikoina<\/h3>\n<p>Historia ei niist\u00e4 kovin paljon tied\u00e4; t\u00e4ss\u00e4 se mit\u00e4 tiedossa on.<\/p>\n<table>\n<tbody>\n<tr>\n<th>Vuosi<\/th>\n<th colspan=\"3\">J\u00e4senm\u00e4\u00e4r\u00e4<\/th>\n<\/tr>\n<tr>\n<td><\/td>\n<td>Yhteens\u00e4<\/td>\n<td>Varsinaisia<\/td>\n<td>Nuoria<\/td>\n<\/tr>\n<tr>\n<td>1973<\/td>\n<td>154<\/td>\n<td>\u2013<\/td>\n<td>\u2013<\/td>\n<\/tr>\n<tr>\n<td>1975<\/td>\n<td>186<\/td>\n<td>\u2013<\/td>\n<td>\u2013<\/td>\n<\/tr>\n<tr>\n<td>1980<\/td>\n<td>650<\/td>\n<td>\u2013<\/td>\n<td>\u2013<\/td>\n<\/tr>\n<tr>\n<td>1985<\/td>\n<td>859<\/td>\n<td>\u2013<\/td>\n<td>\u2013<\/td>\n<\/tr>\n<tr>\n<td>1990<\/td>\n<td>806<\/td>\n<td>\u2013<\/td>\n<td>\u2013<\/td>\n<\/tr>\n<tr>\n<td>1994<\/td>\n<td>794<\/td>\n<td>601<\/td>\n<td>193<\/td>\n<\/tr>\n<tr>\n<td>1995<\/td>\n<td>770<\/td>\n<td>553<\/td>\n<td>217<\/td>\n<\/tr>\n<tr>\n<td>1996<\/td>\n<td>795<\/td>\n<td>544<\/td>\n<td>251<\/td>\n<\/tr>\n<tr>\n<td>1997<\/td>\n<td>779<\/td>\n<td>533<\/td>\n<td>246<\/td>\n<\/tr>\n<tr>\n<td>1998<\/td>\n<td>744<\/td>\n<td>514<\/td>\n<td>230<\/td>\n<\/tr>\n<tr>\n<td>1999<\/td>\n<td>727<\/td>\n<td>492<\/td>\n<td>235<\/td>\n<\/tr>\n<tr>\n<td>2000<\/td>\n<td>681<\/td>\n<td>482<\/td>\n<td>199<\/td>\n<\/tr>\n<\/tbody>\n<\/table>\n<hr id=\"lahteet\" \/>\n<h3>L\u00e4hteet<\/h3>\n<p>Tieteellisten Seurain Valtuuskunnan tekem\u00e4t selvitykset.<\/p>\n<p>Yhdistyksen toimintakertomukset.<\/p>\n<p>Suomen tieteelliset seurat 1999 (ISBN 951-96492-5-5, ISSN 0783-4381).<\/p>\n<p>Helsingin maistraatin arkisto.<\/p>\n","protected":false},"excerpt":{"rendered":"<p>Yhdistyksen historia T\u00e4m\u00e4 ei ole KTYn virallinen historiikki, vaan kyseess\u00e4 on kokoelma yksityiskohtia KTY:n olemassaolon ajalta. \u00bb Nykyinen hallitus \u00bb Vanhat hallitukset \u00bb Menneet seminaarit \u00bb Kemiantekniikan palkinnon saaneet Sis\u00e4llys Alku Vuodet 1970-1992 Vuosi 1993 Vuosi 1994 Vuosi 1995 Vuosi 1996 Vuosi 1997 Vuosi 1998 Vuosi 1999 Vuosi 2000 Vuosi 2001 Vuosi 2002 Vuosi 2003 &hellip; <\/p>\n<p class=\"link-more\"><a href=\"https:\/\/kemianseurat.fi\/kty\/yhdistys\/historia\/\" class=\"more-link\">Jatka lukemista<span class=\"screen-reader-text\"> &#8221;Historia&#8221;<\/span><\/a><\/p>\n","protected":false},"author":1,"featured_media":0,"parent":7,"menu_order":0,"comment_status":"closed","ping_status":"closed","template":"","meta":{"footnotes":""},"class_list":["post-26","page","type-page","status-publish","hentry"],"_links":{"self":[{"href":"https:\/\/kemianseurat.fi\/kty\/wp-json\/wp\/v2\/pages\/26","targetHints":{"allow":["GET"]}}],"collection":[{"href":"https:\/\/kemianseurat.fi\/kty\/wp-json\/wp\/v2\/pages"}],"about":[{"href":"https:\/\/kemianseurat.fi\/kty\/wp-json\/wp\/v2\/types\/page"}],"author":[{"embeddable":true,"href":"https:\/\/kemianseurat.fi\/kty\/wp-json\/wp\/v2\/users\/1"}],"replies":[{"embeddable":true,"href":"https:\/\/kemianseurat.fi\/kty\/wp-json\/wp\/v2\/comments?post=26"}],"version-history":[{"count":13,"href":"https:\/\/kemianseurat.fi\/kty\/wp-json\/wp\/v2\/pages\/26\/revisions"}],"predecessor-version":[{"id":115,"href":"https:\/\/kemianseurat.fi\/kty\/wp-json\/wp\/v2\/pages\/26\/revisions\/115"}],"up":[{"embeddable":true,"href":"https:\/\/kemianseurat.fi\/kty\/wp-json\/wp\/v2\/pages\/7"}],"wp:attachment":[{"href":"https:\/\/kemianseurat.fi\/kty\/wp-json\/wp\/v2\/media?parent=26"}],"curies":[{"name":"wp","href":"https:\/\/api.w.org\/{rel}","templated":true}]}}