{"id":13,"date":"2018-07-04T15:05:06","date_gmt":"2018-07-04T13:05:06","guid":{"rendered":"http:\/\/kemianseurat.fi\/kty\/?page_id=13"},"modified":"2018-07-04T15:00:56","modified_gmt":"2018-07-04T13:00:56","slug":"saannot","status":"publish","type":"page","link":"https:\/\/kemianseurat.fi\/kty\/yhdistys\/saannot\/","title":{"rendered":"S\u00e4\u00e4nn\u00f6t"},"content":{"rendered":"<h2>Kemiallisteknillinen Yhdistys \u2013 Kemisktekniska f\u00f6reningen r.y.<\/h2>\n<p><strong>Nimi ja kotipaikka<br \/>\n<\/strong>1 \u00a7<\/p>\n<p>Yhdistyksen nimi on Kemiallisteknillinen Yhdistys &#8211; Kemisktekniska F\u00f6reningen r.y. ja sen kotipaikka on Helsingin kaupunki.<\/p>\n<p><strong>Tarkoitus ja toimintamuodot<br \/>\n<\/strong>2 \u00a7<\/p>\n<p>Yhdistyksen tarkoituksena on toimia j\u00e4sentens\u00e4 yhdyssiteen\u00e4, edist\u00e4\u00e4 heid\u00e4n ty\u00f6ns\u00e4 arvostusta ja yhteisi\u00e4 pyrkimyksi\u00e4\u00e4n, tukea heid\u00e4n ammatillista kehityst\u00e4\u00e4n ja vaikuttaa kemian tekniikan ja teollisuuden kehitykseen.<\/p>\n<p>3 \u00a7<\/p>\n<p>Tarkoituksensa toteuttamiseksi yhdistys j\u00e4rjest\u00e4\u00e4 seminaareja ja sidosryhm\u00e4tilaisuuksia, harjoittaa julkaisu- ja koulutustoimintaa sek\u00e4 pit\u00e4\u00e4 yhteytt\u00e4 vastaaviin ulkomaisiin yhdistyksiin ja niiden j\u00e4seniin samoin kuin kansainv\u00e4lisiin alan j\u00e4rjest\u00f6ihin.<\/p>\n<p>4 \u00a7<\/p>\n<p>Yhdistys voi liitty\u00e4 yhteis\u00f6j\u00e4senen\u00e4 tai j\u00e4senyhdistyksen\u00e4 muihin kemian tai tekniikan alaa edustaviin yhdistyksiin.<\/p>\n<p><strong>J\u00e4senyys<br \/>\n<\/strong>5 \u00a7<\/p>\n<p>Yhdistyksen j\u00e4senet ovat varsinaisia j\u00e4seni\u00e4, nuoria j\u00e4seni\u00e4, kannattavia j\u00e4seni\u00e4 tai kunniaj\u00e4seni\u00e4.<\/p>\n<p>Yhdistyksen varsinaiseksi j\u00e4seneksi voi liitty\u00e4 ilmoittautumalla hallituksen osoittamalle j\u00e4senasioista vastaavalle toimihenkil\u00f6lle. Yhdistyksen varsinaiseksi j\u00e4seneksi hyv\u00e4ksyt\u00e4\u00e4n henkil\u00f6t, joilla on alan ylempi korkeakoulututkinto tai alalla toimintaan perustuva p\u00e4tevyys.<\/p>\n<p>Yhdistyksen nuoreksi j\u00e4seneksi voi liitty\u00e4 ilmoittautumalla hallituksen osoittamalle j\u00e4senasioista vastaavalle toimihenkil\u00f6lle. Nuoriksi j\u00e4seniksi voivat liitty\u00e4 jonkin korkeakoulun tai yliopiston teknillisen tiedekunnan opiskelijat. Nuorilla j\u00e4senill\u00e4 on oikeus ottaa osaa yhdistyksen toimintaan ja \u00e4\u00e4nestyksiin. Nuori j\u00e4sen siirtyy varsinaiseksi j\u00e4seneksi ilman eri ilmoitusta suoritettuaan ylemm\u00e4n korkeakoulututkinnon.<\/p>\n<p>Kannattavaksi j\u00e4seneksi hallitus voi hyv\u00e4ksy\u00e4 hallitukselle tehdyst\u00e4 ilmoittautumisesta yhdistyksen toimialalla toimivan oikeuskelpoisen yhteis\u00f6n. Sen edustajalla on oikeus osallistua yhdistyksen toimintaan, mutta ei \u00e4\u00e4nestyksiin.<\/p>\n<p>Yhdistyksen kunniaj\u00e4seneksi voidaan hallituksen esityksest\u00e4 kutsua henkil\u00f6, joka on ansiokkaasti toiminut kemian teollisuuden tai tutkimuksen hyv\u00e4ksi. Yhdistyksen kokouksen yksinkertaisen enemmist\u00f6n tulee kannattaa kutsumista.<\/p>\n<p>Saavutetut j\u00e4senoikeudet s\u00e4ilyv\u00e4t, ellei hallitus katkaise j\u00e4senyytt\u00e4 maksamattomien j\u00e4senmaksujen tai yhdistyksen tarkoituksen ja toiminnan kannalta asiattoman k\u00e4yt\u00f6ksen vuoksi.<\/p>\n<p>6 \u00a7<\/p>\n<p>Yhdistyksest\u00e4 voi erota ilmoittamalla asiasta hallitukselle. J\u00e4senyys lakkaan saman vuoden lopussa, jona j\u00e4sen ilmoittaa eroamisestaan, ja j\u00e4senmaksu on suoritettava kyseisen vuoden loppuun.<\/p>\n<p>7 \u00a7<\/p>\n<p>Yhdistyksen j\u00e4senilta perit\u00e4\u00e4n vuosittain vaalikokouksen vahvistama j\u00e4senmaksu. Kunniaj\u00e4senet ovat vapaat j\u00e4senmaksusta.<\/p>\n<p><strong>Yhdistyksen kokoukset<br \/>\n<\/strong>8 \u00a7<\/p>\n<p>Yhdistys j\u00e4rjest\u00e4\u00e4 vuosittain v\u00e4hint\u00e4\u00e4n kaksi kokousta, joista vuosikokous on pidett\u00e4v\u00e4 viimeist\u00e4\u00e4n 30. huhtikuuta ja vaalikokous viimeist\u00e4\u00e4n 31. joulukuuta.<\/p>\n<p>Yhdistys voidaan kutsua ylim\u00e4\u00e4r\u00e4iseen kokoukseen hallituksen p\u00e4\u00e4t\u00f6ksell\u00e4. Lis\u00e4ksi yhdistys on kutsuttava koolle, jos v\u00e4hint\u00e4\u00e4n kaksikymment\u00e4 (20) yhdistyksen j\u00e4sent\u00e4 sit\u00e4 hallitukselta tietyn asian k\u00e4sittely\u00e4 varten kirjallisesti vaatii.<\/p>\n<p>Kokouskutsu julkaistaan v\u00e4hint\u00e4\u00e4n seitsem\u00e4n (7) p\u00e4iv\u00e4\u00e4 ennen kokousta yhdistyksen verkkosivuilla ja toimitetaan j\u00e4senille lis\u00e4ksi s\u00e4hk\u00f6postitse j\u00e4senrekisteriin ilmoitettuun s\u00e4hk\u00f6postiosoitteeseen.<\/p>\n<p>Kaikki vaalit ja \u00e4\u00e4nestykset ovat avoimia. \u00c4\u00e4nten menness\u00e4 tasan ratkaisee vaaleissa arpa ja muissa tapauksissa puheenjohtajan \u00e4\u00e4ni.<\/p>\n<p>Yhdistyksen hallintokieli on suomi. Vaali- ja tilintarkastuskertomukset laaditaan hallintokielell\u00e4.<\/p>\n<p>9 \u00a7<\/p>\n<p>Yhdistyksen vuosikokouksessa k\u00e4sitell\u00e4\u00e4n seuraavat asiat:<\/p>\n<p>1. Valitaan kokoukselle puheenjohtaja ja sihteeri.<br \/>\n2. Esitet\u00e4\u00e4n hallituksen vuosikertomus ja tilit.<br \/>\n3. Esitet\u00e4\u00e4n toiminnantarkastuskertomus.<br \/>\n4. P\u00e4\u00e4tet\u00e4\u00e4n tilinp\u00e4\u00e4t\u00f6ksen vahvistamisesta sek\u00e4 hallituksen tili- ja vastuuvapauden my\u00f6nt\u00e4misest\u00e4.<br \/>\n5. K\u00e4sitell\u00e4\u00e4n muut erikseen kokouskutsussa mainitut asiat.<\/p>\n<p>10 \u00a7<\/p>\n<p>Vaalikokouksessa k\u00e4sitell\u00e4\u00e4n seuraavat asiat:<\/p>\n<p>1. Valitaan kokoukselle puheenjohtaja ja sihteeri.<br \/>\n2. Valitaan hallituksen puheenjohtaja, varapuheenjohtaja ja muut hallituksen j\u00e4senet.<br \/>\n3. Valitaan yksi varsinainen toiminnantarkastaja ja h\u00e4nelle varahenkil\u00f6.<br \/>\n4. P\u00e4\u00e4tet\u00e4\u00e4n luottamushenkil\u00f6iden palkkioista.<br \/>\n5. Esitet\u00e4\u00e4n hyv\u00e4ksytt\u00e4v\u00e4ksi hallituksen laatima yhdistyksen toimintasuunnitelma sek\u00e4 siihen liittyv\u00e4 talousarvio<br \/>\n6. P\u00e4\u00e4tet\u00e4\u00e4n j\u00e4senmaksut seuraavalle vuodelle.<br \/>\n7. K\u00e4sitell\u00e4\u00e4n muut erikseen kokouskutsussa mainitut asiat.<\/p>\n<p><strong>Hallitus<br \/>\n<\/strong>11 \u00a7<\/p>\n<p>Yhdistyksen toimintaa johtaa hallitus, joka kantaa ja vastaa sen puolesta. Hallituksen muodostavat yhdistyksen vaalikokouksessaan valitsemat puheenjohtaja, varapuheenjohtaja, sek\u00e4 nelj\u00e4 muuta j\u00e4sent\u00e4. Puheenjohtajan, varapuheenjohtajan ja kolmen hallituksen j\u00e4senen on oltava varsinaisia j\u00e4seni\u00e4.<\/p>\n<p>Puheenjohtajan toimikausi on yksi vuosi, varapuheenjohtajan ja hallituksen j\u00e4senten toimikausi on kaksi vuotta. Puheenjohtajien tai hallituksen j\u00e4senen teht\u00e4v\u00e4\u00e4n voidaan sama henkil\u00f6 valita enint\u00e4\u00e4n kahdeksi per\u00e4kk\u00e4iseksi toimikaudeksi.<\/p>\n<p>Hallitus kokoontuu puheenjohtajan kutsusta tai milloin v\u00e4hint\u00e4\u00e4n kaksi hallituksen j\u00e4sent\u00e4 ilmoittamalla aiheen sit\u00e4 puheenjohtajalta pyyt\u00e4\u00e4. Hallitus on p\u00e4\u00e4t\u00f6svaltainen, kun v\u00e4hint\u00e4\u00e4n puolet sen j\u00e4senist\u00e4 ja n\u00e4ihin luettuna puheenjohtaja tai varapuheenjohtaja on saapuvilla.<\/p>\n<p>Yhdistyksen nimen merkitsee joko hallituksen puheenjohtaja tai varapuheenjohtaja, kumpikin heist\u00e4 yhdess\u00e4 toisen hallituksen j\u00e4senen tai yhdistyksen sihteerin kanssa.<\/p>\n<p>Hallitus valitsee yhdistykselle tarpeellisiksi katsomansa toimihenkil\u00f6t.<\/p>\n<p><strong>Tilit ja toiminnantarkastus<br \/>\n<\/strong>12 \u00a7<\/p>\n<p>Yhdistyksen tilit p\u00e4\u00e4tet\u00e4\u00e4n kalenterivuosittain, tilinp\u00e4\u00e4t\u00f6kseen tulee olla valmis ennen tammikuun loppua, jolloin hallituksen on l\u00e4hetett\u00e4v\u00e4 kaikki toiminnantarkastusta varten tarvittavat asiakirjat toiminnantarkastajille. N\u00e4iden on seuraavan helmikuun aikana suoritettava tarkastus ja palautettava asiakirjat toiminnantarkastuskertomuksen ohella hallitukselle.<\/p>\n<p><strong>S\u00e4\u00e4nt\u00f6jen muuttaminen<br \/>\n<\/strong>13 \u00a7<\/p>\n<p>Muutoksia n\u00e4ihin s\u00e4\u00e4nt\u00f6ihin voidaan tehd\u00e4, jos kahdessa per\u00e4tt\u00e4isess\u00e4 v\u00e4hint\u00e4\u00e4n kuukauden v\u00e4liajoin pidetyss\u00e4 yhdistyksen kokouksessa kummassakin v\u00e4hint\u00e4\u00e4n kaksi kolmasosaa \u00e4\u00e4nestyksess\u00e4 annetuista \u00e4\u00e4nist\u00e4 kannattaa muutosehdotusta.<\/p>\n<p>S\u00e4\u00e4nt\u00f6jen muutosehdotuksesta on mainittava kokouskutsussa.<\/p>\n<p><strong>Yhdistyksen purkaminen<br \/>\n<\/strong>14 \u00a7<\/p>\n<p>Yhdistyksen purkamisesta on p\u00e4\u00e4tett\u00e4v\u00e4 kahdessa per\u00e4kk\u00e4isess\u00e4, v\u00e4hint\u00e4\u00e4n kuukauden v\u00e4liajoin pidett\u00e4v\u00e4ss\u00e4 kokouksessa. Purkamiseen vaaditaan v\u00e4hint\u00e4\u00e4n seitsem\u00e4n kahdeksasosan enemmist\u00f6n kannatus annetuista \u00e4\u00e4nist\u00e4 kummassakin kokouksessa. Yhdistyksen purkautuessa sen omaisuus on k\u00e4ytett\u00e4v\u00e4 tarkoitukseen, joka edist\u00e4\u00e4 2 \u00a7:ss\u00e4 mainittuja yhdistyksen tarkoitusperi\u00e4.<\/p>\n<p>&nbsp;<\/p>\n","protected":false},"excerpt":{"rendered":"<p>Kemiallisteknillinen Yhdistys \u2013 Kemisktekniska f\u00f6reningen r.y. Nimi ja kotipaikka 1 \u00a7 Yhdistyksen nimi on Kemiallisteknillinen Yhdistys &#8211; Kemisktekniska F\u00f6reningen r.y. ja sen kotipaikka on Helsingin kaupunki. Tarkoitus ja toimintamuodot 2 \u00a7 Yhdistyksen tarkoituksena on toimia j\u00e4sentens\u00e4 yhdyssiteen\u00e4, edist\u00e4\u00e4 heid\u00e4n ty\u00f6ns\u00e4 arvostusta ja yhteisi\u00e4 pyrkimyksi\u00e4\u00e4n, tukea heid\u00e4n ammatillista kehityst\u00e4\u00e4n ja vaikuttaa kemian tekniikan ja teollisuuden kehitykseen. &hellip; <\/p>\n<p class=\"link-more\"><a href=\"https:\/\/kemianseurat.fi\/kty\/yhdistys\/saannot\/\" class=\"more-link\">Jatka lukemista<span class=\"screen-reader-text\"> &#8221;S\u00e4\u00e4nn\u00f6t&#8221;<\/span><\/a><\/p>\n","protected":false},"author":1,"featured_media":0,"parent":7,"menu_order":0,"comment_status":"closed","ping_status":"closed","template":"","meta":{"footnotes":""},"class_list":["post-13","page","type-page","status-publish","hentry"],"_links":{"self":[{"href":"https:\/\/kemianseurat.fi\/kty\/wp-json\/wp\/v2\/pages\/13","targetHints":{"allow":["GET"]}}],"collection":[{"href":"https:\/\/kemianseurat.fi\/kty\/wp-json\/wp\/v2\/pages"}],"about":[{"href":"https:\/\/kemianseurat.fi\/kty\/wp-json\/wp\/v2\/types\/page"}],"author":[{"embeddable":true,"href":"https:\/\/kemianseurat.fi\/kty\/wp-json\/wp\/v2\/users\/1"}],"replies":[{"embeddable":true,"href":"https:\/\/kemianseurat.fi\/kty\/wp-json\/wp\/v2\/comments?post=13"}],"version-history":[{"count":16,"href":"https:\/\/kemianseurat.fi\/kty\/wp-json\/wp\/v2\/pages\/13\/revisions"}],"predecessor-version":[{"id":207,"href":"https:\/\/kemianseurat.fi\/kty\/wp-json\/wp\/v2\/pages\/13\/revisions\/207"}],"up":[{"embeddable":true,"href":"https:\/\/kemianseurat.fi\/kty\/wp-json\/wp\/v2\/pages\/7"}],"wp:attachment":[{"href":"https:\/\/kemianseurat.fi\/kty\/wp-json\/wp\/v2\/media?parent=13"}],"curies":[{"name":"wp","href":"https:\/\/api.w.org\/{rel}","templated":true}]}}