{"id":93,"date":"2025-10-06T11:45:00","date_gmt":"2025-10-06T11:45:00","guid":{"rendered":"https:\/\/kemianseurat.fi\/koj\/?page_id=93"},"modified":"2025-12-03T08:33:14","modified_gmt":"2025-12-03T08:33:14","slug":"etusivu","status":"publish","type":"page","link":"https:\/\/kemianseurat.fi\/koj\/","title":{"rendered":"Kemian opetuksen jaosto"},"content":{"rendered":"\n<p>Tervetuloa Kemian opetuksen jaoston (KOJ) sivuille. Jaoston tavoitteena on edist\u00e4\u00e4 kemian tiedekasvatusta kaikilla opetusasteilla. Lis\u00e4ksi toimimme valtakunnallisena yhdyssiteen\u00e4 kaikkien kemian opetuksen parissa ty\u00f6skentelevien ja siit\u00e4 kiinnostuneiden henkil\u00f6iden sek\u00e4 yhteis\u00f6jen v\u00e4lill\u00e4.<\/p>\n\n\n\n<p>Tuemme j\u00e4sentemme vuorovaikutusta ja kemian alan tuntemusta j\u00e4rjest\u00e4m\u00e4ll\u00e4 kokouksia, seminaareja, koulutuksia ja yritysvierailuja. Lis\u00e4ksi jaamme Uudenmaan kannustusstipendit yl\u00e4koululaisille ja lukiolaisille ja my\u00f6nn\u00e4mme opettajille matkastipendej\u00e4 kemian alan tapahtumiin.<\/p>\n\n\n\n<p><\/p>\n\n\n\n<figure class=\"wp-block-image size-large\"><img loading=\"lazy\" decoding=\"async\" width=\"1024\" height=\"768\" src=\"https:\/\/kemianseurat.fi\/koj\/wp-content\/uploads\/2025\/06\/Unicorn-pigeon-1024x768.jpg\" alt=\"\" class=\"wp-image-8\" srcset=\"https:\/\/kemianseurat.fi\/koj\/wp-content\/uploads\/2025\/06\/Unicorn-pigeon-1024x768.jpg 1024w, https:\/\/kemianseurat.fi\/koj\/wp-content\/uploads\/2025\/06\/Unicorn-pigeon-300x225.jpg 300w, https:\/\/kemianseurat.fi\/koj\/wp-content\/uploads\/2025\/06\/Unicorn-pigeon-768x576.jpg 768w, https:\/\/kemianseurat.fi\/koj\/wp-content\/uploads\/2025\/06\/Unicorn-pigeon-1536x1152.jpg 1536w, https:\/\/kemianseurat.fi\/koj\/wp-content\/uploads\/2025\/06\/Unicorn-pigeon.jpg 2048w\" sizes=\"auto, (max-width: 1024px) 100vw, 1024px\" \/><\/figure>\n\n\n\n<p><\/p>\n","protected":false},"excerpt":{"rendered":"<p>Tervetuloa Kemian opetuksen jaoston (KOJ) sivuille. Jaoston tavoitteena on edist\u00e4\u00e4 kemian tiedekasvatusta kaikilla opetusasteilla. Lis\u00e4ksi toimimme valtakunnallisena yhdyssiteen\u00e4 kaikkien kemian opetuksen parissa ty\u00f6skentelevien ja siit\u00e4 kiinnostuneiden henkil\u00f6iden sek\u00e4 yhteis\u00f6jen v\u00e4lill\u00e4. Tuemme j\u00e4sentemme vuorovaikutusta ja kemian alan tuntemusta j\u00e4rjest\u00e4m\u00e4ll\u00e4 kokouksia, seminaareja, koulutuksia ja yritysvierailuja. Lis\u00e4ksi jaamme Uudenmaan kannustusstipendit yl\u00e4koululaisille ja lukiolaisille ja my\u00f6nn\u00e4mme opettajille matkastipendej\u00e4 kemian alan tapahtumiin.<\/p>\n","protected":false},"author":2,"featured_media":0,"parent":0,"menu_order":0,"comment_status":"closed","ping_status":"closed","template":"","meta":{"footnotes":""},"class_list":["post-93","page","type-page","status-publish"],"_links":{"self":[{"href":"https:\/\/kemianseurat.fi\/koj\/wp-json\/wp\/v2\/pages\/93","targetHints":{"allow":["GET"]}}],"collection":[{"href":"https:\/\/kemianseurat.fi\/koj\/wp-json\/wp\/v2\/pages"}],"about":[{"href":"https:\/\/kemianseurat.fi\/koj\/wp-json\/wp\/v2\/types\/page"}],"author":[{"embeddable":true,"href":"https:\/\/kemianseurat.fi\/koj\/wp-json\/wp\/v2\/users\/2"}],"replies":[{"embeddable":true,"href":"https:\/\/kemianseurat.fi\/koj\/wp-json\/wp\/v2\/comments?post=93"}],"version-history":[{"count":6,"href":"https:\/\/kemianseurat.fi\/koj\/wp-json\/wp\/v2\/pages\/93\/revisions"}],"predecessor-version":[{"id":117,"href":"https:\/\/kemianseurat.fi\/koj\/wp-json\/wp\/v2\/pages\/93\/revisions\/117"}],"wp:attachment":[{"href":"https:\/\/kemianseurat.fi\/koj\/wp-json\/wp\/v2\/media?parent=93"}],"curies":[{"name":"wp","href":"https:\/\/api.w.org\/{rel}","templated":true}]}}