{"id":67,"date":"2017-11-17T09:02:03","date_gmt":"2017-11-17T09:02:03","guid":{"rendered":"https:\/\/kemianseura.fi\/KOJ\/?page_id=2"},"modified":"2025-12-03T09:01:24","modified_gmt":"2025-12-03T09:01:24","slug":"jaosto","status":"publish","type":"page","link":"https:\/\/kemianseurat.fi\/koj\/jaosto\/","title":{"rendered":"Jaosto"},"content":{"rendered":"<h3>Toiminta<\/h3>\n<p>Kemian opetuksen jaoston tarkoituksena on toimia valtakunnallisena yhdyssiteen\u00e4 kemian opetuksen parissa ty\u00f6skentelevien tai siit\u00e4 kiinnostuneiden henkil\u00f6iden ja yhteis\u00f6jen v\u00e4lill\u00e4 sek\u00e4 edist\u00e4\u00e4 j\u00e4sentens\u00e4 keskin\u00e4ist\u00e4 vuorovaikutusta ja kemian alan tuntemusta. Jaosto j\u00e4rjest\u00e4\u00e4 kokouksia, esitelm\u00e4- ja koulutustilaisuuksia, yritys- ja tutkimuslaitosvierailuja sek\u00e4 harjoittaa julkaisutoimintaa. Lis\u00e4ksi jaamme Uudenmaan kannustusstipendit.<\/p>\n<h3>J\u00e4seneksi<\/h3>\n<p>Jaostolla on noin 160 kemian opetuksesta kiinnostunutta j\u00e4sent\u00e4.<\/p>\n<p>Varsinaiseksi j\u00e4seneksi voidaan hyv\u00e4ksy\u00e4 henkil\u00f6, joka ty\u00f6skentelee kemian opetuksen parissa mill\u00e4 tahansa opetusasteella. Nuoreksi j\u00e4seneksi voidaan hyv\u00e4ksy\u00e4 yliopistossa kemiaa p\u00e4\u00e4aineenaan tai sivuaineenaan opiskeleva henkil\u00f6.<\/p>\n<p>Kemian opetuksen jaoston j\u00e4senen\u00e4<\/p>\n<ol>\n<li>saat j\u00e4senetuna <a href=\"http:\/\/www.kemia-lehti.fi\/\">Kemia-lehden<\/a><\/li>\n<li>kaksi uutiskirjetta: 1) Suomalaisten Kemistien Seuran uutiskirjeen ja 2) Kemian opetuksen jaoston uutiskirjeen<\/li>\n<li>voit osallistua jaoston toimintaan alennettuun hintaan<\/li>\n<li>voit hakea stipendej\u00e4 oppilaillesi.<\/li>\n<\/ol>\n<p>Varsinainen j\u00e4senyys vuodelle maksaa 69 \u20ac. Nuoren j\u00e4senen vuosimaksu on 10 \u20ac.<\/p>\n<p><a href=\"https:\/\/core.flomembers.com\/kemianseura\/members\/application\/createApplication\"><strong>Liity j\u00e4seneksi t\u00e4st\u00e4.<\/strong><\/a><\/p>\n<h3>Postituslista<\/h3>\n<p>Voit liitty\u00e4 jaoston postituslistalle l\u00e4hett\u00e4m\u00e4ll\u00e4 osoitteeseen majordomo@helsinki.fi otsikoimattoman viestin, jonka tekstikent\u00e4ss\u00e4 lukee subscribe koj-tiedotus.<\/p>\n<p>Listalta erotaan l\u00e4hett\u00e4m\u00e4ll\u00e4 samaan osoitteeseen viesti unsubscribe koj-tiedotus.<\/p>\n<p>Listaa yll\u00e4pidet\u00e4\u00e4n Helsingin yliopiston Majordomo-palvelun kautta.<\/p>\n<h3>Johtoryhm\u00e4 2025<\/h3>\n<p>Johannes Pernaa, Helsingin yliopisto, (puheenjohtaja)<br \/>\nTanja H\u00e4kli, Gymnasiet L\u00e4rkan, Helsinki (sihteeri)<br \/>\nTiina Kero, Peltolan koulu, Vantaa (rahastonhoitaja)<br \/>\nElina Seppo, Stadin ammattiopisto, Helsinki (varapuheenjohtaja)<br \/>\nReija Pesonen, Helsingin yliopisto (j\u00e4sen)<br \/>\nSusanne Wiedmer, Helsingin yliopisto (j\u00e4sen)<\/p>\n<blockquote><p><em>Haemme hallitukseen uutta opiskelijaj\u00e4sent\u00e4 ja teknillisten yliopistojen edustajaa.<\/em><\/p><\/blockquote>\n","protected":false},"excerpt":{"rendered":"<p>Toiminta Kemian opetuksen jaoston tarkoituksena on toimia valtakunnallisena yhdyssiteen\u00e4 kemian opetuksen parissa ty\u00f6skentelevien tai siit\u00e4 kiinnostuneiden henkil\u00f6iden ja yhteis\u00f6jen v\u00e4lill\u00e4 sek\u00e4 edist\u00e4\u00e4 j\u00e4sentens\u00e4 keskin\u00e4ist\u00e4 vuorovaikutusta ja kemian alan tuntemusta. Jaosto j\u00e4rjest\u00e4\u00e4 kokouksia, esitelm\u00e4- ja koulutustilaisuuksia, yritys- ja tutkimuslaitosvierailuja sek\u00e4 harjoittaa julkaisutoimintaa. Lis\u00e4ksi jaamme Uudenmaan kannustusstipendit. J\u00e4seneksi Jaostolla on noin 160 kemian opetuksesta kiinnostunutta j\u00e4sent\u00e4. Varsinaiseksi j\u00e4seneksi voidaan hyv\u00e4ksy\u00e4 henkil\u00f6, joka ty\u00f6skentelee kemian opetuksen parissa mill\u00e4 tahansa opetusasteella. Nuoreksi j\u00e4seneksi voidaan hyv\u00e4ksy\u00e4 yliopistossa kemiaa p\u00e4\u00e4aineenaan tai sivuaineenaan opiskeleva henkil\u00f6. Kemian opetuksen jaoston j\u00e4senen\u00e4 saat j\u00e4senetuna Kemia-lehden kaksi uutiskirjetta: 1) Suomalaisten Kemistien Seuran uutiskirjeen ja 2) Kemian opetuksen jaoston uutiskirjeen voit osallistua jaoston toimintaan alennettuun hintaan voit hakea stipendej\u00e4 oppilaillesi. Varsinainen j\u00e4senyys vuodelle maksaa 69 \u20ac. Nuoren j\u00e4senen vuosimaksu on 10 \u20ac. Liity j\u00e4seneksi t\u00e4st\u00e4. Postituslista Voit liitty\u00e4 jaoston postituslistalle l\u00e4hett\u00e4m\u00e4ll\u00e4 osoitteeseen majordomo@helsinki.fi otsikoimattoman viestin, jonka tekstikent\u00e4ss\u00e4 lukee subscribe koj-tiedotus. Listalta erotaan l\u00e4hett\u00e4m\u00e4ll\u00e4 samaan osoitteeseen viesti unsubscribe koj-tiedotus. Listaa yll\u00e4pidet\u00e4\u00e4n Helsingin yliopiston&hellip;<\/p>\n<p> <a class=\"more-link\" href=\"https:\/\/kemianseurat.fi\/koj\/jaosto\/\">Lue Lis\u00e4\u00e4<\/a><\/p>\n","protected":false},"author":1,"featured_media":8,"parent":0,"menu_order":0,"comment_status":"open","ping_status":"open","template":"","meta":{"footnotes":""},"class_list":["post-67","page","type-page","status-publish","has-post-thumbnail"],"_links":{"self":[{"href":"https:\/\/kemianseurat.fi\/koj\/wp-json\/wp\/v2\/pages\/67","targetHints":{"allow":["GET"]}}],"collection":[{"href":"https:\/\/kemianseurat.fi\/koj\/wp-json\/wp\/v2\/pages"}],"about":[{"href":"https:\/\/kemianseurat.fi\/koj\/wp-json\/wp\/v2\/types\/page"}],"author":[{"embeddable":true,"href":"https:\/\/kemianseurat.fi\/koj\/wp-json\/wp\/v2\/users\/1"}],"replies":[{"embeddable":true,"href":"https:\/\/kemianseurat.fi\/koj\/wp-json\/wp\/v2\/comments?post=67"}],"version-history":[{"count":1,"href":"https:\/\/kemianseurat.fi\/koj\/wp-json\/wp\/v2\/pages\/67\/revisions"}],"predecessor-version":[{"id":138,"href":"https:\/\/kemianseurat.fi\/koj\/wp-json\/wp\/v2\/pages\/67\/revisions\/138"}],"wp:featuredmedia":[{"embeddable":true,"href":"https:\/\/kemianseurat.fi\/koj\/wp-json\/wp\/v2\/media\/8"}],"wp:attachment":[{"href":"https:\/\/kemianseurat.fi\/koj\/wp-json\/wp\/v2\/media?parent=67"}],"curies":[{"name":"wp","href":"https:\/\/api.w.org\/{rel}","templated":true}]}}