{"id":33,"date":"2025-06-18T07:52:22","date_gmt":"2025-06-18T07:52:22","guid":{"rendered":"https:\/\/kemianseura.fi\/KOJ\/?page_id=33"},"modified":"2025-06-18T07:52:22","modified_gmt":"2025-06-18T07:52:22","slug":"kemian-paivat-2024","status":"publish","type":"page","link":"https:\/\/kemianseurat.fi\/koj\/kemian-paivat\/kemian-paivat-2024\/","title":{"rendered":"Kemian P\u00e4iv\u00e4t 2024"},"content":{"rendered":"<blockquote><p>J\u00e4rjest\u00e4mme Kemian P\u00e4ivill\u00e4 11.4.2024 seminaarin kest\u00e4v\u00e4st\u00e4 kemiasta. Alta l\u00f6yd\u00e4t iltap\u00e4iv\u00e4n ohjelman. Tervetuloa seminaariin.<\/p><\/blockquote>\n<h3>Kest\u00e4v\u00e4 kemia opetuksessa: Esimerkkein\u00e4 kiertotalous, ty\u00f6el\u00e4m\u00e4taidot ja systeemiajattelu<\/h3>\n<p>Seminaarissa k\u00e4sitell\u00e4\u00e4n kest\u00e4v\u00e4\u00e4 kemiaa ja sen opetusta. Aihe on hyvin ajankohtainen, mik\u00e4 k\u00e4y ilmi esimerkiksi kemian alan uusimmasta tutkimuksesta, median uutisoinnista, opetussuunnitelmien perusteista ja useista aiheen opetusta edist\u00e4vist\u00e4 hankkeista. Aihe on hyvin laaja, mink\u00e4 vuoksi seminaarissa keskityt\u00e4\u00e4n muutamaan ajankohtaiseen teemaan, kuten kiertotalouteen, ty\u00f6el\u00e4m\u00e4taitoihin ja systeemiajatteluun. Seminaarissa kuullaan asiantuntijoiden puheenvuoroja ja k\u00e4yt\u00e4nn\u00f6n esimerkkej\u00e4. Seminaari p\u00e4\u00e4ttyy j\u00e4nnitt\u00e4v\u00e4\u00e4n kest\u00e4v\u00e4 kemia -opetuksessa paneeliin.<\/p>\n<p>J\u00e4rjest\u00e4j\u00e4t: Kemian opetuksen jaosto ja Kemian Seurat<br \/>\nPuheenjohtaja: Johannes Pernaa, yliopistonlehtori, Helsingin yliopisto<\/p>\n<p>13:00\u201313:45 Biomassan ja erityisesti ligniinin rooli kiertotaloudessa<br \/>\nTimo Leskinen, professori, Helsingin yliopisto<\/p>\n<p>13:45\u201314:15 Onko kest\u00e4v\u00e4 kehitys ty\u00f6el\u00e4m\u00e4taito?<br \/>\nJan Lundell, professori, Jyv\u00e4skyl\u00e4n yliopisto<\/p>\n<p>14:15\u201314:30 Tauko<\/p>\n<p>14:30\u201315:30 Paneeli: Kest\u00e4v\u00e4 kemia opetuksessa<\/p>\n<p>14:30\u201314:45 Alustus: Kest\u00e4vyys ja systeemiajattelu kemian opetuksessa<br \/>\nEmmi Vuorio, v\u00e4it\u00f6skirjatutkija, Helsingin yliopisto<\/p>\n<p>14:45\u201315:30 Paneelikeskustelu<br \/>\nPuheenjohtaja: Johannes Pernaa, yliopistonlehtori, Helsingin yliopisto<\/p>\n<p>Panelistit:<br \/>\n&#8211; Emmi Vuorio, v\u00e4it\u00f6skirjatutkija, Helsingin yliopisto<br \/>\n&#8211; Hanna Pohjonen, opetusneuvos, Opetushallitus<br \/>\n&#8211; Ari Myllyviita, lehtori ja opettajankouluttaja, Helsingin yliopiston Viikin normaalikoulu<br \/>\n&#8211; Jarkko Lampiselk\u00e4, yliopistonlehtori, Helsingin yliopisto<\/p>\n","protected":false},"excerpt":{"rendered":"<p>J\u00e4rjest\u00e4mme Kemian P\u00e4ivill\u00e4 11.4.2024 seminaarin kest\u00e4v\u00e4st\u00e4 kemiasta. Alta l\u00f6yd\u00e4t iltap\u00e4iv\u00e4n ohjelman. Tervetuloa seminaariin. Kest\u00e4v\u00e4 kemia opetuksessa: Esimerkkein\u00e4 kiertotalous, ty\u00f6el\u00e4m\u00e4taidot ja systeemiajattelu Seminaarissa k\u00e4sitell\u00e4\u00e4n kest\u00e4v\u00e4\u00e4 kemiaa ja sen opetusta. Aihe on hyvin ajankohtainen, mik\u00e4 k\u00e4y ilmi esimerkiksi kemian alan uusimmasta tutkimuksesta, median uutisoinnista, opetussuunnitelmien perusteista ja useista aiheen opetusta edist\u00e4vist\u00e4 hankkeista. Aihe on hyvin laaja, mink\u00e4 vuoksi seminaarissa keskityt\u00e4\u00e4n muutamaan ajankohtaiseen teemaan, kuten kiertotalouteen, ty\u00f6el\u00e4m\u00e4taitoihin ja systeemiajatteluun. Seminaarissa kuullaan asiantuntijoiden puheenvuoroja ja k\u00e4yt\u00e4nn\u00f6n esimerkkej\u00e4. Seminaari p\u00e4\u00e4ttyy j\u00e4nnitt\u00e4v\u00e4\u00e4n kest\u00e4v\u00e4 kemia -opetuksessa paneeliin. J\u00e4rjest\u00e4j\u00e4t: Kemian opetuksen jaosto ja Kemian Seurat Puheenjohtaja: Johannes Pernaa, yliopistonlehtori, Helsingin yliopisto 13:00\u201313:45 Biomassan ja erityisesti ligniinin rooli kiertotaloudessa Timo Leskinen, professori, Helsingin yliopisto 13:45\u201314:15 Onko kest\u00e4v\u00e4 kehitys ty\u00f6el\u00e4m\u00e4taito? Jan Lundell, professori, Jyv\u00e4skyl\u00e4n yliopisto 14:15\u201314:30 Tauko 14:30\u201315:30 Paneeli: Kest\u00e4v\u00e4 kemia opetuksessa 14:30\u201314:45 Alustus: Kest\u00e4vyys ja systeemiajattelu kemian opetuksessa Emmi Vuorio, v\u00e4it\u00f6skirjatutkija, Helsingin yliopisto 14:45\u201315:30 Paneelikeskustelu Puheenjohtaja: Johannes Pernaa, yliopistonlehtori, Helsingin yliopisto Panelistit: &#8211; Emmi Vuorio, v\u00e4it\u00f6skirjatutkija, Helsingin yliopisto &#8211;&hellip;<\/p>\n<p> <a class=\"more-link\" href=\"https:\/\/kemianseurat.fi\/koj\/kemian-paivat\/kemian-paivat-2024\/\">Lue Lis\u00e4\u00e4<\/a><\/p>\n","protected":false},"author":2,"featured_media":0,"parent":29,"menu_order":0,"comment_status":"closed","ping_status":"closed","template":"","meta":{"footnotes":""},"class_list":["post-33","page","type-page","status-publish"],"_links":{"self":[{"href":"https:\/\/kemianseurat.fi\/koj\/wp-json\/wp\/v2\/pages\/33","targetHints":{"allow":["GET"]}}],"collection":[{"href":"https:\/\/kemianseurat.fi\/koj\/wp-json\/wp\/v2\/pages"}],"about":[{"href":"https:\/\/kemianseurat.fi\/koj\/wp-json\/wp\/v2\/types\/page"}],"author":[{"embeddable":true,"href":"https:\/\/kemianseurat.fi\/koj\/wp-json\/wp\/v2\/users\/2"}],"replies":[{"embeddable":true,"href":"https:\/\/kemianseurat.fi\/koj\/wp-json\/wp\/v2\/comments?post=33"}],"version-history":[{"count":0,"href":"https:\/\/kemianseurat.fi\/koj\/wp-json\/wp\/v2\/pages\/33\/revisions"}],"up":[{"embeddable":true,"href":"https:\/\/kemianseurat.fi\/koj\/wp-json\/wp\/v2\/pages\/29"}],"wp:attachment":[{"href":"https:\/\/kemianseurat.fi\/koj\/wp-json\/wp\/v2\/media?parent=33"}],"curies":[{"name":"wp","href":"https:\/\/api.w.org\/{rel}","templated":true}]}}