{"id":29,"date":"2025-06-18T07:50:43","date_gmt":"2025-06-18T07:50:43","guid":{"rendered":"https:\/\/kemianseura.fi\/KOJ\/?page_id=29"},"modified":"2026-03-27T08:16:30","modified_gmt":"2026-03-27T08:16:30","slug":"kemian-paivat","status":"publish","type":"page","link":"https:\/\/kemianseurat.fi\/koj\/kemian-paivat\/","title":{"rendered":"Kemian P\u00e4iv\u00e4t"},"content":{"rendered":"<p>Kemian P\u00e4ivien 2026 ohjelma on nyt julkaistu. Seminaarimme on keskiviikkona 15.4.2026 klo 12-16 tilassa 205.<\/p>\n<p><b>Moderni teknologia kemian tiedekasvatuksessa: Teko\u00e4ly ja virtuaalilaboratoriot<\/b><b><br \/>\n<\/b>Kesto 3 h 40 min<\/p>\n<p><b>12:00 Seminaarin avaus (15 min)<\/b><b><br \/>\n<\/b>Johannes Pernaa, yliopistonlehtori, Helsingin yliopisto<\/p>\n<p><b>KEYNOTE: On the promise of adaptivity in chemistry learning\u00a0 (60 min)<\/b><b><br \/>\n<\/b>Nicole Graulich, professor, Justus-Liebig-University Giessen, Germany<\/p>\n<p><b>Virtuaalilaboratoriot: k\u00e4ytt\u00f6kohteet sek\u00e4 tutkimus kemian ja biokemian opetuksessa (45 min)<\/b><b><br \/>\n<\/b>Samuel Girmay, v\u00e4it\u00f6skirjatutkija<br \/>\nAalto-yliopiston kemian tekniikan korkeakoulu<\/p>\n<p>TAUKO (14-14:20)<\/p>\n<p><b>14:20 Paneeli<\/b><\/p>\n<p><b>Teko\u00e4lyn hy\u00f6dynt\u00e4minen kemian kouluopetuksessa<\/b><\/p>\n<p>Johdatus aiheeseen (15 min)<br \/>\nJuri Timonen, yliopistotutkija, Helsingin yliopisto<\/p>\n<p>Paneelikeskustelu (45 min)<\/p>\n<ul>\n<li aria-level=\"1\">Maija Aksela, professori, Helsingin yliopisto<\/li>\n<li aria-level=\"1\">Juri Timonen, tutkija, Helsingin yliopisto<\/li>\n<li aria-level=\"1\">Jan Jansson, lehtori, T\u00f6\u00f6l\u00f6n yhteiskoulu<\/li>\n<li aria-level=\"1\">Leo Pahkin, opetusneuvos, Opetushallitus<\/li>\n<\/ul>\n<p><b>15:20 Palkinnot ja tunnustukset<\/b><br \/>\n<b>15:40 Seminaarin lopetus<\/b><\/p>\n<blockquote><p>Kaikkien seminaarien ajantasaisen ohjelman l\u00f6yd\u00e4t <a href=\"https:\/\/kemianseurat.fi\/kemian-paivat\/kemian-paivat-2026\/\">Kemian Seurojen sivuilta<\/a>.<\/p><\/blockquote>\n<p><img loading=\"lazy\" decoding=\"async\" class=\"alignnone wp-image-142 size-full\" src=\"https:\/\/kemianseurat.fi\/koj\/wp-content\/uploads\/2025\/12\/ChemBio26_logo_pvm_RGB.png\" alt=\"\" width=\"1024\" height=\"296\" srcset=\"https:\/\/kemianseurat.fi\/koj\/wp-content\/uploads\/2025\/12\/ChemBio26_logo_pvm_RGB.png 1024w, https:\/\/kemianseurat.fi\/koj\/wp-content\/uploads\/2025\/12\/ChemBio26_logo_pvm_RGB-300x87.png 300w, https:\/\/kemianseurat.fi\/koj\/wp-content\/uploads\/2025\/12\/ChemBio26_logo_pvm_RGB-768x222.png 768w\" sizes=\"auto, (max-width: 1024px) 100vw, 1024px\" \/><\/p>\n","protected":false},"excerpt":{"rendered":"<p>Kemian P\u00e4ivien 2026 ohjelma on nyt julkaistu. Seminaarimme on keskiviikkona 15.4.2026 klo 12-16 tilassa 205. Moderni teknologia kemian tiedekasvatuksessa: Teko\u00e4ly ja virtuaalilaboratoriot Kesto 3 h 40 min 12:00 Seminaarin avaus (15 min) Johannes Pernaa, yliopistonlehtori, Helsingin yliopisto KEYNOTE: On the promise of adaptivity in chemistry learning\u00a0 (60 min) Nicole Graulich, professor, Justus-Liebig-University Giessen, Germany Virtuaalilaboratoriot: k\u00e4ytt\u00f6kohteet sek\u00e4 tutkimus kemian ja biokemian opetuksessa (45 min) Samuel Girmay, v\u00e4it\u00f6skirjatutkija Aalto-yliopiston kemian tekniikan korkeakoulu TAUKO (14-14:20) 14:20 Paneeli Teko\u00e4lyn hy\u00f6dynt\u00e4minen kemian kouluopetuksessa Johdatus aiheeseen (15 min) Juri Timonen, yliopistotutkija, Helsingin yliopisto Paneelikeskustelu (45 min) Maija Aksela, professori, Helsingin yliopisto Juri Timonen, tutkija, Helsingin yliopisto Jan Jansson, lehtori, T\u00f6\u00f6l\u00f6n yhteiskoulu Leo Pahkin, opetusneuvos, Opetushallitus 15:20 Palkinnot ja tunnustukset 15:40 Seminaarin lopetus Kaikkien seminaarien ajantasaisen ohjelman l\u00f6yd\u00e4t Kemian Seurojen sivuilta.<\/p>\n","protected":false},"author":2,"featured_media":47,"parent":0,"menu_order":0,"comment_status":"closed","ping_status":"closed","template":"","meta":{"footnotes":""},"class_list":["post-29","page","type-page","status-publish","has-post-thumbnail"],"_links":{"self":[{"href":"https:\/\/kemianseurat.fi\/koj\/wp-json\/wp\/v2\/pages\/29","targetHints":{"allow":["GET"]}}],"collection":[{"href":"https:\/\/kemianseurat.fi\/koj\/wp-json\/wp\/v2\/pages"}],"about":[{"href":"https:\/\/kemianseurat.fi\/koj\/wp-json\/wp\/v2\/types\/page"}],"author":[{"embeddable":true,"href":"https:\/\/kemianseurat.fi\/koj\/wp-json\/wp\/v2\/users\/2"}],"replies":[{"embeddable":true,"href":"https:\/\/kemianseurat.fi\/koj\/wp-json\/wp\/v2\/comments?post=29"}],"version-history":[{"count":9,"href":"https:\/\/kemianseurat.fi\/koj\/wp-json\/wp\/v2\/pages\/29\/revisions"}],"predecessor-version":[{"id":181,"href":"https:\/\/kemianseurat.fi\/koj\/wp-json\/wp\/v2\/pages\/29\/revisions\/181"}],"wp:featuredmedia":[{"embeddable":true,"href":"https:\/\/kemianseurat.fi\/koj\/wp-json\/wp\/v2\/media\/47"}],"wp:attachment":[{"href":"https:\/\/kemianseurat.fi\/koj\/wp-json\/wp\/v2\/media?parent=29"}],"curies":[{"name":"wp","href":"https:\/\/api.w.org\/{rel}","templated":true}]}}