{"id":18,"date":"2025-06-18T07:41:45","date_gmt":"2025-06-18T07:41:45","guid":{"rendered":"https:\/\/kemianseura.fi\/KOJ\/?page_id=18"},"modified":"2026-04-17T09:53:13","modified_gmt":"2026-04-17T09:53:13","slug":"stipendit","status":"publish","type":"page","link":"https:\/\/kemianseurat.fi\/koj\/stipendit\/","title":{"rendered":"Stipendit"},"content":{"rendered":"<p><a href=\"https:\/\/kemianseurat.fi\/koj\/wp-content\/uploads\/2025\/06\/sks-logo.png\"><img loading=\"lazy\" decoding=\"async\" class=\"alignright wp-image-19\" src=\"https:\/\/kemianseurat.fi\/koj\/wp-content\/uploads\/2025\/06\/sks-logo.png\" alt=\"\" width=\"225\" height=\"225\" srcset=\"https:\/\/kemianseurat.fi\/koj\/wp-content\/uploads\/2025\/06\/sks-logo.png 292w, https:\/\/kemianseurat.fi\/koj\/wp-content\/uploads\/2025\/06\/sks-logo-150x150.png 150w\" sizes=\"auto, (max-width: 225px) 100vw, 225px\" \/><\/a>Kemian opetuksen jaosto jakaa Suomalaisten Kemistien Seuran my\u00f6nt\u00e4mi\u00e4 stipendej\u00e4 kemiasta innostuneille ja sit\u00e4 kohtaan erityist\u00e4 kiinnostusta osoittaneille yl\u00e4koulun oppilaille ja lukion opiskelijoille. Stipendit my\u00f6nnet\u00e4\u00e4n opettajien vapaamuotoisten hakemusten perusteella.<\/p>\n<p>Edellytyksen\u00e4 on, ett\u00e4<\/p>\n<ul>\n<li>kyseinen opettaja ty\u00f6skentelee Uudellamaalla<\/li>\n<li>on SKS:n j\u00e4sen ja kuuluu Kemian opetuksen jaostoon.<\/li>\n<\/ul>\n<p>Yl\u00e4koululaisille jaetaan 5 kpl 50 \u20ac:n stipendej\u00e4 ja lukiolaisille 5 kpl 100 \u20ac:n stipendi\u00e4. Lis\u00e4ksi Suomalaisten Kemistien Seura palkitsee erikseen parhaiten ylioppilaskirjoituksissa menestyneet opiskelijat.<\/p>\n<p>Uudellamaalla toimivat opettajat jaoston j\u00e4senopettajat voivat hakea stipendi\u00e4. Muissa maakunnissa stipendien jaosta vastaavat paikallisseurat.<\/p>\n<p>Lataa stipendien onnittelukortti <b><a href=\"https:\/\/helsinkifi-my.sharepoint.com\/:w:\/g\/personal\/pernaa_ad_helsinki_fi\/EW12DIwpMXFAhyjiHb0ll6EBJGY-IyLqRFmO65wsCdvSvA?e=fWE9iZ\">t\u00e4st\u00e4.<\/a><\/b><\/p>\n<p>Stipendien haku kev\u00e4\u00e4lle 2026 on nyt auki. Hae stipendi\u00e4 <a href=\"https:\/\/elomake.helsinki.fi\/lomakkeet\/140150\/lomake.html\"><strong>t\u00e4st\u00e4<\/strong><\/a>.<\/p>\n","protected":false},"excerpt":{"rendered":"<p>Kemian opetuksen jaosto jakaa Suomalaisten Kemistien Seuran my\u00f6nt\u00e4mi\u00e4 stipendej\u00e4 kemiasta innostuneille ja sit\u00e4 kohtaan erityist\u00e4 kiinnostusta osoittaneille yl\u00e4koulun oppilaille ja lukion opiskelijoille. Stipendit my\u00f6nnet\u00e4\u00e4n opettajien vapaamuotoisten hakemusten perusteella. Edellytyksen\u00e4 on, ett\u00e4 kyseinen opettaja ty\u00f6skentelee Uudellamaalla on SKS:n j\u00e4sen ja kuuluu Kemian opetuksen jaostoon. Yl\u00e4koululaisille jaetaan 5 kpl 50 \u20ac:n stipendej\u00e4 ja lukiolaisille 5 kpl 100 \u20ac:n stipendi\u00e4. Lis\u00e4ksi Suomalaisten Kemistien Seura palkitsee erikseen parhaiten ylioppilaskirjoituksissa menestyneet opiskelijat. Uudellamaalla toimivat opettajat jaoston j\u00e4senopettajat voivat hakea stipendi\u00e4. Muissa maakunnissa stipendien jaosta vastaavat paikallisseurat. Lataa stipendien onnittelukortti t\u00e4st\u00e4. Stipendien haku kev\u00e4\u00e4lle 2026 on nyt auki. Hae stipendi\u00e4 t\u00e4st\u00e4.<\/p>\n","protected":false},"author":2,"featured_media":0,"parent":0,"menu_order":0,"comment_status":"closed","ping_status":"closed","template":"","meta":{"footnotes":""},"class_list":["post-18","page","type-page","status-publish"],"_links":{"self":[{"href":"https:\/\/kemianseurat.fi\/koj\/wp-json\/wp\/v2\/pages\/18","targetHints":{"allow":["GET"]}}],"collection":[{"href":"https:\/\/kemianseurat.fi\/koj\/wp-json\/wp\/v2\/pages"}],"about":[{"href":"https:\/\/kemianseurat.fi\/koj\/wp-json\/wp\/v2\/types\/page"}],"author":[{"embeddable":true,"href":"https:\/\/kemianseurat.fi\/koj\/wp-json\/wp\/v2\/users\/2"}],"replies":[{"embeddable":true,"href":"https:\/\/kemianseurat.fi\/koj\/wp-json\/wp\/v2\/comments?post=18"}],"version-history":[{"count":3,"href":"https:\/\/kemianseurat.fi\/koj\/wp-json\/wp\/v2\/pages\/18\/revisions"}],"predecessor-version":[{"id":183,"href":"https:\/\/kemianseurat.fi\/koj\/wp-json\/wp\/v2\/pages\/18\/revisions\/183"}],"wp:attachment":[{"href":"https:\/\/kemianseurat.fi\/koj\/wp-json\/wp\/v2\/media?parent=18"}],"curies":[{"name":"wp","href":"https:\/\/api.w.org\/{rel}","templated":true}]}}