{"id":389,"date":"2014-04-17T10:20:49","date_gmt":"2014-04-17T10:20:49","guid":{"rendered":"http:\/\/kemianseurat.fi\/finntesting\/?page_id=389"},"modified":"2019-10-27T12:31:32","modified_gmt":"2019-10-27T14:31:32","slug":"seminaarit-2003-1998-ja-niiden-aineistoa","status":"publish","type":"page","link":"https:\/\/kemianseurat.fi\/finntesting\/seminaarit-ja-niiden-aineistoa\/seminaarit-2003-1998-ja-niiden-aineistoa\/","title":{"rendered":"Seminaarit 1992-2003"},"content":{"rendered":"<p><b>Finas, Eurachem ja&nbsp;<\/b><b>Eurolab syysseminaari 2003. Teema: Referenssimateriaalit&nbsp;<a href=\"http:\/\/kemianseurat.fi\/finntesting\/wp-content\/uploads\/2014\/04\/2003_Syysseminaari.pdf\">2003_Syysseminaari<\/a><\/b><\/p>\n<ul>\n<li><a href=\"http:\/\/kemianseurat.fi\/finntesting\/wp-content\/uploads\/2014\/04\/Confidence-building-and-reference-materials.pdf\">Confidence building and reference materials<\/a>Director Alejandro Herrero Molina, JRC\/IRMM European Commission, Belgium<\/li>\n<li><a href=\"http:\/\/kemianseurat.fi\/finntesting\/wp-content\/uploads\/2014\/04\/Presenting-COMAR.pdf\">Presenting COMAR<\/a>,&nbsp;user possibilities, Mr. Thomas Steiger BAM<\/li>\n<li><a href=\"http:\/\/kemianseurat.fi\/finntesting\/wp-content\/uploads\/2014\/04\/The-use-of-reference-materials-in-Finland.pdf\">The use of reference materials in Finland<\/a>, Dr. Veikko Komppa, VTT<\/li>\n<li>&nbsp;<a href=\"http:\/\/kemianseurat.fi\/finntesting\/wp-content\/uploads\/2014\/04\/Selection-and-use-of-reference-materials.pdf\">Selection and use of reference materials<\/a><a href=\"http:\/\/kemianseurat.fi\/finntesting\/wp-content\/uploads\/2014\/04\/Selection-and-use-of-reference-materials.pdf\">Selection and use of reference materials<\/a>,&nbsp;Lead assessor Margareta H\u00e4gg, FINAS<\/li>\n<li><a href=\"http:\/\/kemianseurat.fi\/finntesting\/wp-content\/uploads\/2014\/04\/Presentation-of-the-implementation-of-use-of-reference-materials-in-an-application.pdf\">Presentation of the implementation of use of reference materials in an application<\/a>,&nbsp;Managing Director Pentti Manninen, Ristola Oy<\/li>\n<\/ul>\n<p>&nbsp;<\/p>\n<p><b style=\"line-height: 1.5;\">Finas, Eurolab ja Eurachem kev\u00e4tseminaari 2003. Teema: N\u00e4ytteenotto<\/b><\/p>\n<ul>\n<li><a href=\"http:\/\/kemianseurat.fi\/finntesting\/wp-content\/uploads\/2014\/04\/N\u00e4ytteenottotoiminnan-arviointiperiaatteet-standardin-SFS-EN-ISOIEC-17025-mukaisesti.pdf\">N\u00e4ytteenottotoiminnan arviointiperiaatteet standardin SFS-EN ISO:IEC 17025 mukaisesti<\/a>, Yksik\u00f6n johtaja Harry Sandstr\u00f6m, GTK<\/li>\n<li><a href=\"http:\/\/kemianseurat.fi\/finntesting\/wp-content\/uploads\/2014\/04\/Katsaus-Suomen-ja-Euroopan-n\u00e4ytteenottotilanteeseen.pdf\">Katsaus Suomen ja Euroopan n\u00e4ytteenottotilanteeseen<\/a>, Christina Waddington, FINAS<\/li>\n<li><a href=\"http:\/\/kemianseurat.fi\/finntesting\/wp-content\/uploads\/2014\/04\/Ymp\u00e4rist\u00f6n\u00e4ytteenottajien-sertifiointij\u00e4rjestelm\u00e4.pdf\">Ymp\u00e4rist\u00f6n\u00e4ytteenottajien sertifiointij\u00e4rjestelm\u00e4<\/a>, Pertti Heinonen, SYKE<\/li>\n<li><a href=\"http:\/\/kemianseurat.fi\/finntesting\/wp-content\/uploads\/2014\/04\/N\u00e4ytteenoton-tekninen-arviointi-akkreditointia-varten.pdf\">N\u00e4ytteenoton tekninen arviointi akkreditointia varten<\/a>, Henrik Westerholm, Fortum<\/li>\n<li><a href=\"http:\/\/kemianseurat.fi\/finntesting\/wp-content\/uploads\/2014\/04\/N\u00e4ytteenoton-arviointi-osana-laboratorioiden-toimintaj\u00e4rjestelm\u00e4n-arviointia.pdf\">N\u00e4ytteenoton arviointi osana laboratorioiden toimintaj\u00e4rjestelm\u00e4n arviointia<\/a>, Tuija Sinervo, FINAS<\/li>\n<\/ul>\n<p>&nbsp;<\/p>\n<p><b>Finas, Eurachem ja Eurolab syysseminaari 2002. Teema: Tietotekniikan arviointi ja laatu analyyttisessa kemiassa&nbsp;<a href=\"http:\/\/kemianseurat.fi\/finntesting\/wp-content\/uploads\/2014\/04\/2002_Syysseminari.pdf\">2002_Syysseminari<\/a><\/b><\/p>\n<ul>\n<li><a href=\"http:\/\/kemianseurat.fi\/finntesting\/wp-content\/uploads\/2014\/04\/Tietotekniikan-arviointi-osana-laboratorioiden-akkreditointia.pdf\">Tietotekniikan arviointi osana laboratorioiden akkreditointia<\/a>,&nbsp;FINAS<\/li>\n<li><a href=\"http:\/\/kemianseurat.fi\/finntesting\/wp-content\/uploads\/2014\/04\/CITACEURACHEM-ohje-%22Guide-to-Quality-in-Analytical-Chemistry-2002%22.pdf\">CITAC:EURACHEM ohje (Guide to Quality in Analytical Chemistry (2002)<\/a>), laatup\u00e4\u00e4llikk\u00f6 Jouni Valtanen, KCL<\/li>\n<li><a href=\"http:\/\/kemianseurat.fi\/finntesting\/wp-content\/uploads\/2014\/04\/N\u00e4ytteenoton-ohjeet.pdf\">N\u00e4ytteenoton ohjeet<\/a>, erik.tutk. Olli Lehto, GTK<\/li>\n<li>Vertailuaineiden ohjeet, tutk.prof. Veikko Komppa, VTT<\/li>\n<\/ul>\n<p>&nbsp;<\/p>\n<p><b>Eurolab verkkolehti 1\/2002. Teema: Laboratoriotoiminta<\/b><\/p>\n<ul>\n<li>JTCPTC: product testing and certification, Hugo Eberhardt, T\u00dcV-Austria<\/li>\n<li>TCQA: representing the views of laboratories on quality assurance issues, Jarl Forst\u00e9n, VTT<\/li>\n<li>4E-RM Strengthening confidence in reference materials, Adolf Zschunke, BAM<\/li>\n<li>4E-PT: Proficiency testing and comparisons as benchmarking tools for learning organisations, Hans Andersson, SP<\/li>\n<li>Co-operation between laboratories and accreditors results in jointly accepted principles on technical and QA issues, Jarl Forst\u00e9n, VTT<\/li>\n<li>Inspection Bodies and Accreditation -new developments, Anita Schmidt, EUROLAB Technical Secretariat<\/li>\n<li>EA Sensory testing: the role of accreditation in sensory testing, Liisa L\u00e4hteenm\u00e4ki, VTT<\/li>\n<li>ILAC and the role of the laboratory stakeholder member, Norbert M\u00fcller, Arsenal<\/li>\n<\/ul>\n<p>&nbsp;<\/p>\n<div title=\"Page 1\">\n<p><strong>Eurachem kev\u00e4tseminaari 2002. Teema: Kemian metrologia, mit\u00e4 se on?&nbsp;<strong><a href=\"http:\/\/kemianseurat.fi\/finntesting\/wp-content\/uploads\/2014\/04\/2002_Kev\u00e4tseminaari.pdf\">2002_Kev\u00e4tseminaari<\/a><\/strong><\/strong><\/p>\n<p>&nbsp;<\/p>\n<p><b>Eurolab verkkolehti 3\/2001. Teema: Talous<\/b><\/p>\n<ul>\n<li>The scope of testing and laboratories\u00b4code of conduct, Prof. Horst Czichos, Eurolab<\/li>\n<li>Summary of activities of Eurolab for the economic issues of the laboratories, Dr Manfred Golze, Eurolab<\/li>\n<li>Accreditation vs costs, Tekn.lic. Magnus Holmgren, Sveriges Provnings<\/li>\n<li>och Forskningsinstitut<\/li>\n<li>Private Laboratory\u00d9s Experiences of the Accreditation Process, Tiina Ylipahkala, PSV &#8211; Maa ja Vesi Oy<\/li>\n<li>Economic issues from Norway, Dir. Sveinung Skogen, Molab As<\/li>\n<li>Economical issues in a global testing and certification house SGS, Jukka Vuorinen, SGS Fimko Oy<\/li>\n<\/ul>\n<p>&nbsp;<\/p>\n<p><strong>Finas, Eurachem ja Eurolab syysseminaari 2001. Teema: Mittausep\u00e4varmuus&nbsp;<a href=\"http:\/\/kemianseurat.fi\/finntesting\/wp-content\/uploads\/2014\/04\/2001_Syysseminaari.pdf\">2001_Syysseminaari<\/a><\/strong><\/p>\n<ul>\n<li>EA:n (European co-operation for Accreditation) mittausep\u00e4varmuusty\u00f6ryhm\u00e4, Risto Suominen, FINAS<\/li>\n<li><a href=\"http:\/\/kemianseurat.fi\/finntesting\/wp-content\/uploads\/2014\/04\/EURACHEM-n-mittausep\u00e4varmuusohjeen-AAS-esimerkin-esittely.pdf\">EURACHEM-n mittausep\u00e4varmuusohjeen AAS-esimerkin esittely<\/a>, Jouni Valtanen, KCL<\/li>\n<li><a href=\"http:\/\/kemianseurat.fi\/finntesting\/wp-content\/uploads\/2014\/04\/Esimerkki-kaasukromatografisen-analyysin-mittausep\u00e4varmuuden-arvioinnista.pdf\">Esimerkki kaasukromatografisen analyysin mittausep\u00e4varmuuden arvioinnista<\/a>, Ulla-Maija Laakkonen, KRP, rikostekninen laboratorio<\/li>\n<li><a href=\"http:\/\/kemianseurat.fi\/finntesting\/wp-content\/uploads\/2014\/04\/Mikrobiologisten-menetelmien-mittausep\u00e4varmuuden-arviointi.pdf\">Mikrobiologisten menetelmien mittausep\u00e4varmuuden arviointi<\/a>, Seppo Niemel\u00e4, HY<\/li>\n<\/ul>\n<p>&nbsp;<\/p>\n<p><strong>Eurolab verkkolehti 2\/2001. Teema: N\u00e4ytteenotto<\/strong><\/p>\n<ul>\n<li>N\u00e4ytteenoton monet kasvot,&nbsp;Jorma Viirret, Rautaruukki Steel<\/li>\n<li>N\u00e4ytteenoton arviointi, Tuija Sinervo, FINAS<\/li>\n<li>N\u00e4ytteenottajien sertifiointi,&nbsp;Pertti Heinonen, Suomen ymp\u00e4rist\u00f6keskus<\/li>\n<\/ul>\n<p><b>&nbsp;<\/b><\/p>\n<p><b>Eurolab verkkolehti 1\/2001:&nbsp;Teema:&nbsp;Verkostoituminen<\/b><\/p>\n<ul>\n<li>Verkostotalous &#8211; yhteisty\u00f6t\u00e4 ja kilpailua, Arto Smolander, VTT<\/li>\n<li>Verkostoituminen testaustoiminnassa, Olli-Pekka Jaakola, SGS Inspection Services<\/li>\n<li>Testaustulosten vastavuoroinen tunnustaminen, Jukka Vuorinen, SGS Fimko<\/li>\n<\/ul>\n<p>&nbsp;<\/p>\n<p><strong>Eurachem kev\u00e4tseminaari 2001. Teema: Elintarvikej\u00e4\u00e4mien referenssilaboratorioj\u00e4rjestelm\u00e4 ja elintarvikkeiden BSE-testaus<\/strong><\/p>\n<p><strong>Eurachem syysseminaari 2000. Teema: EURACHEM:n PT- ja R&amp;D-ohjeet ja validointiohje<\/strong><\/p>\n<p><strong>Eurachem kev\u00e4tseminaari 2000. Teema: ISO Guide 25 ja standardi 17025, ymp\u00e4rist\u00f6standardit, p\u00e4tevyyskokeet ja eurooppalainen yhteisty\u00f6<\/strong><\/p>\n<p><strong>Eurachem kev\u00e4tseminaari 1999. Teema:&nbsp;Hyv\u00e4 n\u00e4ytteenottotekniikka<\/strong><\/p>\n<p><strong>Eurachem syysseminaari 1998. Teema:&nbsp;&nbsp;Laboratorioiden v\u00e4liset vertailukokeet<\/strong><\/p>\n<p><strong>Eurachem ja Eurolab kev\u00e4tseminaari 1998. Teema: Laatujohtaminen laboratorioissa<\/strong><\/p>\n<p><strong>Eurachem syysseminaari 1998. Teema:&nbsp;LIMS-j\u00e4rjestelm\u00e4t<\/strong><span style=\"line-height: 1.5;\">&nbsp;<\/span><\/p>\n<p><strong>Eurachem kev\u00e4tseminaari 1997. Teema:&nbsp;Amount-of-Substance Measurement in Organic Chemistry using Isotope Dilution Mass Spectrometry<\/strong><\/p>\n<p><strong>Eurachem syyseminaari 1996. Teema: &nbsp;Benchmarking-toiminta kemian laboratorioissa<\/strong><\/p>\n<p><strong>Eurachem kev\u00e4tseminaari 1996. Teema:&nbsp;QA in Non-Routine Analysis<\/strong><\/p>\n<p><strong>Eurachem syyseminaari 1995. Teema:&nbsp;&nbsp;Laadunvarmistus ei-rutiininomaisessa analytiikassa<\/strong><\/p>\n<p><strong>Eurachem kev\u00e4tseminaari 1995. Teema:&nbsp;Mittausep\u00e4varmuus kemian analytiikassa<\/strong><\/p>\n<p><strong><strong>Eurachem syyseminaari 1994. Teema:&nbsp;<\/strong>Analytiikka, laki ja kaupank\u00e4ynti<\/strong><\/p>\n<p><strong>Eurachem kev\u00e4tseminaari 1994. Teema: Laatuj\u00e4rjestelmien rakentamisen vaikeuksista. International Interlaboratory Studies: Practical Experiences<\/strong><\/p>\n<p><strong>Eurachem syyseminaari 1993. Teema:&nbsp;Laboratorioiden laadunvalvonta<\/strong><\/p>\n<p><strong>Eurachem syyseminaari 1992. Teema: European Collaborative Analytical Programs and International Measurement Evaluation Program (IMEP)<span style=\"line-height: 1.5;\"><br \/>\n<\/span><\/strong><\/p>\n<\/div>\n","protected":false},"excerpt":{"rendered":"<p>Finas, Eurachem ja&nbsp;Eurolab syysseminaari 2003. Teema: Referenssimateriaalit&nbsp;2003_Syysseminaari Confidence building and reference materialsDirector Alejandro Herrero Molina, JRC\/IRMM European Commission, Belgium Presenting&hellip;<\/p>\n","protected":false},"author":2,"featured_media":0,"parent":79,"menu_order":1,"comment_status":"closed","ping_status":"open","template":"","meta":{"footnotes":""},"class_list":["post-389","page","type-page","status-publish","hentry"],"_links":{"self":[{"href":"https:\/\/kemianseurat.fi\/finntesting\/wp-json\/wp\/v2\/pages\/389","targetHints":{"allow":["GET"]}}],"collection":[{"href":"https:\/\/kemianseurat.fi\/finntesting\/wp-json\/wp\/v2\/pages"}],"about":[{"href":"https:\/\/kemianseurat.fi\/finntesting\/wp-json\/wp\/v2\/types\/page"}],"author":[{"embeddable":true,"href":"https:\/\/kemianseurat.fi\/finntesting\/wp-json\/wp\/v2\/users\/2"}],"replies":[{"embeddable":true,"href":"https:\/\/kemianseurat.fi\/finntesting\/wp-json\/wp\/v2\/comments?post=389"}],"version-history":[{"count":22,"href":"https:\/\/kemianseurat.fi\/finntesting\/wp-json\/wp\/v2\/pages\/389\/revisions"}],"predecessor-version":[{"id":2299,"href":"https:\/\/kemianseurat.fi\/finntesting\/wp-json\/wp\/v2\/pages\/389\/revisions\/2299"}],"up":[{"embeddable":true,"href":"https:\/\/kemianseurat.fi\/finntesting\/wp-json\/wp\/v2\/pages\/79"}],"wp:attachment":[{"href":"https:\/\/kemianseurat.fi\/finntesting\/wp-json\/wp\/v2\/media?parent=389"}],"curies":[{"name":"wp","href":"https:\/\/api.w.org\/{rel}","templated":true}]}}