{"id":3430,"date":"2023-09-21T14:09:48","date_gmt":"2023-09-21T16:09:48","guid":{"rendered":"https:\/\/kemianseurat.fi\/finntesting\/?page_id=3430"},"modified":"2025-12-05T13:44:38","modified_gmt":"2025-12-05T15:44:38","slug":"kansallisten-vertailulaboratorioiden-ohjeita","status":"publish","type":"page","link":"https:\/\/kemianseurat.fi\/finntesting\/kansallisten-vertailulaboratorioiden-ohjeita\/","title":{"rendered":"Kansallisia metrologia-aiheisia ohjeita"},"content":{"rendered":"\n<p><br>1.\u00a0<strong>\u00a0Ilmatieteen laitoksen julkaisuja<\/strong><\/p>\n\n\n\n<p><br>Ilmatieteen laitos julkaisee kansallista ilmanlaadun mittausohjetta sek\u00e4 raportteja hiukkasmittausten vaatimustenmukaisuuden todentamisesta.<\/p>\n\n\n\n<p>Ajantasaiset julkaisut l\u00f6ytyv\u00e4t t\u00e4lt\u00e4<strong> <\/strong><a href=\"https:\/\/www.ilmatieteenlaitos.fi\/raportit-ja-lomakkeet\"><strong>POLULTA<\/strong><\/a><\/p>\n\n\n\n<figure class=\"wp-block-image size-full is-resized\"><a href=\"https:\/\/kemianseurat.fi\/finntesting\/wp-content\/uploads\/2023\/11\/Ilman-laadun-mittaaminen.jpg\"><img loading=\"lazy\" decoding=\"async\" width=\"1020\" height=\"574\" src=\"https:\/\/kemianseurat.fi\/finntesting\/wp-content\/uploads\/2023\/11\/Ilman-laadun-mittaaminen.jpg\" alt=\"\" class=\"wp-image-3504\" style=\"aspect-ratio:1.7770034843205575;width:485px;height:auto\" srcset=\"https:\/\/kemianseurat.fi\/finntesting\/wp-content\/uploads\/2023\/11\/Ilman-laadun-mittaaminen.jpg 1020w, https:\/\/kemianseurat.fi\/finntesting\/wp-content\/uploads\/2023\/11\/Ilman-laadun-mittaaminen-300x169.jpg 300w, https:\/\/kemianseurat.fi\/finntesting\/wp-content\/uploads\/2023\/11\/Ilman-laadun-mittaaminen-768x432.jpg 768w\" sizes=\"auto, (max-width: 1020px) 100vw, 1020px\" \/><\/a><\/figure>\n\n\n\n<p><\/p>\n\n\n\n<p><\/p>\n\n\n\n<p>2. <strong>Metrologian neuvottelukunnan Kemian jaoston laatima auditointipohja:<\/strong> <\/p>\n\n\n\n<div class=\"wp-block-file\"><a id=\"wp-block-file--media-1cd32ba7-34fa-4c9f-832b-094475ac8ec7\" href=\"https:\/\/kemianseurat.fi\/finntesting\/wp-content\/uploads\/2025\/02\/Auditointipohja-MNK-Kemian-jaosto-2025.docx\">Auditointipohja MNK Kemian jaosto 2025<\/a><\/div>\n\n\n\n<p><\/p>\n","protected":false},"excerpt":{"rendered":"<p>1.\u00a0\u00a0Ilmatieteen laitoksen julkaisuja Ilmatieteen laitos julkaisee kansallista ilmanlaadun mittausohjetta sek\u00e4 raportteja hiukkasmittausten vaatimustenmukaisuuden todentamisesta. Ajantasaiset julkaisut l\u00f6ytyv\u00e4t t\u00e4lt\u00e4 POLULTA 2.&hellip;<\/p>\n","protected":false},"author":16,"featured_media":0,"parent":0,"menu_order":0,"comment_status":"closed","ping_status":"closed","template":"","meta":{"footnotes":""},"class_list":["post-3430","page","type-page","status-publish","hentry"],"_links":{"self":[{"href":"https:\/\/kemianseurat.fi\/finntesting\/wp-json\/wp\/v2\/pages\/3430","targetHints":{"allow":["GET"]}}],"collection":[{"href":"https:\/\/kemianseurat.fi\/finntesting\/wp-json\/wp\/v2\/pages"}],"about":[{"href":"https:\/\/kemianseurat.fi\/finntesting\/wp-json\/wp\/v2\/types\/page"}],"author":[{"embeddable":true,"href":"https:\/\/kemianseurat.fi\/finntesting\/wp-json\/wp\/v2\/users\/16"}],"replies":[{"embeddable":true,"href":"https:\/\/kemianseurat.fi\/finntesting\/wp-json\/wp\/v2\/comments?post=3430"}],"version-history":[{"count":16,"href":"https:\/\/kemianseurat.fi\/finntesting\/wp-json\/wp\/v2\/pages\/3430\/revisions"}],"predecessor-version":[{"id":4340,"href":"https:\/\/kemianseurat.fi\/finntesting\/wp-json\/wp\/v2\/pages\/3430\/revisions\/4340"}],"wp:attachment":[{"href":"https:\/\/kemianseurat.fi\/finntesting\/wp-json\/wp\/v2\/media?parent=3430"}],"curies":[{"name":"wp","href":"https:\/\/api.w.org\/{rel}","templated":true}]}}