{"id":28,"date":"2014-03-03T16:38:49","date_gmt":"2014-03-03T16:38:49","guid":{"rendered":"http:\/\/kemianseurat.fi\/finntesting\/?page_id=28"},"modified":"2024-01-08T08:07:45","modified_gmt":"2024-01-08T10:07:45","slug":"liity-jaseneksi","status":"publish","type":"page","link":"https:\/\/kemianseurat.fi\/finntesting\/liity-jaseneksi\/","title":{"rendered":"Liity j\u00e4seneksi"},"content":{"rendered":"<p><b>Tule mukaan kehitt\u00e4m\u00e4\u00e4n testaus- ja laboratorioalaa!<\/b><b><\/b><\/p>\n<p>Seuran j\u00e4seniksi voidaan hyv\u00e4ksy\u00e4 oikeuskelpoisia yrityksi\u00e4 ja \u00a0yhteis\u00f6j\u00e4 sek\u00e4 yksityishenkil\u00f6it\u00e4, jotka suorittavat tai opettavat testausta, mittausta ja kalibrointia ja joiden kotipaikka on Suomi.<\/p>\n<p><strong>J\u00e4senyyden edut<\/strong><\/p>\n<ul>\n<li>ajankohtaista kansallista ja kansianv\u00e4list\u00e4 tietoa s\u00e4hk\u00f6postitse<\/li>\n<li>syys- ja kev\u00e4tseminaarit (maksuttomia tai omakustannushintaisia)<\/li>\n<li>vaikutuskanava testaus- ja laboratorioalan kehitt\u00e4miseen<\/li>\n<li>tutkimustietoa testaus- ja laboratorioalasta<\/li>\n<\/ul>\n<p>Yritys- ja yhteis\u00f6j\u00e4senten koko henkil\u00f6kunta on oikeutettu osallistumaan seuran toimintaan.<\/p>\n<p>Seuran j\u00e4seniksi voidaan hyv\u00e4ksy\u00e4\u00a0oikeuskelpoisia\u00a0yrityksi\u00e4 (yritysj\u00e4sen I tai II koon mukaan), muita oikeuskelpoisia yhteis\u00f6j\u00e4 (yhteis\u00f6j\u00e4sen I tai II koon mukaan) ja yksityishenkil\u00f6it\u00e4 (henkil\u00f6j\u00e4sen), jotka suorittavat tai opettavat testausta, mittausta ja kalibrointia ja joiden kotipaikka on Suomi.<\/p>\n<p><strong>Yritys\/yhteis\u00f6j\u00e4senet<\/strong><\/p>\n<p>Yritysj\u00e4sen I: Yritys alle 50 HTV:t\u00e4<\/p>\n<p>Yritysj\u00e4sen II: Yritys 50 tai yli 50 HTV:t\u00e4<\/p>\n<p>Yhteis\u00f6j\u00e4sen I: Yhteis\u00f6t alle 50 j\u00e4sent\u00e4<\/p>\n<p>Yhteis\u00f6j\u00e4sen II: Yhteis\u00f6t 50 tai yli 50 j\u00e4sent\u00e4<\/p>\n<p>Seuran j\u00e4seneksi p\u00e4\u00e4see hakemuksen perusteella seuran hallituksen hyv\u00e4ksytty\u00e4\u00a0anomuksen. J\u00e4senyys jatkuu ellei j\u00e4sen ole yhdistyslain mukaisesti ilmoittanut\u00a0eroavansa. Irtisanomisaika on kuusi (6) kuukautta. J\u00e4sen on velvollinen maksamaan\u00a0j\u00e4senmaksun my\u00f6s eroamisvuodelta.<\/p>\n<p><strong>J\u00e4senmaksut<\/strong><\/p>\n<ul>\n<li>henkil\u00f6j\u00e4senet 10 \u20ac<\/li>\n<li>yritys- ja yhteis\u00f6j\u00e4senet, luokassa I 200 \u20ac ja luokassa II 400 \u20ac<\/li>\n<\/ul>\n<p>J\u00e4senhakemuksen voi toimittaa seuran sihteerille osoitteeseen: marja-leena.kuitunen(at)alumni.helsinki.fi. Vapaamuotoisessa hakemuksessa tulee ilmet\u00e4 j\u00e4senen nimi ja yhteystiedot sek\u00e4 yritys- ja yhteis\u00f6j\u00e4senyyden osalta my\u00f6s henkil\u00f6st\u00f6n m\u00e4\u00e4r\u00e4 sek\u00e4 yhteyshenkil\u00f6n nimi.<\/p>\n\n\n<p><\/p>\n","protected":false},"excerpt":{"rendered":"<p>Tule mukaan kehitt\u00e4m\u00e4\u00e4n testaus- ja laboratorioalaa! Seuran j\u00e4seniksi voidaan hyv\u00e4ksy\u00e4 oikeuskelpoisia yrityksi\u00e4 ja \u00a0yhteis\u00f6j\u00e4 sek\u00e4 yksityishenkil\u00f6it\u00e4, jotka suorittavat tai opettavat&hellip;<\/p>\n","protected":false},"author":2,"featured_media":0,"parent":0,"menu_order":3,"comment_status":"closed","ping_status":"closed","template":"","meta":{"footnotes":""},"class_list":["post-28","page","type-page","status-publish","hentry"],"_links":{"self":[{"href":"https:\/\/kemianseurat.fi\/finntesting\/wp-json\/wp\/v2\/pages\/28","targetHints":{"allow":["GET"]}}],"collection":[{"href":"https:\/\/kemianseurat.fi\/finntesting\/wp-json\/wp\/v2\/pages"}],"about":[{"href":"https:\/\/kemianseurat.fi\/finntesting\/wp-json\/wp\/v2\/types\/page"}],"author":[{"embeddable":true,"href":"https:\/\/kemianseurat.fi\/finntesting\/wp-json\/wp\/v2\/users\/2"}],"replies":[{"embeddable":true,"href":"https:\/\/kemianseurat.fi\/finntesting\/wp-json\/wp\/v2\/comments?post=28"}],"version-history":[{"count":11,"href":"https:\/\/kemianseurat.fi\/finntesting\/wp-json\/wp\/v2\/pages\/28\/revisions"}],"predecessor-version":[{"id":2645,"href":"https:\/\/kemianseurat.fi\/finntesting\/wp-json\/wp\/v2\/pages\/28\/revisions\/2645"}],"wp:attachment":[{"href":"https:\/\/kemianseurat.fi\/finntesting\/wp-json\/wp\/v2\/media?parent=28"}],"curies":[{"name":"wp","href":"https:\/\/api.w.org\/{rel}","templated":true}]}}