{"id":26,"date":"2014-03-03T16:28:16","date_gmt":"2014-03-03T16:28:16","guid":{"rendered":"http:\/\/kemianseurat.fi\/finntesting\/?page_id=26"},"modified":"2024-02-22T07:22:24","modified_gmt":"2024-02-22T09:22:24","slug":"jasenet","status":"publish","type":"page","link":"https:\/\/kemianseurat.fi\/finntesting\/jasenet\/","title":{"rendered":"J\u00e4senet"},"content":{"rendered":"\n<p><\/p>\n\n\n<p>Seuran j\u00e4seniksi voidaan hyv\u00e4ksy\u00e4 oikeuskelpoisia yrityksi\u00e4 ja \u00a0yhteis\u00f6j\u00e4 sek\u00e4 yksityishenkil\u00f6it\u00e4, jotka suorittavat tai opettavat testausta, mittausta ja kalibrointia ja joiden kotipaikka on Suomi<\/p>\n\n\n<div class=\"wp-block-file\"><a id=\"wp-block-file--media-ba8659cc-48e0-4da2-bf61-8fc3a591556f\" href=\"https:\/\/kemianseurat.fi\/finntesting\/wp-content\/uploads\/2024\/02\/2024_Finntesting-jasenet.pdf\">2024_Finntesting-jasenet<\/a><\/div>\n","protected":false},"excerpt":{"rendered":"<p>Seuran j\u00e4seniksi voidaan hyv\u00e4ksy\u00e4 oikeuskelpoisia yrityksi\u00e4 ja \u00a0yhteis\u00f6j\u00e4 sek\u00e4 yksityishenkil\u00f6it\u00e4, jotka suorittavat tai opettavat testausta, mittausta ja kalibrointia ja joiden&hellip;<\/p>\n","protected":false},"author":2,"featured_media":0,"parent":0,"menu_order":2,"comment_status":"closed","ping_status":"closed","template":"","meta":{"footnotes":""},"class_list":["post-26","page","type-page","status-publish","hentry"],"_links":{"self":[{"href":"https:\/\/kemianseurat.fi\/finntesting\/wp-json\/wp\/v2\/pages\/26","targetHints":{"allow":["GET"]}}],"collection":[{"href":"https:\/\/kemianseurat.fi\/finntesting\/wp-json\/wp\/v2\/pages"}],"about":[{"href":"https:\/\/kemianseurat.fi\/finntesting\/wp-json\/wp\/v2\/types\/page"}],"author":[{"embeddable":true,"href":"https:\/\/kemianseurat.fi\/finntesting\/wp-json\/wp\/v2\/users\/2"}],"replies":[{"embeddable":true,"href":"https:\/\/kemianseurat.fi\/finntesting\/wp-json\/wp\/v2\/comments?post=26"}],"version-history":[{"count":37,"href":"https:\/\/kemianseurat.fi\/finntesting\/wp-json\/wp\/v2\/pages\/26\/revisions"}],"predecessor-version":[{"id":3674,"href":"https:\/\/kemianseurat.fi\/finntesting\/wp-json\/wp\/v2\/pages\/26\/revisions\/3674"}],"wp:attachment":[{"href":"https:\/\/kemianseurat.fi\/finntesting\/wp-json\/wp\/v2\/media?parent=26"}],"curies":[{"name":"wp","href":"https:\/\/api.w.org\/{rel}","templated":true}]}}