{"id":2402,"date":"2019-11-28T17:58:25","date_gmt":"2019-11-28T19:58:25","guid":{"rendered":"http:\/\/kemianseurat.fi\/finntesting\/?page_id=2402"},"modified":"2025-11-22T19:36:38","modified_gmt":"2025-11-22T21:36:38","slug":"kannustuspalkinnot","status":"publish","type":"page","link":"https:\/\/kemianseurat.fi\/finntesting\/kannustuspalkinnot\/","title":{"rendered":"Opinn\u00e4ytety\u00f6palkinnot"},"content":{"rendered":"\n<p>Yhdistys on jakanut vuodesta 2006 opinn\u00e4ytety\u00f6palkintoja ansiokkaille yliopistojen <em>pro gradu<\/em>&#8211; ja diplomit\u00f6ille sek\u00e4 ammattikorkeakoulujen opinn\u00e4ytet\u00f6ille testaus- ja laboratorioalalta.<\/p>\n\n\n\n<p><strong>Palkitut ty\u00f6t l\u00f6yd\u00e4t polulta: Tietoa yhdistyksest\u00e4\/Yhdistyksen arkisto\/<\/strong><a href=\"https:\/\/kemianseurat.fi\/finntesting\/?page_id=438\"> <strong>Opinn\u00e4ytety\u00f6palkinnot<\/strong><\/a><\/p>\n\n\n\n<p><strong>Palkintokriteerit <\/strong>(opinn\u00e4ytety\u00f6n ei edellytet\u00e4 t\u00e4ytt\u00e4v\u00e4n kaikkia kuvattuja kriteereit\u00e4)<\/p>\n\n\n\n<p><strong>Yliopistot:<\/strong><\/p>\n\n\n\n<ul class=\"wp-block-list\">\n<li>Opinn\u00e4ytety\u00f6 toimii katalysaattorina tutkimuksen syvent\u00e4miselle tai laajentamiselle<\/li>\n\n\n\n<li>Opinn\u00e4ytety\u00f6 antaa pohjan toiminnan jatkuvalle kehitt\u00e4miselle<\/li>\n\n\n\n<li>Opinn\u00e4ytety\u00f6 sis\u00e4lt\u00e4\u00e4 uuden innovaation alalle<\/li>\n\n\n\n<li>Opinn\u00e4ytety\u00f6ss\u00e4 on sovellettu ja hy\u00f6dynnetty erilaisia toiminnan laatukriteerej\u00e4 ja tilastollisia menetelmi\u00e4<\/li>\n<\/ul>\n\n\n\n<p><strong>Ammattikorkeakoulut:<\/strong><\/p>\n\n\n\n<ul class=\"wp-block-list\">\n<li>Opinn\u00e4ytety\u00f6 on hy\u00f6dynnett\u00e4viss\u00e4 k\u00e4yt\u00e4nt\u00f6\u00f6n<\/li>\n\n\n\n<li>Opinn\u00e4ytety\u00f6 vaikuttaa toiminnan taloudellisuuteen ja tehokkuuteen<\/li>\n\n\n\n<li>Opinn\u00e4ytety\u00f6 antaa pohjan toiminnan jatkuvalle kehitt\u00e4miselle ja se sis\u00e4lt\u00e4\u00e4 uutuusarvoa<\/li>\n\n\n\n<li>Opinn\u00e4ytety\u00f6ss\u00e4 on tehokkaasti, k\u00e4yt\u00e4nn\u00f6nl\u00e4heisesti ja monipuolisesti sovellettu ja hy\u00f6dynnetty erilaisia toiminnan laatukriteerej\u00e4 ja tilastollisia menetelmi\u00e4<\/li>\n<\/ul>\n\n\n\n<p><\/p>\n","protected":false},"excerpt":{"rendered":"<p>Yhdistys on jakanut vuodesta 2006 opinn\u00e4ytety\u00f6palkintoja ansiokkaille yliopistojen pro gradu&#8211; ja diplomit\u00f6ille sek\u00e4 ammattikorkeakoulujen opinn\u00e4ytet\u00f6ille testaus- ja laboratorioalalta. Palkitut ty\u00f6t&hellip;<\/p>\n","protected":false},"author":2,"featured_media":0,"parent":0,"menu_order":0,"comment_status":"closed","ping_status":"closed","template":"","meta":{"footnotes":""},"class_list":["post-2402","page","type-page","status-publish","hentry"],"_links":{"self":[{"href":"https:\/\/kemianseurat.fi\/finntesting\/wp-json\/wp\/v2\/pages\/2402","targetHints":{"allow":["GET"]}}],"collection":[{"href":"https:\/\/kemianseurat.fi\/finntesting\/wp-json\/wp\/v2\/pages"}],"about":[{"href":"https:\/\/kemianseurat.fi\/finntesting\/wp-json\/wp\/v2\/types\/page"}],"author":[{"embeddable":true,"href":"https:\/\/kemianseurat.fi\/finntesting\/wp-json\/wp\/v2\/users\/2"}],"replies":[{"embeddable":true,"href":"https:\/\/kemianseurat.fi\/finntesting\/wp-json\/wp\/v2\/comments?post=2402"}],"version-history":[{"count":16,"href":"https:\/\/kemianseurat.fi\/finntesting\/wp-json\/wp\/v2\/pages\/2402\/revisions"}],"predecessor-version":[{"id":4224,"href":"https:\/\/kemianseurat.fi\/finntesting\/wp-json\/wp\/v2\/pages\/2402\/revisions\/4224"}],"wp:attachment":[{"href":"https:\/\/kemianseurat.fi\/finntesting\/wp-json\/wp\/v2\/media?parent=2402"}],"curies":[{"name":"wp","href":"https:\/\/api.w.org\/{rel}","templated":true}]}}