{"id":23,"date":"2014-03-03T16:27:47","date_gmt":"2014-03-03T16:27:47","guid":{"rendered":"http:\/\/kemianseurat.fi\/finntesting\/?page_id=23"},"modified":"2022-04-25T16:33:01","modified_gmt":"2022-04-25T18:33:01","slug":"ajankohtaista","status":"publish","type":"page","link":"https:\/\/kemianseurat.fi\/finntesting\/","title":{"rendered":"Finntesting &#8211; Tervetuloa"},"content":{"rendered":"<p>Vuonna 2008 perustettu Finntesting-yhdistys ry edist\u00e4\u00e4 luotettavaa ja tehokasta testaustoimintaa, testaus- ja kalibrointilaboratorioiden ammatillista osaamista sek\u00e4 yhteydenpitoa sidosryhmiins\u00e4.<\/p>\n<p>Yhdistys toimii laboratorioiden suomalaisten testaus- ja kalibrointilaboratorioiden yhteistoimintaelimen\u00e4 ja kattoj\u00e4rjest\u00f6n\u00e4 kansainv\u00e4lisell\u00e4 tasolla.<\/p>\n<p><\/p>\n\n\n<div class=\"wp-block-file\"><a id=\"wp-block-file--media-81bcccda-3be5-482a-9472-a44b00c5dde6\" href=\"http:\/\/kemianseurat.fi\/finntesting\/?attachment_id=1293\"><br><\/a><\/div>\n\n\n\n<div class=\"wp-block-file alignleft\"><a id=\"wp-block-file--media-3e54f9bf-d53e-4e20-89c4-58e6063f919a\" href=\"http:\/\/kemianseurat.fi\/finntesting\/wp-content\/uploads\/2019\/03\/2019Kev\u00e4tseminaari-1.pdf\"><br><\/a><\/div>\n\n\n\n<div class=\"wp-block-file\"><a id=\"wp-block-file--media-892ba25e-e4d1-49a2-b217-ed9d73648a4a\" href=\"http:\/\/kemianseurat.fi\/finntesting\/wp-content\/uploads\/2019\/03\/2019Kev\u00e4tJ\u00e4senkokousEsityslista.pdf\"><br><\/a><\/div>\n","protected":false},"excerpt":{"rendered":"<p>Vuonna 2008 perustettu Finntesting-yhdistys ry edist\u00e4\u00e4 luotettavaa ja tehokasta testaustoimintaa, testaus- ja kalibrointilaboratorioiden ammatillista osaamista sek\u00e4 yhteydenpitoa sidosryhmiins\u00e4. Yhdistys toimii&hellip;<\/p>\n","protected":false},"author":2,"featured_media":0,"parent":0,"menu_order":0,"comment_status":"closed","ping_status":"closed","template":"","meta":{"footnotes":""},"class_list":["post-23","page","type-page","status-publish","hentry"],"_links":{"self":[{"href":"https:\/\/kemianseurat.fi\/finntesting\/wp-json\/wp\/v2\/pages\/23","targetHints":{"allow":["GET"]}}],"collection":[{"href":"https:\/\/kemianseurat.fi\/finntesting\/wp-json\/wp\/v2\/pages"}],"about":[{"href":"https:\/\/kemianseurat.fi\/finntesting\/wp-json\/wp\/v2\/types\/page"}],"author":[{"embeddable":true,"href":"https:\/\/kemianseurat.fi\/finntesting\/wp-json\/wp\/v2\/users\/2"}],"replies":[{"embeddable":true,"href":"https:\/\/kemianseurat.fi\/finntesting\/wp-json\/wp\/v2\/comments?post=23"}],"version-history":[{"count":228,"href":"https:\/\/kemianseurat.fi\/finntesting\/wp-json\/wp\/v2\/pages\/23\/revisions"}],"predecessor-version":[{"id":3364,"href":"https:\/\/kemianseurat.fi\/finntesting\/wp-json\/wp\/v2\/pages\/23\/revisions\/3364"}],"wp:attachment":[{"href":"https:\/\/kemianseurat.fi\/finntesting\/wp-json\/wp\/v2\/media?parent=23"}],"curies":[{"name":"wp","href":"https:\/\/api.w.org\/{rel}","templated":true}]}}