{"id":2111,"date":"2019-10-17T08:33:30","date_gmt":"2019-10-17T10:33:30","guid":{"rendered":"http:\/\/kemianseurat.fi\/finntesting\/?page_id=2111"},"modified":"2019-10-17T08:33:31","modified_gmt":"2019-10-17T10:33:31","slug":"kalibrointi","status":"publish","type":"page","link":"https:\/\/kemianseurat.fi\/finntesting\/kalibrointi\/","title":{"rendered":"Kalibrointi"},"content":{"rendered":"\n<p><strong>Kalibroinnilla<\/strong> tarkoitetaan esimerkiksi jonkun mittalaitteen osalta\nniit\u00e4 toimenpiteit\u00e4, joiden avulla spesifioiduissa olosuhteissa saadaan\nm\u00e4\u00e4ritetty\u00e4 mittauslaitteen n\u00e4ytt\u00e4m\u00e4n ja vastaavan mittanormaalilla toteutetun\narvon <strong>v\u00e4linen yhteys. <\/strong><\/p>\n\n\n\n<p>Kalibrointi tehd\u00e4\u00e4n m\u00e4\u00e4r\u00e4v\u00e4lein, ja sill\u00e4\nvarmistetaan k\u00e4ytett\u00e4vien mittalaitteiden toimintakunto ja samalla\nvarmistetaan, ett\u00e4 tiedet\u00e4\u00e4n kuinka paljon mittaukseen k\u00e4ytetty laite \u201dn\u00e4ytt\u00e4\u00e4\nv\u00e4\u00e4rin\u201d. <\/p>\n\n\n\n<p>Toimenpidett\u00e4, jossa mittalaite laitetaan\nn\u00e4ytt\u00e4m\u00e4\u00e4n oikein, kutsutaan <strong>viritt\u00e4miseksi<\/strong>.\n<\/p>\n","protected":false},"excerpt":{"rendered":"<p>Kalibroinnilla tarkoitetaan esimerkiksi jonkun mittalaitteen osalta niit\u00e4 toimenpiteit\u00e4, joiden avulla spesifioiduissa olosuhteissa saadaan m\u00e4\u00e4ritetty\u00e4 mittauslaitteen n\u00e4ytt\u00e4m\u00e4n ja vastaavan mittanormaalilla toteutetun&hellip;<\/p>\n","protected":false},"author":7,"featured_media":0,"parent":0,"menu_order":0,"comment_status":"closed","ping_status":"closed","template":"","meta":{"footnotes":""},"class_list":["post-2111","page","type-page","status-publish","hentry"],"_links":{"self":[{"href":"https:\/\/kemianseurat.fi\/finntesting\/wp-json\/wp\/v2\/pages\/2111","targetHints":{"allow":["GET"]}}],"collection":[{"href":"https:\/\/kemianseurat.fi\/finntesting\/wp-json\/wp\/v2\/pages"}],"about":[{"href":"https:\/\/kemianseurat.fi\/finntesting\/wp-json\/wp\/v2\/types\/page"}],"author":[{"embeddable":true,"href":"https:\/\/kemianseurat.fi\/finntesting\/wp-json\/wp\/v2\/users\/7"}],"replies":[{"embeddable":true,"href":"https:\/\/kemianseurat.fi\/finntesting\/wp-json\/wp\/v2\/comments?post=2111"}],"version-history":[{"count":1,"href":"https:\/\/kemianseurat.fi\/finntesting\/wp-json\/wp\/v2\/pages\/2111\/revisions"}],"predecessor-version":[{"id":2112,"href":"https:\/\/kemianseurat.fi\/finntesting\/wp-json\/wp\/v2\/pages\/2111\/revisions\/2112"}],"wp:attachment":[{"href":"https:\/\/kemianseurat.fi\/finntesting\/wp-json\/wp\/v2\/media?parent=2111"}],"curies":[{"name":"wp","href":"https:\/\/api.w.org\/{rel}","templated":true}]}}