{"id":1572,"date":"2019-06-17T11:49:08","date_gmt":"2019-06-17T11:49:08","guid":{"rendered":"http:\/\/kemianseurat.fi\/finntesting\/?page_id=1572"},"modified":"2025-11-25T16:54:30","modified_gmt":"2025-11-25T18:54:30","slug":"arkisto","status":"publish","type":"page","link":"https:\/\/kemianseurat.fi\/finntesting\/arkisto\/","title":{"rendered":"Yhdistyksen arkisto"},"content":{"rendered":"\n<div class=\"wp-block-file\"><a id=\"wp-block-file--media-e9bb0dde-8cfe-4c22-96b2-943ffc840565\" href=\"https:\/\/kemianseurat.fi\/finntesting\/wp-content\/uploads\/2025\/11\/2024_Toimintakertomus.pdf\">2024_Toimintakertomus<\/a><\/div>\n\n\n\n<div class=\"wp-block-file\"><a id=\"wp-block-file--media-f826051c-2f9b-4c93-9b79-5629122900e2\" href=\"https:\/\/kemianseurat.fi\/finntesting\/wp-content\/uploads\/2025\/11\/2023_Toimintakertomus.pdf\">2023_Toimintakertomus<\/a><\/div>\n\n\n\n<div class=\"wp-block-file\"><a id=\"wp-block-file--media-34454f56-2e88-4107-a6ad-0515f37fb246\" href=\"https:\/\/kemianseurat.fi\/finntesting\/wp-content\/uploads\/2025\/11\/2022_Toimintakertomus.pdf\">2022_Toimintakertomus<\/a><\/div>\n\n\n\n<div class=\"wp-block-file\"><a id=\"wp-block-file--media-3d3cd32f-3e15-4fa5-bcd1-0abf4b6891ad\" href=\"https:\/\/kemianseurat.fi\/finntesting\/wp-content\/uploads\/2025\/11\/2021_Toimintakertomus.pdf\">2021_Toimintakertomus<\/a><\/div>\n\n\n\n<div class=\"wp-block-file\"><a id=\"wp-block-file--media-f3793911-5d33-4f14-a8f2-a7945fe1288b\" href=\"https:\/\/kemianseurat.fi\/finntesting\/wp-content\/uploads\/2025\/11\/2020_Toimintakatsaus.pdf\">2020_Toimintakatsaus<\/a><\/div>\n\n\n\n<div class=\"wp-block-file\"><a href=\"https:\/\/kemianseurat.fi\/finntesting\/wp-content\/uploads\/2020\/12\/2019-Toimintakertomus.pdf\">2019-Toimintakertomus<\/a><\/div>\n\n\n\n<div class=\"wp-block-file\"><a href=\"http:\/\/kemianseurat.fi\/finntesting\/wp-content\/uploads\/2019\/10\/2018-Toimintakatsaus.pdf\">2018 Toimintakatsaus<\/a><\/div>\n\n\n\n<div class=\"wp-block-file\"><a href=\"http:\/\/kemianseurat.fi\/finntesting\/wp-content\/uploads\/2018\/06\/2017Toimintakatsaus.pdf\">2017 Toimintakatsaus<\/a><\/div>\n\n\n\n<div class=\"wp-block-file\"><a href=\"http:\/\/kemianseurat.fi\/finntesting\/wp-content\/uploads\/2019\/10\/2016-Toimintakatsaus.pdf\">2016 Toimintakatsaus<\/a><\/div>\n\n\n\n<div class=\"wp-block-file\"><a href=\"http:\/\/kemianseurat.fi\/finntesting\/wp-content\/uploads\/2019\/10\/2015-Toimintakatsaus.pdf\">2015 Toimintakatsaus<br><\/a><\/div>\n\n\n\n<p><\/p>\n\n\n\n<p><a href=\"http:\/\/kemianseurat.fi\/finntesting\/?page_id=438\">Opinninn\u00e4ytety\u00f6palkinnot<\/a><\/p>\n\n\n\n<p><a href=\"http:\/\/kemianseurat.fi\/finntesting\/?page_id=436\">El\u00e4m\u00e4nty\u00f6palkinnot<\/a><\/p>\n\n\n\n<p><a href=\"https:\/\/kemianseurat.fi\/finntesting\/?page_id=2788\" data-type=\"page\" data-id=\"2788\">Anna-Liisa Pikkaraisen raportit Eurachemin kokouksista<\/a><\/p>\n\n\n\n<p><a href=\"http:\/\/kemianseurat.fi\/finntesting\/?page_id=442\">Yhdistyksen perustaminen 2008<\/a><\/p>\n\n\n\n<p><a href=\"http:\/\/kemianseurat.fi\/finntesting\/?page_id=79\" target=\"_blank\" rel=\"noreferrer noopener\">Seminaarit 2004-2025 <\/a><\/p>\n\n\n\n<p><a href=\"http:\/\/kemianseurat.fi\/finntesting\/?page_id=389\"> Seminaarit 1992-2003<\/a><\/p>\n\n\n\n<div class=\"wp-block-file\"><a href=\"http:\/\/kemianseurat.fi\/finntesting\/wp-content\/uploads\/2019\/10\/2018Toimintakatsaus.pdf\"><br><\/a><\/div>\n\n\n\n<p><\/p>\n","protected":false},"excerpt":{"rendered":"<p>Opinninn\u00e4ytety\u00f6palkinnot El\u00e4m\u00e4nty\u00f6palkinnot Anna-Liisa Pikkaraisen raportit Eurachemin kokouksista Yhdistyksen perustaminen 2008 Seminaarit 2004-2025 Seminaarit 1992-2003<\/p>\n","protected":false},"author":6,"featured_media":0,"parent":0,"menu_order":0,"comment_status":"closed","ping_status":"closed","template":"","meta":{"footnotes":""},"class_list":["post-1572","page","type-page","status-publish","hentry"],"_links":{"self":[{"href":"https:\/\/kemianseurat.fi\/finntesting\/wp-json\/wp\/v2\/pages\/1572","targetHints":{"allow":["GET"]}}],"collection":[{"href":"https:\/\/kemianseurat.fi\/finntesting\/wp-json\/wp\/v2\/pages"}],"about":[{"href":"https:\/\/kemianseurat.fi\/finntesting\/wp-json\/wp\/v2\/types\/page"}],"author":[{"embeddable":true,"href":"https:\/\/kemianseurat.fi\/finntesting\/wp-json\/wp\/v2\/users\/6"}],"replies":[{"embeddable":true,"href":"https:\/\/kemianseurat.fi\/finntesting\/wp-json\/wp\/v2\/comments?post=1572"}],"version-history":[{"count":53,"href":"https:\/\/kemianseurat.fi\/finntesting\/wp-json\/wp\/v2\/pages\/1572\/revisions"}],"predecessor-version":[{"id":4287,"href":"https:\/\/kemianseurat.fi\/finntesting\/wp-json\/wp\/v2\/pages\/1572\/revisions\/4287"}],"wp:attachment":[{"href":"https:\/\/kemianseurat.fi\/finntesting\/wp-json\/wp\/v2\/media?parent=1572"}],"curies":[{"name":"wp","href":"https:\/\/api.w.org\/{rel}","templated":true}]}}