{"id":1560,"date":"2019-06-17T11:30:08","date_gmt":"2019-06-17T11:30:08","guid":{"rendered":"http:\/\/kemianseurat.fi\/finntesting\/?page_id=1560"},"modified":"2019-10-20T06:53:16","modified_gmt":"2019-10-20T08:53:16","slug":"tilastollinen-analyysi","status":"publish","type":"page","link":"https:\/\/kemianseurat.fi\/finntesting\/tilastollinen-analyysi\/","title":{"rendered":"Tilastollinen analyysi"},"content":{"rendered":"\n<p>Tilastotieteen menetelm\u00e4t ja mallit ovat matemaattisia, ja ne perustuvat todenn\u00e4k\u00f6isyyslaskentaan. Laadunvarmistuksessa k\u00e4ytet\u00e4\u00e4n tilastollisia menetelmi\u00e4 johtop\u00e4\u00e4t\u00f6sten tekoon. K\u00e4ytetyimpi\u00e4 tilastollisia menetelmi\u00e4 ovat esimerkiksi t-testit, joiden avulla voidaan arvioida tulosten oikeellisuutta (systemaattista virhett\u00e4) ja regressioanalyysit, joiden avulla tarkastellaan suureiden v\u00e4lisi\u00e4 riippuvuuksia (esim. betonin vetolujuuden riippuvuus kuivumisajasta).<\/p>\n\n\n\n<h2 class=\"wp-block-heading\">STANDARDEJA<\/h2>\n\n\n\n<ul class=\"wp-block-list\"><li>ISO 3534-1:2006. Statistics &#8212; Vocabulary and symbols &#8212; Part 1:\n     General statistical terms and terms used in probability. <\/li><li>ISO 3534-2:2006. Statistics &#8212; Vocabulary and symbols &#8212; Part 2:\n     Applied statistics. <\/li><li>ISO 3534-3:2013. Statistics &#8212; Vocabulary and symbols &#8212; Part 3:\n     Design of experiments. <\/li><li>ISO 3534-4:2014. Statistics &#8212; Vocabulary and symbols &#8212; Part 4:\n     Survey sampling <\/li><\/ul>\n\n\n\n<h2 class=\"wp-block-heading\">KIRJOJA<\/h2>\n\n\n\n<ul class=\"wp-block-list\"><li> NIST\/SEMATECH <strong>e-Handbook of Statistical Methods<\/strong> (<a href=\"http:\/\/www.itl.nist.gov\/div898\/handbook\/\">www.itl.nist.gov\/div898\/handbook\/<\/a>)<\/li><\/ul>\n\n\n\n<ul class=\"wp-block-list\"><li>StatSoft<strong> Electronic Statistics Textbook<\/strong> (<a href=\"http:\/\/www.statsoft.com\/textbook\/\">www.statsoft.com\/textbook\/<\/a>) <\/li><\/ul>\n\n\n\n<ul class=\"wp-block-list\"><li>J. N. Miller, J. C. Miller, R. D. Miller,<strong> Statistics and chemometrics for analytical chemistry,<\/strong> 7th Pearson Education, 2018, ISBN 1292186712<\/li><\/ul>\n\n\n\n<ul class=\"wp-block-list\"><li>S. L. R. Ellison, V. J. Barwick, T. J. Duguid Farrant, <strong>Practical statistics for the analytical scientist: A bench guide<\/strong>, 2<sup>nd<\/sup> Edition, RSC, 2009, ISBN 978 0 85404 131 2<\/li><\/ul>\n\n\n\n<p><br><\/p>\n\n\n\n<p><br><\/p>\n\n\n\n<p><\/p>\n\n\n\n<p><br><\/p>\n","protected":false},"excerpt":{"rendered":"<p>Tilastotieteen menetelm\u00e4t ja mallit ovat matemaattisia, ja ne perustuvat todenn\u00e4k\u00f6isyyslaskentaan. Laadunvarmistuksessa k\u00e4ytet\u00e4\u00e4n tilastollisia menetelmi\u00e4 johtop\u00e4\u00e4t\u00f6sten tekoon. K\u00e4ytetyimpi\u00e4 tilastollisia menetelmi\u00e4 ovat&hellip;<\/p>\n","protected":false},"author":7,"featured_media":0,"parent":0,"menu_order":0,"comment_status":"closed","ping_status":"closed","template":"","meta":{"footnotes":""},"class_list":["post-1560","page","type-page","status-publish","hentry"],"_links":{"self":[{"href":"https:\/\/kemianseurat.fi\/finntesting\/wp-json\/wp\/v2\/pages\/1560","targetHints":{"allow":["GET"]}}],"collection":[{"href":"https:\/\/kemianseurat.fi\/finntesting\/wp-json\/wp\/v2\/pages"}],"about":[{"href":"https:\/\/kemianseurat.fi\/finntesting\/wp-json\/wp\/v2\/types\/page"}],"author":[{"embeddable":true,"href":"https:\/\/kemianseurat.fi\/finntesting\/wp-json\/wp\/v2\/users\/7"}],"replies":[{"embeddable":true,"href":"https:\/\/kemianseurat.fi\/finntesting\/wp-json\/wp\/v2\/comments?post=1560"}],"version-history":[{"count":6,"href":"https:\/\/kemianseurat.fi\/finntesting\/wp-json\/wp\/v2\/pages\/1560\/revisions"}],"predecessor-version":[{"id":2209,"href":"https:\/\/kemianseurat.fi\/finntesting\/wp-json\/wp\/v2\/pages\/1560\/revisions\/2209"}],"wp:attachment":[{"href":"https:\/\/kemianseurat.fi\/finntesting\/wp-json\/wp\/v2\/media?parent=1560"}],"curies":[{"name":"wp","href":"https:\/\/api.w.org\/{rel}","templated":true}]}}