{"id":1549,"date":"2019-06-17T11:25:10","date_gmt":"2019-06-17T11:25:10","guid":{"rendered":"http:\/\/kemianseurat.fi\/finntesting\/?page_id=1549"},"modified":"2025-11-22T19:12:12","modified_gmt":"2025-11-22T21:12:12","slug":"8-sisainen-laadunvarmistus","status":"publish","type":"page","link":"https:\/\/kemianseurat.fi\/finntesting\/8-sisainen-laadunvarmistus\/","title":{"rendered":"Akkreditointi"},"content":{"rendered":"\n<p>Akkreditointi on p\u00e4tevyyden  toteamista. Se on kansainv\u00e4lisiin kriteereihin perustuva menettelytapa,  jonka avulla toimijan p\u00e4tevyys ja sen antamien todistusten uskottavuus  voidaan luotettavasti todeta. Suomen akkreditointielin on <a href=\"https:\/\/www.finas.fi\/akkreditointi\/Sivut\/default.aspx\">FINAS<\/a> (Finnish Accreditation Service)<\/p>\n\n\n\n<p class=\"has-medium-font-size\"><\/p>\n\n\n\n<p><\/p>\n\n\n\n<p><\/p>\n\n\n\n<p><\/p>\n","protected":false},"excerpt":{"rendered":"<p>Akkreditointi on p\u00e4tevyyden toteamista. Se on kansainv\u00e4lisiin kriteereihin perustuva menettelytapa, jonka avulla toimijan p\u00e4tevyys ja sen antamien todistusten uskottavuus voidaan&hellip;<\/p>\n","protected":false},"author":7,"featured_media":0,"parent":0,"menu_order":0,"comment_status":"closed","ping_status":"closed","template":"","meta":{"footnotes":""},"class_list":["post-1549","page","type-page","status-publish","hentry"],"_links":{"self":[{"href":"https:\/\/kemianseurat.fi\/finntesting\/wp-json\/wp\/v2\/pages\/1549","targetHints":{"allow":["GET"]}}],"collection":[{"href":"https:\/\/kemianseurat.fi\/finntesting\/wp-json\/wp\/v2\/pages"}],"about":[{"href":"https:\/\/kemianseurat.fi\/finntesting\/wp-json\/wp\/v2\/types\/page"}],"author":[{"embeddable":true,"href":"https:\/\/kemianseurat.fi\/finntesting\/wp-json\/wp\/v2\/users\/7"}],"replies":[{"embeddable":true,"href":"https:\/\/kemianseurat.fi\/finntesting\/wp-json\/wp\/v2\/comments?post=1549"}],"version-history":[{"count":8,"href":"https:\/\/kemianseurat.fi\/finntesting\/wp-json\/wp\/v2\/pages\/1549\/revisions"}],"predecessor-version":[{"id":4216,"href":"https:\/\/kemianseurat.fi\/finntesting\/wp-json\/wp\/v2\/pages\/1549\/revisions\/4216"}],"wp:attachment":[{"href":"https:\/\/kemianseurat.fi\/finntesting\/wp-json\/wp\/v2\/media?parent=1549"}],"curies":[{"name":"wp","href":"https:\/\/api.w.org\/{rel}","templated":true}]}}