{"id":1546,"date":"2019-06-17T11:24:28","date_gmt":"2019-06-17T11:24:28","guid":{"rendered":"http:\/\/kemianseurat.fi\/finntesting\/?page_id=1546"},"modified":"2020-12-02T06:38:13","modified_gmt":"2020-12-02T08:38:13","slug":"7-patevyyskokeet","status":"publish","type":"page","link":"https:\/\/kemianseurat.fi\/finntesting\/7-patevyyskokeet\/","title":{"rendered":"P\u00e4tevyyskokeet ja vertailumittaukset"},"content":{"rendered":"\n<p><\/p>\n\n\n\n<p><strong>Mit\u00e4 ovat vertailumittaukset ja p\u00e4tevyyskokeet?<\/strong><\/p>\n\n\n\n<ul class=\"wp-block-list\"><li>Vertailumittaukset (<em>interlaboratory comparison<\/em>) ovat kahdelle tai usealle osallistujalle samalla tavalla ja samoista n\u00e4ytteist\u00e4 ennalta m\u00e4\u00e4riteltyjen muuttujien mukaan j\u00e4rjestettyj\u00e4 vertailuja, joilla arvioidaan osallistujien suorituskyky\u00e4 ja heid\u00e4n tulostensa vertailtavuutta.&nbsp;<\/li><li>Vertailumittaus on p\u00e4tevyyskoe (<em>proficiency test, PT) <\/em>kun osallistujan suoriutumisen arviointi tehd\u00e4\u00e4n ennalta m\u00e4\u00e4r\u00e4ttyjen ehtojen mukaisesti. Vertailumittausten avulla voidaan tarkastella mittausmenetelmien toistettavuutta ja uusittavuutta laboratorioiden v\u00e4lill\u00e4 sek\u00e4 systemaattisia virheit\u00e4.<\/li><\/ul>\n\n\n\n<p><strong>Mit\u00e4 hy\u00f6ty\u00e4 osallistumisesta?<\/strong><\/p>\n\n\n\n<ul class=\"wp-block-list\"><li>Osallistumalla p\u00e4tevyyskokeeseen tai vertailumittaukseen toimija saa riippumattoman arvion oman toiminnan suorituskyvyst\u00e4 ja sen vertailtavuudesta muihin toimijoihin.<\/li><li>T\u00e4llainen ulkoinen laadunarviointipalvelu on toimijoille vapaaehtoista, mutta laatuj\u00e4rjestelm\u00e4t edellytt\u00e4v\u00e4t riippumattoman tahon tekem\u00e4\u00e4 ulkoista laadunarviointia.<\/li><li>Menetelm\u00e4n akkreditoiminen sek\u00e4 akkreditoinnin yll\u00e4pito edellytt\u00e4v\u00e4t siis p\u00e4tevyyskokeisiin ja\/tai vertailumittauksiin osallistumista.<\/li><\/ul>\n\n\n\n<p><strong>Miten n\u00e4it\u00e4 j\u00e4rjestet\u00e4\u00e4n?<\/strong><\/p>\n\n\n\n<ul class=\"wp-block-list\"><li>Vertailumittausten toteuttamistavat vaihtelevat testattavan n\u00e4ytteen, testisuureen ja tuloksen k\u00e4ytt\u00f6kohteen mukaan.<\/li><li>Esimerkiksi tietyn kemian alan laboratorioiden v\u00e4lisiss\u00e4 vertailumittauksissa riitt\u00e4v\u00e4n homogeenisesta ja stabiilista vertailun\u00e4ytteest\u00e4 l\u00e4hetet\u00e4\u00e4n osan\u00e4ytteit\u00e4 vertailumittaukseen osallistuviin laboratorioihin. Vertailumittausj\u00e4rjest\u00e4j\u00e4 m\u00e4\u00e4rittelee testisuureelle vertailuarvon ja sen ep\u00e4varmuuden, johon osallistujien mittaustuloksia ja mittausep\u00e4varmuuksia verrataan. P\u00e4\u00e4osin j\u00e4rjestett\u00e4v\u00e4t vertailumittaukset ja p\u00e4tevyyskokeet ovat s\u00e4\u00e4nn\u00f6llisesti toistuvia.<\/li><li>Tietyn tuotteen ominaisuuksien vaatimusten varmistamiseksi voidaan j\u00e4rjest\u00e4\u00e4 my\u00f6s joko vapaaehtoisia tai lakis\u00e4\u00e4teisi\u00e4 laboratorioiden v\u00e4lisi\u00e4 vertailumittauksia. T\u00e4ll\u00f6in esimerkiksi jotain tuotetta tuottavan teollisuuslaitoksen laboratorio ja tuotevalvontaa harjoittava laboratorio j\u00e4rjest\u00e4v\u00e4t kahdenkeskisen vertailumittauksen kyseiselle tuotteelle.<\/li><li>Arvioitaessa yksitt\u00e4isen laboratorion p\u00e4tevyytt\u00e4, voidaan sen analysoitavaksi toimittaa tunnetun pitoisuuden omaava n\u00e4yte. Laboratorion tuottamien tulosten perusteella arvioidaan sen suorituskyky\u00e4 tunnettuun arvoon vertaamalla.<\/li><\/ul>\n\n\n\n<p><strong>Mist\u00e4 p\u00e4tevyyskokeita ja vertailumittauksia l\u00f6ytyy?<\/strong><\/p>\n\n\n\n<ul class=\"wp-block-list\"><li>Saksalainen&nbsp;<strong>BAM<\/strong>&nbsp;yll\u00e4pit\u00e4\u00e4 ei-kaupallista&nbsp;<a href=\"file:\/\/kk20\/ryhma\/gkkproftest\/Julkaisut\/www.eptis.bam.de\/eptis\/WebSearch\/main\"><strong>EPTIS<\/strong>-tietokantaa<\/a>. Tietokannasta l\u00f6ytyy sek\u00e4 akkreditoituja ett\u00e4 ei-akkreditoituja p\u00e4tevyyskoekierroksia maailman laajuisesti.&nbsp;<\/li><li><strong>Suomen ymp\u00e4rist\u00f6keskuksessa (SYKE) <\/strong>toimiva<a href=\"http:\/\/www.syke.fi\/proftest\"><strong>Proftest SYKE<\/strong>&nbsp;<\/a>j\u00e4rjest\u00e4\u00e4 muun muassa ymp\u00e4rist\u00f6mittauksiin liittyvi\u00e4 p\u00e4tevyyskokeita ja vertailumittauksia. SYKE on ymp\u00e4rist\u00f6alalla toimiva kansallinen vertailulaboratorio. Proftest SYKE on FINAS-akkreditointipalvelun akkreditoima (PT 01, ISO\/IEC 17043, <a href=\"http:\/\/www.finas.fi\">www.finas.fi<\/a>) ja toteuttaa vertailumittauksia laaja-alaisesti eri toimialueilla.<\/li><li>Kliinisen kemian alalla Suomessa toimii laaja vertailumittaustoiminta terveydenhuollon eri sektoreiden omistaman <a href=\"https:\/\/www.labquality.fi\/en\/eqas\/\">Labquality Oy<\/a>:n toimesta, jossa ulkoinen laadunvarmistuspalvelu on FINAS-akkreditointipalvelun akkreditoima (PT02, ISO\/IEC 17043, <a href=\"http:\/\/www.finas.fi\">www.finas.fi<\/a>).<\/li><li>Suomessa omien alojensa kansalliset vertailulaboratoriot, <a href=\"https:\/\/www.ilmatieteenlaitos.fi\/laadunvarmennus\">Ilmatieteenlaitos<\/a> ja <a href=\"https:\/\/www.ruokavirasto.fi\/laboratoriopalvelut\/vertailulaboratoriot\/\">Ruokavirasto<\/a>, j\u00e4rjest\u00e4v\u00e4t vertailumittauksia omalla toimialueellaan. Lis\u00e4ksi muun muassa Terveyden- ja hyvinvoinninlaitos (THL), S\u00e4teilyturvakeskus (STUK) ja Luonnonvarakeskus (LUKE) j\u00e4rjest\u00e4v\u00e4t omien toimialojensa vertailuita.<\/li><\/ul>\n\n\n\n<p><\/p>\n\n\n\n<h3 class=\"wp-block-heading\"><strong>TIETOISKUJA<\/strong><\/h3>\n\n\n\n<p><a href=\"https:\/\/www.eurachem.org\/images\/stories\/leaflets\/pt\/pt\/Eurachem_leaflet_PT_FI_Feb_2006.pdf\">P\u00e4tevyyskokeet ja muut vertailumittaukset<\/a>, Eurachem 2006<\/p>\n\n\n\n<p><a href=\"https:\/\/www.eurachem.org\/images\/stories\/leaflets\/pt\/labhelp\/how_can_PT_help_my_lab_2013_FI.pdf\">Miten p\u00e4tevyyskokeet auttavat laboratoriotamme<\/a>, Eurachem 2014<\/p>\n\n\n\n<p><a href=\"https:\/\/www.eurachem.org\/images\/stories\/leaflets\/pt\/PT_frequency\/PT_How_much_How_Often_EN.pdf\">Proficiency testing \u2013 how much and how often?<\/a>, Eurachem 2016<\/p>\n\n\n\n<p><a href=\"https:\/\/www.eurachem.org\/images\/stories\/leaflets\/pt\/selection\/Eurachem_PT_Selection_FI.pdf\">Sopivan p\u00e4tevyyskokeen valitseminen laboratoriollemme<\/a>, Eurachem 2016<\/p>\n\n\n\n<p><a href=\"https:\/\/www.eurachem.org\/images\/stories\/leaflets\/pt\/PT_poor_perf\/Poor_PT_Performance_EN.pdf\">Investigating poor performance in proficiency testing<\/a>, Eurachem 2020<\/p>\n\n\n\n<h3 class=\"wp-block-heading\"><strong>OPPAITA<\/strong><\/h3>\n\n\n\n<p><a href=\"http:\/\/kemianseurat.fi\/finntesting\/wp-content\/uploads\/2019\/10\/Selection-use-and-interpretation-of-proficiency-testing-PT-schemes-by-laboratories-2nd-Edition-Eurachem-2011.pdf\">Selection, Use and Interpretation of Proficiency Testing (PT) Schemes<\/a>, 2nd Edition, Eurachem, 2011<\/p>\n\n\n\n<h3 class=\"wp-block-heading\"><strong>BLOGEJA<\/strong><\/h3>\n\n\n\n<p>Leivuori ja Koivikko: <a href=\"https:\/\/tulanet.fi\/2019\/10\/03\/vertailumittauspalvelut_yhteistyolla_laadukasta_osaamista\/\">Vertailumittauspalvelut \u2013 yhteisty\u00f6ll\u00e4 laadukasta osaamista<\/a>, Tulanet, 2019<\/p>\n\n\n\n<p>M\u00e4kel\u00e4: <a href=\"https:\/\/mikrobioni.fi\/vertailukokeet\/\">Vertailukokeet<\/a>, Mikrobioni, 2018<\/p>\n\n\n\n<p><\/p>\n\n\n\n<h6 class=\"wp-block-heading\"><strong>Kirjoittajat:<\/strong> Mirja Leivuori ja Riitta Koivikko,  Proftest SYKE<\/h6>\n\n\n\n<p><\/p>\n","protected":false},"excerpt":{"rendered":"<p>Mit\u00e4 ovat vertailumittaukset ja p\u00e4tevyyskokeet? Vertailumittaukset (interlaboratory comparison) ovat kahdelle tai usealle osallistujalle samalla tavalla ja samoista n\u00e4ytteist\u00e4 ennalta m\u00e4\u00e4riteltyjen&hellip;<\/p>\n","protected":false},"author":7,"featured_media":0,"parent":0,"menu_order":0,"comment_status":"closed","ping_status":"closed","template":"","meta":{"footnotes":""},"class_list":["post-1546","page","type-page","status-publish","hentry"],"_links":{"self":[{"href":"https:\/\/kemianseurat.fi\/finntesting\/wp-json\/wp\/v2\/pages\/1546","targetHints":{"allow":["GET"]}}],"collection":[{"href":"https:\/\/kemianseurat.fi\/finntesting\/wp-json\/wp\/v2\/pages"}],"about":[{"href":"https:\/\/kemianseurat.fi\/finntesting\/wp-json\/wp\/v2\/types\/page"}],"author":[{"embeddable":true,"href":"https:\/\/kemianseurat.fi\/finntesting\/wp-json\/wp\/v2\/users\/7"}],"replies":[{"embeddable":true,"href":"https:\/\/kemianseurat.fi\/finntesting\/wp-json\/wp\/v2\/comments?post=1546"}],"version-history":[{"count":13,"href":"https:\/\/kemianseurat.fi\/finntesting\/wp-json\/wp\/v2\/pages\/1546\/revisions"}],"predecessor-version":[{"id":2663,"href":"https:\/\/kemianseurat.fi\/finntesting\/wp-json\/wp\/v2\/pages\/1546\/revisions\/2663"}],"wp:attachment":[{"href":"https:\/\/kemianseurat.fi\/finntesting\/wp-json\/wp\/v2\/media?parent=1546"}],"curies":[{"name":"wp","href":"https:\/\/api.w.org\/{rel}","templated":true}]}}