{"id":1543,"date":"2019-06-17T11:23:58","date_gmt":"2019-06-17T11:23:58","guid":{"rendered":"http:\/\/kemianseurat.fi\/finntesting\/?page_id=1543"},"modified":"2021-03-12T08:13:28","modified_gmt":"2021-03-12T10:13:28","slug":"6-referenssimateriaalit","status":"publish","type":"page","link":"https:\/\/kemianseurat.fi\/finntesting\/6-referenssimateriaalit\/","title":{"rendered":"Referenssimateriaalit"},"content":{"rendered":"\n<p> Referenssi- eli vertailumateriaaleja k\u00e4ytet\u00e4\u00e4n menetelmien validoinneissa ja laitteiden kalibroinneissa. Vertailumateriaalit luokitellaan <strong>varmennettuihin  vertailumateriaaleihin<\/strong> (<em>certified reference materials<\/em>, <strong>CRM<\/strong>) ja  <strong>vertailumateriaaleihin<\/strong>  (<em>reference  materials<\/em>,  <strong>RM<\/strong>).    Varmennettujen    vertailumateriaalien tulee olla  j\u00e4ljitett\u00e4vi\u00e4 sen mittayksik\u00f6n tarkkaan toteutukseen, jonka suhteen ominaisarvo on ilmaistu ja jossa kullekin  varmennetulle  arvolle  annetaan  tietty\u00e4  luottamustasoa  vastaava mittausep\u00e4varmuusep\u00e4varmuus.  Varmennetun vertailumateriaalin  mukana  olevassa sertifikaatissa  tulee  olla  osoitus  j\u00e4ljitett\u00e4vyydest\u00e4  sek\u00e4 mittausep\u00e4varmuusarvio. <\/p>\n\n\n\n<p><\/p>\n\n\n\n<h2 class=\"wp-block-heading\">OPPAITA<\/h2>\n\n\n\n<div class=\"wp-block-file\"><a href=\"http:\/\/kemianseurat.fi\/finntesting\/wp-content\/uploads\/2019\/10\/The-Selection-and-use-of-Reference-Materials-Eurachem-2002.pdf\" target=\"_blank\" rel=\"noreferrer noopener\">The Selection and use of Reference Materials (Eurachem, 2002)<\/a><\/div>\n\n\n\n<h2 class=\"wp-block-heading\">MIST\u00c4 L\u00d6YT\u00c4\u00c4 VERTAILUMATERIAALEJA?<\/h2>\n\n\n\n<ul class=\"wp-block-list\"><li>EU:n JRC (Joint Research Center) tuottaa vertailumateriaaleja, joilla kaikilla on sertifikaatissa esitetty j\u00e4ljitett\u00e4vyys. Saatavilla on l\u00e4hes 800 vertailumateriaalia. <a href=\"https:\/\/ec.europa.eu\/jrc\/en\/reference-materials\">https:\/\/ec.europa.eu\/jrc\/en\/reference-materials<\/a><\/li><li>Saksalainen BAM yll\u00e4pit\u00e4\u00e4 ei-kaupallista COMAR-tietokantaa. Tietokannassa on noin 10 600 vertailumateriaalia. Edellytys on, ett\u00e4 tietokantaan laitettavalla materiaalilla on sertifikaatti. <a href=\"http:\/\/ http:\/\/www.comar.bam.de\/en \/\">http:\/\/www.comar.bam.de\/en\/ <\/a><\/li><\/ul>\n","protected":false},"excerpt":{"rendered":"<p>Referenssi- eli vertailumateriaaleja k\u00e4ytet\u00e4\u00e4n menetelmien validoinneissa ja laitteiden kalibroinneissa. Vertailumateriaalit luokitellaan varmennettuihin vertailumateriaaleihin (certified reference materials, CRM) ja vertailumateriaaleihin (reference&hellip;<\/p>\n","protected":false},"author":7,"featured_media":0,"parent":0,"menu_order":0,"comment_status":"closed","ping_status":"closed","template":"","meta":{"footnotes":""},"class_list":["post-1543","page","type-page","status-publish","hentry"],"_links":{"self":[{"href":"https:\/\/kemianseurat.fi\/finntesting\/wp-json\/wp\/v2\/pages\/1543","targetHints":{"allow":["GET"]}}],"collection":[{"href":"https:\/\/kemianseurat.fi\/finntesting\/wp-json\/wp\/v2\/pages"}],"about":[{"href":"https:\/\/kemianseurat.fi\/finntesting\/wp-json\/wp\/v2\/types\/page"}],"author":[{"embeddable":true,"href":"https:\/\/kemianseurat.fi\/finntesting\/wp-json\/wp\/v2\/users\/7"}],"replies":[{"embeddable":true,"href":"https:\/\/kemianseurat.fi\/finntesting\/wp-json\/wp\/v2\/comments?post=1543"}],"version-history":[{"count":9,"href":"https:\/\/kemianseurat.fi\/finntesting\/wp-json\/wp\/v2\/pages\/1543\/revisions"}],"predecessor-version":[{"id":2876,"href":"https:\/\/kemianseurat.fi\/finntesting\/wp-json\/wp\/v2\/pages\/1543\/revisions\/2876"}],"wp:attachment":[{"href":"https:\/\/kemianseurat.fi\/finntesting\/wp-json\/wp\/v2\/media?parent=1543"}],"curies":[{"name":"wp","href":"https:\/\/api.w.org\/{rel}","templated":true}]}}